{"id":97490,"date":"2023-08-30T12:40:42","date_gmt":"2023-08-30T12:40:42","guid":{"rendered":"https:\/\/bobimarket.pl\/index.php\/produkt\/pedzel-paskowy-plaski-malarski-zestaw-2-12mm\/"},"modified":"2025-02-27T16:36:23","modified_gmt":"2025-02-27T16:36:23","slug":"pedzel-paskowy-plaski-malarski-zestaw-2-12mm","status":"publish","type":"product","link":"https:\/\/bobimarket.pl\/index.php\/produkt\/pedzel-paskowy-plaski-malarski-zestaw-2-12mm\/","title":{"rendered":"P\u0118DZEL PASKOWY P\u0141ASKI MALARSKI ZESTAW 2-12mm"},"content":{"rendered":"<section class=\"section\">\n<div class=\"item item-12\">\n<section class=\"text-item\">\n<h2>P\u0118DZEL PASKOWY OKR\u0104G\u0141Y MALARSKI ZESTAW 2-12mm<\/h2>\n<p><b>Informacje og\u00f3lne:<\/b><\/p>\n<ul>\n<li>\u015arednica:<b> 2mm, 4 mm, 6mm, 8 mm, 10 mm, 12 mm<\/b><\/li>\n<li>W\u0142osie:<b>mieszanka w\u0142\u00f3kna syntetycznego i naturalnej szczeciny<\/b><\/li>\n<li>Uchwyt: <b>drewniany<\/b><\/li>\n<\/ul>\n<p><b>\u2705 Zestaw sk\u0142ada si\u0119 z 6 sztuk p\u0119dzli o r\u00f3\u017cnej \u015brednicy.<\/b><\/p>\n<\/section><\/div>\n<\/section>\n<section class=\"section\">\n<div class=\"item item-12\">\n<section class=\"image-item\">\n            <img decoding=\"async\" src=\"https:\/\/upload.cdn.baselinker.com\/products\/14476\/5908c7c0a37952548de1b0eaef630c67.jpg\" \/><br \/>\n        <\/section>\n<\/p><\/div>\n<\/section>\n<section class=\"section\">\n<div class=\"item item-12\">\n<section class=\"text-item\">\n<h2>Praktyczny i przydatny zestaw p\u0119dzli paskowych p\u0142askich!<\/h2>\n<p>Specjalnie stworzony zestaw zawieraj\u0105cy<b> 6 sztuk p\u0119dzli paskowych p\u0142askich<\/b>. P\u0119dzle wykonane z wysokiej jako\u015bci mieszanki w\u0142\u00f3kna syntetycznego i naturalnej szczeciny. G\u0119ste w\u0142osie, aluminiowa oprawka oraz drewniany trzonka czyni go trwa\u0142ym oraz wygodnym w u\u017cytku. Ponadto d\u0142ugi\u00a0 uchwyt zapewnia komfort pracy w trudno dost\u0119pnych miejscach.<\/p>\n<p>\u2705 W sk\u0142ad zestawu wchodz\u0105<b> p\u0119dzle o \u015brednicy:\u00a0<\/b><\/p>\n<ul>\n<li>2 mm<\/li>\n<li>4 mm<\/li>\n<li>6 mm<\/li>\n<li>8 mm<\/li>\n<li>10 mm<\/li>\n<li>12 mm<\/li>\n<\/ul>\n<\/section><\/div>\n<\/section>\n<section class=\"section\">\n<div class=\"item item-12\">\n<section class=\"image-item\">\n            <img decoding=\"async\" src=\"https:\/\/upload.cdn.baselinker.com\/products\/14476\/c9ed32b35bac272e301bb21645055c6d.jpg\" \/><br \/>\n        <\/section>\n<\/p><\/div>\n<\/section>\n<section class=\"section\">\n<div class=\"item item-12\">\n<section class=\"text-item\">\n<p><b>\u2705 Zastosowanie: <\/b><\/p>\n<p>P\u0119dzle paskowe okr\u0105g\u0142e s\u0142u\u017c\u0105 <b>do precyzyjnego nak\u0142adania farb<\/b>. \u015awietnie nadaje si\u0119 do prac wyko\u0144czeniowych, malowania i gruntowania. Cienkie w\u0142osie pozwala unikn\u0105\u0107 nie\u0142adnych zaciek\u00f3w czy przypadkowego ubrudzenia farb\u0105 niew\u0142a\u015bciwej powierzchni.<\/p>\n<ul>\n<li>Mo\u017cna ich u\u017cy\u0107 <b>do obmalowania dooko\u0142a na przyk\u0142ad w\u0142\u0105cznika<\/b> \u015bwiat\u0142a lub gniazdka elektrycznego przed malowaniem \u015bcian.<\/li>\n<li>Sprawdz\u0105 si\u0119 <b>do precyzyjnego odcinania kolor\u00f3w<\/b> oraz malowania cienkich pask\u00f3w.<\/li>\n<li>W\u0105sk\u0105 cz\u0119\u015b\u0107 robocz\u0105 umo\u017cliwia <b>wykonanie dekoracyjnych wzor\u00f3w.<\/b><\/li>\n<\/ul>\n<\/section><\/div>\n<\/section>\n<section class=\"section\">\n<div class=\"item item-12\">\n<section class=\"image-item\">\n            <img decoding=\"async\" src=\"https:\/\/upload.cdn.baselinker.com\/products\/14476\/dd210859230bdeb1c6cf506f818dfed7.jpg\" \/><br \/>\n        <\/section>\n<\/p><\/div>\n<\/section>\n","protected":false},"excerpt":{"rendered":"<p>P\u0118DZEL PASKOWY OKR\u0104G\u0141Y MALARSKI ZESTAW 2-12mm Informacje og\u00f3lne: \u015arednica: 2mm, 4 mm, 6mm, 8 mm, 10 mm, 12 mm W\u0142osie:mieszanka w\u0142\u00f3kna syntetycznego i naturalnej szczeciny Uchwyt: drewniany \u2705 Zestaw sk\u0142ada si\u0119 z 6 sztuk p\u0119dzli o r\u00f3\u017cnej \u015brednicy. Praktyczny i przydatny zestaw p\u0119dzli paskowych p\u0142askich! Specjalnie stworzony zestaw zawieraj\u0105cy 6 sztuk p\u0119dzli paskowych p\u0142askich. P\u0119dzle<br \/><a class=\"more-link\" href=\"https:\/\/bobimarket.pl\/index.php\/produkt\/pedzel-paskowy-plaski-malarski-zestaw-2-12mm\/\"><br \/>\n        Czytaj wi\u0119cej<span class=\"screen-reader-text\"> &#8222;P\u0118DZEL PASKOWY P\u0141ASKI MALARSKI ZESTAW 2-12mm&#8221;<\/span><\/a><\/p>\n","protected":false},"featured_media":97485,"template":"","meta":[],"product_cat":[8132],"product_tag":[],"yoast_head":"<!-- This site is optimized with the Yoast SEO plugin v21.0 - https:\/\/yoast.com\/wordpress\/plugins\/seo\/ -->\n<title>P\u0118DZEL PASKOWY P\u0141ASKI MALARSKI ZESTAW 2-12mm - BOBIMARKET.pl - Remontuj i urz\u0105dzaj z nami<\/title>\n<meta name=\"robots\" content=\"index, follow, max-snippet:-1, max-image-preview:large, max-video-preview:-1\" \/>\n<link rel=\"canonical\" href=\"https:\/\/bobimarket.pl\/index.php\/produkt\/pedzel-paskowy-plaski-malarski-zestaw-2-12mm\/\" \/>\n<meta property=\"og:locale\" content=\"pl_PL\" \/>\n<meta property=\"og:type\" content=\"article\" \/>\n<meta property=\"og:title\" content=\"P\u0118DZEL PASKOWY P\u0141ASKI MALARSKI ZESTAW 2-12mm - BOBIMARKET.pl - Remontuj i urz\u0105dzaj z nami\" \/>\n<meta property=\"og:description\" content=\"P\u0118DZEL PASKOWY OKR\u0104G\u0141Y MALARSKI ZESTAW 2-12mm Informacje og\u00f3lne: \u015arednica: 2mm, 4 mm, 6mm, 8 mm, 10 mm, 12 mm W\u0142osie:mieszanka w\u0142\u00f3kna syntetycznego i naturalnej szczeciny Uchwyt: drewniany \u2705 Zestaw sk\u0142ada si\u0119 z 6 sztuk p\u0119dzli o r\u00f3\u017cnej \u015brednicy. Praktyczny i przydatny zestaw p\u0119dzli paskowych p\u0142askich! Specjalnie stworzony zestaw zawieraj\u0105cy 6 sztuk p\u0119dzli paskowych p\u0142askich. P\u0119dzle     Czytaj wi\u0119cej &quot;P\u0118DZEL PASKOWY P\u0141ASKI MALARSKI ZESTAW 2-12mm&quot;\" \/>\n<meta property=\"og:url\" content=\"https:\/\/bobimarket.pl\/index.php\/produkt\/pedzel-paskowy-plaski-malarski-zestaw-2-12mm\/\" \/>\n<meta property=\"og:site_name\" content=\"BOBIMARKET.pl - Remontuj i urz\u0105dzaj z nami\" \/>\n<meta property=\"article:modified_time\" content=\"2025-02-27T16:36:23+00:00\" \/>\n<meta property=\"og:image\" content=\"https:\/\/upload.cdn.baselinker.com\/products\/14476\/5908c7c0a37952548de1b0eaef630c67.jpg\" \/>\n<meta name=\"twitter:card\" content=\"summary_large_image\" \/>\n<meta name=\"twitter:label1\" content=\"Szacowany czas czytania\" \/>\n\t<meta name=\"twitter:data1\" content=\"1 minuta\" \/>\n<script type=\"application\/ld+json\" class=\"yoast-schema-graph\">{\"@context\":\"https:\/\/schema.org\",\"@graph\":[{\"@type\":\"WebPage\",\"@id\":\"https:\/\/bobimarket.pl\/index.php\/produkt\/pedzel-paskowy-plaski-malarski-zestaw-2-12mm\/\",\"url\":\"https:\/\/bobimarket.pl\/index.php\/produkt\/pedzel-paskowy-plaski-malarski-zestaw-2-12mm\/\",\"name\":\"P\u0118DZEL PASKOWY P\u0141ASKI MALARSKI ZESTAW 2-12mm - BOBIMARKET.pl - Remontuj i urz\u0105dzaj z nami\",\"isPartOf\":{\"@id\":\"https:\/\/bobimarket.pl\/#website\"},\"datePublished\":\"2023-08-30T12:40:42+00:00\",\"dateModified\":\"2025-02-27T16:36:23+00:00\",\"breadcrumb\":{\"@id\":\"https:\/\/bobimarket.pl\/index.php\/produkt\/pedzel-paskowy-plaski-malarski-zestaw-2-12mm\/#breadcrumb\"},\"inLanguage\":\"pl-PL\",\"potentialAction\":[{\"@type\":\"ReadAction\",\"target\":[\"https:\/\/bobimarket.pl\/index.php\/produkt\/pedzel-paskowy-plaski-malarski-zestaw-2-12mm\/\"]}]},{\"@type\":\"BreadcrumbList\",\"@id\":\"https:\/\/bobimarket.pl\/index.php\/produkt\/pedzel-paskowy-plaski-malarski-zestaw-2-12mm\/#breadcrumb\",\"itemListElement\":[{\"@type\":\"ListItem\",\"position\":1,\"name\":\"Strona g\u0142\u00f3wna\",\"item\":\"https:\/\/bobimarket.pl\/\"},{\"@type\":\"ListItem\",\"position\":2,\"name\":\"Sklep\",\"item\":\"https:\/\/bobimarket.pl\/index.php\/shop\/\"},{\"@type\":\"ListItem\",\"position\":3,\"name\":\"P\u0118DZEL PASKOWY P\u0141ASKI MALARSKI ZESTAW 2-12mm\"}]},{\"@type\":\"WebSite\",\"@id\":\"https:\/\/bobimarket.pl\/#website\",\"url\":\"https:\/\/bobimarket.pl\/\",\"name\":\"BOBIMARKET.pl - Remontuj i urz\u0105dzaj z nami\",\"description\":\"Remontuj i urz\u0105dzaj z nami\",\"publisher\":{\"@id\":\"https:\/\/bobimarket.pl\/#organization\"},\"potentialAction\":[{\"@type\":\"SearchAction\",\"target\":{\"@type\":\"EntryPoint\",\"urlTemplate\":\"https:\/\/bobimarket.pl\/?s={search_term_string}\"},\"query-input\":\"required name=search_term_string\"}],\"inLanguage\":\"pl-PL\"},{\"@type\":\"Organization\",\"@id\":\"https:\/\/bobimarket.pl\/#organization\",\"name\":\"BOBIMARKET.pl\",\"url\":\"https:\/\/bobimarket.pl\/\",\"logo\":{\"@type\":\"ImageObject\",\"inLanguage\":\"pl-PL\",\"@id\":\"https:\/\/bobimarket.pl\/#\/schema\/logo\/image\/\",\"url\":\"https:\/\/bobimarket.pl\/wp-content\/uploads\/2021\/11\/slogan.png\",\"contentUrl\":\"https:\/\/bobimarket.pl\/wp-content\/uploads\/2021\/11\/slogan.png\",\"width\":2000,\"height\":384,\"caption\":\"BOBIMARKET.pl\"},\"image\":{\"@id\":\"https:\/\/bobimarket.pl\/#\/schema\/logo\/image\/\"}}]}<\/script>\n<!-- \/ Yoast SEO plugin. -->","yoast_head_json":{"title":"P\u0118DZEL PASKOWY P\u0141ASKI MALARSKI ZESTAW 2-12mm - BOBIMARKET.pl - Remontuj i urz\u0105dzaj z nami","robots":{"index":"index","follow":"follow","max-snippet":"max-snippet:-1","max-image-preview":"max-image-preview:large","max-video-preview":"max-video-preview:-1"},"canonical":"https:\/\/bobimarket.pl\/index.php\/produkt\/pedzel-paskowy-plaski-malarski-zestaw-2-12mm\/","og_locale":"pl_PL","og_type":"article","og_title":"P\u0118DZEL PASKOWY P\u0141ASKI MALARSKI ZESTAW 2-12mm - BOBIMARKET.pl - Remontuj i urz\u0105dzaj z nami","og_description":"P\u0118DZEL PASKOWY OKR\u0104G\u0141Y MALARSKI ZESTAW 2-12mm Informacje og\u00f3lne: \u015arednica: 2mm, 4 mm, 6mm, 8 mm, 10 mm, 12 mm W\u0142osie:mieszanka w\u0142\u00f3kna syntetycznego i naturalnej szczeciny Uchwyt: drewniany \u2705 Zestaw sk\u0142ada si\u0119 z 6 sztuk p\u0119dzli o r\u00f3\u017cnej \u015brednicy. Praktyczny i przydatny zestaw p\u0119dzli paskowych p\u0142askich! Specjalnie stworzony zestaw zawieraj\u0105cy 6 sztuk p\u0119dzli paskowych p\u0142askich. P\u0119dzle     Czytaj wi\u0119cej \"P\u0118DZEL PASKOWY P\u0141ASKI MALARSKI ZESTAW 2-12mm\"","og_url":"https:\/\/bobimarket.pl\/index.php\/produkt\/pedzel-paskowy-plaski-malarski-zestaw-2-12mm\/","og_site_name":"BOBIMARKET.pl - Remontuj i urz\u0105dzaj z nami","article_modified_time":"2025-02-27T16:36:23+00:00","og_image":[{"url":"https:\/\/upload.cdn.baselinker.com\/products\/14476\/5908c7c0a37952548de1b0eaef630c67.jpg"}],"twitter_card":"summary_large_image","twitter_misc":{"Szacowany czas czytania":"1 minuta"},"schema":{"@context":"https:\/\/schema.org","@graph":[{"@type":"WebPage","@id":"https:\/\/bobimarket.pl\/index.php\/produkt\/pedzel-paskowy-plaski-malarski-zestaw-2-12mm\/","url":"https:\/\/bobimarket.pl\/index.php\/produkt\/pedzel-paskowy-plaski-malarski-zestaw-2-12mm\/","name":"P\u0118DZEL PASKOWY P\u0141ASKI MALARSKI ZESTAW 2-12mm - BOBIMARKET.pl - Remontuj i urz\u0105dzaj z nami","isPartOf":{"@id":"https:\/\/bobimarket.pl\/#website"},"datePublished":"2023-08-30T12:40:42+00:00","dateModified":"2025-02-27T16:36:23+00:00","breadcrumb":{"@id":"https:\/\/bobimarket.pl\/index.php\/produkt\/pedzel-paskowy-plaski-malarski-zestaw-2-12mm\/#breadcrumb"},"inLanguage":"pl-PL","potentialAction":[{"@type":"ReadAction","target":["https:\/\/bobimarket.pl\/index.php\/produkt\/pedzel-paskowy-plaski-malarski-zestaw-2-12mm\/"]}]},{"@type":"BreadcrumbList","@id":"https:\/\/bobimarket.pl\/index.php\/produkt\/pedzel-paskowy-plaski-malarski-zestaw-2-12mm\/#breadcrumb","itemListElement":[{"@type":"ListItem","position":1,"name":"Strona g\u0142\u00f3wna","item":"https:\/\/bobimarket.pl\/"},{"@type":"ListItem","position":2,"name":"Sklep","item":"https:\/\/bobimarket.pl\/index.php\/shop\/"},{"@type":"ListItem","position":3,"name":"P\u0118DZEL PASKOWY P\u0141ASKI MALARSKI ZESTAW 2-12mm"}]},{"@type":"WebSite","@id":"https:\/\/bobimarket.pl\/#website","url":"https:\/\/bobimarket.pl\/","name":"BOBIMARKET.pl - Remontuj i urz\u0105dzaj z nami","description":"Remontuj i urz\u0105dzaj z nami","publisher":{"@id":"https:\/\/bobimarket.pl\/#organization"},"potentialAction":[{"@type":"SearchAction","target":{"@type":"EntryPoint","urlTemplate":"https:\/\/bobimarket.pl\/?s={search_term_string}"},"query-input":"required name=search_term_string"}],"inLanguage":"pl-PL"},{"@type":"Organization","@id":"https:\/\/bobimarket.pl\/#organization","name":"BOBIMARKET.pl","url":"https:\/\/bobimarket.pl\/","logo":{"@type":"ImageObject","inLanguage":"pl-PL","@id":"https:\/\/bobimarket.pl\/#\/schema\/logo\/image\/","url":"https:\/\/bobimarket.pl\/wp-content\/uploads\/2021\/11\/slogan.png","contentUrl":"https:\/\/bobimarket.pl\/wp-content\/uploads\/2021\/11\/slogan.png","width":2000,"height":384,"caption":"BOBIMARKET.pl"},"image":{"@id":"https:\/\/bobimarket.pl\/#\/schema\/logo\/image\/"}}]}},"_links":{"self":[{"href":"https:\/\/bobimarket.pl\/index.php\/wp-json\/wp\/v2\/product\/97490"}],"collection":[{"href":"https:\/\/bobimarket.pl\/index.php\/wp-json\/wp\/v2\/product"}],"about":[{"href":"https:\/\/bobimarket.pl\/index.php\/wp-json\/wp\/v2\/types\/product"}],"wp:featuredmedia":[{"embeddable":true,"href":"https:\/\/bobimarket.pl\/index.php\/wp-json\/wp\/v2\/media\/97485"}],"wp:attachment":[{"href":"https:\/\/bobimarket.pl\/index.php\/wp-json\/wp\/v2\/media?parent=97490"}],"wp:term":[{"taxonomy":"product_cat","embeddable":true,"href":"https:\/\/bobimarket.pl\/index.php\/wp-json\/wp\/v2\/product_cat?post=97490"},{"taxonomy":"product_tag","embeddable":true,"href":"https:\/\/bobimarket.pl\/index.php\/wp-json\/wp\/v2\/product_tag?post=97490"}],"curies":[{"name":"wp","href":"https:\/\/api.w.org\/{rel}","templated":true}]}}