{"id":97507,"date":"2023-08-30T12:41:54","date_gmt":"2023-08-30T12:41:54","guid":{"rendered":"https:\/\/bobimarket.pl\/index.php\/produkt\/agricolle-spray-zapobiega-szara-plesn-maczniak\/"},"modified":"2025-02-27T16:36:30","modified_gmt":"2025-02-27T16:36:30","slug":"agricolle-spray-zapobiega-szara-plesn-maczniak","status":"publish","type":"product","link":"https:\/\/bobimarket.pl\/index.php\/produkt\/agricolle-spray-zapobiega-szara-plesn-maczniak\/","title":{"rendered":"AGRICOLLE SPRAY ZAPOBIEGA SZARA PLE\u015a\u0143 M\u0104CZNIAK"},"content":{"rendered":"<section class=\"section\">\n<div class=\"item item-12\">\n<section class=\"image-item\">\n            <img decoding=\"async\" src=\"https:\/\/upload.cdn.baselinker.com\/products\/14476\/40e21531f0a49143b6e4c71640ef9c38.jpg\" \/><br \/>\n        <\/section>\n<\/p><\/div>\n<\/section>\n<section class=\"section\">\n<div class=\"item item-12\">\n<section class=\"text-item\">\n<h2>AGRICOLLE SPRAY ZAPOBIEGA SZARA PLE\u015a\u0143 M\u0104CZNIAK<\/h2>\n<p><b>Informacje og\u00f3lne:<\/b><\/p>\n<ul>\n<li>Pojemno\u015b\u0107: 750 ml<\/li>\n<li>Sk\u0142ad: wodny roztw\u00f3r polisacharyd\u00f3w<\/li>\n<li>Przeznaczenie: zapobiega szarej ple\u015bni i m\u0105czniakowi prawdziwemu<\/li>\n<\/ul>\n<\/section><\/div>\n<\/section>\n<section class=\"section\">\n<div class=\"item item-12\">\n<section class=\"image-item\">\n            <img decoding=\"async\" src=\"https:\/\/upload.cdn.baselinker.com\/products\/14476\/a0cf367a71f2e860ea3f7c5ae3ca4c73.png\" \/><br \/>\n        <\/section>\n<\/p><\/div>\n<\/section>\n<section class=\"section\">\n<div class=\"item item-12\">\n<section class=\"text-item\">\n<h1>Praktyczne informacje dotycz\u0105ce stosowanie preparatu<\/h1>\n<p>Agricolle to gotowy do\u00a0u\u017cycia roztw\u00f3r wodny naturalnych wielocukr\u00f3w. Preparat jest stosowany w\u00a0celu kontroli <b>zapobiegania wyst\u0119powaniu chor\u00f3b grzybowych ro\u015blin\u00a0&#8211;\u00a0m\u0105czniaka prawdziwego i\u00a0szar\u0105 ple\u015b\u0144.<\/b> W\u00a0rezultacie prowadzi to\u00a0do\u00a0braku zaka\u017ce\u0144 i\u00a0rozprzestrzeniania si\u0119 choroby.<\/p>\n<ul>\n<li>Spray mo\u017cna wykorzysta\u0107 do ochrony ro\u015blin ozdobnych, warzywnych i\u00a0owocowych.<\/li>\n<li>Nie\u00a0pozostawia \u015blad\u00f3w na\u00a0ro\u015blinach.<\/li>\n<li>Nie\u00a0powoduje powstawania odporno\u015bci fitopatogen\u00f3w.<\/li>\n<li>Jest nietoksyczny, brak okresu karencji.<\/li>\n<\/ul>\n<\/section><\/div>\n<\/section>\n<section class=\"section\">\n<div class=\"item item-12\">\n<section class=\"image-item\">\n            <img decoding=\"async\" src=\"https:\/\/upload.cdn.baselinker.com\/products\/14476\/7c269491fc07d4ea6490334b294fdfc7.jpg\" \/><br \/>\n        <\/section>\n<\/p><\/div>\n<\/section>\n<section class=\"section\">\n<div class=\"item item-12\">\n<section class=\"text-item\">\n<h2>Jak dzia\u0142a spray Target Agricolle:<\/h2>\n<p>Dzia\u0142anie preparatu polega na\u00a0mechanicznym oblepieniu strz\u0119pek grzybni. Regularne stosowanie preparatu ma\u00a0znacz\u0105cy wp\u0142yw na\u00a0ograniczenie wyst\u0119powania chor\u00f3b r\u00f3wnie\u017c poprzez uniemo\u017cliwienie rozsiewania si\u0119 zarodnik\u00f3w grzyb\u00f3w. W\u00a0rezultacie oprysk ochronny prowadzi to\u00a0do\u00a0braku zaka\u017ce\u0144 i\u00a0rozprzestrzeniania si\u0119 choroby.<\/p>\n<h2>\u2705 Spos\u00f3b u\u017cycia:<\/h2>\n<ol>\n<li>\u00a0Przed u\u017cyciem wstrz\u0105sn\u0105\u0107 pojemnikiem. Preparat ma dzia\u0142anie kontaktowe.<\/li>\n<li>\u00a0Opryska preparatem ca\u0142a ro\u015blin\u0119 ( dla zapewnienia skuteczno\u015bci konieczne jest dok\u0142adne pokrycie ro\u015blin ciecz\u0105).<\/li>\n<li>Unikaj spryskiwania p\u0142atk\u00f3w kwiatk\u00f3w.<\/li>\n<\/ol>\n<h2>WA\u017bNE \u2757<\/h2>\n<ul>\n<li>Preparat nale\u017cy stosowa\u0107 we\u00a0formie oprysku, po\u00a0wykryciu choroby (lub zapobiegawczo) na\u00a0ca\u0142\u0105 powierzchni\u0119 ro\u015bliny.<\/li>\n<li>Nie\u00a0powoduje powstawania odporno\u015bci patogen\u00f3w. Nie\u00a0pozostawia \u017cadnych \u015blad\u00f3w na\u00a0ro\u015blinach.<\/li>\n<li>Mo\u017ce by\u0107 stosowany w domach i na balkonach oraz ogrodach przydomowych i dzia\u0142kowych.<\/li>\n<li>Konieczne jest wykonanie kilku oprysk\u00f3w . co kilka dni, dla zapewnienia pe\u0142nej ochrony rosliny przed chorobami.<\/li>\n<\/ul>\n<\/section><\/div>\n<\/section>\n<section class=\"section\">\n<div class=\"item item-6\">\n<section class=\"image-item\">\n            <img decoding=\"async\" src=\"https:\/\/upload.cdn.baselinker.com\/products\/14476\/d9eb766924e1628b6260ffa1412855e3.jpg\" \/><br \/>\n        <\/section>\n<\/p><\/div>\n<div class=\"item item-6\">\n<section class=\"image-item\">\n            <img decoding=\"async\" src=\"https:\/\/upload.cdn.baselinker.com\/products\/14476\/2725bef0f5f27048a1ba6828eb4c9ca8.jpg\" \/><br \/>\n        <\/section>\n<\/p><\/div>\n<\/section>\n<section class=\"section\">\n<div class=\"item item-6\">\n<section class=\"text-item\">\n<h2>\u2705 Bezpieczny w u\u017cyciu<\/h2>\n<p><b>Nie wymaga okresu karencji<\/b> ( mo\u017cna stosowa\u0107 przed zbiorem owoc\u00f3w i warzyw) <b>oraz okresu prewencji<\/b> (jest bezpieczny dla po\u017cytecznych owad\u00f3w, w\u00a0tym pszcz\u00f3\u0142).<\/p>\n<h2>\u2705 Skuteczny<\/h2>\n<p>Preparat wykazuje wysok\u0105 skuteczno\u015b\u0107 w kontroli i zapobiegania wzrostowi grzyb\u00f3w fitopatogennych ( w szczeg\u00f3lno\u015bci:\u00a0m\u0105czniaka prawdziwego i\u00a0szarej ple\u015bni).<\/p>\n<h2>Zadbaj o swoje ro\u015bliny ozdobne, warzywne i\u00a0owocowe!<\/h2>\n<\/section><\/div>\n<div class=\"item item-6\">\n<section class=\"image-item\">\n            <img decoding=\"async\" src=\"https:\/\/upload.cdn.baselinker.com\/products\/14476\/950f189d1b901da5d40d39b2a104cf7c.jpg\" \/><br \/>\n        <\/section>\n<\/p><\/div>\n<\/section>\n","protected":false},"excerpt":{"rendered":"<p>Ze \u015brodk\u00f3w ochrony ro\u015blin nale\u017cy korzysta\u0107 z zachowaniem bezpiecze\u0144stwa. Przed ka\u017cdym u\u017cyciem przeczytaj informacje zamieszczone w etykiecie i informacje dotycz\u0105ce produktu. Zapoznaj si\u0119 z zagro\u017ceniami i post\u0119puj zgodnie ze \u015brodkami ostro\u017cno\u015bci wymienionymi w etykiecie. Nabycia \u015brodk\u00f3w ochrony ro\u015blin mog\u0105 dokonywa\u0107 jedynie osoby pe\u0142noletnie i posiadaj\u0105ce kwalifikacje wymagane od os\u00f3b nabywaj\u0105cych \u015brodki ochrony ro\u015blin okre\u015blone w artykule 28 ustawy z dnia 8 marca 2013 r. o \u015brodkach ochrony ro\u015blin ( Dz. U. z 2017, poz. 50 z p\u00f3\u017a\u0144. zm.).<\/p>\n","protected":false},"featured_media":97495,"template":"","meta":[],"product_cat":[8388],"product_tag":[],"yoast_head":"<!-- This site is optimized with the Yoast SEO plugin v21.0 - https:\/\/yoast.com\/wordpress\/plugins\/seo\/ -->\n<title>AGRICOLLE SPRAY ZAPOBIEGA SZARA PLE\u015a\u0143 M\u0104CZNIAK - BOBIMARKET.pl - Remontuj i urz\u0105dzaj z nami<\/title>\n<meta name=\"robots\" content=\"index, follow, max-snippet:-1, max-image-preview:large, max-video-preview:-1\" \/>\n<link rel=\"canonical\" href=\"https:\/\/bobimarket.pl\/index.php\/produkt\/agricolle-spray-zapobiega-szara-plesn-maczniak\/\" \/>\n<meta property=\"og:locale\" content=\"pl_PL\" \/>\n<meta property=\"og:type\" content=\"article\" \/>\n<meta property=\"og:title\" content=\"AGRICOLLE SPRAY ZAPOBIEGA SZARA PLE\u015a\u0143 M\u0104CZNIAK - BOBIMARKET.pl - Remontuj i urz\u0105dzaj z nami\" \/>\n<meta property=\"og:description\" content=\"Ze \u015brodk\u00f3w ochrony ro\u015blin nale\u017cy korzysta\u0107 z zachowaniem bezpiecze\u0144stwa. Przed ka\u017cdym u\u017cyciem przeczytaj informacje zamieszczone w etykiecie i informacje dotycz\u0105ce produktu. Zapoznaj si\u0119 z zagro\u017ceniami i post\u0119puj zgodnie ze \u015brodkami ostro\u017cno\u015bci wymienionymi w etykiecie. Nabycia \u015brodk\u00f3w ochrony ro\u015blin mog\u0105 dokonywa\u0107 jedynie osoby pe\u0142noletnie i posiadaj\u0105ce kwalifikacje wymagane od os\u00f3b nabywaj\u0105cych \u015brodki ochrony ro\u015blin okre\u015blone w artykule 28 ustawy z dnia 8 marca 2013 r. o \u015brodkach ochrony ro\u015blin ( Dz. U. z 2017, poz. 50 z p\u00f3\u017a\u0144. zm.).\" \/>\n<meta property=\"og:url\" content=\"https:\/\/bobimarket.pl\/index.php\/produkt\/agricolle-spray-zapobiega-szara-plesn-maczniak\/\" \/>\n<meta property=\"og:site_name\" content=\"BOBIMARKET.pl - Remontuj i urz\u0105dzaj z nami\" \/>\n<meta property=\"article:modified_time\" content=\"2025-02-27T16:36:30+00:00\" \/>\n<meta property=\"og:image\" content=\"https:\/\/upload.cdn.baselinker.com\/products\/14476\/40e21531f0a49143b6e4c71640ef9c38.jpg\" \/>\n<meta name=\"twitter:card\" content=\"summary_large_image\" \/>\n<meta name=\"twitter:label1\" content=\"Szacowany czas czytania\" \/>\n\t<meta name=\"twitter:data1\" content=\"2 minuty\" \/>\n<script type=\"application\/ld+json\" class=\"yoast-schema-graph\">{\"@context\":\"https:\/\/schema.org\",\"@graph\":[{\"@type\":\"WebPage\",\"@id\":\"https:\/\/bobimarket.pl\/index.php\/produkt\/agricolle-spray-zapobiega-szara-plesn-maczniak\/\",\"url\":\"https:\/\/bobimarket.pl\/index.php\/produkt\/agricolle-spray-zapobiega-szara-plesn-maczniak\/\",\"name\":\"AGRICOLLE SPRAY ZAPOBIEGA SZARA PLE\u015a\u0143 M\u0104CZNIAK - BOBIMARKET.pl - Remontuj i urz\u0105dzaj z nami\",\"isPartOf\":{\"@id\":\"https:\/\/bobimarket.pl\/#website\"},\"datePublished\":\"2023-08-30T12:41:54+00:00\",\"dateModified\":\"2025-02-27T16:36:30+00:00\",\"breadcrumb\":{\"@id\":\"https:\/\/bobimarket.pl\/index.php\/produkt\/agricolle-spray-zapobiega-szara-plesn-maczniak\/#breadcrumb\"},\"inLanguage\":\"pl-PL\",\"potentialAction\":[{\"@type\":\"ReadAction\",\"target\":[\"https:\/\/bobimarket.pl\/index.php\/produkt\/agricolle-spray-zapobiega-szara-plesn-maczniak\/\"]}]},{\"@type\":\"BreadcrumbList\",\"@id\":\"https:\/\/bobimarket.pl\/index.php\/produkt\/agricolle-spray-zapobiega-szara-plesn-maczniak\/#breadcrumb\",\"itemListElement\":[{\"@type\":\"ListItem\",\"position\":1,\"name\":\"Strona g\u0142\u00f3wna\",\"item\":\"https:\/\/bobimarket.pl\/\"},{\"@type\":\"ListItem\",\"position\":2,\"name\":\"Sklep\",\"item\":\"https:\/\/bobimarket.pl\/index.php\/shop\/\"},{\"@type\":\"ListItem\",\"position\":3,\"name\":\"AGRICOLLE SPRAY ZAPOBIEGA SZARA PLE\u015a\u0143 M\u0104CZNIAK\"}]},{\"@type\":\"WebSite\",\"@id\":\"https:\/\/bobimarket.pl\/#website\",\"url\":\"https:\/\/bobimarket.pl\/\",\"name\":\"BOBIMARKET.pl - Remontuj i urz\u0105dzaj z nami\",\"description\":\"Remontuj i urz\u0105dzaj z nami\",\"publisher\":{\"@id\":\"https:\/\/bobimarket.pl\/#organization\"},\"potentialAction\":[{\"@type\":\"SearchAction\",\"target\":{\"@type\":\"EntryPoint\",\"urlTemplate\":\"https:\/\/bobimarket.pl\/?s={search_term_string}\"},\"query-input\":\"required name=search_term_string\"}],\"inLanguage\":\"pl-PL\"},{\"@type\":\"Organization\",\"@id\":\"https:\/\/bobimarket.pl\/#organization\",\"name\":\"BOBIMARKET.pl\",\"url\":\"https:\/\/bobimarket.pl\/\",\"logo\":{\"@type\":\"ImageObject\",\"inLanguage\":\"pl-PL\",\"@id\":\"https:\/\/bobimarket.pl\/#\/schema\/logo\/image\/\",\"url\":\"https:\/\/bobimarket.pl\/wp-content\/uploads\/2021\/11\/slogan.png\",\"contentUrl\":\"https:\/\/bobimarket.pl\/wp-content\/uploads\/2021\/11\/slogan.png\",\"width\":2000,\"height\":384,\"caption\":\"BOBIMARKET.pl\"},\"image\":{\"@id\":\"https:\/\/bobimarket.pl\/#\/schema\/logo\/image\/\"}}]}<\/script>\n<!-- \/ Yoast SEO plugin. -->","yoast_head_json":{"title":"AGRICOLLE SPRAY ZAPOBIEGA SZARA PLE\u015a\u0143 M\u0104CZNIAK - BOBIMARKET.pl - Remontuj i urz\u0105dzaj z nami","robots":{"index":"index","follow":"follow","max-snippet":"max-snippet:-1","max-image-preview":"max-image-preview:large","max-video-preview":"max-video-preview:-1"},"canonical":"https:\/\/bobimarket.pl\/index.php\/produkt\/agricolle-spray-zapobiega-szara-plesn-maczniak\/","og_locale":"pl_PL","og_type":"article","og_title":"AGRICOLLE SPRAY ZAPOBIEGA SZARA PLE\u015a\u0143 M\u0104CZNIAK - BOBIMARKET.pl - Remontuj i urz\u0105dzaj z nami","og_description":"Ze \u015brodk\u00f3w ochrony ro\u015blin nale\u017cy korzysta\u0107 z zachowaniem bezpiecze\u0144stwa. Przed ka\u017cdym u\u017cyciem przeczytaj informacje zamieszczone w etykiecie i informacje dotycz\u0105ce produktu. Zapoznaj si\u0119 z zagro\u017ceniami i post\u0119puj zgodnie ze \u015brodkami ostro\u017cno\u015bci wymienionymi w etykiecie. Nabycia \u015brodk\u00f3w ochrony ro\u015blin mog\u0105 dokonywa\u0107 jedynie osoby pe\u0142noletnie i posiadaj\u0105ce kwalifikacje wymagane od os\u00f3b nabywaj\u0105cych \u015brodki ochrony ro\u015blin okre\u015blone w artykule 28 ustawy z dnia 8 marca 2013 r. o \u015brodkach ochrony ro\u015blin ( Dz. U. z 2017, poz. 50 z p\u00f3\u017a\u0144. zm.).","og_url":"https:\/\/bobimarket.pl\/index.php\/produkt\/agricolle-spray-zapobiega-szara-plesn-maczniak\/","og_site_name":"BOBIMARKET.pl - Remontuj i urz\u0105dzaj z nami","article_modified_time":"2025-02-27T16:36:30+00:00","og_image":[{"url":"https:\/\/upload.cdn.baselinker.com\/products\/14476\/40e21531f0a49143b6e4c71640ef9c38.jpg"}],"twitter_card":"summary_large_image","twitter_misc":{"Szacowany czas czytania":"2 minuty"},"schema":{"@context":"https:\/\/schema.org","@graph":[{"@type":"WebPage","@id":"https:\/\/bobimarket.pl\/index.php\/produkt\/agricolle-spray-zapobiega-szara-plesn-maczniak\/","url":"https:\/\/bobimarket.pl\/index.php\/produkt\/agricolle-spray-zapobiega-szara-plesn-maczniak\/","name":"AGRICOLLE SPRAY ZAPOBIEGA SZARA PLE\u015a\u0143 M\u0104CZNIAK - BOBIMARKET.pl - Remontuj i urz\u0105dzaj z nami","isPartOf":{"@id":"https:\/\/bobimarket.pl\/#website"},"datePublished":"2023-08-30T12:41:54+00:00","dateModified":"2025-02-27T16:36:30+00:00","breadcrumb":{"@id":"https:\/\/bobimarket.pl\/index.php\/produkt\/agricolle-spray-zapobiega-szara-plesn-maczniak\/#breadcrumb"},"inLanguage":"pl-PL","potentialAction":[{"@type":"ReadAction","target":["https:\/\/bobimarket.pl\/index.php\/produkt\/agricolle-spray-zapobiega-szara-plesn-maczniak\/"]}]},{"@type":"BreadcrumbList","@id":"https:\/\/bobimarket.pl\/index.php\/produkt\/agricolle-spray-zapobiega-szara-plesn-maczniak\/#breadcrumb","itemListElement":[{"@type":"ListItem","position":1,"name":"Strona g\u0142\u00f3wna","item":"https:\/\/bobimarket.pl\/"},{"@type":"ListItem","position":2,"name":"Sklep","item":"https:\/\/bobimarket.pl\/index.php\/shop\/"},{"@type":"ListItem","position":3,"name":"AGRICOLLE SPRAY ZAPOBIEGA SZARA PLE\u015a\u0143 M\u0104CZNIAK"}]},{"@type":"WebSite","@id":"https:\/\/bobimarket.pl\/#website","url":"https:\/\/bobimarket.pl\/","name":"BOBIMARKET.pl - Remontuj i urz\u0105dzaj z nami","description":"Remontuj i urz\u0105dzaj z nami","publisher":{"@id":"https:\/\/bobimarket.pl\/#organization"},"potentialAction":[{"@type":"SearchAction","target":{"@type":"EntryPoint","urlTemplate":"https:\/\/bobimarket.pl\/?s={search_term_string}"},"query-input":"required name=search_term_string"}],"inLanguage":"pl-PL"},{"@type":"Organization","@id":"https:\/\/bobimarket.pl\/#organization","name":"BOBIMARKET.pl","url":"https:\/\/bobimarket.pl\/","logo":{"@type":"ImageObject","inLanguage":"pl-PL","@id":"https:\/\/bobimarket.pl\/#\/schema\/logo\/image\/","url":"https:\/\/bobimarket.pl\/wp-content\/uploads\/2021\/11\/slogan.png","contentUrl":"https:\/\/bobimarket.pl\/wp-content\/uploads\/2021\/11\/slogan.png","width":2000,"height":384,"caption":"BOBIMARKET.pl"},"image":{"@id":"https:\/\/bobimarket.pl\/#\/schema\/logo\/image\/"}}]}},"_links":{"self":[{"href":"https:\/\/bobimarket.pl\/index.php\/wp-json\/wp\/v2\/product\/97507"}],"collection":[{"href":"https:\/\/bobimarket.pl\/index.php\/wp-json\/wp\/v2\/product"}],"about":[{"href":"https:\/\/bobimarket.pl\/index.php\/wp-json\/wp\/v2\/types\/product"}],"wp:featuredmedia":[{"embeddable":true,"href":"https:\/\/bobimarket.pl\/index.php\/wp-json\/wp\/v2\/media\/97495"}],"wp:attachment":[{"href":"https:\/\/bobimarket.pl\/index.php\/wp-json\/wp\/v2\/media?parent=97507"}],"wp:term":[{"taxonomy":"product_cat","embeddable":true,"href":"https:\/\/bobimarket.pl\/index.php\/wp-json\/wp\/v2\/product_cat?post=97507"},{"taxonomy":"product_tag","embeddable":true,"href":"https:\/\/bobimarket.pl\/index.php\/wp-json\/wp\/v2\/product_tag?post=97507"}],"curies":[{"name":"wp","href":"https:\/\/api.w.org\/{rel}","templated":true}]}}