{"id":97518,"date":"2023-08-30T12:42:52","date_gmt":"2023-08-30T12:42:52","guid":{"rendered":"https:\/\/bobimarket.pl\/index.php\/produkt\/smar-do-przekladni-rzekladniowy-lubriten-eps1-250g\/"},"modified":"2025-02-27T16:36:43","modified_gmt":"2025-02-27T16:36:43","slug":"smar-do-przekladni-rzekladniowy-lubriten-eps1-250g","status":"publish","type":"product","link":"https:\/\/bobimarket.pl\/index.php\/produkt\/smar-do-przekladni-rzekladniowy-lubriten-eps1-250g\/","title":{"rendered":"SMAR DO PRZEK\u0141ADNI RZEK\u0141ADNIOWY  LUBRITEN EPS1 250g"},"content":{"rendered":"<section class=\"section\">\n<div class=\"item item-12\">\n<section class=\"text-item\">\n<h2>SMAR DO PRZEK\u0141ADNI RZEK\u0141ADNIOWY\u00a0 LUBRITEN EPS1 250g<\/h2>\n<p><b>Dane techniczne:<\/b><\/p>\n<ul>\n<li>Pojemno\u015b\u0107:<b> 250g<\/b><\/li>\n<li>Rodzaj:<b> smar do przek\u0142adni<\/b><\/li>\n<li>Zakres pracy: <b>od -20\u00b0C do 100\u00b0C <\/b><\/li>\n<\/ul>\n<\/section><\/div>\n<\/section>\n<section class=\"section\">\n<div class=\"item item-12\">\n<section class=\"image-item\">\n            <img decoding=\"async\" src=\"https:\/\/upload.cdn.baselinker.com\/products\/14476\/dd0a7d2b71a28efc1ddd5d1c07641d1d.jpg\" \/><br \/>\n        <\/section>\n<\/p><\/div>\n<\/section>\n<section class=\"section\">\n<div class=\"item item-12\">\n<section class=\"text-item\">\n<p>Specjalny smar <b>stworzony z my\u015bl\u0105 o przek\u0142adniach \u015blimakowych oraz przek\u0142adni z\u0119batych<\/b> w elektronarz\u0119dziach, reduktorach przemys\u0142owych itp. gdzie wymagana jest specjalna ochrona. Produkt stosuje si\u0119 <b>do smarowania niedostatecznie uszczelnionych prze\u00adk\u0142adni.<\/b> Smar charakteruje si\u0119 dobrymi w\u0142a\u015bciwo\u015bci smarnymi i jest odporny na temperatur\u0119 w warunkach pracy urz\u0105dzenia.<\/p>\n<p>\u2705 Smary Lubriten EPS wytwarzany jest przez zag\u0119szczanie g\u0142\u0119bokorafinowanego oleju mineralnego myd\u0142ami litowymi. Zawiera dodatki <b>polepszaj\u0105ce\u00a0 w\u0142asno\u015bci\u00a0 smarne<\/b> i przyczepno\u015bciowe, a tak\u017ce o dzia\u0142aniu przeciwutleniaj\u0105cym i przeciwkorozyjnym.<\/p>\n<\/section><\/div>\n<\/section>\n<section class=\"section\">\n<div class=\"item item-12\">\n<section class=\"image-item\">\n            <img decoding=\"async\" src=\"https:\/\/upload.cdn.baselinker.com\/products\/14476\/dd0a7d2b71a28efc1ddd5d1c07641d1d.jpg\" \/><br \/>\n        <\/section>\n<\/p><\/div>\n<\/section>\n<section class=\"section\">\n<div class=\"item item-12\">\n<section class=\"text-item\">\n<p><b>\u2705 D\u0142uga \u017cywotno\u015b\u0107<\/b> &#8211; nasz smar zapewnia stabiln\u0105 i niezawodn\u0105 prac\u0119 przez d\u0142ugi czas, co zwi\u0119ksza \u017cywotno\u015b\u0107 przek\u0142adni<\/p>\n<p><b>\u2705 Skuteczna ochrona &#8211; <\/b>dzi\u0119ki specjalnej formule, smar zapewnia doskona\u0142\u0105 ochron\u0119 ca\u0142ego mechanizmu<\/p>\n<p><b>\u2705\u0141atwe stosowanie<\/b> &#8211; ergonomia opakowania zapewnia \u0142atwo\u015b\u0107 stosowania smaru we w\u0142a\u015bciwych miejscach<\/p>\n<\/section><\/div>\n<\/section>\n<section class=\"section\">\n<div class=\"item item-12\">\n<section class=\"image-item\">\n            <img decoding=\"async\" src=\"https:\/\/upload.cdn.baselinker.com\/products\/14476\/dd0a7d2b71a28efc1ddd5d1c07641d1d.jpg\" \/><br \/>\n        <\/section>\n<\/p><\/div>\n<\/section>\n","protected":false},"excerpt":{"rendered":"<p>SMAR DO PRZEK\u0141ADNI RZEK\u0141ADNIOWY\u00a0 LUBRITEN EPS1 250g Dane techniczne: Pojemno\u015b\u0107: 250g Rodzaj: smar do przek\u0142adni Zakres pracy: od -20\u00b0C do 100\u00b0C Specjalny smar stworzony z my\u015bl\u0105 o przek\u0142adniach \u015blimakowych oraz przek\u0142adni z\u0119batych w elektronarz\u0119dziach, reduktorach przemys\u0142owych itp. gdzie wymagana jest specjalna ochrona. Produkt stosuje si\u0119 do smarowania niedostatecznie uszczelnionych prze\u00adk\u0142adni. Smar charakteruje si\u0119 dobrymi w\u0142a\u015bciwo\u015bci<br \/><a class=\"more-link\" href=\"https:\/\/bobimarket.pl\/index.php\/produkt\/smar-do-przekladni-rzekladniowy-lubriten-eps1-250g\/\"><br \/>\n        Czytaj wi\u0119cej<span class=\"screen-reader-text\"> &#8222;SMAR DO PRZEK\u0141ADNI RZEK\u0141ADNIOWY  LUBRITEN EPS1 250g&#8221;<\/span><\/a><\/p>\n","protected":false},"featured_media":97517,"template":"","meta":[],"product_cat":[8380],"product_tag":[],"yoast_head":"<!-- This site is optimized with the Yoast SEO plugin v21.0 - https:\/\/yoast.com\/wordpress\/plugins\/seo\/ -->\n<title>SMAR DO PRZEK\u0141ADNI RZEK\u0141ADNIOWY LUBRITEN EPS1 250g - BOBIMARKET.pl - Remontuj i urz\u0105dzaj z nami<\/title>\n<meta name=\"robots\" content=\"index, follow, max-snippet:-1, max-image-preview:large, max-video-preview:-1\" \/>\n<link rel=\"canonical\" href=\"https:\/\/bobimarket.pl\/index.php\/produkt\/smar-do-przekladni-rzekladniowy-lubriten-eps1-250g\/\" \/>\n<meta property=\"og:locale\" content=\"pl_PL\" \/>\n<meta property=\"og:type\" content=\"article\" \/>\n<meta property=\"og:title\" content=\"SMAR DO PRZEK\u0141ADNI RZEK\u0141ADNIOWY LUBRITEN EPS1 250g - BOBIMARKET.pl - Remontuj i urz\u0105dzaj z nami\" \/>\n<meta property=\"og:description\" content=\"SMAR DO PRZEK\u0141ADNI RZEK\u0141ADNIOWY\u00a0 LUBRITEN EPS1 250g Dane techniczne: Pojemno\u015b\u0107: 250g Rodzaj: smar do przek\u0142adni Zakres pracy: od -20\u00b0C do 100\u00b0C Specjalny smar stworzony z my\u015bl\u0105 o przek\u0142adniach \u015blimakowych oraz przek\u0142adni z\u0119batych w elektronarz\u0119dziach, reduktorach przemys\u0142owych itp. gdzie wymagana jest specjalna ochrona. Produkt stosuje si\u0119 do smarowania niedostatecznie uszczelnionych prze\u00adk\u0142adni. Smar charakteruje si\u0119 dobrymi w\u0142a\u015bciwo\u015bci     Czytaj wi\u0119cej &quot;SMAR DO PRZEK\u0141ADNI RZEK\u0141ADNIOWY LUBRITEN EPS1 250g&quot;\" \/>\n<meta property=\"og:url\" content=\"https:\/\/bobimarket.pl\/index.php\/produkt\/smar-do-przekladni-rzekladniowy-lubriten-eps1-250g\/\" \/>\n<meta property=\"og:site_name\" content=\"BOBIMARKET.pl - Remontuj i urz\u0105dzaj z nami\" \/>\n<meta property=\"article:modified_time\" content=\"2025-02-27T16:36:43+00:00\" \/>\n<meta property=\"og:image\" content=\"https:\/\/upload.cdn.baselinker.com\/products\/14476\/dd0a7d2b71a28efc1ddd5d1c07641d1d.jpg\" \/>\n<meta name=\"twitter:card\" content=\"summary_large_image\" \/>\n<meta name=\"twitter:label1\" content=\"Szacowany czas czytania\" \/>\n\t<meta name=\"twitter:data1\" content=\"1 minuta\" \/>\n<script type=\"application\/ld+json\" class=\"yoast-schema-graph\">{\"@context\":\"https:\/\/schema.org\",\"@graph\":[{\"@type\":\"WebPage\",\"@id\":\"https:\/\/bobimarket.pl\/index.php\/produkt\/smar-do-przekladni-rzekladniowy-lubriten-eps1-250g\/\",\"url\":\"https:\/\/bobimarket.pl\/index.php\/produkt\/smar-do-przekladni-rzekladniowy-lubriten-eps1-250g\/\",\"name\":\"SMAR DO PRZEK\u0141ADNI RZEK\u0141ADNIOWY LUBRITEN EPS1 250g - BOBIMARKET.pl - Remontuj i urz\u0105dzaj z nami\",\"isPartOf\":{\"@id\":\"https:\/\/bobimarket.pl\/#website\"},\"datePublished\":\"2023-08-30T12:42:52+00:00\",\"dateModified\":\"2025-02-27T16:36:43+00:00\",\"breadcrumb\":{\"@id\":\"https:\/\/bobimarket.pl\/index.php\/produkt\/smar-do-przekladni-rzekladniowy-lubriten-eps1-250g\/#breadcrumb\"},\"inLanguage\":\"pl-PL\",\"potentialAction\":[{\"@type\":\"ReadAction\",\"target\":[\"https:\/\/bobimarket.pl\/index.php\/produkt\/smar-do-przekladni-rzekladniowy-lubriten-eps1-250g\/\"]}]},{\"@type\":\"BreadcrumbList\",\"@id\":\"https:\/\/bobimarket.pl\/index.php\/produkt\/smar-do-przekladni-rzekladniowy-lubriten-eps1-250g\/#breadcrumb\",\"itemListElement\":[{\"@type\":\"ListItem\",\"position\":1,\"name\":\"Strona g\u0142\u00f3wna\",\"item\":\"https:\/\/bobimarket.pl\/\"},{\"@type\":\"ListItem\",\"position\":2,\"name\":\"Sklep\",\"item\":\"https:\/\/bobimarket.pl\/index.php\/shop\/\"},{\"@type\":\"ListItem\",\"position\":3,\"name\":\"SMAR DO PRZEK\u0141ADNI RZEK\u0141ADNIOWY LUBRITEN EPS1 250g\"}]},{\"@type\":\"WebSite\",\"@id\":\"https:\/\/bobimarket.pl\/#website\",\"url\":\"https:\/\/bobimarket.pl\/\",\"name\":\"BOBIMARKET.pl - Remontuj i urz\u0105dzaj z nami\",\"description\":\"Remontuj i urz\u0105dzaj z nami\",\"publisher\":{\"@id\":\"https:\/\/bobimarket.pl\/#organization\"},\"potentialAction\":[{\"@type\":\"SearchAction\",\"target\":{\"@type\":\"EntryPoint\",\"urlTemplate\":\"https:\/\/bobimarket.pl\/?s={search_term_string}\"},\"query-input\":\"required name=search_term_string\"}],\"inLanguage\":\"pl-PL\"},{\"@type\":\"Organization\",\"@id\":\"https:\/\/bobimarket.pl\/#organization\",\"name\":\"BOBIMARKET.pl\",\"url\":\"https:\/\/bobimarket.pl\/\",\"logo\":{\"@type\":\"ImageObject\",\"inLanguage\":\"pl-PL\",\"@id\":\"https:\/\/bobimarket.pl\/#\/schema\/logo\/image\/\",\"url\":\"https:\/\/bobimarket.pl\/wp-content\/uploads\/2021\/11\/slogan.png\",\"contentUrl\":\"https:\/\/bobimarket.pl\/wp-content\/uploads\/2021\/11\/slogan.png\",\"width\":2000,\"height\":384,\"caption\":\"BOBIMARKET.pl\"},\"image\":{\"@id\":\"https:\/\/bobimarket.pl\/#\/schema\/logo\/image\/\"}}]}<\/script>\n<!-- \/ Yoast SEO plugin. -->","yoast_head_json":{"title":"SMAR DO PRZEK\u0141ADNI RZEK\u0141ADNIOWY LUBRITEN EPS1 250g - BOBIMARKET.pl - Remontuj i urz\u0105dzaj z nami","robots":{"index":"index","follow":"follow","max-snippet":"max-snippet:-1","max-image-preview":"max-image-preview:large","max-video-preview":"max-video-preview:-1"},"canonical":"https:\/\/bobimarket.pl\/index.php\/produkt\/smar-do-przekladni-rzekladniowy-lubriten-eps1-250g\/","og_locale":"pl_PL","og_type":"article","og_title":"SMAR DO PRZEK\u0141ADNI RZEK\u0141ADNIOWY LUBRITEN EPS1 250g - BOBIMARKET.pl - Remontuj i urz\u0105dzaj z nami","og_description":"SMAR DO PRZEK\u0141ADNI RZEK\u0141ADNIOWY\u00a0 LUBRITEN EPS1 250g Dane techniczne: Pojemno\u015b\u0107: 250g Rodzaj: smar do przek\u0142adni Zakres pracy: od -20\u00b0C do 100\u00b0C Specjalny smar stworzony z my\u015bl\u0105 o przek\u0142adniach \u015blimakowych oraz przek\u0142adni z\u0119batych w elektronarz\u0119dziach, reduktorach przemys\u0142owych itp. gdzie wymagana jest specjalna ochrona. Produkt stosuje si\u0119 do smarowania niedostatecznie uszczelnionych prze\u00adk\u0142adni. Smar charakteruje si\u0119 dobrymi w\u0142a\u015bciwo\u015bci     Czytaj wi\u0119cej \"SMAR DO PRZEK\u0141ADNI RZEK\u0141ADNIOWY LUBRITEN EPS1 250g\"","og_url":"https:\/\/bobimarket.pl\/index.php\/produkt\/smar-do-przekladni-rzekladniowy-lubriten-eps1-250g\/","og_site_name":"BOBIMARKET.pl - Remontuj i urz\u0105dzaj z nami","article_modified_time":"2025-02-27T16:36:43+00:00","og_image":[{"url":"https:\/\/upload.cdn.baselinker.com\/products\/14476\/dd0a7d2b71a28efc1ddd5d1c07641d1d.jpg"}],"twitter_card":"summary_large_image","twitter_misc":{"Szacowany czas czytania":"1 minuta"},"schema":{"@context":"https:\/\/schema.org","@graph":[{"@type":"WebPage","@id":"https:\/\/bobimarket.pl\/index.php\/produkt\/smar-do-przekladni-rzekladniowy-lubriten-eps1-250g\/","url":"https:\/\/bobimarket.pl\/index.php\/produkt\/smar-do-przekladni-rzekladniowy-lubriten-eps1-250g\/","name":"SMAR DO PRZEK\u0141ADNI RZEK\u0141ADNIOWY LUBRITEN EPS1 250g - BOBIMARKET.pl - Remontuj i urz\u0105dzaj z nami","isPartOf":{"@id":"https:\/\/bobimarket.pl\/#website"},"datePublished":"2023-08-30T12:42:52+00:00","dateModified":"2025-02-27T16:36:43+00:00","breadcrumb":{"@id":"https:\/\/bobimarket.pl\/index.php\/produkt\/smar-do-przekladni-rzekladniowy-lubriten-eps1-250g\/#breadcrumb"},"inLanguage":"pl-PL","potentialAction":[{"@type":"ReadAction","target":["https:\/\/bobimarket.pl\/index.php\/produkt\/smar-do-przekladni-rzekladniowy-lubriten-eps1-250g\/"]}]},{"@type":"BreadcrumbList","@id":"https:\/\/bobimarket.pl\/index.php\/produkt\/smar-do-przekladni-rzekladniowy-lubriten-eps1-250g\/#breadcrumb","itemListElement":[{"@type":"ListItem","position":1,"name":"Strona g\u0142\u00f3wna","item":"https:\/\/bobimarket.pl\/"},{"@type":"ListItem","position":2,"name":"Sklep","item":"https:\/\/bobimarket.pl\/index.php\/shop\/"},{"@type":"ListItem","position":3,"name":"SMAR DO PRZEK\u0141ADNI RZEK\u0141ADNIOWY LUBRITEN EPS1 250g"}]},{"@type":"WebSite","@id":"https:\/\/bobimarket.pl\/#website","url":"https:\/\/bobimarket.pl\/","name":"BOBIMARKET.pl - Remontuj i urz\u0105dzaj z nami","description":"Remontuj i urz\u0105dzaj z nami","publisher":{"@id":"https:\/\/bobimarket.pl\/#organization"},"potentialAction":[{"@type":"SearchAction","target":{"@type":"EntryPoint","urlTemplate":"https:\/\/bobimarket.pl\/?s={search_term_string}"},"query-input":"required name=search_term_string"}],"inLanguage":"pl-PL"},{"@type":"Organization","@id":"https:\/\/bobimarket.pl\/#organization","name":"BOBIMARKET.pl","url":"https:\/\/bobimarket.pl\/","logo":{"@type":"ImageObject","inLanguage":"pl-PL","@id":"https:\/\/bobimarket.pl\/#\/schema\/logo\/image\/","url":"https:\/\/bobimarket.pl\/wp-content\/uploads\/2021\/11\/slogan.png","contentUrl":"https:\/\/bobimarket.pl\/wp-content\/uploads\/2021\/11\/slogan.png","width":2000,"height":384,"caption":"BOBIMARKET.pl"},"image":{"@id":"https:\/\/bobimarket.pl\/#\/schema\/logo\/image\/"}}]}},"_links":{"self":[{"href":"https:\/\/bobimarket.pl\/index.php\/wp-json\/wp\/v2\/product\/97518"}],"collection":[{"href":"https:\/\/bobimarket.pl\/index.php\/wp-json\/wp\/v2\/product"}],"about":[{"href":"https:\/\/bobimarket.pl\/index.php\/wp-json\/wp\/v2\/types\/product"}],"wp:featuredmedia":[{"embeddable":true,"href":"https:\/\/bobimarket.pl\/index.php\/wp-json\/wp\/v2\/media\/97517"}],"wp:attachment":[{"href":"https:\/\/bobimarket.pl\/index.php\/wp-json\/wp\/v2\/media?parent=97518"}],"wp:term":[{"taxonomy":"product_cat","embeddable":true,"href":"https:\/\/bobimarket.pl\/index.php\/wp-json\/wp\/v2\/product_cat?post=97518"},{"taxonomy":"product_tag","embeddable":true,"href":"https:\/\/bobimarket.pl\/index.php\/wp-json\/wp\/v2\/product_tag?post=97518"}],"curies":[{"name":"wp","href":"https:\/\/api.w.org\/{rel}","templated":true}]}}