{"id":97523,"date":"2023-08-30T12:43:02","date_gmt":"2023-08-30T12:43:02","guid":{"rendered":"https:\/\/bobimarket.pl\/index.php\/produkt\/sloj-sloik-z-kranem-kranikiem-4l-na-wode-lemoniade\/"},"modified":"2025-02-27T16:36:47","modified_gmt":"2025-02-27T16:36:47","slug":"sloj-sloik-z-kranem-kranikiem-4l-na-wode-lemoniade","status":"publish","type":"product","link":"https:\/\/bobimarket.pl\/index.php\/produkt\/sloj-sloik-z-kranem-kranikiem-4l-na-wode-lemoniade\/","title":{"rendered":"S\u0141\u00d3J S\u0141OIK Z KRANEM KRANIKIEM 4L NA WOD\u0118 LEMONIAD\u0118"},"content":{"rendered":"<section class=\"section\">\n<div class=\"item item-12\">\n<section class=\"text-item\">\n<h2>S\u0141\u00d3J S\u0141OIK Z KRANEM KRANIKIEM 4L NA WOD\u0118 LEMONIAD\u0118<\/h2>\n<p><b>Informacje og\u00f3lne: <\/b><\/p>\n<ul>\n<li>Pojemno\u015b\u0107: <b>4 L<\/b><\/li>\n<li>\u015arednica podstawki:\u00a0<b> 16,5 cm<\/b><\/li>\n<li>Wysoko\u015b\u0107 podstawki:<b> 15,5 cm<\/b><\/li>\n<li>Wysoko\u015b\u0107 s\u0142oika: <b>31,5 cm<\/b><\/li>\n<li>\u015arednica dna: <b>14 cm<\/b><\/li>\n<\/ul>\n<\/section><\/div>\n<\/section>\n<section class=\"section\">\n<div class=\"item item-12\">\n<section class=\"image-item\">\n            <img decoding=\"async\" src=\"https:\/\/upload.cdn.baselinker.com\/products\/14476\/bc79693ee9e584e4fc5fb2902c461f32.jpg\" \/><br \/>\n        <\/section>\n<\/p><\/div>\n<\/section>\n<section class=\"section\">\n<div class=\"item item-12\">\n<section class=\"text-item\">\n<h2>Ulepsz sw\u00f3j ogr\u00f3d, dzia\u0142k\u0119 lub balkon i zachwy\u0107 widokiem cytrynowej wody w s\u0142oju z kranikiem.<\/h2>\n<p>Ozdobny s\u0142\u00f3j na napoje o pojemno\u015bci 4L to \u015bwietna propozycja dla mi\u0142o\u015bnik\u00f3w orze\u017awiaj\u0105cych napoj\u00f3w podczas upalnych dni. Wykonany z twardego szk\u0142a, co b\u0119dzie owocowa\u0142o d\u0142ugim okresem uzytkowania.\u00a0 Posiada wygodny kranik, kt\u00f3ry u\u0142atwia nalewani napoi do szklanek. Dodatkowo wyposa\u017cony w szeroki otw\u00f3r do \u0142atwego nape\u0142niania. Przyda si\u0119 podczas wszelkich plenerowych imprez, si\u0119 podczas piknik\u00f3w lub grili.<\/p>\n<ul>\n<li>Klasyczna i minimalistyczna forma sprawiaj\u0105, \u017ce doskonale nadaje si\u0119 r\u00f3wnie\u017c jako <b>dekoracja<\/b> np. blatu kuchennego.<\/li>\n<li>Idalnie nadaje si\u0119 <b>do oryginalnego serwowania ch\u0142odnych napoi<\/b> w upalne dnia.<\/li>\n<\/ul>\n<\/section><\/div>\n<\/section>\n<section class=\"section\">\n<div class=\"item item-12\">\n<section class=\"image-item\">\n            <img decoding=\"async\" src=\"https:\/\/upload.cdn.baselinker.com\/products\/14476\/ceb5e4dedc7554fd0fe815d4ee466325.jpg\" \/><br \/>\n        <\/section>\n<\/p><\/div>\n<\/section>\n<section class=\"section\">\n<div class=\"item item-12\">\n<section class=\"text-item\">\n<p>Nie musisz ju\u017c stawia\u0107 na stole wielu butelek z napojami,wystarczy jeden s\u0142\u00f3j, w kt\u00f3rym zmie\u015bci si\u0119 przygotowany przez Ciebie nap\u00f3j. Wielko\u015b\u0107 s\u0142oika pozwala na przygotowanie du\u017cej ilo\u015bci drink\u00f3w, co przyspieszy serwowanie picia podczas letnich przyj\u0119\u0107. Go\u015bcie b\u0119d\u0105 si\u0119 mogli cz\u0119stowa\u0107 sokiem, wod\u0105 lub lemoniad\u0105 i nala\u0107 sobie tak\u0105 ilo\u015bc napoju jaka potrzebuj\u0105.<\/p>\n<p>\u2705 <b>Kranik<\/b> u\u0142atwia nalewania wodu\/ soku do szklanki. Nawet dziecie mog\u0105 do u\u017cywa\u0107 w bezpieczny i wygodny spos\u00f3b.<\/p>\n<p>\u2705 S\u0142\u00f3j z kranikiem zosta\u0142 wykonany z <b>wysokiej jako\u015bci szk\u0142a<\/b>. Ponadto ozobny wz\u00f3r sprawia, \u017ce \u0142adnie si\u0119 prezentuje.<\/p>\n<p>\u2705 <b>Szczelne pokrywa <\/b>sprawia, \u017ce nie musimy si\u0119 obawia\u0107 kurzu lub owad\u00f3w.<\/p>\n<\/section><\/div>\n<\/section>\n<section class=\"section\">\n<div class=\"item item-12\">\n<section class=\"image-item\">\n            <img decoding=\"async\" src=\"https:\/\/upload.cdn.baselinker.com\/products\/14476\/207c50f9abb4747ea9a72141c469f034.jpg\" \/><br \/>\n        <\/section>\n<\/p><\/div>\n<\/section>\n<section class=\"section\">\n<div class=\"item item-12\">\n<section class=\"text-item\">\n<p>W s\u0142oiku mo\u017cna przechowywa\u0107 r\u00f3\u017cne rodzaje napoj\u00f3w, takie jak woda, lemoniada, sok owocowy czy letnia herbata. Produkt jest wyj\u0105tkowo praktyczny i funkcjonalny, a jednocze\u015bnie prezentuje si\u0119 bardzo elegancko, co czyni go <b>doskona\u0142ym wyborem dla os\u00f3b ceni\u0105cych sobie zar\u00f3wno wygod\u0119, jak i estetyk\u0119<\/b> w swoich domach.<\/p>\n<h1>Nie przegap! Na otworcie opakowania znajduje si\u0119 przepis na pyszn\u0105 domow\u0105 lemoniad\u0119!<\/h1>\n<\/section><\/div>\n<\/section>\n<section class=\"section\">\n<div class=\"item item-12\">\n<section class=\"image-item\">\n            <img decoding=\"async\" src=\"https:\/\/upload.cdn.baselinker.com\/products\/14476\/ce3685f172d116c2a95e35fa3ef9fd2e.jpg\" \/><br \/>\n        <\/section>\n<\/p><\/div>\n<\/section>\n","protected":false},"excerpt":{"rendered":"<p>S\u0141\u00d3J S\u0141OIK Z KRANEM KRANIKIEM 4L NA WOD\u0118 LEMONIAD\u0118 Informacje og\u00f3lne: Pojemno\u015b\u0107: 4 L \u015arednica podstawki:\u00a0 16,5 cm Wysoko\u015b\u0107 podstawki: 15,5 cm Wysoko\u015b\u0107 s\u0142oika: 31,5 cm \u015arednica dna: 14 cm Ulepsz sw\u00f3j ogr\u00f3d, dzia\u0142k\u0119 lub balkon i zachwy\u0107 widokiem cytrynowej wody w s\u0142oju z kranikiem. Ozdobny s\u0142\u00f3j na napoje o pojemno\u015bci 4L to \u015bwietna propozycja<br \/><a class=\"more-link\" href=\"https:\/\/bobimarket.pl\/index.php\/produkt\/sloj-sloik-z-kranem-kranikiem-4l-na-wode-lemoniade\/\"><br \/>\n        Czytaj wi\u0119cej<span class=\"screen-reader-text\"> &#8222;S\u0141\u00d3J S\u0141OIK Z KRANEM KRANIKIEM 4L NA WOD\u0118 LEMONIAD\u0118&#8221;<\/span><\/a><\/p>\n","protected":false},"featured_media":97519,"template":"","meta":[],"product_cat":[8070],"product_tag":[],"yoast_head":"<!-- This site is optimized with the Yoast SEO plugin v21.0 - https:\/\/yoast.com\/wordpress\/plugins\/seo\/ -->\n<title>S\u0141\u00d3J S\u0141OIK Z KRANEM KRANIKIEM 4L NA WOD\u0118 LEMONIAD\u0118 - BOBIMARKET.pl - Remontuj i urz\u0105dzaj z nami<\/title>\n<meta name=\"robots\" content=\"index, follow, max-snippet:-1, max-image-preview:large, max-video-preview:-1\" \/>\n<link rel=\"canonical\" href=\"https:\/\/bobimarket.pl\/index.php\/produkt\/sloj-sloik-z-kranem-kranikiem-4l-na-wode-lemoniade\/\" \/>\n<meta property=\"og:locale\" content=\"pl_PL\" \/>\n<meta property=\"og:type\" content=\"article\" \/>\n<meta property=\"og:title\" content=\"S\u0141\u00d3J S\u0141OIK Z KRANEM KRANIKIEM 4L NA WOD\u0118 LEMONIAD\u0118 - BOBIMARKET.pl - Remontuj i urz\u0105dzaj z nami\" \/>\n<meta property=\"og:description\" content=\"S\u0141\u00d3J S\u0141OIK Z KRANEM KRANIKIEM 4L NA WOD\u0118 LEMONIAD\u0118 Informacje og\u00f3lne: Pojemno\u015b\u0107: 4 L \u015arednica podstawki:\u00a0 16,5 cm Wysoko\u015b\u0107 podstawki: 15,5 cm Wysoko\u015b\u0107 s\u0142oika: 31,5 cm \u015arednica dna: 14 cm Ulepsz sw\u00f3j ogr\u00f3d, dzia\u0142k\u0119 lub balkon i zachwy\u0107 widokiem cytrynowej wody w s\u0142oju z kranikiem. Ozdobny s\u0142\u00f3j na napoje o pojemno\u015bci 4L to \u015bwietna propozycja     Czytaj wi\u0119cej &quot;S\u0141\u00d3J S\u0141OIK Z KRANEM KRANIKIEM 4L NA WOD\u0118 LEMONIAD\u0118&quot;\" \/>\n<meta property=\"og:url\" content=\"https:\/\/bobimarket.pl\/index.php\/produkt\/sloj-sloik-z-kranem-kranikiem-4l-na-wode-lemoniade\/\" \/>\n<meta property=\"og:site_name\" content=\"BOBIMARKET.pl - Remontuj i urz\u0105dzaj z nami\" \/>\n<meta property=\"article:modified_time\" content=\"2025-02-27T16:36:47+00:00\" \/>\n<meta property=\"og:image\" content=\"https:\/\/upload.cdn.baselinker.com\/products\/14476\/bc79693ee9e584e4fc5fb2902c461f32.jpg\" \/>\n<meta name=\"twitter:card\" content=\"summary_large_image\" \/>\n<meta name=\"twitter:label1\" content=\"Szacowany czas czytania\" \/>\n\t<meta name=\"twitter:data1\" content=\"2 minuty\" \/>\n<script type=\"application\/ld+json\" class=\"yoast-schema-graph\">{\"@context\":\"https:\/\/schema.org\",\"@graph\":[{\"@type\":\"WebPage\",\"@id\":\"https:\/\/bobimarket.pl\/index.php\/produkt\/sloj-sloik-z-kranem-kranikiem-4l-na-wode-lemoniade\/\",\"url\":\"https:\/\/bobimarket.pl\/index.php\/produkt\/sloj-sloik-z-kranem-kranikiem-4l-na-wode-lemoniade\/\",\"name\":\"S\u0141\u00d3J S\u0141OIK Z KRANEM KRANIKIEM 4L NA WOD\u0118 LEMONIAD\u0118 - BOBIMARKET.pl - Remontuj i urz\u0105dzaj z nami\",\"isPartOf\":{\"@id\":\"https:\/\/bobimarket.pl\/#website\"},\"datePublished\":\"2023-08-30T12:43:02+00:00\",\"dateModified\":\"2025-02-27T16:36:47+00:00\",\"breadcrumb\":{\"@id\":\"https:\/\/bobimarket.pl\/index.php\/produkt\/sloj-sloik-z-kranem-kranikiem-4l-na-wode-lemoniade\/#breadcrumb\"},\"inLanguage\":\"pl-PL\",\"potentialAction\":[{\"@type\":\"ReadAction\",\"target\":[\"https:\/\/bobimarket.pl\/index.php\/produkt\/sloj-sloik-z-kranem-kranikiem-4l-na-wode-lemoniade\/\"]}]},{\"@type\":\"BreadcrumbList\",\"@id\":\"https:\/\/bobimarket.pl\/index.php\/produkt\/sloj-sloik-z-kranem-kranikiem-4l-na-wode-lemoniade\/#breadcrumb\",\"itemListElement\":[{\"@type\":\"ListItem\",\"position\":1,\"name\":\"Strona g\u0142\u00f3wna\",\"item\":\"https:\/\/bobimarket.pl\/\"},{\"@type\":\"ListItem\",\"position\":2,\"name\":\"Sklep\",\"item\":\"https:\/\/bobimarket.pl\/index.php\/shop\/\"},{\"@type\":\"ListItem\",\"position\":3,\"name\":\"S\u0141\u00d3J S\u0141OIK Z KRANEM KRANIKIEM 4L NA WOD\u0118 LEMONIAD\u0118\"}]},{\"@type\":\"WebSite\",\"@id\":\"https:\/\/bobimarket.pl\/#website\",\"url\":\"https:\/\/bobimarket.pl\/\",\"name\":\"BOBIMARKET.pl - Remontuj i urz\u0105dzaj z nami\",\"description\":\"Remontuj i urz\u0105dzaj z nami\",\"publisher\":{\"@id\":\"https:\/\/bobimarket.pl\/#organization\"},\"potentialAction\":[{\"@type\":\"SearchAction\",\"target\":{\"@type\":\"EntryPoint\",\"urlTemplate\":\"https:\/\/bobimarket.pl\/?s={search_term_string}\"},\"query-input\":\"required name=search_term_string\"}],\"inLanguage\":\"pl-PL\"},{\"@type\":\"Organization\",\"@id\":\"https:\/\/bobimarket.pl\/#organization\",\"name\":\"BOBIMARKET.pl\",\"url\":\"https:\/\/bobimarket.pl\/\",\"logo\":{\"@type\":\"ImageObject\",\"inLanguage\":\"pl-PL\",\"@id\":\"https:\/\/bobimarket.pl\/#\/schema\/logo\/image\/\",\"url\":\"https:\/\/bobimarket.pl\/wp-content\/uploads\/2021\/11\/slogan.png\",\"contentUrl\":\"https:\/\/bobimarket.pl\/wp-content\/uploads\/2021\/11\/slogan.png\",\"width\":2000,\"height\":384,\"caption\":\"BOBIMARKET.pl\"},\"image\":{\"@id\":\"https:\/\/bobimarket.pl\/#\/schema\/logo\/image\/\"}}]}<\/script>\n<!-- \/ Yoast SEO plugin. -->","yoast_head_json":{"title":"S\u0141\u00d3J S\u0141OIK Z KRANEM KRANIKIEM 4L NA WOD\u0118 LEMONIAD\u0118 - BOBIMARKET.pl - Remontuj i urz\u0105dzaj z nami","robots":{"index":"index","follow":"follow","max-snippet":"max-snippet:-1","max-image-preview":"max-image-preview:large","max-video-preview":"max-video-preview:-1"},"canonical":"https:\/\/bobimarket.pl\/index.php\/produkt\/sloj-sloik-z-kranem-kranikiem-4l-na-wode-lemoniade\/","og_locale":"pl_PL","og_type":"article","og_title":"S\u0141\u00d3J S\u0141OIK Z KRANEM KRANIKIEM 4L NA WOD\u0118 LEMONIAD\u0118 - BOBIMARKET.pl - Remontuj i urz\u0105dzaj z nami","og_description":"S\u0141\u00d3J S\u0141OIK Z KRANEM KRANIKIEM 4L NA WOD\u0118 LEMONIAD\u0118 Informacje og\u00f3lne: Pojemno\u015b\u0107: 4 L \u015arednica podstawki:\u00a0 16,5 cm Wysoko\u015b\u0107 podstawki: 15,5 cm Wysoko\u015b\u0107 s\u0142oika: 31,5 cm \u015arednica dna: 14 cm Ulepsz sw\u00f3j ogr\u00f3d, dzia\u0142k\u0119 lub balkon i zachwy\u0107 widokiem cytrynowej wody w s\u0142oju z kranikiem. Ozdobny s\u0142\u00f3j na napoje o pojemno\u015bci 4L to \u015bwietna propozycja     Czytaj wi\u0119cej \"S\u0141\u00d3J S\u0141OIK Z KRANEM KRANIKIEM 4L NA WOD\u0118 LEMONIAD\u0118\"","og_url":"https:\/\/bobimarket.pl\/index.php\/produkt\/sloj-sloik-z-kranem-kranikiem-4l-na-wode-lemoniade\/","og_site_name":"BOBIMARKET.pl - Remontuj i urz\u0105dzaj z nami","article_modified_time":"2025-02-27T16:36:47+00:00","og_image":[{"url":"https:\/\/upload.cdn.baselinker.com\/products\/14476\/bc79693ee9e584e4fc5fb2902c461f32.jpg"}],"twitter_card":"summary_large_image","twitter_misc":{"Szacowany czas czytania":"2 minuty"},"schema":{"@context":"https:\/\/schema.org","@graph":[{"@type":"WebPage","@id":"https:\/\/bobimarket.pl\/index.php\/produkt\/sloj-sloik-z-kranem-kranikiem-4l-na-wode-lemoniade\/","url":"https:\/\/bobimarket.pl\/index.php\/produkt\/sloj-sloik-z-kranem-kranikiem-4l-na-wode-lemoniade\/","name":"S\u0141\u00d3J S\u0141OIK Z KRANEM KRANIKIEM 4L NA WOD\u0118 LEMONIAD\u0118 - BOBIMARKET.pl - Remontuj i urz\u0105dzaj z nami","isPartOf":{"@id":"https:\/\/bobimarket.pl\/#website"},"datePublished":"2023-08-30T12:43:02+00:00","dateModified":"2025-02-27T16:36:47+00:00","breadcrumb":{"@id":"https:\/\/bobimarket.pl\/index.php\/produkt\/sloj-sloik-z-kranem-kranikiem-4l-na-wode-lemoniade\/#breadcrumb"},"inLanguage":"pl-PL","potentialAction":[{"@type":"ReadAction","target":["https:\/\/bobimarket.pl\/index.php\/produkt\/sloj-sloik-z-kranem-kranikiem-4l-na-wode-lemoniade\/"]}]},{"@type":"BreadcrumbList","@id":"https:\/\/bobimarket.pl\/index.php\/produkt\/sloj-sloik-z-kranem-kranikiem-4l-na-wode-lemoniade\/#breadcrumb","itemListElement":[{"@type":"ListItem","position":1,"name":"Strona g\u0142\u00f3wna","item":"https:\/\/bobimarket.pl\/"},{"@type":"ListItem","position":2,"name":"Sklep","item":"https:\/\/bobimarket.pl\/index.php\/shop\/"},{"@type":"ListItem","position":3,"name":"S\u0141\u00d3J S\u0141OIK Z KRANEM KRANIKIEM 4L NA WOD\u0118 LEMONIAD\u0118"}]},{"@type":"WebSite","@id":"https:\/\/bobimarket.pl\/#website","url":"https:\/\/bobimarket.pl\/","name":"BOBIMARKET.pl - Remontuj i urz\u0105dzaj z nami","description":"Remontuj i urz\u0105dzaj z nami","publisher":{"@id":"https:\/\/bobimarket.pl\/#organization"},"potentialAction":[{"@type":"SearchAction","target":{"@type":"EntryPoint","urlTemplate":"https:\/\/bobimarket.pl\/?s={search_term_string}"},"query-input":"required name=search_term_string"}],"inLanguage":"pl-PL"},{"@type":"Organization","@id":"https:\/\/bobimarket.pl\/#organization","name":"BOBIMARKET.pl","url":"https:\/\/bobimarket.pl\/","logo":{"@type":"ImageObject","inLanguage":"pl-PL","@id":"https:\/\/bobimarket.pl\/#\/schema\/logo\/image\/","url":"https:\/\/bobimarket.pl\/wp-content\/uploads\/2021\/11\/slogan.png","contentUrl":"https:\/\/bobimarket.pl\/wp-content\/uploads\/2021\/11\/slogan.png","width":2000,"height":384,"caption":"BOBIMARKET.pl"},"image":{"@id":"https:\/\/bobimarket.pl\/#\/schema\/logo\/image\/"}}]}},"_links":{"self":[{"href":"https:\/\/bobimarket.pl\/index.php\/wp-json\/wp\/v2\/product\/97523"}],"collection":[{"href":"https:\/\/bobimarket.pl\/index.php\/wp-json\/wp\/v2\/product"}],"about":[{"href":"https:\/\/bobimarket.pl\/index.php\/wp-json\/wp\/v2\/types\/product"}],"wp:featuredmedia":[{"embeddable":true,"href":"https:\/\/bobimarket.pl\/index.php\/wp-json\/wp\/v2\/media\/97519"}],"wp:attachment":[{"href":"https:\/\/bobimarket.pl\/index.php\/wp-json\/wp\/v2\/media?parent=97523"}],"wp:term":[{"taxonomy":"product_cat","embeddable":true,"href":"https:\/\/bobimarket.pl\/index.php\/wp-json\/wp\/v2\/product_cat?post=97523"},{"taxonomy":"product_tag","embeddable":true,"href":"https:\/\/bobimarket.pl\/index.php\/wp-json\/wp\/v2\/product_tag?post=97523"}],"curies":[{"name":"wp","href":"https:\/\/api.w.org\/{rel}","templated":true}]}}