{"id":97529,"date":"2023-08-30T12:43:27","date_gmt":"2023-08-30T12:43:27","guid":{"rendered":"https:\/\/bobimarket.pl\/index.php\/produkt\/zbiornik-na-wode-kanister-skladany-baniak-kran-10l\/"},"modified":"2025-02-27T16:36:51","modified_gmt":"2025-02-27T16:36:51","slug":"zbiornik-na-wode-kanister-skladany-baniak-kran-10l","status":"publish","type":"product","link":"https:\/\/bobimarket.pl\/index.php\/produkt\/zbiornik-na-wode-kanister-skladany-baniak-kran-10l\/","title":{"rendered":"ZBIORNIK NA WOD\u0118 KANISTER SK\u0141ADANY BANIAK KRAN 10L"},"content":{"rendered":"<section class=\"section\">\n<div class=\"item item-12\">\n<section class=\"text-item\">\n<h2>ZBIORNIK NA WOD\u0118 KANISTER SK\u0141ADANY BANIAK KRAN 10L<\/h2>\n<p><b>Informacje og\u00f3lne:<\/b><\/p>\n<ul>\n<li>Pojemno\u015b\u0107:<b> 10 L <\/b><\/li>\n<li>Materia\u0142:<b> tworzywo <\/b><\/li>\n<li>Nie zawiera Bisfenolu (<b>BPA FREE<\/b>)!!!<\/li>\n<li>Praktyczny kranik i uchwyt do przenoszenia<\/li>\n<\/ul>\n<p><b>UWAGA!<\/b> Kolory kranika w zbiorniku wyst\u0119puj\u0105 w kilku wersjach kolorystycznych. Kolor wybieramy losowo.<\/p>\n<\/section><\/div>\n<\/section>\n<section class=\"section\">\n<div class=\"item item-12\">\n<section class=\"image-item\">\n            <img decoding=\"async\" src=\"https:\/\/upload.cdn.baselinker.com\/products\/14476\/e1dc9dbd2b2f2b69079b27f7c4d6e064.jpg\"><br \/>\n        <\/section>\n<\/p><\/div>\n<\/section>\n<section class=\"section\">\n<div class=\"item item-12\">\n<section class=\"text-item\">\n<h2>Miej wod\u0119 pod r\u0119k\u0105, gdziekolwiek si\u0119 znajdujesz!<\/h2>\n<p>Niezb\u0119dny artyku\u0142 dla wszystkich, kt\u00f3rzy ceni\u0105 sobie komfort i niezawodno\u015b\u0107 podczas podr\u00f3\u017cy na \u0142onie natury. Nie wa\u017cne czy jeste\u015b zapalonym podr\u00f3\u017cnikiem czy sw\u00f3j wolny czas sp\u0119dzasz na dzia\u0142ce. Zapewnij sobie dost\u0119p do \u015bwie\u017cej wody w ka\u017cdej sytuacji dzi\u0119ki temu praktycznemu i wytrzyma\u0142emu zbiornikowi. Idealne rozwi\u0105zaniem dla wszystkich, kt\u00f3rzy cz\u0119sto podr\u00f3\u017cuj\u0105 lub s\u0105 aktywni na \u015bwie\u017cym powietrzu. Ten praktyczny kanister sk\u0142adany nie tylko pomie\u015bci a\u017c 10 litr\u00f3w wody, ale tak\u017ce jest bardzo \u0142atwy w przenoszeniu i przechowywaniu.<\/p>\n<ul>\n<li>Ten zbiornik mo\u017ce by\u0107 z\u0142o\u017cony w ma\u0142e i por\u0119czne wymiary, dzi\u0119ki czemu mo\u017cna go \u0142atwo zapakowa\u0107 do plecaka czy torby podr\u00f3\u017cnej. Idealny na camping, w\u0119dr\u00f3wki, biwaki czy podr\u00f3\u017ce samochodem.<\/li>\n<li>Dzi\u0119ki szczelnemu i trwa\u0142emu materia\u0142owi kanister sprawia, \u017ce Twoja woda pozostanie czysta i \u015bwie\u017ca przez d\u0142ugi czas. Nie musisz si\u0119 martwi\u0107 o wycieki czy straty.<\/li>\n<\/ul>\n<\/section><\/div>\n<\/section>\n<section class=\"section\">\n<div class=\"item item-12\">\n<section class=\"image-item\">\n            <img decoding=\"async\" src=\"https:\/\/upload.cdn.baselinker.com\/products\/14476\/9bd8de6d2cc79394f709dbfba42ff4ed.png\"><br \/>\n        <\/section>\n<\/p><\/div>\n<\/section>\n<section class=\"section\">\n<div class=\"item item-12\">\n<section class=\"text-item\">\n<h2>\u2705 Wygodny kranik<\/h2>\n<ul>\n<li>Dodatkowo, zbiornik jest wyposa\u017cony w praktyczny kran, kt\u00f3ry umo\u017cliwia wygodne nalewanie wody bez konieczno\u015bci otwierania ca\u0142ego zbiornika. To u\u0142atwienie szczeg\u00f3lnie doceni\u0105 mi\u0142o\u015bnicy kempingu oraz osoby aktywne fizycznie, kt\u00f3re nie chc\u0105 traci\u0107 czasu na niepotrzebne i niepraktyczne rozwi\u0105zania.<\/li>\n<\/ul>\n<h2>\u2705\u00a0 Mobilna konstrukcja<\/h2>\n<ul>\n<li>Ta wyj\u0105tkowa konstrukcja zbiornika umo\u017cliwia sk\u0142adanie zbiornika, gdy jest nam niepotrzebny. Niewielkie rozmiary po z\u0142o\u017ceniu sprawiaj\u0105, \u017ce bez problemu mo\u017cesz go zabra\u0107 ze sob\u0105 w podr\u00f3\u017c, umie\u015bci\u0107 w plecaku czy schowa\u0107 w baga\u017cniku samochodu.<\/li>\n<\/ul>\n<\/section><\/div>\n<\/section>\n<section class=\"section\">\n<div class=\"item item-12\">\n<section class=\"image-item\">\n            <img decoding=\"async\" src=\"https:\/\/upload.cdn.baselinker.com\/products\/14476\/e5faf3635007e0ed99ce602f41d52e2a.jpg\"><br \/>\n        <\/section>\n<\/p><\/div>\n<\/section>\n<section class=\"section\">\n<div class=\"item item-12\">\n<section class=\"text-item\">\n<p>\u2705 Zbiornik pomie\u015bci wystarczaj\u0105c\u0105 ilo\u015b\u0107 wody na d\u0142ugie wyprawy lub pobyt na kempingu.<\/p>\n<p>\u2705 Sk\u0142adana konstrukcja mo\u017cliwo\u015bci z\u0142o\u017cenia. Kanister zajmuje niewiele miejsca i jest \u0142atwy do transportu.<\/p>\n<p>\u2705 Wygodny kran u\u0142atwia nalewanie wody bez konieczno\u015bci otwierania ca\u0142ego zbiornika.<\/p>\n<p>\u2705 Por\u0119czny uchwyt sprawia, \u017ce z \u0142atwo\u015bci\u0105 przeniesiemy nape\u0142niony zbiornik w dowolne miejsce.<\/p>\n<\/section><\/div>\n<\/section>\n<section class=\"section\">\n<div class=\"item item-6\">\n<section class=\"image-item\">\n            <img decoding=\"async\" src=\"https:\/\/upload.cdn.baselinker.com\/products\/14476\/9bd8de6d2cc79394f709dbfba42ff4ed.png\"><br \/>\n        <\/section>\n<\/p><\/div>\n<div class=\"item item-6\">\n<section class=\"image-item\">\n            <img decoding=\"async\" src=\"https:\/\/upload.cdn.baselinker.com\/products\/14476\/d59ed3ffbcd66461ed87692b7e65cabc.jpg\"><br \/>\n        <\/section>\n<\/p><\/div>\n<\/section>\n","protected":false},"excerpt":{"rendered":"<p>ZBIORNIK NA WOD\u0118 KANISTER SK\u0141ADANY BANIAK KRAN 10L Informacje og\u00f3lne: Pojemno\u015b\u0107: 10 L Materia\u0142: tworzywo Nie zawiera Bisfenolu (BPA FREE)!!! Praktyczny kranik i uchwyt do przenoszenia UWAGA! Kolory kranika w zbiorniku wyst\u0119puj\u0105 w kilku wersjach kolorystycznych. Kolor wybieramy losowo. Miej wod\u0119 pod r\u0119k\u0105, gdziekolwiek si\u0119 znajdujesz! Niezb\u0119dny artyku\u0142 dla wszystkich, kt\u00f3rzy ceni\u0105 sobie komfort i<br \/><a class=\"more-link\" href=\"https:\/\/bobimarket.pl\/index.php\/produkt\/zbiornik-na-wode-kanister-skladany-baniak-kran-10l\/\"><br \/>\n        Czytaj wi\u0119cej<span class=\"screen-reader-text\"> &#8222;ZBIORNIK NA WOD\u0118 KANISTER SK\u0141ADANY BANIAK KRAN 10L&#8221;<\/span><\/a><\/p>\n","protected":false},"featured_media":97524,"template":"","meta":[],"product_cat":[8390],"product_tag":[],"yoast_head":"<!-- This site is optimized with the Yoast SEO plugin v21.0 - https:\/\/yoast.com\/wordpress\/plugins\/seo\/ -->\n<title>ZBIORNIK NA WOD\u0118 KANISTER SK\u0141ADANY BANIAK KRAN 10L - BOBIMARKET.pl - Remontuj i urz\u0105dzaj z nami<\/title>\n<meta name=\"robots\" content=\"index, follow, max-snippet:-1, max-image-preview:large, max-video-preview:-1\" \/>\n<link rel=\"canonical\" href=\"https:\/\/bobimarket.pl\/index.php\/produkt\/zbiornik-na-wode-kanister-skladany-baniak-kran-10l\/\" \/>\n<meta property=\"og:locale\" content=\"pl_PL\" \/>\n<meta property=\"og:type\" content=\"article\" \/>\n<meta property=\"og:title\" content=\"ZBIORNIK NA WOD\u0118 KANISTER SK\u0141ADANY BANIAK KRAN 10L - BOBIMARKET.pl - Remontuj i urz\u0105dzaj z nami\" \/>\n<meta property=\"og:description\" content=\"ZBIORNIK NA WOD\u0118 KANISTER SK\u0141ADANY BANIAK KRAN 10L Informacje og\u00f3lne: Pojemno\u015b\u0107: 10 L Materia\u0142: tworzywo Nie zawiera Bisfenolu (BPA FREE)!!! Praktyczny kranik i uchwyt do przenoszenia UWAGA! Kolory kranika w zbiorniku wyst\u0119puj\u0105 w kilku wersjach kolorystycznych. Kolor wybieramy losowo. Miej wod\u0119 pod r\u0119k\u0105, gdziekolwiek si\u0119 znajdujesz! Niezb\u0119dny artyku\u0142 dla wszystkich, kt\u00f3rzy ceni\u0105 sobie komfort i     Czytaj wi\u0119cej &quot;ZBIORNIK NA WOD\u0118 KANISTER SK\u0141ADANY BANIAK KRAN 10L&quot;\" \/>\n<meta property=\"og:url\" content=\"https:\/\/bobimarket.pl\/index.php\/produkt\/zbiornik-na-wode-kanister-skladany-baniak-kran-10l\/\" \/>\n<meta property=\"og:site_name\" content=\"BOBIMARKET.pl - Remontuj i urz\u0105dzaj z nami\" \/>\n<meta property=\"article:modified_time\" content=\"2025-02-27T16:36:51+00:00\" \/>\n<meta property=\"og:image\" content=\"https:\/\/upload.cdn.baselinker.com\/products\/14476\/e1dc9dbd2b2f2b69079b27f7c4d6e064.jpg\" \/>\n<meta name=\"twitter:card\" content=\"summary_large_image\" \/>\n<meta name=\"twitter:label1\" content=\"Szacowany czas czytania\" \/>\n\t<meta name=\"twitter:data1\" content=\"2 minuty\" \/>\n<script type=\"application\/ld+json\" class=\"yoast-schema-graph\">{\"@context\":\"https:\/\/schema.org\",\"@graph\":[{\"@type\":\"WebPage\",\"@id\":\"https:\/\/bobimarket.pl\/index.php\/produkt\/zbiornik-na-wode-kanister-skladany-baniak-kran-10l\/\",\"url\":\"https:\/\/bobimarket.pl\/index.php\/produkt\/zbiornik-na-wode-kanister-skladany-baniak-kran-10l\/\",\"name\":\"ZBIORNIK NA WOD\u0118 KANISTER SK\u0141ADANY BANIAK KRAN 10L - BOBIMARKET.pl - Remontuj i urz\u0105dzaj z nami\",\"isPartOf\":{\"@id\":\"https:\/\/bobimarket.pl\/#website\"},\"datePublished\":\"2023-08-30T12:43:27+00:00\",\"dateModified\":\"2025-02-27T16:36:51+00:00\",\"breadcrumb\":{\"@id\":\"https:\/\/bobimarket.pl\/index.php\/produkt\/zbiornik-na-wode-kanister-skladany-baniak-kran-10l\/#breadcrumb\"},\"inLanguage\":\"pl-PL\",\"potentialAction\":[{\"@type\":\"ReadAction\",\"target\":[\"https:\/\/bobimarket.pl\/index.php\/produkt\/zbiornik-na-wode-kanister-skladany-baniak-kran-10l\/\"]}]},{\"@type\":\"BreadcrumbList\",\"@id\":\"https:\/\/bobimarket.pl\/index.php\/produkt\/zbiornik-na-wode-kanister-skladany-baniak-kran-10l\/#breadcrumb\",\"itemListElement\":[{\"@type\":\"ListItem\",\"position\":1,\"name\":\"Strona g\u0142\u00f3wna\",\"item\":\"https:\/\/bobimarket.pl\/\"},{\"@type\":\"ListItem\",\"position\":2,\"name\":\"Sklep\",\"item\":\"https:\/\/bobimarket.pl\/index.php\/shop\/\"},{\"@type\":\"ListItem\",\"position\":3,\"name\":\"ZBIORNIK NA WOD\u0118 KANISTER SK\u0141ADANY BANIAK KRAN 10L\"}]},{\"@type\":\"WebSite\",\"@id\":\"https:\/\/bobimarket.pl\/#website\",\"url\":\"https:\/\/bobimarket.pl\/\",\"name\":\"BOBIMARKET.pl - Remontuj i urz\u0105dzaj z nami\",\"description\":\"Remontuj i urz\u0105dzaj z nami\",\"publisher\":{\"@id\":\"https:\/\/bobimarket.pl\/#organization\"},\"potentialAction\":[{\"@type\":\"SearchAction\",\"target\":{\"@type\":\"EntryPoint\",\"urlTemplate\":\"https:\/\/bobimarket.pl\/?s={search_term_string}\"},\"query-input\":\"required name=search_term_string\"}],\"inLanguage\":\"pl-PL\"},{\"@type\":\"Organization\",\"@id\":\"https:\/\/bobimarket.pl\/#organization\",\"name\":\"BOBIMARKET.pl\",\"url\":\"https:\/\/bobimarket.pl\/\",\"logo\":{\"@type\":\"ImageObject\",\"inLanguage\":\"pl-PL\",\"@id\":\"https:\/\/bobimarket.pl\/#\/schema\/logo\/image\/\",\"url\":\"https:\/\/bobimarket.pl\/wp-content\/uploads\/2021\/11\/slogan.png\",\"contentUrl\":\"https:\/\/bobimarket.pl\/wp-content\/uploads\/2021\/11\/slogan.png\",\"width\":2000,\"height\":384,\"caption\":\"BOBIMARKET.pl\"},\"image\":{\"@id\":\"https:\/\/bobimarket.pl\/#\/schema\/logo\/image\/\"}}]}<\/script>\n<!-- \/ Yoast SEO plugin. -->","yoast_head_json":{"title":"ZBIORNIK NA WOD\u0118 KANISTER SK\u0141ADANY BANIAK KRAN 10L - BOBIMARKET.pl - Remontuj i urz\u0105dzaj z nami","robots":{"index":"index","follow":"follow","max-snippet":"max-snippet:-1","max-image-preview":"max-image-preview:large","max-video-preview":"max-video-preview:-1"},"canonical":"https:\/\/bobimarket.pl\/index.php\/produkt\/zbiornik-na-wode-kanister-skladany-baniak-kran-10l\/","og_locale":"pl_PL","og_type":"article","og_title":"ZBIORNIK NA WOD\u0118 KANISTER SK\u0141ADANY BANIAK KRAN 10L - BOBIMARKET.pl - Remontuj i urz\u0105dzaj z nami","og_description":"ZBIORNIK NA WOD\u0118 KANISTER SK\u0141ADANY BANIAK KRAN 10L Informacje og\u00f3lne: Pojemno\u015b\u0107: 10 L Materia\u0142: tworzywo Nie zawiera Bisfenolu (BPA FREE)!!! Praktyczny kranik i uchwyt do przenoszenia UWAGA! Kolory kranika w zbiorniku wyst\u0119puj\u0105 w kilku wersjach kolorystycznych. Kolor wybieramy losowo. Miej wod\u0119 pod r\u0119k\u0105, gdziekolwiek si\u0119 znajdujesz! Niezb\u0119dny artyku\u0142 dla wszystkich, kt\u00f3rzy ceni\u0105 sobie komfort i     Czytaj wi\u0119cej \"ZBIORNIK NA WOD\u0118 KANISTER SK\u0141ADANY BANIAK KRAN 10L\"","og_url":"https:\/\/bobimarket.pl\/index.php\/produkt\/zbiornik-na-wode-kanister-skladany-baniak-kran-10l\/","og_site_name":"BOBIMARKET.pl - Remontuj i urz\u0105dzaj z nami","article_modified_time":"2025-02-27T16:36:51+00:00","og_image":[{"url":"https:\/\/upload.cdn.baselinker.com\/products\/14476\/e1dc9dbd2b2f2b69079b27f7c4d6e064.jpg"}],"twitter_card":"summary_large_image","twitter_misc":{"Szacowany czas czytania":"2 minuty"},"schema":{"@context":"https:\/\/schema.org","@graph":[{"@type":"WebPage","@id":"https:\/\/bobimarket.pl\/index.php\/produkt\/zbiornik-na-wode-kanister-skladany-baniak-kran-10l\/","url":"https:\/\/bobimarket.pl\/index.php\/produkt\/zbiornik-na-wode-kanister-skladany-baniak-kran-10l\/","name":"ZBIORNIK NA WOD\u0118 KANISTER SK\u0141ADANY BANIAK KRAN 10L - BOBIMARKET.pl - Remontuj i urz\u0105dzaj z nami","isPartOf":{"@id":"https:\/\/bobimarket.pl\/#website"},"datePublished":"2023-08-30T12:43:27+00:00","dateModified":"2025-02-27T16:36:51+00:00","breadcrumb":{"@id":"https:\/\/bobimarket.pl\/index.php\/produkt\/zbiornik-na-wode-kanister-skladany-baniak-kran-10l\/#breadcrumb"},"inLanguage":"pl-PL","potentialAction":[{"@type":"ReadAction","target":["https:\/\/bobimarket.pl\/index.php\/produkt\/zbiornik-na-wode-kanister-skladany-baniak-kran-10l\/"]}]},{"@type":"BreadcrumbList","@id":"https:\/\/bobimarket.pl\/index.php\/produkt\/zbiornik-na-wode-kanister-skladany-baniak-kran-10l\/#breadcrumb","itemListElement":[{"@type":"ListItem","position":1,"name":"Strona g\u0142\u00f3wna","item":"https:\/\/bobimarket.pl\/"},{"@type":"ListItem","position":2,"name":"Sklep","item":"https:\/\/bobimarket.pl\/index.php\/shop\/"},{"@type":"ListItem","position":3,"name":"ZBIORNIK NA WOD\u0118 KANISTER SK\u0141ADANY BANIAK KRAN 10L"}]},{"@type":"WebSite","@id":"https:\/\/bobimarket.pl\/#website","url":"https:\/\/bobimarket.pl\/","name":"BOBIMARKET.pl - Remontuj i urz\u0105dzaj z nami","description":"Remontuj i urz\u0105dzaj z nami","publisher":{"@id":"https:\/\/bobimarket.pl\/#organization"},"potentialAction":[{"@type":"SearchAction","target":{"@type":"EntryPoint","urlTemplate":"https:\/\/bobimarket.pl\/?s={search_term_string}"},"query-input":"required name=search_term_string"}],"inLanguage":"pl-PL"},{"@type":"Organization","@id":"https:\/\/bobimarket.pl\/#organization","name":"BOBIMARKET.pl","url":"https:\/\/bobimarket.pl\/","logo":{"@type":"ImageObject","inLanguage":"pl-PL","@id":"https:\/\/bobimarket.pl\/#\/schema\/logo\/image\/","url":"https:\/\/bobimarket.pl\/wp-content\/uploads\/2021\/11\/slogan.png","contentUrl":"https:\/\/bobimarket.pl\/wp-content\/uploads\/2021\/11\/slogan.png","width":2000,"height":384,"caption":"BOBIMARKET.pl"},"image":{"@id":"https:\/\/bobimarket.pl\/#\/schema\/logo\/image\/"}}]}},"_links":{"self":[{"href":"https:\/\/bobimarket.pl\/index.php\/wp-json\/wp\/v2\/product\/97529"}],"collection":[{"href":"https:\/\/bobimarket.pl\/index.php\/wp-json\/wp\/v2\/product"}],"about":[{"href":"https:\/\/bobimarket.pl\/index.php\/wp-json\/wp\/v2\/types\/product"}],"wp:featuredmedia":[{"embeddable":true,"href":"https:\/\/bobimarket.pl\/index.php\/wp-json\/wp\/v2\/media\/97524"}],"wp:attachment":[{"href":"https:\/\/bobimarket.pl\/index.php\/wp-json\/wp\/v2\/media?parent=97529"}],"wp:term":[{"taxonomy":"product_cat","embeddable":true,"href":"https:\/\/bobimarket.pl\/index.php\/wp-json\/wp\/v2\/product_cat?post=97529"},{"taxonomy":"product_tag","embeddable":true,"href":"https:\/\/bobimarket.pl\/index.php\/wp-json\/wp\/v2\/product_tag?post=97529"}],"curies":[{"name":"wp","href":"https:\/\/api.w.org\/{rel}","templated":true}]}}