{"id":97545,"date":"2023-08-30T12:44:14","date_gmt":"2023-08-30T12:44:14","guid":{"rendered":"https:\/\/bobimarket.pl\/index.php\/produkt\/kolce-przeciw-ptakom-golebiom-modulowe-16-el-10-cm\/"},"modified":"2025-02-27T16:37:07","modified_gmt":"2025-02-27T16:37:07","slug":"kolce-przeciw-ptakom-golebiom-modulowe-16-el-10-cm","status":"publish","type":"product","link":"https:\/\/bobimarket.pl\/index.php\/produkt\/kolce-przeciw-ptakom-golebiom-modulowe-16-el-10-cm\/","title":{"rendered":"KOLCE PRZECIW PTAKOM GO\u0141\u0118BIOM MODU\u0141OWE 16 el. 10 cm"},"content":{"rendered":"<section class=\"section\">\n<div class=\"item item-12\">\n<section class=\"text-item\">\n<h2>KOLCE PRZECIW PTAKOM GO\u0141\u0118BIOM MODU\u0141OWE 16 el. 10 cm<\/h2>\n<p><b>Informacje og\u00f3lne:<\/b><\/p>\n<ul>\n<li>D\u0142ugo\u015b\u0107 kolca: <b>10 cm <\/b><\/li>\n<li>D\u0142ugo\u015b\u0107 ca\u0142kowita:<b> 1 m ( z\u0142o\u017cony w linii prostej)<\/b><\/li>\n<li>Ilo\u015b\u0107 element\u00f3w:<b> 16 el. <\/b><\/li>\n<\/ul>\n<\/section><\/div>\n<\/section>\n<section class=\"section\">\n<div class=\"item item-12\">\n<section class=\"image-item\">\n            <img decoding=\"async\" src=\"https:\/\/upload.cdn.baselinker.com\/products\/14476\/fe41fcbda65a1199f27bcac47ae92b36.jpg\" \/><br \/>\n        <\/section>\n<\/p><\/div>\n<\/section>\n<section class=\"section\">\n<div class=\"item item-12\">\n<section class=\"text-item\">\n<h2>Nie tra\u0107 czasu i zapewnij sobie spok\u00f3j z tym prostym, ale niezawodnym rozwi\u0105zaniem!<\/h2>\n<p>Modu\u0142owe kolce odstraszaj\u0105ce ptaki s\u0105 idealnym rozwi\u0105zaniem dla wszystkich, kt\u00f3rzy chc\u0105 chroni\u0107 swoje otoczenie przed uci\u0105\u017cliwymi ptakami. Wykonane kolce s\u0105 nie tylko skuteczne, ale przede wszystkim trwa\u0142e i \u0142atwe w instalacji.Dzi\u0119ki unikalnemu systemowi modu\u0142owemu, te kolce mog\u0105 by\u0107 \u0142atwo dopasowane do dowolnego miejsca, w kt\u00f3rym chcesz zapobiec gniazdowaniu, siedzeniu lub l\u0105dowaniu go\u0142\u0119bi i innych ptak\u00f3w.<\/p>\n<ul>\n<li>Ka\u017cda dowolnie sk\u0142adana sekcja mo\u017ce sk\u0142ada si\u0119 z 16 element\u00f3w, kt\u00f3re zapewniaj\u0105 wystarczaj\u0105cy zasi\u0119g, aby skutecznie odstrasza\u0107 ptaki z wybranego miejsca.<\/li>\n<li>Niezale\u017cnie od tego, czy chodzi o balkon, taras, dach czy inne obszary nara\u017cone na obecno\u015b\u0107 ptak\u00f3w, te kolce zapewni\u0105 skuteczn\u0105 ochron\u0119.<\/li>\n<\/ul>\n<\/section><\/div>\n<\/section>\n<section class=\"section\">\n<div class=\"item item-12\">\n<section class=\"image-item\">\n            <img decoding=\"async\" src=\"https:\/\/upload.cdn.baselinker.com\/products\/14476\/8d501ac8136bc492e6cd4d5e38a0cf76.jpg\" \/><br \/>\n        <\/section>\n<\/p><\/div>\n<\/section>\n<section class=\"section\">\n<div class=\"item item-12\">\n<section class=\"text-item\">\n<p>\u2705 Kolce\u00a0 s\u0105 skutecznym i przede wszystkim prostym rozwi\u0105zaniem. Ich zadaniem jest wyeliminowanie mo\u017cliwo\u015b\u0107 gniazdowania, siadania lub l\u0105dowania ptak\u00f3w na chronionych powierzchniach.<\/p>\n<p>\u2705 Kolce s\u0105 niezwykle proste w monta\u017cu.\u0141atwy monta\u017c. Dzi\u0119ki modu\u0142owemu systemowi, instalacja tych kolec jest szybka i prosta. Mo\u017cesz je zainstalowa\u0107 samodzielnie bez potrzeby dodatkowych narz\u0119dzi.<\/p>\n<p>\u2705 Kolce s\u0105 zaprojektowane tak, aby estetycznie wpasowywa\u0142y si\u0119 w r\u00f3\u017cne otoczenia, nie burz\u0105c wygl\u0105du budynk\u00f3w czy ogrod\u00f3w.<\/p>\n<\/section><\/div>\n<\/section>\n<section class=\"section\">\n<div class=\"item item-12\">\n<section class=\"image-item\">\n            <img decoding=\"async\" src=\"https:\/\/upload.cdn.baselinker.com\/products\/14476\/d4afa4374b1e5f6be989183098475fae.jpg\" \/><br \/>\n        <\/section>\n<\/p><\/div>\n<\/section>\n<section class=\"section\">\n<div class=\"item item-12\">\n<section class=\"text-item\">\n<\/section><\/div>\n<\/section>\n","protected":false},"excerpt":{"rendered":"<p>KOLCE PRZECIW PTAKOM GO\u0141\u0118BIOM MODU\u0141OWE 16 el. 10 cm Informacje og\u00f3lne: D\u0142ugo\u015b\u0107 kolca: 10 cm D\u0142ugo\u015b\u0107 ca\u0142kowita: 1 m ( z\u0142o\u017cony w linii prostej) Ilo\u015b\u0107 element\u00f3w: 16 el. Nie tra\u0107 czasu i zapewnij sobie spok\u00f3j z tym prostym, ale niezawodnym rozwi\u0105zaniem! Modu\u0142owe kolce odstraszaj\u0105ce ptaki s\u0105 idealnym rozwi\u0105zaniem dla wszystkich, kt\u00f3rzy chc\u0105 chroni\u0107 swoje otoczenie<br \/><a class=\"more-link\" href=\"https:\/\/bobimarket.pl\/index.php\/produkt\/kolce-przeciw-ptakom-golebiom-modulowe-16-el-10-cm\/\"><br \/>\n        Czytaj wi\u0119cej<span class=\"screen-reader-text\"> &#8222;KOLCE PRZECIW PTAKOM GO\u0141\u0118BIOM MODU\u0141OWE 16 el. 10 cm&#8221;<\/span><\/a><\/p>\n","protected":false},"featured_media":97540,"template":"","meta":[],"product_cat":[8096],"product_tag":[],"yoast_head":"<!-- This site is optimized with the Yoast SEO plugin v21.0 - https:\/\/yoast.com\/wordpress\/plugins\/seo\/ -->\n<title>KOLCE PRZECIW PTAKOM GO\u0141\u0118BIOM MODU\u0141OWE 16 el. 10 cm - BOBIMARKET.pl - Remontuj i urz\u0105dzaj z nami<\/title>\n<meta name=\"robots\" content=\"index, follow, max-snippet:-1, max-image-preview:large, max-video-preview:-1\" \/>\n<link rel=\"canonical\" href=\"https:\/\/bobimarket.pl\/index.php\/produkt\/kolce-przeciw-ptakom-golebiom-modulowe-16-el-10-cm\/\" \/>\n<meta property=\"og:locale\" content=\"pl_PL\" \/>\n<meta property=\"og:type\" content=\"article\" \/>\n<meta property=\"og:title\" content=\"KOLCE PRZECIW PTAKOM GO\u0141\u0118BIOM MODU\u0141OWE 16 el. 10 cm - BOBIMARKET.pl - Remontuj i urz\u0105dzaj z nami\" \/>\n<meta property=\"og:description\" content=\"KOLCE PRZECIW PTAKOM GO\u0141\u0118BIOM MODU\u0141OWE 16 el. 10 cm Informacje og\u00f3lne: D\u0142ugo\u015b\u0107 kolca: 10 cm D\u0142ugo\u015b\u0107 ca\u0142kowita: 1 m ( z\u0142o\u017cony w linii prostej) Ilo\u015b\u0107 element\u00f3w: 16 el. Nie tra\u0107 czasu i zapewnij sobie spok\u00f3j z tym prostym, ale niezawodnym rozwi\u0105zaniem! Modu\u0142owe kolce odstraszaj\u0105ce ptaki s\u0105 idealnym rozwi\u0105zaniem dla wszystkich, kt\u00f3rzy chc\u0105 chroni\u0107 swoje otoczenie     Czytaj wi\u0119cej &quot;KOLCE PRZECIW PTAKOM GO\u0141\u0118BIOM MODU\u0141OWE 16 el. 10 cm&quot;\" \/>\n<meta property=\"og:url\" content=\"https:\/\/bobimarket.pl\/index.php\/produkt\/kolce-przeciw-ptakom-golebiom-modulowe-16-el-10-cm\/\" \/>\n<meta property=\"og:site_name\" content=\"BOBIMARKET.pl - Remontuj i urz\u0105dzaj z nami\" \/>\n<meta property=\"article:modified_time\" content=\"2025-02-27T16:37:07+00:00\" \/>\n<meta property=\"og:image\" content=\"https:\/\/upload.cdn.baselinker.com\/products\/14476\/fe41fcbda65a1199f27bcac47ae92b36.jpg\" \/>\n<meta name=\"twitter:card\" content=\"summary_large_image\" \/>\n<meta name=\"twitter:label1\" content=\"Szacowany czas czytania\" \/>\n\t<meta name=\"twitter:data1\" content=\"1 minuta\" \/>\n<script type=\"application\/ld+json\" class=\"yoast-schema-graph\">{\"@context\":\"https:\/\/schema.org\",\"@graph\":[{\"@type\":\"WebPage\",\"@id\":\"https:\/\/bobimarket.pl\/index.php\/produkt\/kolce-przeciw-ptakom-golebiom-modulowe-16-el-10-cm\/\",\"url\":\"https:\/\/bobimarket.pl\/index.php\/produkt\/kolce-przeciw-ptakom-golebiom-modulowe-16-el-10-cm\/\",\"name\":\"KOLCE PRZECIW PTAKOM GO\u0141\u0118BIOM MODU\u0141OWE 16 el. 10 cm - BOBIMARKET.pl - Remontuj i urz\u0105dzaj z nami\",\"isPartOf\":{\"@id\":\"https:\/\/bobimarket.pl\/#website\"},\"datePublished\":\"2023-08-30T12:44:14+00:00\",\"dateModified\":\"2025-02-27T16:37:07+00:00\",\"breadcrumb\":{\"@id\":\"https:\/\/bobimarket.pl\/index.php\/produkt\/kolce-przeciw-ptakom-golebiom-modulowe-16-el-10-cm\/#breadcrumb\"},\"inLanguage\":\"pl-PL\",\"potentialAction\":[{\"@type\":\"ReadAction\",\"target\":[\"https:\/\/bobimarket.pl\/index.php\/produkt\/kolce-przeciw-ptakom-golebiom-modulowe-16-el-10-cm\/\"]}]},{\"@type\":\"BreadcrumbList\",\"@id\":\"https:\/\/bobimarket.pl\/index.php\/produkt\/kolce-przeciw-ptakom-golebiom-modulowe-16-el-10-cm\/#breadcrumb\",\"itemListElement\":[{\"@type\":\"ListItem\",\"position\":1,\"name\":\"Strona g\u0142\u00f3wna\",\"item\":\"https:\/\/bobimarket.pl\/\"},{\"@type\":\"ListItem\",\"position\":2,\"name\":\"Sklep\",\"item\":\"https:\/\/bobimarket.pl\/index.php\/shop\/\"},{\"@type\":\"ListItem\",\"position\":3,\"name\":\"KOLCE PRZECIW PTAKOM GO\u0141\u0118BIOM MODU\u0141OWE 16 el. 10 cm\"}]},{\"@type\":\"WebSite\",\"@id\":\"https:\/\/bobimarket.pl\/#website\",\"url\":\"https:\/\/bobimarket.pl\/\",\"name\":\"BOBIMARKET.pl - Remontuj i urz\u0105dzaj z nami\",\"description\":\"Remontuj i urz\u0105dzaj z nami\",\"publisher\":{\"@id\":\"https:\/\/bobimarket.pl\/#organization\"},\"potentialAction\":[{\"@type\":\"SearchAction\",\"target\":{\"@type\":\"EntryPoint\",\"urlTemplate\":\"https:\/\/bobimarket.pl\/?s={search_term_string}\"},\"query-input\":\"required name=search_term_string\"}],\"inLanguage\":\"pl-PL\"},{\"@type\":\"Organization\",\"@id\":\"https:\/\/bobimarket.pl\/#organization\",\"name\":\"BOBIMARKET.pl\",\"url\":\"https:\/\/bobimarket.pl\/\",\"logo\":{\"@type\":\"ImageObject\",\"inLanguage\":\"pl-PL\",\"@id\":\"https:\/\/bobimarket.pl\/#\/schema\/logo\/image\/\",\"url\":\"https:\/\/bobimarket.pl\/wp-content\/uploads\/2021\/11\/slogan.png\",\"contentUrl\":\"https:\/\/bobimarket.pl\/wp-content\/uploads\/2021\/11\/slogan.png\",\"width\":2000,\"height\":384,\"caption\":\"BOBIMARKET.pl\"},\"image\":{\"@id\":\"https:\/\/bobimarket.pl\/#\/schema\/logo\/image\/\"}}]}<\/script>\n<!-- \/ Yoast SEO plugin. -->","yoast_head_json":{"title":"KOLCE PRZECIW PTAKOM GO\u0141\u0118BIOM MODU\u0141OWE 16 el. 10 cm - BOBIMARKET.pl - Remontuj i urz\u0105dzaj z nami","robots":{"index":"index","follow":"follow","max-snippet":"max-snippet:-1","max-image-preview":"max-image-preview:large","max-video-preview":"max-video-preview:-1"},"canonical":"https:\/\/bobimarket.pl\/index.php\/produkt\/kolce-przeciw-ptakom-golebiom-modulowe-16-el-10-cm\/","og_locale":"pl_PL","og_type":"article","og_title":"KOLCE PRZECIW PTAKOM GO\u0141\u0118BIOM MODU\u0141OWE 16 el. 10 cm - BOBIMARKET.pl - Remontuj i urz\u0105dzaj z nami","og_description":"KOLCE PRZECIW PTAKOM GO\u0141\u0118BIOM MODU\u0141OWE 16 el. 10 cm Informacje og\u00f3lne: D\u0142ugo\u015b\u0107 kolca: 10 cm D\u0142ugo\u015b\u0107 ca\u0142kowita: 1 m ( z\u0142o\u017cony w linii prostej) Ilo\u015b\u0107 element\u00f3w: 16 el. Nie tra\u0107 czasu i zapewnij sobie spok\u00f3j z tym prostym, ale niezawodnym rozwi\u0105zaniem! Modu\u0142owe kolce odstraszaj\u0105ce ptaki s\u0105 idealnym rozwi\u0105zaniem dla wszystkich, kt\u00f3rzy chc\u0105 chroni\u0107 swoje otoczenie     Czytaj wi\u0119cej \"KOLCE PRZECIW PTAKOM GO\u0141\u0118BIOM MODU\u0141OWE 16 el. 10 cm\"","og_url":"https:\/\/bobimarket.pl\/index.php\/produkt\/kolce-przeciw-ptakom-golebiom-modulowe-16-el-10-cm\/","og_site_name":"BOBIMARKET.pl - Remontuj i urz\u0105dzaj z nami","article_modified_time":"2025-02-27T16:37:07+00:00","og_image":[{"url":"https:\/\/upload.cdn.baselinker.com\/products\/14476\/fe41fcbda65a1199f27bcac47ae92b36.jpg"}],"twitter_card":"summary_large_image","twitter_misc":{"Szacowany czas czytania":"1 minuta"},"schema":{"@context":"https:\/\/schema.org","@graph":[{"@type":"WebPage","@id":"https:\/\/bobimarket.pl\/index.php\/produkt\/kolce-przeciw-ptakom-golebiom-modulowe-16-el-10-cm\/","url":"https:\/\/bobimarket.pl\/index.php\/produkt\/kolce-przeciw-ptakom-golebiom-modulowe-16-el-10-cm\/","name":"KOLCE PRZECIW PTAKOM GO\u0141\u0118BIOM MODU\u0141OWE 16 el. 10 cm - BOBIMARKET.pl - Remontuj i urz\u0105dzaj z nami","isPartOf":{"@id":"https:\/\/bobimarket.pl\/#website"},"datePublished":"2023-08-30T12:44:14+00:00","dateModified":"2025-02-27T16:37:07+00:00","breadcrumb":{"@id":"https:\/\/bobimarket.pl\/index.php\/produkt\/kolce-przeciw-ptakom-golebiom-modulowe-16-el-10-cm\/#breadcrumb"},"inLanguage":"pl-PL","potentialAction":[{"@type":"ReadAction","target":["https:\/\/bobimarket.pl\/index.php\/produkt\/kolce-przeciw-ptakom-golebiom-modulowe-16-el-10-cm\/"]}]},{"@type":"BreadcrumbList","@id":"https:\/\/bobimarket.pl\/index.php\/produkt\/kolce-przeciw-ptakom-golebiom-modulowe-16-el-10-cm\/#breadcrumb","itemListElement":[{"@type":"ListItem","position":1,"name":"Strona g\u0142\u00f3wna","item":"https:\/\/bobimarket.pl\/"},{"@type":"ListItem","position":2,"name":"Sklep","item":"https:\/\/bobimarket.pl\/index.php\/shop\/"},{"@type":"ListItem","position":3,"name":"KOLCE PRZECIW PTAKOM GO\u0141\u0118BIOM MODU\u0141OWE 16 el. 10 cm"}]},{"@type":"WebSite","@id":"https:\/\/bobimarket.pl\/#website","url":"https:\/\/bobimarket.pl\/","name":"BOBIMARKET.pl - Remontuj i urz\u0105dzaj z nami","description":"Remontuj i urz\u0105dzaj z nami","publisher":{"@id":"https:\/\/bobimarket.pl\/#organization"},"potentialAction":[{"@type":"SearchAction","target":{"@type":"EntryPoint","urlTemplate":"https:\/\/bobimarket.pl\/?s={search_term_string}"},"query-input":"required name=search_term_string"}],"inLanguage":"pl-PL"},{"@type":"Organization","@id":"https:\/\/bobimarket.pl\/#organization","name":"BOBIMARKET.pl","url":"https:\/\/bobimarket.pl\/","logo":{"@type":"ImageObject","inLanguage":"pl-PL","@id":"https:\/\/bobimarket.pl\/#\/schema\/logo\/image\/","url":"https:\/\/bobimarket.pl\/wp-content\/uploads\/2021\/11\/slogan.png","contentUrl":"https:\/\/bobimarket.pl\/wp-content\/uploads\/2021\/11\/slogan.png","width":2000,"height":384,"caption":"BOBIMARKET.pl"},"image":{"@id":"https:\/\/bobimarket.pl\/#\/schema\/logo\/image\/"}}]}},"_links":{"self":[{"href":"https:\/\/bobimarket.pl\/index.php\/wp-json\/wp\/v2\/product\/97545"}],"collection":[{"href":"https:\/\/bobimarket.pl\/index.php\/wp-json\/wp\/v2\/product"}],"about":[{"href":"https:\/\/bobimarket.pl\/index.php\/wp-json\/wp\/v2\/types\/product"}],"wp:featuredmedia":[{"embeddable":true,"href":"https:\/\/bobimarket.pl\/index.php\/wp-json\/wp\/v2\/media\/97540"}],"wp:attachment":[{"href":"https:\/\/bobimarket.pl\/index.php\/wp-json\/wp\/v2\/media?parent=97545"}],"wp:term":[{"taxonomy":"product_cat","embeddable":true,"href":"https:\/\/bobimarket.pl\/index.php\/wp-json\/wp\/v2\/product_cat?post=97545"},{"taxonomy":"product_tag","embeddable":true,"href":"https:\/\/bobimarket.pl\/index.php\/wp-json\/wp\/v2\/product_tag?post=97545"}],"curies":[{"name":"wp","href":"https:\/\/api.w.org\/{rel}","templated":true}]}}