{"id":97560,"date":"2023-08-30T12:46:27","date_gmt":"2023-08-30T12:46:27","guid":{"rendered":"https:\/\/bobimarket.pl\/index.php\/produkt\/wiertlo-do-metalu-tytanowe-hss-tin-40mm-tytan\/"},"modified":"2025-02-27T16:37:23","modified_gmt":"2025-02-27T16:37:23","slug":"wiertlo-do-metalu-tytanowe-hss-tin-40mm-tytan","status":"publish","type":"product","link":"https:\/\/bobimarket.pl\/index.php\/produkt\/wiertlo-do-metalu-tytanowe-hss-tin-40mm-tytan\/","title":{"rendered":"WIERT\u0141O DO METALU TYTANOWE HSS-TIN 4,0mm TYTAN"},"content":{"rendered":"<section class=\"section\">\n<div class=\"item item-6\">\n<section class=\"image-item\">\n            <img decoding=\"async\" src=\"https:\/\/upload.cdn.baselinker.com\/products\/14476\/bb2dcf3c32e9e0b732c818d25228dc3f.jpg\" \/><br \/>\n        <\/section>\n<\/p><\/div>\n<div class=\"item item-6\">\n<section class=\"text-item\">\n<h2>WIERT\u0141O DO METALU TYTANOWE HSS-TIN 4,0mm<\/h2>\n<p>Dane techniczne:\u00a0\u00a0<\/p>\n<ul>\n<li>\u015arednica wiert\u0142a: <b>4,0<\/b>\u00a0<b>mm<\/b><\/li>\n<li>D\u0142ugo\u015b\u0107: <b>75 mm<\/b><\/li>\n<li>Materia\u0142:\u00a0<b>stal szybkotn\u0105ca<\/b><\/li>\n<li>Typ mocowania: <b>uchwyt cylindryczny\u00a0<\/b><\/li>\n<\/ul>\n<\/section><\/div>\n<\/section>\n<section class=\"section\">\n<div class=\"item item-6\">\n<section class=\"image-item\">\n            <img decoding=\"async\" src=\"https:\/\/upload.cdn.baselinker.com\/products\/14476\/0047ea4944e204751db7a6282669d7cb.jpg\" \/><br \/>\n        <\/section>\n<\/p><\/div>\n<div class=\"item item-6\">\n<section class=\"text-item\">\n<p>Wiert\u0142o do metalu spiralne prawoskr\u0119tne o spirali typu N. Wykonane\u00a0ze <b>stali szybkotn\u0105cej. <\/b>K\u0105t wierzcho\u0142ka wynosi 118\u00b0. Wyposa\u017cone w <b>uchwyt cylindryczny<\/b> odpowiadaj\u0105cy \u015brednicy wiert\u0142a.<\/p>\n<ul>\n<li>Powierzchnia wiert\u0142a jest pokryta <b>warstw\u0105 azotku tytanu<\/b>, co wp\u0142ywa na zmniejszenie niebezpiecze\u0144stwo przywierania wi\u00f3r\u00f3w do wiert\u0142a oraz zwi\u0119ksza wydajno\u015b\u0107 wiercenia.<\/li>\n<\/ul>\n<\/section><\/div>\n<\/section>\n<section class=\"section\">\n<div class=\"item item-6\">\n<section class=\"image-item\">\n            <img decoding=\"async\" src=\"https:\/\/upload.cdn.baselinker.com\/products\/14476\/2bf39b2b99bf6e71711906c29c9dd997.jpg\" \/><br \/>\n        <\/section>\n<\/p><\/div>\n<div class=\"item item-6\">\n<section class=\"text-item\">\n<p><b>\u2705\u00a0Zastosowanie:\u00a0<\/b><\/p>\n<p>Wiert\u0142o przeznaczone do obr\u00f3bki stali stopowych i w\u0119glowych o zwi\u0119kszonej twardo\u015bci tj.\u00a0<\/p>\n<ul>\n<li>\u017celiwo ci\u0105gliwe,<\/li>\n<li>spieki \u017celaza,<\/li>\n<li>metale nie\u017celazne<\/li>\n<li>utwardzone tworzywa sztuczne.\u00a0\u00a0<\/li>\n<\/ul>\n<p><b>UWAGA!\u00a0<\/b><\/p>\n<p>W celu poprawy jako\u015bci wykonywanego otworu zaleca si\u0119 stosowa\u0107 razem z ch\u0142odziwem.<\/p>\n<\/section><\/div>\n<\/section>\n<section class=\"section\">\n<div class=\"item item-12\">\n<section class=\"image-item\">\n            <img decoding=\"async\" src=\"https:\/\/upload.cdn.baselinker.com\/products\/14476\/bb2dcf3c32e9e0b732c818d25228dc3f.jpg\" \/><br \/>\n        <\/section>\n<\/p><\/div>\n<\/section>\n","protected":false},"excerpt":{"rendered":"<p>WIERT\u0141O DO METALU TYTANOWE HSS-TIN 4,0mm Dane techniczne:\u00a0\u00a0 \u015arednica wiert\u0142a: 4,0\u00a0mm D\u0142ugo\u015b\u0107: 75 mm Materia\u0142:\u00a0stal szybkotn\u0105ca Typ mocowania: uchwyt cylindryczny\u00a0 Wiert\u0142o do metalu spiralne prawoskr\u0119tne o spirali typu N. Wykonane\u00a0ze stali szybkotn\u0105cej. K\u0105t wierzcho\u0142ka wynosi 118\u00b0. Wyposa\u017cone w uchwyt cylindryczny odpowiadaj\u0105cy \u015brednicy wiert\u0142a. Powierzchnia wiert\u0142a jest pokryta warstw\u0105 azotku tytanu, co wp\u0142ywa na zmniejszenie niebezpiecze\u0144stwo<br \/><a class=\"more-link\" href=\"https:\/\/bobimarket.pl\/index.php\/produkt\/wiertlo-do-metalu-tytanowe-hss-tin-40mm-tytan\/\"><br \/>\n        Czytaj wi\u0119cej<span class=\"screen-reader-text\"> &#8222;WIERT\u0141O DO METALU TYTANOWE HSS-TIN 4,0mm TYTAN&#8221;<\/span><\/a><\/p>\n","protected":false},"featured_media":97556,"template":"","meta":[],"product_cat":[8108],"product_tag":[],"yoast_head":"<!-- This site is optimized with the Yoast SEO plugin v21.0 - https:\/\/yoast.com\/wordpress\/plugins\/seo\/ -->\n<title>WIERT\u0141O DO METALU TYTANOWE HSS-TIN 4,0mm TYTAN - BOBIMARKET.pl - Remontuj i urz\u0105dzaj z nami<\/title>\n<meta name=\"robots\" content=\"index, follow, max-snippet:-1, max-image-preview:large, max-video-preview:-1\" \/>\n<link rel=\"canonical\" href=\"https:\/\/bobimarket.pl\/index.php\/produkt\/wiertlo-do-metalu-tytanowe-hss-tin-40mm-tytan\/\" \/>\n<meta property=\"og:locale\" content=\"pl_PL\" \/>\n<meta property=\"og:type\" content=\"article\" \/>\n<meta property=\"og:title\" content=\"WIERT\u0141O DO METALU TYTANOWE HSS-TIN 4,0mm TYTAN - BOBIMARKET.pl - Remontuj i urz\u0105dzaj z nami\" \/>\n<meta property=\"og:description\" content=\"WIERT\u0141O DO METALU TYTANOWE HSS-TIN 4,0mm Dane techniczne:\u00a0\u00a0 \u015arednica wiert\u0142a: 4,0\u00a0mm D\u0142ugo\u015b\u0107: 75 mm Materia\u0142:\u00a0stal szybkotn\u0105ca Typ mocowania: uchwyt cylindryczny\u00a0 Wiert\u0142o do metalu spiralne prawoskr\u0119tne o spirali typu N. Wykonane\u00a0ze stali szybkotn\u0105cej. K\u0105t wierzcho\u0142ka wynosi 118\u00b0. Wyposa\u017cone w uchwyt cylindryczny odpowiadaj\u0105cy \u015brednicy wiert\u0142a. Powierzchnia wiert\u0142a jest pokryta warstw\u0105 azotku tytanu, co wp\u0142ywa na zmniejszenie niebezpiecze\u0144stwo     Czytaj wi\u0119cej &quot;WIERT\u0141O DO METALU TYTANOWE HSS-TIN 4,0mm TYTAN&quot;\" \/>\n<meta property=\"og:url\" content=\"https:\/\/bobimarket.pl\/index.php\/produkt\/wiertlo-do-metalu-tytanowe-hss-tin-40mm-tytan\/\" \/>\n<meta property=\"og:site_name\" content=\"BOBIMARKET.pl - Remontuj i urz\u0105dzaj z nami\" \/>\n<meta property=\"article:modified_time\" content=\"2025-02-27T16:37:23+00:00\" \/>\n<meta property=\"og:image\" content=\"https:\/\/upload.cdn.baselinker.com\/products\/14476\/bb2dcf3c32e9e0b732c818d25228dc3f.jpg\" \/>\n<meta name=\"twitter:card\" content=\"summary_large_image\" \/>\n<meta name=\"twitter:label1\" content=\"Szacowany czas czytania\" \/>\n\t<meta name=\"twitter:data1\" content=\"1 minuta\" \/>\n<script type=\"application\/ld+json\" class=\"yoast-schema-graph\">{\"@context\":\"https:\/\/schema.org\",\"@graph\":[{\"@type\":\"WebPage\",\"@id\":\"https:\/\/bobimarket.pl\/index.php\/produkt\/wiertlo-do-metalu-tytanowe-hss-tin-40mm-tytan\/\",\"url\":\"https:\/\/bobimarket.pl\/index.php\/produkt\/wiertlo-do-metalu-tytanowe-hss-tin-40mm-tytan\/\",\"name\":\"WIERT\u0141O DO METALU TYTANOWE HSS-TIN 4,0mm TYTAN - BOBIMARKET.pl - Remontuj i urz\u0105dzaj z nami\",\"isPartOf\":{\"@id\":\"https:\/\/bobimarket.pl\/#website\"},\"datePublished\":\"2023-08-30T12:46:27+00:00\",\"dateModified\":\"2025-02-27T16:37:23+00:00\",\"breadcrumb\":{\"@id\":\"https:\/\/bobimarket.pl\/index.php\/produkt\/wiertlo-do-metalu-tytanowe-hss-tin-40mm-tytan\/#breadcrumb\"},\"inLanguage\":\"pl-PL\",\"potentialAction\":[{\"@type\":\"ReadAction\",\"target\":[\"https:\/\/bobimarket.pl\/index.php\/produkt\/wiertlo-do-metalu-tytanowe-hss-tin-40mm-tytan\/\"]}]},{\"@type\":\"BreadcrumbList\",\"@id\":\"https:\/\/bobimarket.pl\/index.php\/produkt\/wiertlo-do-metalu-tytanowe-hss-tin-40mm-tytan\/#breadcrumb\",\"itemListElement\":[{\"@type\":\"ListItem\",\"position\":1,\"name\":\"Strona g\u0142\u00f3wna\",\"item\":\"https:\/\/bobimarket.pl\/\"},{\"@type\":\"ListItem\",\"position\":2,\"name\":\"Sklep\",\"item\":\"https:\/\/bobimarket.pl\/index.php\/shop\/\"},{\"@type\":\"ListItem\",\"position\":3,\"name\":\"WIERT\u0141O DO METALU TYTANOWE HSS-TIN 4,0mm TYTAN\"}]},{\"@type\":\"WebSite\",\"@id\":\"https:\/\/bobimarket.pl\/#website\",\"url\":\"https:\/\/bobimarket.pl\/\",\"name\":\"BOBIMARKET.pl - Remontuj i urz\u0105dzaj z nami\",\"description\":\"Remontuj i urz\u0105dzaj z nami\",\"publisher\":{\"@id\":\"https:\/\/bobimarket.pl\/#organization\"},\"potentialAction\":[{\"@type\":\"SearchAction\",\"target\":{\"@type\":\"EntryPoint\",\"urlTemplate\":\"https:\/\/bobimarket.pl\/?s={search_term_string}\"},\"query-input\":\"required name=search_term_string\"}],\"inLanguage\":\"pl-PL\"},{\"@type\":\"Organization\",\"@id\":\"https:\/\/bobimarket.pl\/#organization\",\"name\":\"BOBIMARKET.pl\",\"url\":\"https:\/\/bobimarket.pl\/\",\"logo\":{\"@type\":\"ImageObject\",\"inLanguage\":\"pl-PL\",\"@id\":\"https:\/\/bobimarket.pl\/#\/schema\/logo\/image\/\",\"url\":\"https:\/\/bobimarket.pl\/wp-content\/uploads\/2021\/11\/slogan.png\",\"contentUrl\":\"https:\/\/bobimarket.pl\/wp-content\/uploads\/2021\/11\/slogan.png\",\"width\":2000,\"height\":384,\"caption\":\"BOBIMARKET.pl\"},\"image\":{\"@id\":\"https:\/\/bobimarket.pl\/#\/schema\/logo\/image\/\"}}]}<\/script>\n<!-- \/ Yoast SEO plugin. -->","yoast_head_json":{"title":"WIERT\u0141O DO METALU TYTANOWE HSS-TIN 4,0mm TYTAN - BOBIMARKET.pl - Remontuj i urz\u0105dzaj z nami","robots":{"index":"index","follow":"follow","max-snippet":"max-snippet:-1","max-image-preview":"max-image-preview:large","max-video-preview":"max-video-preview:-1"},"canonical":"https:\/\/bobimarket.pl\/index.php\/produkt\/wiertlo-do-metalu-tytanowe-hss-tin-40mm-tytan\/","og_locale":"pl_PL","og_type":"article","og_title":"WIERT\u0141O DO METALU TYTANOWE HSS-TIN 4,0mm TYTAN - BOBIMARKET.pl - Remontuj i urz\u0105dzaj z nami","og_description":"WIERT\u0141O DO METALU TYTANOWE HSS-TIN 4,0mm Dane techniczne:\u00a0\u00a0 \u015arednica wiert\u0142a: 4,0\u00a0mm D\u0142ugo\u015b\u0107: 75 mm Materia\u0142:\u00a0stal szybkotn\u0105ca Typ mocowania: uchwyt cylindryczny\u00a0 Wiert\u0142o do metalu spiralne prawoskr\u0119tne o spirali typu N. Wykonane\u00a0ze stali szybkotn\u0105cej. K\u0105t wierzcho\u0142ka wynosi 118\u00b0. Wyposa\u017cone w uchwyt cylindryczny odpowiadaj\u0105cy \u015brednicy wiert\u0142a. Powierzchnia wiert\u0142a jest pokryta warstw\u0105 azotku tytanu, co wp\u0142ywa na zmniejszenie niebezpiecze\u0144stwo     Czytaj wi\u0119cej \"WIERT\u0141O DO METALU TYTANOWE HSS-TIN 4,0mm TYTAN\"","og_url":"https:\/\/bobimarket.pl\/index.php\/produkt\/wiertlo-do-metalu-tytanowe-hss-tin-40mm-tytan\/","og_site_name":"BOBIMARKET.pl - Remontuj i urz\u0105dzaj z nami","article_modified_time":"2025-02-27T16:37:23+00:00","og_image":[{"url":"https:\/\/upload.cdn.baselinker.com\/products\/14476\/bb2dcf3c32e9e0b732c818d25228dc3f.jpg"}],"twitter_card":"summary_large_image","twitter_misc":{"Szacowany czas czytania":"1 minuta"},"schema":{"@context":"https:\/\/schema.org","@graph":[{"@type":"WebPage","@id":"https:\/\/bobimarket.pl\/index.php\/produkt\/wiertlo-do-metalu-tytanowe-hss-tin-40mm-tytan\/","url":"https:\/\/bobimarket.pl\/index.php\/produkt\/wiertlo-do-metalu-tytanowe-hss-tin-40mm-tytan\/","name":"WIERT\u0141O DO METALU TYTANOWE HSS-TIN 4,0mm TYTAN - BOBIMARKET.pl - Remontuj i urz\u0105dzaj z nami","isPartOf":{"@id":"https:\/\/bobimarket.pl\/#website"},"datePublished":"2023-08-30T12:46:27+00:00","dateModified":"2025-02-27T16:37:23+00:00","breadcrumb":{"@id":"https:\/\/bobimarket.pl\/index.php\/produkt\/wiertlo-do-metalu-tytanowe-hss-tin-40mm-tytan\/#breadcrumb"},"inLanguage":"pl-PL","potentialAction":[{"@type":"ReadAction","target":["https:\/\/bobimarket.pl\/index.php\/produkt\/wiertlo-do-metalu-tytanowe-hss-tin-40mm-tytan\/"]}]},{"@type":"BreadcrumbList","@id":"https:\/\/bobimarket.pl\/index.php\/produkt\/wiertlo-do-metalu-tytanowe-hss-tin-40mm-tytan\/#breadcrumb","itemListElement":[{"@type":"ListItem","position":1,"name":"Strona g\u0142\u00f3wna","item":"https:\/\/bobimarket.pl\/"},{"@type":"ListItem","position":2,"name":"Sklep","item":"https:\/\/bobimarket.pl\/index.php\/shop\/"},{"@type":"ListItem","position":3,"name":"WIERT\u0141O DO METALU TYTANOWE HSS-TIN 4,0mm TYTAN"}]},{"@type":"WebSite","@id":"https:\/\/bobimarket.pl\/#website","url":"https:\/\/bobimarket.pl\/","name":"BOBIMARKET.pl - Remontuj i urz\u0105dzaj z nami","description":"Remontuj i urz\u0105dzaj z nami","publisher":{"@id":"https:\/\/bobimarket.pl\/#organization"},"potentialAction":[{"@type":"SearchAction","target":{"@type":"EntryPoint","urlTemplate":"https:\/\/bobimarket.pl\/?s={search_term_string}"},"query-input":"required name=search_term_string"}],"inLanguage":"pl-PL"},{"@type":"Organization","@id":"https:\/\/bobimarket.pl\/#organization","name":"BOBIMARKET.pl","url":"https:\/\/bobimarket.pl\/","logo":{"@type":"ImageObject","inLanguage":"pl-PL","@id":"https:\/\/bobimarket.pl\/#\/schema\/logo\/image\/","url":"https:\/\/bobimarket.pl\/wp-content\/uploads\/2021\/11\/slogan.png","contentUrl":"https:\/\/bobimarket.pl\/wp-content\/uploads\/2021\/11\/slogan.png","width":2000,"height":384,"caption":"BOBIMARKET.pl"},"image":{"@id":"https:\/\/bobimarket.pl\/#\/schema\/logo\/image\/"}}]}},"_links":{"self":[{"href":"https:\/\/bobimarket.pl\/index.php\/wp-json\/wp\/v2\/product\/97560"}],"collection":[{"href":"https:\/\/bobimarket.pl\/index.php\/wp-json\/wp\/v2\/product"}],"about":[{"href":"https:\/\/bobimarket.pl\/index.php\/wp-json\/wp\/v2\/types\/product"}],"wp:featuredmedia":[{"embeddable":true,"href":"https:\/\/bobimarket.pl\/index.php\/wp-json\/wp\/v2\/media\/97556"}],"wp:attachment":[{"href":"https:\/\/bobimarket.pl\/index.php\/wp-json\/wp\/v2\/media?parent=97560"}],"wp:term":[{"taxonomy":"product_cat","embeddable":true,"href":"https:\/\/bobimarket.pl\/index.php\/wp-json\/wp\/v2\/product_cat?post=97560"},{"taxonomy":"product_tag","embeddable":true,"href":"https:\/\/bobimarket.pl\/index.php\/wp-json\/wp\/v2\/product_tag?post=97560"}],"curies":[{"name":"wp","href":"https:\/\/api.w.org\/{rel}","templated":true}]}}