{"id":97569,"date":"2023-08-30T12:46:47","date_gmt":"2023-08-30T12:46:47","guid":{"rendered":"https:\/\/bobimarket.pl\/index.php\/produkt\/latarenka-dekoracyjna-lampion-led-latarnia\/"},"modified":"2025-02-27T16:37:31","modified_gmt":"2025-02-27T16:37:31","slug":"latarenka-dekoracyjna-lampion-led-latarnia","status":"publish","type":"product","link":"https:\/\/bobimarket.pl\/index.php\/produkt\/latarenka-dekoracyjna-lampion-led-latarnia\/","title":{"rendered":"LATARENKA DEKORACYJNA LAMPION LED LATARNIA"},"content":{"rendered":"<section class=\"section\">\n<div class=\"item item-12\">\n<section class=\"text-item\">\n<p><b>LATARENKA DEKORACYJNA LAMPION LED LATARNIA <\/b><\/p>\n<p><b>Informacje og\u00f3lne:<\/b><\/p>\n<ul>\n<li>Wysoko\u015b\u0107: <b>60cm<\/b><\/li>\n<li>Szeroko\u015b\u0107:<b> 19,5cm<\/b><\/li>\n<li>W\u0142\u0105cznik <b>ON\/OFF <\/b>umieszczony na spodzie ozdoby<\/li>\n<li>Kolor \u015bwiecenia &#8211; <b>bia\u0142y ciep\u0142y<\/b><\/li>\n<li>Zasilanie: <b>baterie 2 x AA (nie zawiera)<\/b><\/li>\n<\/ul>\n<\/section><\/div>\n<\/section>\n<section class=\"section\">\n<div class=\"item item-12\">\n<section class=\"image-item\">\n            <img decoding=\"async\" src=\"https:\/\/upload.cdn.baselinker.com\/products\/14476\/3f57ef48f482fbee0e325fcb6925f870.jpg\" \/><br \/>\n        <\/section>\n<\/p><\/div>\n<\/section>\n<section class=\"section\">\n<div class=\"item item-12\">\n<section class=\"text-item\">\n<h2>Stw\u00f3rz magiczn\u0105 atmosfer\u0119 i dodaj wyj\u0105tkowego nastroju do swoich przestrzeni!<\/h2>\n<p>Doskona\u0142a alternatywa do typowego o\u015bwietlenia to ozdobny lampion. Udekoruje ka\u017cde wn\u0119trze i pozwoli na stworzenie klimatycznej przestrzeni w domu. Twoje wn\u0119trze nabierze wyj\u0105tkowego charakteru i zachwyci wszystkich go\u015bci. Naturalne \u015bwiat\u0142o doda uroku, a sama lampa czy za\u015bwiecona czy zgaszona b\u0119dzie stanowi\u0142a element dekoracyjny, kt\u00f3rego nie mo\u017ce zabrakn\u0105\u0107 w salonie czy sypialni.<\/p>\n<p>\u2705 Zapal lampion wtedy, kiedy potrzebujesz! Lampion<b> pi\u0119knie wygl\u0105da<\/b> zar\u00f3wno po zapaleniu jak i gdy nie jest zapalony. Ciep\u0142y blask \u015bwiat\u0142a wydobywaj\u0105cy si\u0119 z lampionu dodaje uroku ka\u017cdemu pomieszczeniu.<\/p>\n<p>\u2705 Lampion nie zajmuje du\u017co miejsca, a jednocze\u015bnie pi\u0119knie si\u0119 prezentuje i stanowi <b>dope\u0142nienie dekoracji. <\/b><b>B\u0119dzie idealnym prezentem<\/b> dla mi\u0142o\u015bnik\u00f3w pi\u0119knych przedmiot\u00f3w. \u0141\u0105czy w sobie klasyk\u0119 i elegancj\u0119. Spodoba si\u0119 zar\u00f3wno osob\u0105 starszym jak i m\u0142odszym.<\/p>\n<\/section><\/div>\n<\/section>\n<section class=\"section\">\n<div class=\"item item-12\">\n<section class=\"image-item\">\n            <img decoding=\"async\" src=\"https:\/\/upload.cdn.baselinker.com\/products\/14476\/218730b64f7213eb54c960a41650f887.jpg\" \/><br \/>\n        <\/section>\n<\/p><\/div>\n<\/section>\n<section class=\"section\">\n<div class=\"item item-12\">\n<section class=\"text-item\">\n<p>\u2705 Niezwykle <b>urokliwe i ciep\u0142e \u015bwiat\u0142o<\/b> lampionu LED b\u0119dzie wyj\u0105tkow\u0105 ozdob\u0105 ka\u017cdego domu. Mo\u017cesz cieszy\u0107 si\u0119 efektem p\u0142omienia bez niebezpiecze\u0144stwa prawdziwego ognia.<\/p>\n<p>\u2705 Lampion LED jest \u0142atwy do obs\u0142ugi. Mo\u017cesz <b>go w\u0142\u0105czy\u0107 lub wy\u0142\u0105czy\u0107 za pomoc\u0105 prze\u0142\u0105cznika<\/b>. Wystarczy umie\u015bci\u0107 go w wybranym miejscu i cieszy\u0107 si\u0119 magicznym efektem p\u0142omienia.<\/p>\n<p>\u2705 Klasyczny i minimalistyczny design, kt\u00f3ry<b> doskonale pasuje do r\u00f3\u017cnych styl\u00f3w wn\u0119trz<\/b> i dekoracji. Dodaj klas\u0119 i styl do swojego ogrodu lub tarasu dzi\u0119ki temu pi\u0119knemu dekoracyjnemu lampionowi.<\/p>\n<\/section><\/div>\n<\/section>\n<section class=\"section\">\n<div class=\"item item-12\">\n<section class=\"image-item\">\n            <img decoding=\"async\" src=\"https:\/\/upload.cdn.baselinker.com\/products\/14476\/23b84914160b595ef0eb8a5cd82c566e.jpg\" \/><br \/>\n        <\/section>\n<\/p><\/div>\n<\/section>\n","protected":false},"excerpt":{"rendered":"<p>LATARENKA DEKORACYJNA LAMPION LED LATARNIA Informacje og\u00f3lne: Wysoko\u015b\u0107: 60cm Szeroko\u015b\u0107: 19,5cm W\u0142\u0105cznik ON\/OFF umieszczony na spodzie ozdoby Kolor \u015bwiecenia &#8211; bia\u0142y ciep\u0142y Zasilanie: baterie 2 x AA (nie zawiera) Stw\u00f3rz magiczn\u0105 atmosfer\u0119 i dodaj wyj\u0105tkowego nastroju do swoich przestrzeni! Doskona\u0142a alternatywa do typowego o\u015bwietlenia to ozdobny lampion. Udekoruje ka\u017cde wn\u0119trze i pozwoli na stworzenie klimatycznej<br \/><a class=\"more-link\" href=\"https:\/\/bobimarket.pl\/index.php\/produkt\/latarenka-dekoracyjna-lampion-led-latarnia\/\"><br \/>\n        Czytaj wi\u0119cej<span class=\"screen-reader-text\"> &#8222;LATARENKA DEKORACYJNA LAMPION LED LATARNIA&#8221;<\/span><\/a><\/p>\n","protected":false},"featured_media":97566,"template":"","meta":[],"product_cat":[8098],"product_tag":[],"yoast_head":"<!-- This site is optimized with the Yoast SEO plugin v21.0 - https:\/\/yoast.com\/wordpress\/plugins\/seo\/ -->\n<title>LATARENKA DEKORACYJNA LAMPION LED LATARNIA - BOBIMARKET.pl - Remontuj i urz\u0105dzaj z nami<\/title>\n<meta name=\"robots\" content=\"index, follow, max-snippet:-1, max-image-preview:large, max-video-preview:-1\" \/>\n<link rel=\"canonical\" href=\"https:\/\/bobimarket.pl\/index.php\/produkt\/latarenka-dekoracyjna-lampion-led-latarnia\/\" \/>\n<meta property=\"og:locale\" content=\"pl_PL\" \/>\n<meta property=\"og:type\" content=\"article\" \/>\n<meta property=\"og:title\" content=\"LATARENKA DEKORACYJNA LAMPION LED LATARNIA - BOBIMARKET.pl - Remontuj i urz\u0105dzaj z nami\" \/>\n<meta property=\"og:description\" content=\"LATARENKA DEKORACYJNA LAMPION LED LATARNIA Informacje og\u00f3lne: Wysoko\u015b\u0107: 60cm Szeroko\u015b\u0107: 19,5cm W\u0142\u0105cznik ON\/OFF umieszczony na spodzie ozdoby Kolor \u015bwiecenia &#8211; bia\u0142y ciep\u0142y Zasilanie: baterie 2 x AA (nie zawiera) Stw\u00f3rz magiczn\u0105 atmosfer\u0119 i dodaj wyj\u0105tkowego nastroju do swoich przestrzeni! Doskona\u0142a alternatywa do typowego o\u015bwietlenia to ozdobny lampion. Udekoruje ka\u017cde wn\u0119trze i pozwoli na stworzenie klimatycznej     Czytaj wi\u0119cej &quot;LATARENKA DEKORACYJNA LAMPION LED LATARNIA&quot;\" \/>\n<meta property=\"og:url\" content=\"https:\/\/bobimarket.pl\/index.php\/produkt\/latarenka-dekoracyjna-lampion-led-latarnia\/\" \/>\n<meta property=\"og:site_name\" content=\"BOBIMARKET.pl - Remontuj i urz\u0105dzaj z nami\" \/>\n<meta property=\"article:modified_time\" content=\"2025-02-27T16:37:31+00:00\" \/>\n<meta property=\"og:image\" content=\"https:\/\/upload.cdn.baselinker.com\/products\/14476\/3f57ef48f482fbee0e325fcb6925f870.jpg\" \/>\n<meta name=\"twitter:card\" content=\"summary_large_image\" \/>\n<meta name=\"twitter:label1\" content=\"Szacowany czas czytania\" \/>\n\t<meta name=\"twitter:data1\" content=\"1 minuta\" \/>\n<script type=\"application\/ld+json\" class=\"yoast-schema-graph\">{\"@context\":\"https:\/\/schema.org\",\"@graph\":[{\"@type\":\"WebPage\",\"@id\":\"https:\/\/bobimarket.pl\/index.php\/produkt\/latarenka-dekoracyjna-lampion-led-latarnia\/\",\"url\":\"https:\/\/bobimarket.pl\/index.php\/produkt\/latarenka-dekoracyjna-lampion-led-latarnia\/\",\"name\":\"LATARENKA DEKORACYJNA LAMPION LED LATARNIA - BOBIMARKET.pl - Remontuj i urz\u0105dzaj z nami\",\"isPartOf\":{\"@id\":\"https:\/\/bobimarket.pl\/#website\"},\"datePublished\":\"2023-08-30T12:46:47+00:00\",\"dateModified\":\"2025-02-27T16:37:31+00:00\",\"breadcrumb\":{\"@id\":\"https:\/\/bobimarket.pl\/index.php\/produkt\/latarenka-dekoracyjna-lampion-led-latarnia\/#breadcrumb\"},\"inLanguage\":\"pl-PL\",\"potentialAction\":[{\"@type\":\"ReadAction\",\"target\":[\"https:\/\/bobimarket.pl\/index.php\/produkt\/latarenka-dekoracyjna-lampion-led-latarnia\/\"]}]},{\"@type\":\"BreadcrumbList\",\"@id\":\"https:\/\/bobimarket.pl\/index.php\/produkt\/latarenka-dekoracyjna-lampion-led-latarnia\/#breadcrumb\",\"itemListElement\":[{\"@type\":\"ListItem\",\"position\":1,\"name\":\"Strona g\u0142\u00f3wna\",\"item\":\"https:\/\/bobimarket.pl\/\"},{\"@type\":\"ListItem\",\"position\":2,\"name\":\"Sklep\",\"item\":\"https:\/\/bobimarket.pl\/index.php\/shop\/\"},{\"@type\":\"ListItem\",\"position\":3,\"name\":\"LATARENKA DEKORACYJNA LAMPION LED LATARNIA\"}]},{\"@type\":\"WebSite\",\"@id\":\"https:\/\/bobimarket.pl\/#website\",\"url\":\"https:\/\/bobimarket.pl\/\",\"name\":\"BOBIMARKET.pl - Remontuj i urz\u0105dzaj z nami\",\"description\":\"Remontuj i urz\u0105dzaj z nami\",\"publisher\":{\"@id\":\"https:\/\/bobimarket.pl\/#organization\"},\"potentialAction\":[{\"@type\":\"SearchAction\",\"target\":{\"@type\":\"EntryPoint\",\"urlTemplate\":\"https:\/\/bobimarket.pl\/?s={search_term_string}\"},\"query-input\":\"required name=search_term_string\"}],\"inLanguage\":\"pl-PL\"},{\"@type\":\"Organization\",\"@id\":\"https:\/\/bobimarket.pl\/#organization\",\"name\":\"BOBIMARKET.pl\",\"url\":\"https:\/\/bobimarket.pl\/\",\"logo\":{\"@type\":\"ImageObject\",\"inLanguage\":\"pl-PL\",\"@id\":\"https:\/\/bobimarket.pl\/#\/schema\/logo\/image\/\",\"url\":\"https:\/\/bobimarket.pl\/wp-content\/uploads\/2021\/11\/slogan.png\",\"contentUrl\":\"https:\/\/bobimarket.pl\/wp-content\/uploads\/2021\/11\/slogan.png\",\"width\":2000,\"height\":384,\"caption\":\"BOBIMARKET.pl\"},\"image\":{\"@id\":\"https:\/\/bobimarket.pl\/#\/schema\/logo\/image\/\"}}]}<\/script>\n<!-- \/ Yoast SEO plugin. -->","yoast_head_json":{"title":"LATARENKA DEKORACYJNA LAMPION LED LATARNIA - BOBIMARKET.pl - Remontuj i urz\u0105dzaj z nami","robots":{"index":"index","follow":"follow","max-snippet":"max-snippet:-1","max-image-preview":"max-image-preview:large","max-video-preview":"max-video-preview:-1"},"canonical":"https:\/\/bobimarket.pl\/index.php\/produkt\/latarenka-dekoracyjna-lampion-led-latarnia\/","og_locale":"pl_PL","og_type":"article","og_title":"LATARENKA DEKORACYJNA LAMPION LED LATARNIA - BOBIMARKET.pl - Remontuj i urz\u0105dzaj z nami","og_description":"LATARENKA DEKORACYJNA LAMPION LED LATARNIA Informacje og\u00f3lne: Wysoko\u015b\u0107: 60cm Szeroko\u015b\u0107: 19,5cm W\u0142\u0105cznik ON\/OFF umieszczony na spodzie ozdoby Kolor \u015bwiecenia &#8211; bia\u0142y ciep\u0142y Zasilanie: baterie 2 x AA (nie zawiera) Stw\u00f3rz magiczn\u0105 atmosfer\u0119 i dodaj wyj\u0105tkowego nastroju do swoich przestrzeni! Doskona\u0142a alternatywa do typowego o\u015bwietlenia to ozdobny lampion. Udekoruje ka\u017cde wn\u0119trze i pozwoli na stworzenie klimatycznej     Czytaj wi\u0119cej \"LATARENKA DEKORACYJNA LAMPION LED LATARNIA\"","og_url":"https:\/\/bobimarket.pl\/index.php\/produkt\/latarenka-dekoracyjna-lampion-led-latarnia\/","og_site_name":"BOBIMARKET.pl - Remontuj i urz\u0105dzaj z nami","article_modified_time":"2025-02-27T16:37:31+00:00","og_image":[{"url":"https:\/\/upload.cdn.baselinker.com\/products\/14476\/3f57ef48f482fbee0e325fcb6925f870.jpg"}],"twitter_card":"summary_large_image","twitter_misc":{"Szacowany czas czytania":"1 minuta"},"schema":{"@context":"https:\/\/schema.org","@graph":[{"@type":"WebPage","@id":"https:\/\/bobimarket.pl\/index.php\/produkt\/latarenka-dekoracyjna-lampion-led-latarnia\/","url":"https:\/\/bobimarket.pl\/index.php\/produkt\/latarenka-dekoracyjna-lampion-led-latarnia\/","name":"LATARENKA DEKORACYJNA LAMPION LED LATARNIA - BOBIMARKET.pl - Remontuj i urz\u0105dzaj z nami","isPartOf":{"@id":"https:\/\/bobimarket.pl\/#website"},"datePublished":"2023-08-30T12:46:47+00:00","dateModified":"2025-02-27T16:37:31+00:00","breadcrumb":{"@id":"https:\/\/bobimarket.pl\/index.php\/produkt\/latarenka-dekoracyjna-lampion-led-latarnia\/#breadcrumb"},"inLanguage":"pl-PL","potentialAction":[{"@type":"ReadAction","target":["https:\/\/bobimarket.pl\/index.php\/produkt\/latarenka-dekoracyjna-lampion-led-latarnia\/"]}]},{"@type":"BreadcrumbList","@id":"https:\/\/bobimarket.pl\/index.php\/produkt\/latarenka-dekoracyjna-lampion-led-latarnia\/#breadcrumb","itemListElement":[{"@type":"ListItem","position":1,"name":"Strona g\u0142\u00f3wna","item":"https:\/\/bobimarket.pl\/"},{"@type":"ListItem","position":2,"name":"Sklep","item":"https:\/\/bobimarket.pl\/index.php\/shop\/"},{"@type":"ListItem","position":3,"name":"LATARENKA DEKORACYJNA LAMPION LED LATARNIA"}]},{"@type":"WebSite","@id":"https:\/\/bobimarket.pl\/#website","url":"https:\/\/bobimarket.pl\/","name":"BOBIMARKET.pl - Remontuj i urz\u0105dzaj z nami","description":"Remontuj i urz\u0105dzaj z nami","publisher":{"@id":"https:\/\/bobimarket.pl\/#organization"},"potentialAction":[{"@type":"SearchAction","target":{"@type":"EntryPoint","urlTemplate":"https:\/\/bobimarket.pl\/?s={search_term_string}"},"query-input":"required name=search_term_string"}],"inLanguage":"pl-PL"},{"@type":"Organization","@id":"https:\/\/bobimarket.pl\/#organization","name":"BOBIMARKET.pl","url":"https:\/\/bobimarket.pl\/","logo":{"@type":"ImageObject","inLanguage":"pl-PL","@id":"https:\/\/bobimarket.pl\/#\/schema\/logo\/image\/","url":"https:\/\/bobimarket.pl\/wp-content\/uploads\/2021\/11\/slogan.png","contentUrl":"https:\/\/bobimarket.pl\/wp-content\/uploads\/2021\/11\/slogan.png","width":2000,"height":384,"caption":"BOBIMARKET.pl"},"image":{"@id":"https:\/\/bobimarket.pl\/#\/schema\/logo\/image\/"}}]}},"_links":{"self":[{"href":"https:\/\/bobimarket.pl\/index.php\/wp-json\/wp\/v2\/product\/97569"}],"collection":[{"href":"https:\/\/bobimarket.pl\/index.php\/wp-json\/wp\/v2\/product"}],"about":[{"href":"https:\/\/bobimarket.pl\/index.php\/wp-json\/wp\/v2\/types\/product"}],"wp:featuredmedia":[{"embeddable":true,"href":"https:\/\/bobimarket.pl\/index.php\/wp-json\/wp\/v2\/media\/97566"}],"wp:attachment":[{"href":"https:\/\/bobimarket.pl\/index.php\/wp-json\/wp\/v2\/media?parent=97569"}],"wp:term":[{"taxonomy":"product_cat","embeddable":true,"href":"https:\/\/bobimarket.pl\/index.php\/wp-json\/wp\/v2\/product_cat?post=97569"},{"taxonomy":"product_tag","embeddable":true,"href":"https:\/\/bobimarket.pl\/index.php\/wp-json\/wp\/v2\/product_tag?post=97569"}],"curies":[{"name":"wp","href":"https:\/\/api.w.org\/{rel}","templated":true}]}}