{"id":97577,"date":"2023-08-30T12:47:07","date_gmt":"2023-08-30T12:47:07","guid":{"rendered":"https:\/\/bobimarket.pl\/index.php\/produkt\/hak-hustawkowy-obejma-z-karabinczykiem-fi80\/"},"modified":"2025-02-27T16:37:39","modified_gmt":"2025-02-27T16:37:39","slug":"hak-hustawkowy-obejma-z-karabinczykiem-fi80","status":"publish","type":"product","link":"https:\/\/bobimarket.pl\/index.php\/produkt\/hak-hustawkowy-obejma-z-karabinczykiem-fi80\/","title":{"rendered":"HAK HU\u015aTAWKOWY OBEJMA Z KARABI\u0143CZYKIEM FI80"},"content":{"rendered":"<section class=\"section\">\n<div class=\"item item-12\">\n<section class=\"text-item\">\n<h2><b>HAK HU\u015aTAWKOWY OBEJMA Z KARABI\u0143CZYKIEM FI80<\/b><\/h2>\n<p><b>Informacje og\u00f3lne:<\/b><\/p>\n<ul>\n<li>\u015arednica: <b>\u00d8 80 mm<\/b><\/li>\n<li>Rodzaj: <b>hak do hu\u015btawki<\/b><\/li>\n<li>Materia\u0142: <b>blacha stalowa, ocynkowana<\/b><\/li>\n<li>Przeznaczenie: do mocowania hu\u015btawki na belce drewnianej i rurce.<\/li>\n<\/ul>\n<\/section><\/div>\n<\/section>\n<section class=\"section\">\n<div class=\"item item-12\">\n<section class=\"image-item\">\n            <img decoding=\"async\" src=\"https:\/\/upload.cdn.baselinker.com\/products\/14476\/2480a55f3fb5d0edf44ad4b7ed5a4367.jpg\" \/><br \/>\n        <\/section>\n<\/p><\/div>\n<\/section>\n<section class=\"section\">\n<div class=\"item item-12\">\n<section class=\"text-item\">\n<h2>Do zamontowania hu\u015btawki potrzebujesz wytrzyma\u0142ego i niezawodnego haka, a obejma b\u0119dzie idealnym rozwi\u0105zanie.<\/h2>\n<p>Solidny hak przeznaczony do zamocowania hu\u015btawki na belkach lub rurce o \u015brednicy 80 mm. Element wykonany z blachy stalowej. Blacha zosta\u0142a dodatkowo ocynkowana, co sprawia, \u017ce ma podwy\u017cszon\u0105 odporno\u015b\u0107 na korozj\u0119 (m.in. wywo\u0142an\u0105 warunkami atmosferycznymi czy wilgoci\u0105). Obejma posiada otwory do przykr\u0119cania oraz karabi\u0144czyk z \u0142o\u017cyskiem.<\/p>\n<ul>\n<li>Proste, szybkie i uniwersalne rozwi\u0105zanie.Obejm\u0119 wystarczy na\u0142o\u017cy\u0107 j\u0105 na belk\u0119 i dokr\u0119ci\u0107. Zamontujesz j\u0105 w prosty spos\u00f3b, samodzielnie przy u\u017cyciu podstawowych narz\u0119dzi.<\/li>\n<\/ul>\n<\/section><\/div>\n<\/section>\n<section class=\"section\">\n<div class=\"item item-12\">\n<section class=\"image-item\">\n            <img decoding=\"async\" src=\"https:\/\/upload.cdn.baselinker.com\/products\/14476\/2480a55f3fb5d0edf44ad4b7ed5a4367.jpg\" \/><br \/>\n        <\/section>\n<\/p><\/div>\n<\/section>\n<section class=\"section\">\n<div class=\"item item-12\">\n<section class=\"text-item\">\n<p>\u2705 Solidne wykonanie i trwa\u0142o\u015b\u0107 gwarantuj\u0105ce bezpiecze\u0144stwo.<\/p>\n<p>\u2705 Obejma dostosowana do belki o \u015brednicy 80 mm &#8211; \u0142atwe i pewne zamocowanie<\/p>\n<p>\u2705 Uniwersalny i klasyczny design pasuj\u0105cy do r\u00f3\u017cnych styl\u00f3w hu\u015btawek.<\/p>\n<\/section><\/div>\n<\/section>\n","protected":false},"excerpt":{"rendered":"<p>HAK HU\u015aTAWKOWY OBEJMA Z KARABI\u0143CZYKIEM FI80 Informacje og\u00f3lne: \u015arednica: \u00d8 80 mm Rodzaj: hak do hu\u015btawki Materia\u0142: blacha stalowa, ocynkowana Przeznaczenie: do mocowania hu\u015btawki na belce drewnianej i rurce. Do zamontowania hu\u015btawki potrzebujesz wytrzyma\u0142ego i niezawodnego haka, a obejma b\u0119dzie idealnym rozwi\u0105zanie. Solidny hak przeznaczony do zamocowania hu\u015btawki na belkach lub rurce o \u015brednicy 80<br \/><a class=\"more-link\" href=\"https:\/\/bobimarket.pl\/index.php\/produkt\/hak-hustawkowy-obejma-z-karabinczykiem-fi80\/\"><br \/>\n        Czytaj wi\u0119cej<span class=\"screen-reader-text\"> &#8222;HAK HU\u015aTAWKOWY OBEJMA Z KARABI\u0143CZYKIEM FI80&#8221;<\/span><\/a><\/p>\n","protected":false},"featured_media":97575,"template":"","meta":[],"product_cat":[8081],"product_tag":[],"yoast_head":"<!-- This site is optimized with the Yoast SEO plugin v21.0 - https:\/\/yoast.com\/wordpress\/plugins\/seo\/ -->\n<title>HAK HU\u015aTAWKOWY OBEJMA Z KARABI\u0143CZYKIEM FI80 - BOBIMARKET.pl - Remontuj i urz\u0105dzaj z nami<\/title>\n<meta name=\"robots\" content=\"index, follow, max-snippet:-1, max-image-preview:large, max-video-preview:-1\" \/>\n<link rel=\"canonical\" href=\"https:\/\/bobimarket.pl\/index.php\/produkt\/hak-hustawkowy-obejma-z-karabinczykiem-fi80\/\" \/>\n<meta property=\"og:locale\" content=\"pl_PL\" \/>\n<meta property=\"og:type\" content=\"article\" \/>\n<meta property=\"og:title\" content=\"HAK HU\u015aTAWKOWY OBEJMA Z KARABI\u0143CZYKIEM FI80 - BOBIMARKET.pl - Remontuj i urz\u0105dzaj z nami\" \/>\n<meta property=\"og:description\" content=\"HAK HU\u015aTAWKOWY OBEJMA Z KARABI\u0143CZYKIEM FI80 Informacje og\u00f3lne: \u015arednica: \u00d8 80 mm Rodzaj: hak do hu\u015btawki Materia\u0142: blacha stalowa, ocynkowana Przeznaczenie: do mocowania hu\u015btawki na belce drewnianej i rurce. Do zamontowania hu\u015btawki potrzebujesz wytrzyma\u0142ego i niezawodnego haka, a obejma b\u0119dzie idealnym rozwi\u0105zanie. Solidny hak przeznaczony do zamocowania hu\u015btawki na belkach lub rurce o \u015brednicy 80     Czytaj wi\u0119cej &quot;HAK HU\u015aTAWKOWY OBEJMA Z KARABI\u0143CZYKIEM FI80&quot;\" \/>\n<meta property=\"og:url\" content=\"https:\/\/bobimarket.pl\/index.php\/produkt\/hak-hustawkowy-obejma-z-karabinczykiem-fi80\/\" \/>\n<meta property=\"og:site_name\" content=\"BOBIMARKET.pl - Remontuj i urz\u0105dzaj z nami\" \/>\n<meta property=\"article:modified_time\" content=\"2025-02-27T16:37:39+00:00\" \/>\n<meta property=\"og:image\" content=\"https:\/\/upload.cdn.baselinker.com\/products\/14476\/2480a55f3fb5d0edf44ad4b7ed5a4367.jpg\" \/>\n<meta name=\"twitter:card\" content=\"summary_large_image\" \/>\n<meta name=\"twitter:label1\" content=\"Szacowany czas czytania\" \/>\n\t<meta name=\"twitter:data1\" content=\"1 minuta\" \/>\n<script type=\"application\/ld+json\" class=\"yoast-schema-graph\">{\"@context\":\"https:\/\/schema.org\",\"@graph\":[{\"@type\":\"WebPage\",\"@id\":\"https:\/\/bobimarket.pl\/index.php\/produkt\/hak-hustawkowy-obejma-z-karabinczykiem-fi80\/\",\"url\":\"https:\/\/bobimarket.pl\/index.php\/produkt\/hak-hustawkowy-obejma-z-karabinczykiem-fi80\/\",\"name\":\"HAK HU\u015aTAWKOWY OBEJMA Z KARABI\u0143CZYKIEM FI80 - BOBIMARKET.pl - Remontuj i urz\u0105dzaj z nami\",\"isPartOf\":{\"@id\":\"https:\/\/bobimarket.pl\/#website\"},\"datePublished\":\"2023-08-30T12:47:07+00:00\",\"dateModified\":\"2025-02-27T16:37:39+00:00\",\"breadcrumb\":{\"@id\":\"https:\/\/bobimarket.pl\/index.php\/produkt\/hak-hustawkowy-obejma-z-karabinczykiem-fi80\/#breadcrumb\"},\"inLanguage\":\"pl-PL\",\"potentialAction\":[{\"@type\":\"ReadAction\",\"target\":[\"https:\/\/bobimarket.pl\/index.php\/produkt\/hak-hustawkowy-obejma-z-karabinczykiem-fi80\/\"]}]},{\"@type\":\"BreadcrumbList\",\"@id\":\"https:\/\/bobimarket.pl\/index.php\/produkt\/hak-hustawkowy-obejma-z-karabinczykiem-fi80\/#breadcrumb\",\"itemListElement\":[{\"@type\":\"ListItem\",\"position\":1,\"name\":\"Strona g\u0142\u00f3wna\",\"item\":\"https:\/\/bobimarket.pl\/\"},{\"@type\":\"ListItem\",\"position\":2,\"name\":\"Sklep\",\"item\":\"https:\/\/bobimarket.pl\/index.php\/shop\/\"},{\"@type\":\"ListItem\",\"position\":3,\"name\":\"HAK HU\u015aTAWKOWY OBEJMA Z KARABI\u0143CZYKIEM FI80\"}]},{\"@type\":\"WebSite\",\"@id\":\"https:\/\/bobimarket.pl\/#website\",\"url\":\"https:\/\/bobimarket.pl\/\",\"name\":\"BOBIMARKET.pl - Remontuj i urz\u0105dzaj z nami\",\"description\":\"Remontuj i urz\u0105dzaj z nami\",\"publisher\":{\"@id\":\"https:\/\/bobimarket.pl\/#organization\"},\"potentialAction\":[{\"@type\":\"SearchAction\",\"target\":{\"@type\":\"EntryPoint\",\"urlTemplate\":\"https:\/\/bobimarket.pl\/?s={search_term_string}\"},\"query-input\":\"required name=search_term_string\"}],\"inLanguage\":\"pl-PL\"},{\"@type\":\"Organization\",\"@id\":\"https:\/\/bobimarket.pl\/#organization\",\"name\":\"BOBIMARKET.pl\",\"url\":\"https:\/\/bobimarket.pl\/\",\"logo\":{\"@type\":\"ImageObject\",\"inLanguage\":\"pl-PL\",\"@id\":\"https:\/\/bobimarket.pl\/#\/schema\/logo\/image\/\",\"url\":\"https:\/\/bobimarket.pl\/wp-content\/uploads\/2021\/11\/slogan.png\",\"contentUrl\":\"https:\/\/bobimarket.pl\/wp-content\/uploads\/2021\/11\/slogan.png\",\"width\":2000,\"height\":384,\"caption\":\"BOBIMARKET.pl\"},\"image\":{\"@id\":\"https:\/\/bobimarket.pl\/#\/schema\/logo\/image\/\"}}]}<\/script>\n<!-- \/ Yoast SEO plugin. -->","yoast_head_json":{"title":"HAK HU\u015aTAWKOWY OBEJMA Z KARABI\u0143CZYKIEM FI80 - BOBIMARKET.pl - Remontuj i urz\u0105dzaj z nami","robots":{"index":"index","follow":"follow","max-snippet":"max-snippet:-1","max-image-preview":"max-image-preview:large","max-video-preview":"max-video-preview:-1"},"canonical":"https:\/\/bobimarket.pl\/index.php\/produkt\/hak-hustawkowy-obejma-z-karabinczykiem-fi80\/","og_locale":"pl_PL","og_type":"article","og_title":"HAK HU\u015aTAWKOWY OBEJMA Z KARABI\u0143CZYKIEM FI80 - BOBIMARKET.pl - Remontuj i urz\u0105dzaj z nami","og_description":"HAK HU\u015aTAWKOWY OBEJMA Z KARABI\u0143CZYKIEM FI80 Informacje og\u00f3lne: \u015arednica: \u00d8 80 mm Rodzaj: hak do hu\u015btawki Materia\u0142: blacha stalowa, ocynkowana Przeznaczenie: do mocowania hu\u015btawki na belce drewnianej i rurce. Do zamontowania hu\u015btawki potrzebujesz wytrzyma\u0142ego i niezawodnego haka, a obejma b\u0119dzie idealnym rozwi\u0105zanie. Solidny hak przeznaczony do zamocowania hu\u015btawki na belkach lub rurce o \u015brednicy 80     Czytaj wi\u0119cej \"HAK HU\u015aTAWKOWY OBEJMA Z KARABI\u0143CZYKIEM FI80\"","og_url":"https:\/\/bobimarket.pl\/index.php\/produkt\/hak-hustawkowy-obejma-z-karabinczykiem-fi80\/","og_site_name":"BOBIMARKET.pl - Remontuj i urz\u0105dzaj z nami","article_modified_time":"2025-02-27T16:37:39+00:00","og_image":[{"url":"https:\/\/upload.cdn.baselinker.com\/products\/14476\/2480a55f3fb5d0edf44ad4b7ed5a4367.jpg"}],"twitter_card":"summary_large_image","twitter_misc":{"Szacowany czas czytania":"1 minuta"},"schema":{"@context":"https:\/\/schema.org","@graph":[{"@type":"WebPage","@id":"https:\/\/bobimarket.pl\/index.php\/produkt\/hak-hustawkowy-obejma-z-karabinczykiem-fi80\/","url":"https:\/\/bobimarket.pl\/index.php\/produkt\/hak-hustawkowy-obejma-z-karabinczykiem-fi80\/","name":"HAK HU\u015aTAWKOWY OBEJMA Z KARABI\u0143CZYKIEM FI80 - BOBIMARKET.pl - Remontuj i urz\u0105dzaj z nami","isPartOf":{"@id":"https:\/\/bobimarket.pl\/#website"},"datePublished":"2023-08-30T12:47:07+00:00","dateModified":"2025-02-27T16:37:39+00:00","breadcrumb":{"@id":"https:\/\/bobimarket.pl\/index.php\/produkt\/hak-hustawkowy-obejma-z-karabinczykiem-fi80\/#breadcrumb"},"inLanguage":"pl-PL","potentialAction":[{"@type":"ReadAction","target":["https:\/\/bobimarket.pl\/index.php\/produkt\/hak-hustawkowy-obejma-z-karabinczykiem-fi80\/"]}]},{"@type":"BreadcrumbList","@id":"https:\/\/bobimarket.pl\/index.php\/produkt\/hak-hustawkowy-obejma-z-karabinczykiem-fi80\/#breadcrumb","itemListElement":[{"@type":"ListItem","position":1,"name":"Strona g\u0142\u00f3wna","item":"https:\/\/bobimarket.pl\/"},{"@type":"ListItem","position":2,"name":"Sklep","item":"https:\/\/bobimarket.pl\/index.php\/shop\/"},{"@type":"ListItem","position":3,"name":"HAK HU\u015aTAWKOWY OBEJMA Z KARABI\u0143CZYKIEM FI80"}]},{"@type":"WebSite","@id":"https:\/\/bobimarket.pl\/#website","url":"https:\/\/bobimarket.pl\/","name":"BOBIMARKET.pl - Remontuj i urz\u0105dzaj z nami","description":"Remontuj i urz\u0105dzaj z nami","publisher":{"@id":"https:\/\/bobimarket.pl\/#organization"},"potentialAction":[{"@type":"SearchAction","target":{"@type":"EntryPoint","urlTemplate":"https:\/\/bobimarket.pl\/?s={search_term_string}"},"query-input":"required name=search_term_string"}],"inLanguage":"pl-PL"},{"@type":"Organization","@id":"https:\/\/bobimarket.pl\/#organization","name":"BOBIMARKET.pl","url":"https:\/\/bobimarket.pl\/","logo":{"@type":"ImageObject","inLanguage":"pl-PL","@id":"https:\/\/bobimarket.pl\/#\/schema\/logo\/image\/","url":"https:\/\/bobimarket.pl\/wp-content\/uploads\/2021\/11\/slogan.png","contentUrl":"https:\/\/bobimarket.pl\/wp-content\/uploads\/2021\/11\/slogan.png","width":2000,"height":384,"caption":"BOBIMARKET.pl"},"image":{"@id":"https:\/\/bobimarket.pl\/#\/schema\/logo\/image\/"}}]}},"_links":{"self":[{"href":"https:\/\/bobimarket.pl\/index.php\/wp-json\/wp\/v2\/product\/97577"}],"collection":[{"href":"https:\/\/bobimarket.pl\/index.php\/wp-json\/wp\/v2\/product"}],"about":[{"href":"https:\/\/bobimarket.pl\/index.php\/wp-json\/wp\/v2\/types\/product"}],"wp:featuredmedia":[{"embeddable":true,"href":"https:\/\/bobimarket.pl\/index.php\/wp-json\/wp\/v2\/media\/97575"}],"wp:attachment":[{"href":"https:\/\/bobimarket.pl\/index.php\/wp-json\/wp\/v2\/media?parent=97577"}],"wp:term":[{"taxonomy":"product_cat","embeddable":true,"href":"https:\/\/bobimarket.pl\/index.php\/wp-json\/wp\/v2\/product_cat?post=97577"},{"taxonomy":"product_tag","embeddable":true,"href":"https:\/\/bobimarket.pl\/index.php\/wp-json\/wp\/v2\/product_tag?post=97577"}],"curies":[{"name":"wp","href":"https:\/\/api.w.org\/{rel}","templated":true}]}}