{"id":97595,"date":"2023-08-30T12:47:58","date_gmt":"2023-08-30T12:47:58","guid":{"rendered":"https:\/\/bobimarket.pl\/index.php\/produkt\/plyn-na-komary-odstraszajacy-do-5h-ochrony-100ml\/"},"modified":"2025-02-27T16:37:53","modified_gmt":"2025-02-27T16:37:53","slug":"plyn-na-komary-odstraszajacy-do-5h-ochrony-100ml","status":"publish","type":"product","link":"https:\/\/bobimarket.pl\/index.php\/produkt\/plyn-na-komary-odstraszajacy-do-5h-ochrony-100ml\/","title":{"rendered":"P\u0141YN NA KOMARY ODSTRASZAJ\u0104CY DO 5H OCHRONY 100ml"},"content":{"rendered":"<section class=\"section\">\n<div class=\"item item-12\">\n<section class=\"text-item\">\n<p>P\u0141YN NA KOMARY ODSTRASZAJ\u0104CY DO 5H OCHRONY 100ml<\/p>\n<p><b>Informacje og\u00f3lne:<\/b><\/p>\n<ul>\n<li>Pojemno\u015b\u0107: <b>100ml<\/b><\/li>\n<li>Przeznaczenie: preparat odstraszaj\u0105cy komary zapewnia ochron\u0119 do 5 godzin od aplikacji<\/li>\n<li>Mo\u017cna stosowa\u0107 u dzieci powy\u017cej 3 roku \u017cycia.<\/li>\n<\/ul>\n<p><b>WA\u017bNE \u2757<\/b> Produkt\u00f3w biob\u00f3jczych nale\u017cy u\u017cywa\u0107 z zachowaniem \u015brodk\u00f3w ostro\u017cno\u015bci. Przed ka\u017cdym u\u017cyciem nale\u017cy przeczyta\u0107 etykiet\u0119 i informacje dotycz\u0105ce produktu.<\/p>\n<\/section><\/div>\n<\/section>\n<section class=\"section\">\n<div class=\"item item-12\">\n<section class=\"image-item\"><img decoding=\"async\" src=\"https:\/\/upload.cdn.baselinker.com\/products\/14476\/a0164313c0cd3839bd9c05654a2b7b7e.jpg\"><\/section>\n<\/p><\/div>\n<\/section>\n<section class=\"section\">\n<div class=\"item item-12\">\n<section class=\"text-item\">\n<h2>Zadbaj o siebie i ochro\u0144 swoje cia\u0142o przed uk\u0105szeniami komar\u00f3w!<\/h2>\n<p><b>Skuteczny spray odstraszaj\u0105cy komary, kt\u00f3ry zapewnia ochron\u0119 do 5 godzin od aplikacji. Zosta\u0142 dodatkowo wzbogacony o 3 naturalne olejki BOTANICZNE:<\/b><\/p>\n<ul>\n<li>mi\u0119towy,<\/li>\n<li>lemongrass<\/li>\n<li>eukaliptusowy,<\/li>\n<\/ul>\n<p>kt\u00f3rych dodatek wzmacnia dzia\u0142anie ochronne preparatu. Mo\u017cna stosowa\u0107 u dzieci powy\u017cej 3 roku \u017cycia.<\/p>\n<ul>\n<li><b>Spos\u00f3b u\u017cycia:<\/b><\/li>\n<\/ul>\n<p>Niewielk\u0105 ilo\u015b\u0107 preparatu nale\u017cy rozpyla\u0107 z odleg\u0142o\u015bci oko\u0142o 20 cm na miejsca nara\u017cone uk\u0105szeniem. Nanosi\u0107 punktowo na odkryte cz\u0119\u015bci cia\u0142a. Na twarz nanosi\u0107 po\u015brednio: nanie\u015b\u0107 preparat na d\u0142o\u0144, a nast\u0119pnie lekko natrze\u0107 sk\u00f3r\u0119, unikaj\u0105c kontaktu z oczami i ustami.<\/p>\n<ul>\n<li>Czynniki takie jak temperatura i wilgotno\u015b\u0107 powietrza oraz potliwo\u015b\u0107 sk\u00f3ry mog\u0105 mie\u0107 wp\u0142yw na skuteczno\u015b\u0107 produktu.<\/li>\n<\/ul>\n<\/section><\/div>\n<\/section>\n<section class=\"section\">\n<div class=\"item item-12\">\n<section class=\"image-item\"><img decoding=\"async\" src=\"https:\/\/upload.cdn.baselinker.com\/products\/14476\/a0164313c0cd3839bd9c05654a2b7b7e.jpg\"><\/section>\n<\/p><\/div>\n<\/section>\n<section class=\"section\">\n<div class=\"item item-12\">\n<section class=\"text-item\">\n<p><b>Sk\u0142adniki:<\/b><\/p>\n<p>Butyloacetyloaminopropionian etylu (ester etylowy kwasu 3-(N-acetylo-N-butylo)aminopropionowego), zawarto\u015b\u0107 10g\/100g. Mieszanina cis-i trans-p-metano-3,8 diolu\/Citrodiol, zawarto\u015b\u0107 0,01g\/100g.<\/p>\n<p><b>\u015arodki ostro\u017cno\u015bci:<\/b><\/p>\n<p>Tylko do u\u017cytku zewn\u0119trznego.Przechowywa\u0107 w suchym i ciemnym miejscu, niedost\u0119pnym dla dzieci, w temperaturze pokojowej.<\/p>\n<\/section><\/div>\n<\/section>\n","protected":false},"excerpt":{"rendered":"<p>P\u0141YN NA KOMARY ODSTRASZAJ\u0104CY DO 5H OCHRONY 100ml Informacje og\u00f3lne: Pojemno\u015b\u0107: 100ml Przeznaczenie: preparat odstraszaj\u0105cy komary zapewnia ochron\u0119 do 5 godzin od aplikacji Mo\u017cna stosowa\u0107 u dzieci powy\u017cej 3 roku \u017cycia. WA\u017bNE \u2757 Produkt\u00f3w biob\u00f3jczych nale\u017cy u\u017cywa\u0107 z zachowaniem \u015brodk\u00f3w ostro\u017cno\u015bci. Przed ka\u017cdym u\u017cyciem nale\u017cy przeczyta\u0107 etykiet\u0119 i informacje dotycz\u0105ce produktu. Zadbaj o siebie i<br \/><a class=\"more-link\" href=\"https:\/\/bobimarket.pl\/index.php\/produkt\/plyn-na-komary-odstraszajacy-do-5h-ochrony-100ml\/\"><br \/>\n        Czytaj wi\u0119cej<span class=\"screen-reader-text\"> &#8222;P\u0141YN NA KOMARY ODSTRASZAJ\u0104CY DO 5H OCHRONY 100ml&#8221;<\/span><\/a><\/p>\n","protected":false},"featured_media":97594,"template":"","meta":[],"product_cat":[8392],"product_tag":[],"yoast_head":"<!-- This site is optimized with the Yoast SEO plugin v21.0 - https:\/\/yoast.com\/wordpress\/plugins\/seo\/ -->\n<title>P\u0141YN NA KOMARY ODSTRASZAJ\u0104CY DO 5H OCHRONY 100ml - BOBIMARKET.pl - Remontuj i urz\u0105dzaj z nami<\/title>\n<meta name=\"robots\" content=\"index, follow, max-snippet:-1, max-image-preview:large, max-video-preview:-1\" \/>\n<link rel=\"canonical\" href=\"https:\/\/bobimarket.pl\/index.php\/produkt\/plyn-na-komary-odstraszajacy-do-5h-ochrony-100ml\/\" \/>\n<meta property=\"og:locale\" content=\"pl_PL\" \/>\n<meta property=\"og:type\" content=\"article\" \/>\n<meta property=\"og:title\" content=\"P\u0141YN NA KOMARY ODSTRASZAJ\u0104CY DO 5H OCHRONY 100ml - BOBIMARKET.pl - Remontuj i urz\u0105dzaj z nami\" \/>\n<meta property=\"og:description\" content=\"P\u0141YN NA KOMARY ODSTRASZAJ\u0104CY DO 5H OCHRONY 100ml Informacje og\u00f3lne: Pojemno\u015b\u0107: 100ml Przeznaczenie: preparat odstraszaj\u0105cy komary zapewnia ochron\u0119 do 5 godzin od aplikacji Mo\u017cna stosowa\u0107 u dzieci powy\u017cej 3 roku \u017cycia. WA\u017bNE \u2757 Produkt\u00f3w biob\u00f3jczych nale\u017cy u\u017cywa\u0107 z zachowaniem \u015brodk\u00f3w ostro\u017cno\u015bci. Przed ka\u017cdym u\u017cyciem nale\u017cy przeczyta\u0107 etykiet\u0119 i informacje dotycz\u0105ce produktu. Zadbaj o siebie i     Czytaj wi\u0119cej &quot;P\u0141YN NA KOMARY ODSTRASZAJ\u0104CY DO 5H OCHRONY 100ml&quot;\" \/>\n<meta property=\"og:url\" content=\"https:\/\/bobimarket.pl\/index.php\/produkt\/plyn-na-komary-odstraszajacy-do-5h-ochrony-100ml\/\" \/>\n<meta property=\"og:site_name\" content=\"BOBIMARKET.pl - Remontuj i urz\u0105dzaj z nami\" \/>\n<meta property=\"article:modified_time\" content=\"2025-02-27T16:37:53+00:00\" \/>\n<meta property=\"og:image\" content=\"https:\/\/upload.cdn.baselinker.com\/products\/14476\/a0164313c0cd3839bd9c05654a2b7b7e.jpg\" \/>\n<meta name=\"twitter:card\" content=\"summary_large_image\" \/>\n<meta name=\"twitter:label1\" content=\"Szacowany czas czytania\" \/>\n\t<meta name=\"twitter:data1\" content=\"1 minuta\" \/>\n<script type=\"application\/ld+json\" class=\"yoast-schema-graph\">{\"@context\":\"https:\/\/schema.org\",\"@graph\":[{\"@type\":\"WebPage\",\"@id\":\"https:\/\/bobimarket.pl\/index.php\/produkt\/plyn-na-komary-odstraszajacy-do-5h-ochrony-100ml\/\",\"url\":\"https:\/\/bobimarket.pl\/index.php\/produkt\/plyn-na-komary-odstraszajacy-do-5h-ochrony-100ml\/\",\"name\":\"P\u0141YN NA KOMARY ODSTRASZAJ\u0104CY DO 5H OCHRONY 100ml - BOBIMARKET.pl - Remontuj i urz\u0105dzaj z nami\",\"isPartOf\":{\"@id\":\"https:\/\/bobimarket.pl\/#website\"},\"datePublished\":\"2023-08-30T12:47:58+00:00\",\"dateModified\":\"2025-02-27T16:37:53+00:00\",\"breadcrumb\":{\"@id\":\"https:\/\/bobimarket.pl\/index.php\/produkt\/plyn-na-komary-odstraszajacy-do-5h-ochrony-100ml\/#breadcrumb\"},\"inLanguage\":\"pl-PL\",\"potentialAction\":[{\"@type\":\"ReadAction\",\"target\":[\"https:\/\/bobimarket.pl\/index.php\/produkt\/plyn-na-komary-odstraszajacy-do-5h-ochrony-100ml\/\"]}]},{\"@type\":\"BreadcrumbList\",\"@id\":\"https:\/\/bobimarket.pl\/index.php\/produkt\/plyn-na-komary-odstraszajacy-do-5h-ochrony-100ml\/#breadcrumb\",\"itemListElement\":[{\"@type\":\"ListItem\",\"position\":1,\"name\":\"Strona g\u0142\u00f3wna\",\"item\":\"https:\/\/bobimarket.pl\/\"},{\"@type\":\"ListItem\",\"position\":2,\"name\":\"Sklep\",\"item\":\"https:\/\/bobimarket.pl\/index.php\/shop\/\"},{\"@type\":\"ListItem\",\"position\":3,\"name\":\"P\u0141YN NA KOMARY ODSTRASZAJ\u0104CY DO 5H OCHRONY 100ml\"}]},{\"@type\":\"WebSite\",\"@id\":\"https:\/\/bobimarket.pl\/#website\",\"url\":\"https:\/\/bobimarket.pl\/\",\"name\":\"BOBIMARKET.pl - Remontuj i urz\u0105dzaj z nami\",\"description\":\"Remontuj i urz\u0105dzaj z nami\",\"publisher\":{\"@id\":\"https:\/\/bobimarket.pl\/#organization\"},\"potentialAction\":[{\"@type\":\"SearchAction\",\"target\":{\"@type\":\"EntryPoint\",\"urlTemplate\":\"https:\/\/bobimarket.pl\/?s={search_term_string}\"},\"query-input\":\"required name=search_term_string\"}],\"inLanguage\":\"pl-PL\"},{\"@type\":\"Organization\",\"@id\":\"https:\/\/bobimarket.pl\/#organization\",\"name\":\"BOBIMARKET.pl\",\"url\":\"https:\/\/bobimarket.pl\/\",\"logo\":{\"@type\":\"ImageObject\",\"inLanguage\":\"pl-PL\",\"@id\":\"https:\/\/bobimarket.pl\/#\/schema\/logo\/image\/\",\"url\":\"https:\/\/bobimarket.pl\/wp-content\/uploads\/2021\/11\/slogan.png\",\"contentUrl\":\"https:\/\/bobimarket.pl\/wp-content\/uploads\/2021\/11\/slogan.png\",\"width\":2000,\"height\":384,\"caption\":\"BOBIMARKET.pl\"},\"image\":{\"@id\":\"https:\/\/bobimarket.pl\/#\/schema\/logo\/image\/\"}}]}<\/script>\n<!-- \/ Yoast SEO plugin. -->","yoast_head_json":{"title":"P\u0141YN NA KOMARY ODSTRASZAJ\u0104CY DO 5H OCHRONY 100ml - BOBIMARKET.pl - Remontuj i urz\u0105dzaj z nami","robots":{"index":"index","follow":"follow","max-snippet":"max-snippet:-1","max-image-preview":"max-image-preview:large","max-video-preview":"max-video-preview:-1"},"canonical":"https:\/\/bobimarket.pl\/index.php\/produkt\/plyn-na-komary-odstraszajacy-do-5h-ochrony-100ml\/","og_locale":"pl_PL","og_type":"article","og_title":"P\u0141YN NA KOMARY ODSTRASZAJ\u0104CY DO 5H OCHRONY 100ml - BOBIMARKET.pl - Remontuj i urz\u0105dzaj z nami","og_description":"P\u0141YN NA KOMARY ODSTRASZAJ\u0104CY DO 5H OCHRONY 100ml Informacje og\u00f3lne: Pojemno\u015b\u0107: 100ml Przeznaczenie: preparat odstraszaj\u0105cy komary zapewnia ochron\u0119 do 5 godzin od aplikacji Mo\u017cna stosowa\u0107 u dzieci powy\u017cej 3 roku \u017cycia. WA\u017bNE \u2757 Produkt\u00f3w biob\u00f3jczych nale\u017cy u\u017cywa\u0107 z zachowaniem \u015brodk\u00f3w ostro\u017cno\u015bci. Przed ka\u017cdym u\u017cyciem nale\u017cy przeczyta\u0107 etykiet\u0119 i informacje dotycz\u0105ce produktu. Zadbaj o siebie i     Czytaj wi\u0119cej \"P\u0141YN NA KOMARY ODSTRASZAJ\u0104CY DO 5H OCHRONY 100ml\"","og_url":"https:\/\/bobimarket.pl\/index.php\/produkt\/plyn-na-komary-odstraszajacy-do-5h-ochrony-100ml\/","og_site_name":"BOBIMARKET.pl - Remontuj i urz\u0105dzaj z nami","article_modified_time":"2025-02-27T16:37:53+00:00","og_image":[{"url":"https:\/\/upload.cdn.baselinker.com\/products\/14476\/a0164313c0cd3839bd9c05654a2b7b7e.jpg"}],"twitter_card":"summary_large_image","twitter_misc":{"Szacowany czas czytania":"1 minuta"},"schema":{"@context":"https:\/\/schema.org","@graph":[{"@type":"WebPage","@id":"https:\/\/bobimarket.pl\/index.php\/produkt\/plyn-na-komary-odstraszajacy-do-5h-ochrony-100ml\/","url":"https:\/\/bobimarket.pl\/index.php\/produkt\/plyn-na-komary-odstraszajacy-do-5h-ochrony-100ml\/","name":"P\u0141YN NA KOMARY ODSTRASZAJ\u0104CY DO 5H OCHRONY 100ml - BOBIMARKET.pl - Remontuj i urz\u0105dzaj z nami","isPartOf":{"@id":"https:\/\/bobimarket.pl\/#website"},"datePublished":"2023-08-30T12:47:58+00:00","dateModified":"2025-02-27T16:37:53+00:00","breadcrumb":{"@id":"https:\/\/bobimarket.pl\/index.php\/produkt\/plyn-na-komary-odstraszajacy-do-5h-ochrony-100ml\/#breadcrumb"},"inLanguage":"pl-PL","potentialAction":[{"@type":"ReadAction","target":["https:\/\/bobimarket.pl\/index.php\/produkt\/plyn-na-komary-odstraszajacy-do-5h-ochrony-100ml\/"]}]},{"@type":"BreadcrumbList","@id":"https:\/\/bobimarket.pl\/index.php\/produkt\/plyn-na-komary-odstraszajacy-do-5h-ochrony-100ml\/#breadcrumb","itemListElement":[{"@type":"ListItem","position":1,"name":"Strona g\u0142\u00f3wna","item":"https:\/\/bobimarket.pl\/"},{"@type":"ListItem","position":2,"name":"Sklep","item":"https:\/\/bobimarket.pl\/index.php\/shop\/"},{"@type":"ListItem","position":3,"name":"P\u0141YN NA KOMARY ODSTRASZAJ\u0104CY DO 5H OCHRONY 100ml"}]},{"@type":"WebSite","@id":"https:\/\/bobimarket.pl\/#website","url":"https:\/\/bobimarket.pl\/","name":"BOBIMARKET.pl - Remontuj i urz\u0105dzaj z nami","description":"Remontuj i urz\u0105dzaj z nami","publisher":{"@id":"https:\/\/bobimarket.pl\/#organization"},"potentialAction":[{"@type":"SearchAction","target":{"@type":"EntryPoint","urlTemplate":"https:\/\/bobimarket.pl\/?s={search_term_string}"},"query-input":"required name=search_term_string"}],"inLanguage":"pl-PL"},{"@type":"Organization","@id":"https:\/\/bobimarket.pl\/#organization","name":"BOBIMARKET.pl","url":"https:\/\/bobimarket.pl\/","logo":{"@type":"ImageObject","inLanguage":"pl-PL","@id":"https:\/\/bobimarket.pl\/#\/schema\/logo\/image\/","url":"https:\/\/bobimarket.pl\/wp-content\/uploads\/2021\/11\/slogan.png","contentUrl":"https:\/\/bobimarket.pl\/wp-content\/uploads\/2021\/11\/slogan.png","width":2000,"height":384,"caption":"BOBIMARKET.pl"},"image":{"@id":"https:\/\/bobimarket.pl\/#\/schema\/logo\/image\/"}}]}},"_links":{"self":[{"href":"https:\/\/bobimarket.pl\/index.php\/wp-json\/wp\/v2\/product\/97595"}],"collection":[{"href":"https:\/\/bobimarket.pl\/index.php\/wp-json\/wp\/v2\/product"}],"about":[{"href":"https:\/\/bobimarket.pl\/index.php\/wp-json\/wp\/v2\/types\/product"}],"wp:featuredmedia":[{"embeddable":true,"href":"https:\/\/bobimarket.pl\/index.php\/wp-json\/wp\/v2\/media\/97594"}],"wp:attachment":[{"href":"https:\/\/bobimarket.pl\/index.php\/wp-json\/wp\/v2\/media?parent=97595"}],"wp:term":[{"taxonomy":"product_cat","embeddable":true,"href":"https:\/\/bobimarket.pl\/index.php\/wp-json\/wp\/v2\/product_cat?post=97595"},{"taxonomy":"product_tag","embeddable":true,"href":"https:\/\/bobimarket.pl\/index.php\/wp-json\/wp\/v2\/product_tag?post=97595"}],"curies":[{"name":"wp","href":"https:\/\/api.w.org\/{rel}","templated":true}]}}