{"id":97599,"date":"2023-08-30T12:48:08","date_gmt":"2023-08-30T12:48:08","guid":{"rendered":"https:\/\/bobimarket.pl\/index.php\/produkt\/klucz-do-skrecania-drutu-zbrojenia-hak-210mm\/"},"modified":"2025-02-27T16:37:57","modified_gmt":"2025-02-27T16:37:57","slug":"klucz-do-skrecania-drutu-zbrojenia-hak-210mm","status":"publish","type":"product","link":"https:\/\/bobimarket.pl\/index.php\/produkt\/klucz-do-skrecania-drutu-zbrojenia-hak-210mm\/","title":{"rendered":"KLUCZ DO SKR\u0118CANIA DRUTU ZBROJENIA HAK 210mm"},"content":{"rendered":"<section class=\"section\">\n<div class=\"item item-12\">\n<section class=\"text-item\">\n<h2>KLUCZ DO SKR\u0118CANIA DRUTU ZBROJENIA HAK 210 mm<\/h2>\n<p><b>Informacje og\u00f3lne:<\/b><\/p>\n<ul>\n<li>Rozmiar:<b> 210 mm<\/b><\/li>\n<li>Przeznaczenie: <b>do skr\u0119cania drutu zbrojeniowego<\/b><\/li>\n<li>Obrotwy, z \u0142o\u017cyskiem<\/li>\n<\/ul>\n<\/section><\/div>\n<\/section>\n<section class=\"section\">\n<div class=\"item item-12\">\n<section class=\"image-item\">\n            <img decoding=\"async\" src=\"https:\/\/upload.cdn.baselinker.com\/products\/14476\/3912eb1484c53cba4501a5079e47e3a8.jpg\" \/><br \/>\n        <\/section>\n<\/p><\/div>\n<\/section>\n<section class=\"section\">\n<div class=\"item item-12\">\n<section class=\"text-item\">\n<p>Klucz do skr\u0119cania dutu wi\u0105za\u0142kowego to niezawodne narz\u0119dzie, kt\u00f3re umo\u017cliwia <b>precyzyjne skr\u0119canie drutu zbrojenia<\/b> w celu zapewnienia wytrzyma\u0142ej i stabilnej konstrukcji. Klucz jest <b>obrotowy, r\u0119koje\u015b\u0107 zosta\u0142a wyposa\u017cona w \u0142o\u017cysko<\/b>, kt\u00f3re ma za zadanie u\u0142atwi\u0107 wykonywanie p\u0142ynniejszy obr\u00f3t\u00f3w.\u00a0<\/p>\n<ul>\n<li>Cechuje go <b>ergonomiczny uchwyt<\/b>, kt\u00f3ry zapewnia komfort i pewny chwyt, nawet podczas d\u0142ugotrwa\u0142ego u\u017cytkowania.<\/li>\n<li>Pozwala na <b>dok\u0142adne i pewne skr\u0119canie drutu<\/b> zbrojenia w celu stworzenia wytrzyma\u0142ych konstrukcji.<\/li>\n<li>Doskona\u0142e narz\u0119dzie do stosowania w warsztatach zbrojarzy, budownictwie oraz w innych dziedzinach wymagaj\u0105cych precyzyjnego skr\u0119cania drutu zbrojenia.<\/li>\n<\/ul>\n<\/section><\/div>\n<\/section>\n<section class=\"section\">\n<div class=\"item item-12\">\n<section class=\"image-item\">\n            <img decoding=\"async\" src=\"https:\/\/upload.cdn.baselinker.com\/products\/14476\/3912eb1484c53cba4501a5079e47e3a8.jpg\" \/><br \/>\n        <\/section>\n<\/p><\/div>\n<\/section>\n<section class=\"section\">\n<div class=\"item item-12\">\n<section class=\"text-item\">\n<p><b>\u2705 Zastosowanie:<\/b><\/p>\n<p>Narz\u0119dzie wykorzystasz<b> do szybkiego i skutecznego skr\u0119cenia drutu wi\u0119za\u0142kowego,<\/b> kt\u00f3ry z kolei pos\u0142u\u017cy do po\u0142\u0105czenia ze sob\u0105 kilka pr\u0119t\u00f3w zbrojeniowych. W uchwycie znajduje si\u0119 \u0142o\u017cysko, kt\u00f3re umo\u017cliwia szybkie obracanie narz\u0119dziem.<\/p>\n<\/section><\/div>\n<\/section>\n<section class=\"section\">\n<div class=\"item item-12\">\n<section class=\"image-item\">\n            <img decoding=\"async\" src=\"https:\/\/upload.cdn.baselinker.com\/products\/14476\/5d40f97fce8eb6e3751e56b1f0036cf9.jpg\" \/><br \/>\n        <\/section>\n<\/p><\/div>\n<\/section>\n<section class=\"section\">\n<div class=\"item item-12\">\n<section class=\"text-item\">\n<h2>Zaoszcz\u0119d\u017a czas i wysi\u0142ek dzi\u0119ki temu przydatnemu narz\u0119dziu, kt\u00f3re jest niezb\u0119dny podczas wszelkich prac budowlanych.<\/h2>\n<\/section><\/div>\n<\/section>\n","protected":false},"excerpt":{"rendered":"<p>KLUCZ DO SKR\u0118CANIA DRUTU ZBROJENIA HAK 210 mm Informacje og\u00f3lne: Rozmiar: 210 mm Przeznaczenie: do skr\u0119cania drutu zbrojeniowego Obrotwy, z \u0142o\u017cyskiem Klucz do skr\u0119cania dutu wi\u0105za\u0142kowego to niezawodne narz\u0119dzie, kt\u00f3re umo\u017cliwia precyzyjne skr\u0119canie drutu zbrojenia w celu zapewnienia wytrzyma\u0142ej i stabilnej konstrukcji. Klucz jest obrotowy, r\u0119koje\u015b\u0107 zosta\u0142a wyposa\u017cona w \u0142o\u017cysko, kt\u00f3re ma za zadanie u\u0142atwi\u0107<br \/><a class=\"more-link\" href=\"https:\/\/bobimarket.pl\/index.php\/produkt\/klucz-do-skrecania-drutu-zbrojenia-hak-210mm\/\"><br \/>\n        Czytaj wi\u0119cej<span class=\"screen-reader-text\"> &#8222;KLUCZ DO SKR\u0118CANIA DRUTU ZBROJENIA HAK 210mm&#8221;<\/span><\/a><\/p>\n","protected":false},"featured_media":97596,"template":"","meta":[],"product_cat":[8142],"product_tag":[],"yoast_head":"<!-- This site is optimized with the Yoast SEO plugin v21.0 - https:\/\/yoast.com\/wordpress\/plugins\/seo\/ -->\n<title>KLUCZ DO SKR\u0118CANIA DRUTU ZBROJENIA HAK 210mm - BOBIMARKET.pl - Remontuj i urz\u0105dzaj z nami<\/title>\n<meta name=\"robots\" content=\"index, follow, max-snippet:-1, max-image-preview:large, max-video-preview:-1\" \/>\n<link rel=\"canonical\" href=\"https:\/\/bobimarket.pl\/index.php\/produkt\/klucz-do-skrecania-drutu-zbrojenia-hak-210mm\/\" \/>\n<meta property=\"og:locale\" content=\"pl_PL\" \/>\n<meta property=\"og:type\" content=\"article\" \/>\n<meta property=\"og:title\" content=\"KLUCZ DO SKR\u0118CANIA DRUTU ZBROJENIA HAK 210mm - BOBIMARKET.pl - Remontuj i urz\u0105dzaj z nami\" \/>\n<meta property=\"og:description\" content=\"KLUCZ DO SKR\u0118CANIA DRUTU ZBROJENIA HAK 210 mm Informacje og\u00f3lne: Rozmiar: 210 mm Przeznaczenie: do skr\u0119cania drutu zbrojeniowego Obrotwy, z \u0142o\u017cyskiem Klucz do skr\u0119cania dutu wi\u0105za\u0142kowego to niezawodne narz\u0119dzie, kt\u00f3re umo\u017cliwia precyzyjne skr\u0119canie drutu zbrojenia w celu zapewnienia wytrzyma\u0142ej i stabilnej konstrukcji. Klucz jest obrotowy, r\u0119koje\u015b\u0107 zosta\u0142a wyposa\u017cona w \u0142o\u017cysko, kt\u00f3re ma za zadanie u\u0142atwi\u0107     Czytaj wi\u0119cej &quot;KLUCZ DO SKR\u0118CANIA DRUTU ZBROJENIA HAK 210mm&quot;\" \/>\n<meta property=\"og:url\" content=\"https:\/\/bobimarket.pl\/index.php\/produkt\/klucz-do-skrecania-drutu-zbrojenia-hak-210mm\/\" \/>\n<meta property=\"og:site_name\" content=\"BOBIMARKET.pl - Remontuj i urz\u0105dzaj z nami\" \/>\n<meta property=\"article:modified_time\" content=\"2025-02-27T16:37:57+00:00\" \/>\n<meta property=\"og:image\" content=\"https:\/\/upload.cdn.baselinker.com\/products\/14476\/3912eb1484c53cba4501a5079e47e3a8.jpg\" \/>\n<meta name=\"twitter:card\" content=\"summary_large_image\" \/>\n<meta name=\"twitter:label1\" content=\"Szacowany czas czytania\" \/>\n\t<meta name=\"twitter:data1\" content=\"1 minuta\" \/>\n<script type=\"application\/ld+json\" class=\"yoast-schema-graph\">{\"@context\":\"https:\/\/schema.org\",\"@graph\":[{\"@type\":\"WebPage\",\"@id\":\"https:\/\/bobimarket.pl\/index.php\/produkt\/klucz-do-skrecania-drutu-zbrojenia-hak-210mm\/\",\"url\":\"https:\/\/bobimarket.pl\/index.php\/produkt\/klucz-do-skrecania-drutu-zbrojenia-hak-210mm\/\",\"name\":\"KLUCZ DO SKR\u0118CANIA DRUTU ZBROJENIA HAK 210mm - BOBIMARKET.pl - Remontuj i urz\u0105dzaj z nami\",\"isPartOf\":{\"@id\":\"https:\/\/bobimarket.pl\/#website\"},\"datePublished\":\"2023-08-30T12:48:08+00:00\",\"dateModified\":\"2025-02-27T16:37:57+00:00\",\"breadcrumb\":{\"@id\":\"https:\/\/bobimarket.pl\/index.php\/produkt\/klucz-do-skrecania-drutu-zbrojenia-hak-210mm\/#breadcrumb\"},\"inLanguage\":\"pl-PL\",\"potentialAction\":[{\"@type\":\"ReadAction\",\"target\":[\"https:\/\/bobimarket.pl\/index.php\/produkt\/klucz-do-skrecania-drutu-zbrojenia-hak-210mm\/\"]}]},{\"@type\":\"BreadcrumbList\",\"@id\":\"https:\/\/bobimarket.pl\/index.php\/produkt\/klucz-do-skrecania-drutu-zbrojenia-hak-210mm\/#breadcrumb\",\"itemListElement\":[{\"@type\":\"ListItem\",\"position\":1,\"name\":\"Strona g\u0142\u00f3wna\",\"item\":\"https:\/\/bobimarket.pl\/\"},{\"@type\":\"ListItem\",\"position\":2,\"name\":\"Sklep\",\"item\":\"https:\/\/bobimarket.pl\/index.php\/shop\/\"},{\"@type\":\"ListItem\",\"position\":3,\"name\":\"KLUCZ DO SKR\u0118CANIA DRUTU ZBROJENIA HAK 210mm\"}]},{\"@type\":\"WebSite\",\"@id\":\"https:\/\/bobimarket.pl\/#website\",\"url\":\"https:\/\/bobimarket.pl\/\",\"name\":\"BOBIMARKET.pl - Remontuj i urz\u0105dzaj z nami\",\"description\":\"Remontuj i urz\u0105dzaj z nami\",\"publisher\":{\"@id\":\"https:\/\/bobimarket.pl\/#organization\"},\"potentialAction\":[{\"@type\":\"SearchAction\",\"target\":{\"@type\":\"EntryPoint\",\"urlTemplate\":\"https:\/\/bobimarket.pl\/?s={search_term_string}\"},\"query-input\":\"required name=search_term_string\"}],\"inLanguage\":\"pl-PL\"},{\"@type\":\"Organization\",\"@id\":\"https:\/\/bobimarket.pl\/#organization\",\"name\":\"BOBIMARKET.pl\",\"url\":\"https:\/\/bobimarket.pl\/\",\"logo\":{\"@type\":\"ImageObject\",\"inLanguage\":\"pl-PL\",\"@id\":\"https:\/\/bobimarket.pl\/#\/schema\/logo\/image\/\",\"url\":\"https:\/\/bobimarket.pl\/wp-content\/uploads\/2021\/11\/slogan.png\",\"contentUrl\":\"https:\/\/bobimarket.pl\/wp-content\/uploads\/2021\/11\/slogan.png\",\"width\":2000,\"height\":384,\"caption\":\"BOBIMARKET.pl\"},\"image\":{\"@id\":\"https:\/\/bobimarket.pl\/#\/schema\/logo\/image\/\"}}]}<\/script>\n<!-- \/ Yoast SEO plugin. -->","yoast_head_json":{"title":"KLUCZ DO SKR\u0118CANIA DRUTU ZBROJENIA HAK 210mm - BOBIMARKET.pl - Remontuj i urz\u0105dzaj z nami","robots":{"index":"index","follow":"follow","max-snippet":"max-snippet:-1","max-image-preview":"max-image-preview:large","max-video-preview":"max-video-preview:-1"},"canonical":"https:\/\/bobimarket.pl\/index.php\/produkt\/klucz-do-skrecania-drutu-zbrojenia-hak-210mm\/","og_locale":"pl_PL","og_type":"article","og_title":"KLUCZ DO SKR\u0118CANIA DRUTU ZBROJENIA HAK 210mm - BOBIMARKET.pl - Remontuj i urz\u0105dzaj z nami","og_description":"KLUCZ DO SKR\u0118CANIA DRUTU ZBROJENIA HAK 210 mm Informacje og\u00f3lne: Rozmiar: 210 mm Przeznaczenie: do skr\u0119cania drutu zbrojeniowego Obrotwy, z \u0142o\u017cyskiem Klucz do skr\u0119cania dutu wi\u0105za\u0142kowego to niezawodne narz\u0119dzie, kt\u00f3re umo\u017cliwia precyzyjne skr\u0119canie drutu zbrojenia w celu zapewnienia wytrzyma\u0142ej i stabilnej konstrukcji. Klucz jest obrotowy, r\u0119koje\u015b\u0107 zosta\u0142a wyposa\u017cona w \u0142o\u017cysko, kt\u00f3re ma za zadanie u\u0142atwi\u0107     Czytaj wi\u0119cej \"KLUCZ DO SKR\u0118CANIA DRUTU ZBROJENIA HAK 210mm\"","og_url":"https:\/\/bobimarket.pl\/index.php\/produkt\/klucz-do-skrecania-drutu-zbrojenia-hak-210mm\/","og_site_name":"BOBIMARKET.pl - Remontuj i urz\u0105dzaj z nami","article_modified_time":"2025-02-27T16:37:57+00:00","og_image":[{"url":"https:\/\/upload.cdn.baselinker.com\/products\/14476\/3912eb1484c53cba4501a5079e47e3a8.jpg"}],"twitter_card":"summary_large_image","twitter_misc":{"Szacowany czas czytania":"1 minuta"},"schema":{"@context":"https:\/\/schema.org","@graph":[{"@type":"WebPage","@id":"https:\/\/bobimarket.pl\/index.php\/produkt\/klucz-do-skrecania-drutu-zbrojenia-hak-210mm\/","url":"https:\/\/bobimarket.pl\/index.php\/produkt\/klucz-do-skrecania-drutu-zbrojenia-hak-210mm\/","name":"KLUCZ DO SKR\u0118CANIA DRUTU ZBROJENIA HAK 210mm - BOBIMARKET.pl - Remontuj i urz\u0105dzaj z nami","isPartOf":{"@id":"https:\/\/bobimarket.pl\/#website"},"datePublished":"2023-08-30T12:48:08+00:00","dateModified":"2025-02-27T16:37:57+00:00","breadcrumb":{"@id":"https:\/\/bobimarket.pl\/index.php\/produkt\/klucz-do-skrecania-drutu-zbrojenia-hak-210mm\/#breadcrumb"},"inLanguage":"pl-PL","potentialAction":[{"@type":"ReadAction","target":["https:\/\/bobimarket.pl\/index.php\/produkt\/klucz-do-skrecania-drutu-zbrojenia-hak-210mm\/"]}]},{"@type":"BreadcrumbList","@id":"https:\/\/bobimarket.pl\/index.php\/produkt\/klucz-do-skrecania-drutu-zbrojenia-hak-210mm\/#breadcrumb","itemListElement":[{"@type":"ListItem","position":1,"name":"Strona g\u0142\u00f3wna","item":"https:\/\/bobimarket.pl\/"},{"@type":"ListItem","position":2,"name":"Sklep","item":"https:\/\/bobimarket.pl\/index.php\/shop\/"},{"@type":"ListItem","position":3,"name":"KLUCZ DO SKR\u0118CANIA DRUTU ZBROJENIA HAK 210mm"}]},{"@type":"WebSite","@id":"https:\/\/bobimarket.pl\/#website","url":"https:\/\/bobimarket.pl\/","name":"BOBIMARKET.pl - Remontuj i urz\u0105dzaj z nami","description":"Remontuj i urz\u0105dzaj z nami","publisher":{"@id":"https:\/\/bobimarket.pl\/#organization"},"potentialAction":[{"@type":"SearchAction","target":{"@type":"EntryPoint","urlTemplate":"https:\/\/bobimarket.pl\/?s={search_term_string}"},"query-input":"required name=search_term_string"}],"inLanguage":"pl-PL"},{"@type":"Organization","@id":"https:\/\/bobimarket.pl\/#organization","name":"BOBIMARKET.pl","url":"https:\/\/bobimarket.pl\/","logo":{"@type":"ImageObject","inLanguage":"pl-PL","@id":"https:\/\/bobimarket.pl\/#\/schema\/logo\/image\/","url":"https:\/\/bobimarket.pl\/wp-content\/uploads\/2021\/11\/slogan.png","contentUrl":"https:\/\/bobimarket.pl\/wp-content\/uploads\/2021\/11\/slogan.png","width":2000,"height":384,"caption":"BOBIMARKET.pl"},"image":{"@id":"https:\/\/bobimarket.pl\/#\/schema\/logo\/image\/"}}]}},"_links":{"self":[{"href":"https:\/\/bobimarket.pl\/index.php\/wp-json\/wp\/v2\/product\/97599"}],"collection":[{"href":"https:\/\/bobimarket.pl\/index.php\/wp-json\/wp\/v2\/product"}],"about":[{"href":"https:\/\/bobimarket.pl\/index.php\/wp-json\/wp\/v2\/types\/product"}],"wp:featuredmedia":[{"embeddable":true,"href":"https:\/\/bobimarket.pl\/index.php\/wp-json\/wp\/v2\/media\/97596"}],"wp:attachment":[{"href":"https:\/\/bobimarket.pl\/index.php\/wp-json\/wp\/v2\/media?parent=97599"}],"wp:term":[{"taxonomy":"product_cat","embeddable":true,"href":"https:\/\/bobimarket.pl\/index.php\/wp-json\/wp\/v2\/product_cat?post=97599"},{"taxonomy":"product_tag","embeddable":true,"href":"https:\/\/bobimarket.pl\/index.php\/wp-json\/wp\/v2\/product_tag?post=97599"}],"curies":[{"name":"wp","href":"https:\/\/api.w.org\/{rel}","templated":true}]}}