{"id":97610,"date":"2023-08-30T12:48:37","date_gmt":"2023-08-30T12:48:37","guid":{"rendered":"https:\/\/bobimarket.pl\/index.php\/produkt\/torba-plazowa-turystyczna-piknikowa-kosz-duza-6l\/"},"modified":"2025-02-27T16:38:05","modified_gmt":"2025-02-27T16:38:05","slug":"torba-plazowa-turystyczna-piknikowa-kosz-duza-6l","status":"publish","type":"product","link":"https:\/\/bobimarket.pl\/index.php\/produkt\/torba-plazowa-turystyczna-piknikowa-kosz-duza-6l\/","title":{"rendered":"TORBA PLA\u017bOWA TURYSTYCZNA PIKNIKOWA KOSZ DU\u017bA 6L"},"content":{"rendered":"<section class=\"section\">\n<div class=\"item item-12\">\n<section class=\"text-item\">\n<h2>TORBA PLA\u017bOWA TURYSTYCZNA PIKNIKOWA KOSZ DU\u017bA 6L<\/h2>\n<p><b>Informacje og\u00f3lne:<\/b><\/p>\n<ul>\n<li>Materia\u0142:<b> tworzywo<\/b><\/li>\n<li>Wymiary:<b> 12 x 31,5 x 29 (h) cm<\/b><\/li>\n<\/ul>\n<p><b>UWAGA! Koszyk wyst\u0119puje w kilku wersjach kolorystycznych. Aktualnie dost\u0119pne kolory: <\/b><\/p>\n<ul>\n<li><b>grafitowy <\/b><\/li>\n<li><b>bia\u0142a<\/b><\/li>\n<\/ul>\n<p>Po dokonaniu zakupu prosimy o informacj\u0119 odno\u015bnie wybranego koloru. W przypadku braku informacji kolor wybierzemy losowo.<\/p>\n<\/section><\/div>\n<\/section>\n<section class=\"section\">\n<div class=\"item item-12\">\n<section class=\"image-item\">\n            <img decoding=\"async\" src=\"https:\/\/upload.cdn.baselinker.com\/products\/14476\/c5f8e5ce072af6af83f31869562a5d82.jpg\" \/><br \/>\n        <\/section>\n<\/p><\/div>\n<\/section>\n<section class=\"section\">\n<div class=\"item item-12\">\n<section class=\"text-item\">\n<h2>Nie wiesz, \u017ce by\u0142 Ci potrzebny, dop\u00f3ki nie zaczniesz go u\u017cywa\u0107!<\/h2>\n<p>Idealny <b>elastyczny koszyk na zakupy<\/b>, kt\u00f3ry u\u0142atwi Twoje \u017cycie. Wielofunkcyjna i praktyczna torba o pojemno\u015bci 6 l sprawdzi si\u0119 podczas codziennych\u00a0 obowi\u0105zk\u00f3w, ale nie tyko. Koszyk jest wykonany z wytrzyma\u0142ego tworzywa sztucznego imituj\u0105cego plecionk\u0119. Minimalistyczny wz\u00f3r sprawi, \u017ce opr\u00f3cz funkcji praktycznej mo\u017ce by\u0107 r\u00f3wnie\u017c elementem dekoracyjnym w kuchni lub \u0142azience.<\/p>\n<ul>\n<li><b>Wielorazowa torba<\/b> z elastycznego materia\u0142u. Wytrzyma\u0142e tworzywo zapewnia d\u0142ugie u\u017cytkowanie i ochron\u0119 \u015brodowiska, ograniczaj\u0105c zu\u017cycie jednorazowych torebek.<\/li>\n<li>Boki torby ozdobione zosta\u0142y wzorem imituj\u0105cym tradycyjny koszyk. Otwory w torbie zapewniaj\u0105 <b>cyrkulacj\u0119 powietrza wewn\u0105trz torby.<\/b><\/li>\n<li>Kosz jest<b> odporny na wilgo\u0107 i \u0142atwy do w utrzymaniu czysto\u015bci<\/b>. Mo\u017cesz \u015bmia\u0142o umy\u0107 go szmatk\u0105 lub pod bie\u017c\u0105c\u0105 wod\u0105 je\u017celi si\u0119 zabrudzi.<\/li>\n<\/ul>\n<\/section><\/div>\n<\/section>\n<section class=\"section\">\n<div class=\"item item-12\">\n<section class=\"image-item\">\n            <img decoding=\"async\" src=\"https:\/\/upload.cdn.baselinker.com\/products\/14476\/932fe8f41c484dd5a1c168d09ec8febc.jpg\" \/><br \/>\n        <\/section>\n<\/p><\/div>\n<\/section>\n<section class=\"section\">\n<div class=\"item item-12\">\n<section class=\"text-item\">\n<p><b>\u2705 <\/b>Torba posiada wygodne uchwyty u\u0142atwiaj\u0105ce przenoszenie. Kiedy jest pusta jest lekka, a po nape\u0142nieniu odpowiednio wyprofilowane mi\u0119kkie uchwyty sprawiaj\u0105, \u017ce t<b>ransport zakup\u00f3w ze sklepu czy tagu staje si\u0119 \u0142atwiejszy i komfortowy.\u00a0<\/b><\/p>\n<p><b>\u2705 U\u0142atwi zorganizowanie wypadu na pla\u017c\u0119.<\/b> Z \u0142atwo\u015bci\u0105 zmie\u015bcisz do niej pla\u017cowe akcesoria tj. zabawki dla dziec, r\u0119cznik, krem lub przek\u0105ski. Je\u017celi do wewn\u0105trz dostanie si\u0119 piasek torb\u0119 z \u0142atwo\u015bci\u0105 umyjesz.<\/p>\n<p><b>\u2705\u00a0 <\/b>Kosz przyda si\u0119 r\u00f3wnie\u017c w domu. Mo\u017ce s\u0142u\u017cy\u0107 <b>jako element dekoracyjny<\/b>, kt\u00f3ry ma praktyczne zastosowanie. Tylko od Ciebie zale\u017cy jak do wykorzystasz, mo\u017cliwo\u015bci jest wiele.<\/p>\n<\/section><\/div>\n<\/section>\n<section class=\"section\">\n<div class=\"item item-12\">\n<section class=\"image-item\">\n            <img decoding=\"async\" src=\"https:\/\/upload.cdn.baselinker.com\/products\/14476\/ec12dc77da8c4f0e2ef02b804db94cd8.jpg\" \/><br \/>\n        <\/section>\n<\/p><\/div>\n<\/section>\n<section class=\"section\">\n<div class=\"item item-12\">\n<section class=\"text-item\">\n<h2>Jeden torba, a wiele zalet!<\/h2>\n<p><b>\u2705 Starannie wykonana z dba\u0142o\u015bci\u0105 o szczeg\u00f3\u0142y.<\/b><\/p>\n<ul>\n<li>Minimalistyczny i estetyczny design sprawia, \u017ce torba nie tylko spe\u0142nia swoje zadanie, ale jednocze\u015bnie \u0142adnie si\u0119 prezentuje i b\u0119dzie pasowa\u0107 do wielu rodzaj\u00f3w wn\u0119trz.<\/li>\n<\/ul>\n<p><b>\u2705 Jej praktyczne zastosowanie i wielofunkcyjny sprawia, \u017ce produkt b\u0119dzie idealny dla ka\u017cdego.<\/b><\/p>\n<ul>\n<li>Sprawdzi si\u0119 do przechowywania r\u00f3\u017cnego rodzaju przedmiot\u00f3w, przenoszenia zakup\u00f3w ze sklepu do domu. Dodatkowo mo\u017ce zosta\u0107 wykorzystana jako idealna torba pla\u017cowa czy podczas wypad\u00f3w\u00a0 na dzia\u0142k\u0119 lub piknik.<\/li>\n<\/ul>\n<\/section><\/div>\n<\/section>\n","protected":false},"excerpt":{"rendered":"<p>TORBA PLA\u017bOWA TURYSTYCZNA PIKNIKOWA KOSZ DU\u017bA 6L Informacje og\u00f3lne: Materia\u0142: tworzywo Wymiary: 12 x 31,5 x 29 (h) cm UWAGA! Koszyk wyst\u0119puje w kilku wersjach kolorystycznych. Aktualnie dost\u0119pne kolory: grafitowy bia\u0142a Po dokonaniu zakupu prosimy o informacj\u0119 odno\u015bnie wybranego koloru. W przypadku braku informacji kolor wybierzemy losowo. Nie wiesz, \u017ce by\u0142 Ci potrzebny, dop\u00f3ki nie<br \/><a class=\"more-link\" href=\"https:\/\/bobimarket.pl\/index.php\/produkt\/torba-plazowa-turystyczna-piknikowa-kosz-duza-6l\/\"><br \/>\n        Czytaj wi\u0119cej<span class=\"screen-reader-text\"> &#8222;TORBA PLA\u017bOWA TURYSTYCZNA PIKNIKOWA KOSZ DU\u017bA 6L&#8221;<\/span><\/a><\/p>\n","protected":false},"featured_media":97605,"template":"","meta":[],"product_cat":[8106],"product_tag":[],"yoast_head":"<!-- This site is optimized with the Yoast SEO plugin v21.0 - https:\/\/yoast.com\/wordpress\/plugins\/seo\/ -->\n<title>TORBA PLA\u017bOWA TURYSTYCZNA PIKNIKOWA KOSZ DU\u017bA 6L - BOBIMARKET.pl - Remontuj i urz\u0105dzaj z nami<\/title>\n<meta name=\"robots\" content=\"index, follow, max-snippet:-1, max-image-preview:large, max-video-preview:-1\" \/>\n<link rel=\"canonical\" href=\"https:\/\/bobimarket.pl\/index.php\/produkt\/torba-plazowa-turystyczna-piknikowa-kosz-duza-6l\/\" \/>\n<meta property=\"og:locale\" content=\"pl_PL\" \/>\n<meta property=\"og:type\" content=\"article\" \/>\n<meta property=\"og:title\" content=\"TORBA PLA\u017bOWA TURYSTYCZNA PIKNIKOWA KOSZ DU\u017bA 6L - BOBIMARKET.pl - Remontuj i urz\u0105dzaj z nami\" \/>\n<meta property=\"og:description\" content=\"TORBA PLA\u017bOWA TURYSTYCZNA PIKNIKOWA KOSZ DU\u017bA 6L Informacje og\u00f3lne: Materia\u0142: tworzywo Wymiary: 12 x 31,5 x 29 (h) cm UWAGA! Koszyk wyst\u0119puje w kilku wersjach kolorystycznych. Aktualnie dost\u0119pne kolory: grafitowy bia\u0142a Po dokonaniu zakupu prosimy o informacj\u0119 odno\u015bnie wybranego koloru. W przypadku braku informacji kolor wybierzemy losowo. Nie wiesz, \u017ce by\u0142 Ci potrzebny, dop\u00f3ki nie     Czytaj wi\u0119cej &quot;TORBA PLA\u017bOWA TURYSTYCZNA PIKNIKOWA KOSZ DU\u017bA 6L&quot;\" \/>\n<meta property=\"og:url\" content=\"https:\/\/bobimarket.pl\/index.php\/produkt\/torba-plazowa-turystyczna-piknikowa-kosz-duza-6l\/\" \/>\n<meta property=\"og:site_name\" content=\"BOBIMARKET.pl - Remontuj i urz\u0105dzaj z nami\" \/>\n<meta property=\"article:modified_time\" content=\"2025-02-27T16:38:05+00:00\" \/>\n<meta property=\"og:image\" content=\"https:\/\/upload.cdn.baselinker.com\/products\/14476\/c5f8e5ce072af6af83f31869562a5d82.jpg\" \/>\n<meta name=\"twitter:card\" content=\"summary_large_image\" \/>\n<meta name=\"twitter:label1\" content=\"Szacowany czas czytania\" \/>\n\t<meta name=\"twitter:data1\" content=\"2 minuty\" \/>\n<script type=\"application\/ld+json\" class=\"yoast-schema-graph\">{\"@context\":\"https:\/\/schema.org\",\"@graph\":[{\"@type\":\"WebPage\",\"@id\":\"https:\/\/bobimarket.pl\/index.php\/produkt\/torba-plazowa-turystyczna-piknikowa-kosz-duza-6l\/\",\"url\":\"https:\/\/bobimarket.pl\/index.php\/produkt\/torba-plazowa-turystyczna-piknikowa-kosz-duza-6l\/\",\"name\":\"TORBA PLA\u017bOWA TURYSTYCZNA PIKNIKOWA KOSZ DU\u017bA 6L - BOBIMARKET.pl - Remontuj i urz\u0105dzaj z nami\",\"isPartOf\":{\"@id\":\"https:\/\/bobimarket.pl\/#website\"},\"datePublished\":\"2023-08-30T12:48:37+00:00\",\"dateModified\":\"2025-02-27T16:38:05+00:00\",\"breadcrumb\":{\"@id\":\"https:\/\/bobimarket.pl\/index.php\/produkt\/torba-plazowa-turystyczna-piknikowa-kosz-duza-6l\/#breadcrumb\"},\"inLanguage\":\"pl-PL\",\"potentialAction\":[{\"@type\":\"ReadAction\",\"target\":[\"https:\/\/bobimarket.pl\/index.php\/produkt\/torba-plazowa-turystyczna-piknikowa-kosz-duza-6l\/\"]}]},{\"@type\":\"BreadcrumbList\",\"@id\":\"https:\/\/bobimarket.pl\/index.php\/produkt\/torba-plazowa-turystyczna-piknikowa-kosz-duza-6l\/#breadcrumb\",\"itemListElement\":[{\"@type\":\"ListItem\",\"position\":1,\"name\":\"Strona g\u0142\u00f3wna\",\"item\":\"https:\/\/bobimarket.pl\/\"},{\"@type\":\"ListItem\",\"position\":2,\"name\":\"Sklep\",\"item\":\"https:\/\/bobimarket.pl\/index.php\/shop\/\"},{\"@type\":\"ListItem\",\"position\":3,\"name\":\"TORBA PLA\u017bOWA TURYSTYCZNA PIKNIKOWA KOSZ DU\u017bA 6L\"}]},{\"@type\":\"WebSite\",\"@id\":\"https:\/\/bobimarket.pl\/#website\",\"url\":\"https:\/\/bobimarket.pl\/\",\"name\":\"BOBIMARKET.pl - Remontuj i urz\u0105dzaj z nami\",\"description\":\"Remontuj i urz\u0105dzaj z nami\",\"publisher\":{\"@id\":\"https:\/\/bobimarket.pl\/#organization\"},\"potentialAction\":[{\"@type\":\"SearchAction\",\"target\":{\"@type\":\"EntryPoint\",\"urlTemplate\":\"https:\/\/bobimarket.pl\/?s={search_term_string}\"},\"query-input\":\"required name=search_term_string\"}],\"inLanguage\":\"pl-PL\"},{\"@type\":\"Organization\",\"@id\":\"https:\/\/bobimarket.pl\/#organization\",\"name\":\"BOBIMARKET.pl\",\"url\":\"https:\/\/bobimarket.pl\/\",\"logo\":{\"@type\":\"ImageObject\",\"inLanguage\":\"pl-PL\",\"@id\":\"https:\/\/bobimarket.pl\/#\/schema\/logo\/image\/\",\"url\":\"https:\/\/bobimarket.pl\/wp-content\/uploads\/2021\/11\/slogan.png\",\"contentUrl\":\"https:\/\/bobimarket.pl\/wp-content\/uploads\/2021\/11\/slogan.png\",\"width\":2000,\"height\":384,\"caption\":\"BOBIMARKET.pl\"},\"image\":{\"@id\":\"https:\/\/bobimarket.pl\/#\/schema\/logo\/image\/\"}}]}<\/script>\n<!-- \/ Yoast SEO plugin. -->","yoast_head_json":{"title":"TORBA PLA\u017bOWA TURYSTYCZNA PIKNIKOWA KOSZ DU\u017bA 6L - BOBIMARKET.pl - Remontuj i urz\u0105dzaj z nami","robots":{"index":"index","follow":"follow","max-snippet":"max-snippet:-1","max-image-preview":"max-image-preview:large","max-video-preview":"max-video-preview:-1"},"canonical":"https:\/\/bobimarket.pl\/index.php\/produkt\/torba-plazowa-turystyczna-piknikowa-kosz-duza-6l\/","og_locale":"pl_PL","og_type":"article","og_title":"TORBA PLA\u017bOWA TURYSTYCZNA PIKNIKOWA KOSZ DU\u017bA 6L - BOBIMARKET.pl - Remontuj i urz\u0105dzaj z nami","og_description":"TORBA PLA\u017bOWA TURYSTYCZNA PIKNIKOWA KOSZ DU\u017bA 6L Informacje og\u00f3lne: Materia\u0142: tworzywo Wymiary: 12 x 31,5 x 29 (h) cm UWAGA! Koszyk wyst\u0119puje w kilku wersjach kolorystycznych. Aktualnie dost\u0119pne kolory: grafitowy bia\u0142a Po dokonaniu zakupu prosimy o informacj\u0119 odno\u015bnie wybranego koloru. W przypadku braku informacji kolor wybierzemy losowo. Nie wiesz, \u017ce by\u0142 Ci potrzebny, dop\u00f3ki nie     Czytaj wi\u0119cej \"TORBA PLA\u017bOWA TURYSTYCZNA PIKNIKOWA KOSZ DU\u017bA 6L\"","og_url":"https:\/\/bobimarket.pl\/index.php\/produkt\/torba-plazowa-turystyczna-piknikowa-kosz-duza-6l\/","og_site_name":"BOBIMARKET.pl - Remontuj i urz\u0105dzaj z nami","article_modified_time":"2025-02-27T16:38:05+00:00","og_image":[{"url":"https:\/\/upload.cdn.baselinker.com\/products\/14476\/c5f8e5ce072af6af83f31869562a5d82.jpg"}],"twitter_card":"summary_large_image","twitter_misc":{"Szacowany czas czytania":"2 minuty"},"schema":{"@context":"https:\/\/schema.org","@graph":[{"@type":"WebPage","@id":"https:\/\/bobimarket.pl\/index.php\/produkt\/torba-plazowa-turystyczna-piknikowa-kosz-duza-6l\/","url":"https:\/\/bobimarket.pl\/index.php\/produkt\/torba-plazowa-turystyczna-piknikowa-kosz-duza-6l\/","name":"TORBA PLA\u017bOWA TURYSTYCZNA PIKNIKOWA KOSZ DU\u017bA 6L - BOBIMARKET.pl - Remontuj i urz\u0105dzaj z nami","isPartOf":{"@id":"https:\/\/bobimarket.pl\/#website"},"datePublished":"2023-08-30T12:48:37+00:00","dateModified":"2025-02-27T16:38:05+00:00","breadcrumb":{"@id":"https:\/\/bobimarket.pl\/index.php\/produkt\/torba-plazowa-turystyczna-piknikowa-kosz-duza-6l\/#breadcrumb"},"inLanguage":"pl-PL","potentialAction":[{"@type":"ReadAction","target":["https:\/\/bobimarket.pl\/index.php\/produkt\/torba-plazowa-turystyczna-piknikowa-kosz-duza-6l\/"]}]},{"@type":"BreadcrumbList","@id":"https:\/\/bobimarket.pl\/index.php\/produkt\/torba-plazowa-turystyczna-piknikowa-kosz-duza-6l\/#breadcrumb","itemListElement":[{"@type":"ListItem","position":1,"name":"Strona g\u0142\u00f3wna","item":"https:\/\/bobimarket.pl\/"},{"@type":"ListItem","position":2,"name":"Sklep","item":"https:\/\/bobimarket.pl\/index.php\/shop\/"},{"@type":"ListItem","position":3,"name":"TORBA PLA\u017bOWA TURYSTYCZNA PIKNIKOWA KOSZ DU\u017bA 6L"}]},{"@type":"WebSite","@id":"https:\/\/bobimarket.pl\/#website","url":"https:\/\/bobimarket.pl\/","name":"BOBIMARKET.pl - Remontuj i urz\u0105dzaj z nami","description":"Remontuj i urz\u0105dzaj z nami","publisher":{"@id":"https:\/\/bobimarket.pl\/#organization"},"potentialAction":[{"@type":"SearchAction","target":{"@type":"EntryPoint","urlTemplate":"https:\/\/bobimarket.pl\/?s={search_term_string}"},"query-input":"required name=search_term_string"}],"inLanguage":"pl-PL"},{"@type":"Organization","@id":"https:\/\/bobimarket.pl\/#organization","name":"BOBIMARKET.pl","url":"https:\/\/bobimarket.pl\/","logo":{"@type":"ImageObject","inLanguage":"pl-PL","@id":"https:\/\/bobimarket.pl\/#\/schema\/logo\/image\/","url":"https:\/\/bobimarket.pl\/wp-content\/uploads\/2021\/11\/slogan.png","contentUrl":"https:\/\/bobimarket.pl\/wp-content\/uploads\/2021\/11\/slogan.png","width":2000,"height":384,"caption":"BOBIMARKET.pl"},"image":{"@id":"https:\/\/bobimarket.pl\/#\/schema\/logo\/image\/"}}]}},"_links":{"self":[{"href":"https:\/\/bobimarket.pl\/index.php\/wp-json\/wp\/v2\/product\/97610"}],"collection":[{"href":"https:\/\/bobimarket.pl\/index.php\/wp-json\/wp\/v2\/product"}],"about":[{"href":"https:\/\/bobimarket.pl\/index.php\/wp-json\/wp\/v2\/types\/product"}],"wp:featuredmedia":[{"embeddable":true,"href":"https:\/\/bobimarket.pl\/index.php\/wp-json\/wp\/v2\/media\/97605"}],"wp:attachment":[{"href":"https:\/\/bobimarket.pl\/index.php\/wp-json\/wp\/v2\/media?parent=97610"}],"wp:term":[{"taxonomy":"product_cat","embeddable":true,"href":"https:\/\/bobimarket.pl\/index.php\/wp-json\/wp\/v2\/product_cat?post=97610"},{"taxonomy":"product_tag","embeddable":true,"href":"https:\/\/bobimarket.pl\/index.php\/wp-json\/wp\/v2\/product_tag?post=97610"}],"curies":[{"name":"wp","href":"https:\/\/api.w.org\/{rel}","templated":true}]}}