{"id":97617,"date":"2023-08-30T12:49:09","date_gmt":"2023-08-30T12:49:09","guid":{"rendered":"https:\/\/bobimarket.pl\/index.php\/produkt\/wiertla-do-drewna-potrojna-spirala-spiralne-3mm\/"},"modified":"2025-02-27T16:38:09","modified_gmt":"2025-02-27T16:38:09","slug":"wiertla-do-drewna-potrojna-spirala-spiralne-3mm","status":"publish","type":"product","link":"https:\/\/bobimarket.pl\/index.php\/produkt\/wiertla-do-drewna-potrojna-spirala-spiralne-3mm\/","title":{"rendered":"WIERT\u0141A DO DREWNA POTR\u00d3JNA SPIRALA SPIRALNE 3mm"},"content":{"rendered":"<section class=\"section\">\n<div class=\"item item-12\">\n<section class=\"image-item\">\n            <img decoding=\"async\" src=\"https:\/\/upload.cdn.baselinker.com\/products\/14476\/ed0f949f1b93b175ebb7f1dbe053323f.jpg\" \/><br \/>\n        <\/section>\n<\/p><\/div>\n<\/section>\n<section class=\"section\">\n<div class=\"item item-12\">\n<section class=\"text-item\">\n<h2>WIERT\u0141A DO DREWNA POTR\u00d3JNA SPIRALA SPIRALNE 3mm<\/h2>\n<p><b>Informacje og\u00f3lne:<\/b><\/p>\n<ul>\n<li>Materia\u0142:<b> HCS ( stal w\u0119glowa)<\/b><\/li>\n<li>\u015arednica wiert\u0142a: <b>3 mm<\/b><\/li>\n<li>D\u0142ugo\u015b\u0107 wiert\u0142a:<b> 61 mm<\/b><\/li>\n<li>D\u0142ugo\u015b\u0107 robocza:<b> 33 mm<\/b><\/li>\n<li>Typ mocowanie: <b>cylindryczny ( walcowy)<\/b><\/li>\n<li>Przeznaczenie:<b> do drewna i materia\u0142\u00f3w drewnopodobnych<\/b><\/li>\n<li><b>POTR\u00d3JNA SPIRALA <\/b><\/li>\n<\/ul>\n<\/section><\/div>\n<\/section>\n<section class=\"section\">\n<div class=\"item item-12\">\n<section class=\"image-item\">\n            <img decoding=\"async\" src=\"https:\/\/upload.cdn.baselinker.com\/products\/14476\/41f005a8b2f94ed4e65c325abf509eaf.jpg\" \/><br \/>\n        <\/section>\n<\/p><\/div>\n<\/section>\n<section class=\"section\">\n<div class=\"item item-12\">\n<section class=\"text-item\">\n<h2>Przydatny element wyposa\u017cenia Twojej skrzynki narz\u0119dziowej!<\/h2>\n<p>Solidne wiert\u0142o do drewna wykonane ze stali weglowej.\u00a0 Potr\u00f3jna spirala umo\u017cliwia precyzjne wiercenie oraz szybkie i p\u0142ynne odprowadzanie wi\u00f3r\u00f3w. Przeznaczone do wykonywania otwor\u00f3w w drewnie i materia\u0142ach drewnopodobnych.<\/p>\n<ul>\n<li><b>Ostry wierzcho\u0142ek<\/b> umo\u017cliwia centryczne wiercenie bez wcze\u015bniejszego punktowania. Dodatkowo zapobiegaj\u0105 przesuwaniu si\u0119 narz\u0119dzia podczas pracy, oraz zapewniaj\u0105 czyst\u0105 kraw\u0119d\u017a wykonanego otworu.<\/li>\n<\/ul>\n<p><b>\u2705 Zastosowanie:<\/b><\/p>\n<p>Wiert\u0142a przeznaczone do obr\u00f3bki drewna i materia\u0142\u00f3w drewnopodobnych. Stosowne do wiercenia w materia\u0142ach tj.<\/p>\n<ul>\n<li>naturalne drewno mi\u0119kki i twarde,<\/li>\n<li>p\u0142yty laminowane<\/li>\n<li>sklejki<\/li>\n<li>inne materia\u0142y budowlane wykonane z drewna.<\/li>\n<\/ul>\n<\/section><\/div>\n<\/section>\n<section class=\"section\">\n<div class=\"item item-12\">\n<section class=\"image-item\">\n            <img decoding=\"async\" src=\"https:\/\/upload.cdn.baselinker.com\/products\/14476\/b5dd46316163ba176c47490a70585224.jpg\" \/><br \/>\n        <\/section>\n<\/p><\/div>\n<\/section>\n","protected":false},"excerpt":{"rendered":"<p>WIERT\u0141A DO DREWNA POTR\u00d3JNA SPIRALA SPIRALNE 3mm Informacje og\u00f3lne: Materia\u0142: HCS ( stal w\u0119glowa) \u015arednica wiert\u0142a: 3 mm D\u0142ugo\u015b\u0107 wiert\u0142a: 61 mm D\u0142ugo\u015b\u0107 robocza: 33 mm Typ mocowanie: cylindryczny ( walcowy) Przeznaczenie: do drewna i materia\u0142\u00f3w drewnopodobnych POTR\u00d3JNA SPIRALA Przydatny element wyposa\u017cenia Twojej skrzynki narz\u0119dziowej! Solidne wiert\u0142o do drewna wykonane ze stali weglowej.\u00a0 Potr\u00f3jna spirala<br \/><a class=\"more-link\" href=\"https:\/\/bobimarket.pl\/index.php\/produkt\/wiertla-do-drewna-potrojna-spirala-spiralne-3mm\/\"><br \/>\n        Czytaj wi\u0119cej<span class=\"screen-reader-text\"> &#8222;WIERT\u0141A DO DREWNA POTR\u00d3JNA SPIRALA SPIRALNE 3mm&#8221;<\/span><\/a><\/p>\n","protected":false},"featured_media":97611,"template":"","meta":[],"product_cat":[8108],"product_tag":[],"yoast_head":"<!-- This site is optimized with the Yoast SEO plugin v21.0 - https:\/\/yoast.com\/wordpress\/plugins\/seo\/ -->\n<title>WIERT\u0141A DO DREWNA POTR\u00d3JNA SPIRALA SPIRALNE 3mm - BOBIMARKET.pl - Remontuj i urz\u0105dzaj z nami<\/title>\n<meta name=\"robots\" content=\"index, follow, max-snippet:-1, max-image-preview:large, max-video-preview:-1\" \/>\n<link rel=\"canonical\" href=\"https:\/\/bobimarket.pl\/index.php\/produkt\/wiertla-do-drewna-potrojna-spirala-spiralne-3mm\/\" \/>\n<meta property=\"og:locale\" content=\"pl_PL\" \/>\n<meta property=\"og:type\" content=\"article\" \/>\n<meta property=\"og:title\" content=\"WIERT\u0141A DO DREWNA POTR\u00d3JNA SPIRALA SPIRALNE 3mm - BOBIMARKET.pl - Remontuj i urz\u0105dzaj z nami\" \/>\n<meta property=\"og:description\" content=\"WIERT\u0141A DO DREWNA POTR\u00d3JNA SPIRALA SPIRALNE 3mm Informacje og\u00f3lne: Materia\u0142: HCS ( stal w\u0119glowa) \u015arednica wiert\u0142a: 3 mm D\u0142ugo\u015b\u0107 wiert\u0142a: 61 mm D\u0142ugo\u015b\u0107 robocza: 33 mm Typ mocowanie: cylindryczny ( walcowy) Przeznaczenie: do drewna i materia\u0142\u00f3w drewnopodobnych POTR\u00d3JNA SPIRALA Przydatny element wyposa\u017cenia Twojej skrzynki narz\u0119dziowej! Solidne wiert\u0142o do drewna wykonane ze stali weglowej.\u00a0 Potr\u00f3jna spirala     Czytaj wi\u0119cej &quot;WIERT\u0141A DO DREWNA POTR\u00d3JNA SPIRALA SPIRALNE 3mm&quot;\" \/>\n<meta property=\"og:url\" content=\"https:\/\/bobimarket.pl\/index.php\/produkt\/wiertla-do-drewna-potrojna-spirala-spiralne-3mm\/\" \/>\n<meta property=\"og:site_name\" content=\"BOBIMARKET.pl - Remontuj i urz\u0105dzaj z nami\" \/>\n<meta property=\"article:modified_time\" content=\"2025-02-27T16:38:09+00:00\" \/>\n<meta property=\"og:image\" content=\"https:\/\/upload.cdn.baselinker.com\/products\/14476\/ed0f949f1b93b175ebb7f1dbe053323f.jpg\" \/>\n<meta name=\"twitter:card\" content=\"summary_large_image\" \/>\n<meta name=\"twitter:label1\" content=\"Szacowany czas czytania\" \/>\n\t<meta name=\"twitter:data1\" content=\"1 minuta\" \/>\n<script type=\"application\/ld+json\" class=\"yoast-schema-graph\">{\"@context\":\"https:\/\/schema.org\",\"@graph\":[{\"@type\":\"WebPage\",\"@id\":\"https:\/\/bobimarket.pl\/index.php\/produkt\/wiertla-do-drewna-potrojna-spirala-spiralne-3mm\/\",\"url\":\"https:\/\/bobimarket.pl\/index.php\/produkt\/wiertla-do-drewna-potrojna-spirala-spiralne-3mm\/\",\"name\":\"WIERT\u0141A DO DREWNA POTR\u00d3JNA SPIRALA SPIRALNE 3mm - BOBIMARKET.pl - Remontuj i urz\u0105dzaj z nami\",\"isPartOf\":{\"@id\":\"https:\/\/bobimarket.pl\/#website\"},\"datePublished\":\"2023-08-30T12:49:09+00:00\",\"dateModified\":\"2025-02-27T16:38:09+00:00\",\"breadcrumb\":{\"@id\":\"https:\/\/bobimarket.pl\/index.php\/produkt\/wiertla-do-drewna-potrojna-spirala-spiralne-3mm\/#breadcrumb\"},\"inLanguage\":\"pl-PL\",\"potentialAction\":[{\"@type\":\"ReadAction\",\"target\":[\"https:\/\/bobimarket.pl\/index.php\/produkt\/wiertla-do-drewna-potrojna-spirala-spiralne-3mm\/\"]}]},{\"@type\":\"BreadcrumbList\",\"@id\":\"https:\/\/bobimarket.pl\/index.php\/produkt\/wiertla-do-drewna-potrojna-spirala-spiralne-3mm\/#breadcrumb\",\"itemListElement\":[{\"@type\":\"ListItem\",\"position\":1,\"name\":\"Strona g\u0142\u00f3wna\",\"item\":\"https:\/\/bobimarket.pl\/\"},{\"@type\":\"ListItem\",\"position\":2,\"name\":\"Sklep\",\"item\":\"https:\/\/bobimarket.pl\/index.php\/shop\/\"},{\"@type\":\"ListItem\",\"position\":3,\"name\":\"WIERT\u0141A DO DREWNA POTR\u00d3JNA SPIRALA SPIRALNE 3mm\"}]},{\"@type\":\"WebSite\",\"@id\":\"https:\/\/bobimarket.pl\/#website\",\"url\":\"https:\/\/bobimarket.pl\/\",\"name\":\"BOBIMARKET.pl - Remontuj i urz\u0105dzaj z nami\",\"description\":\"Remontuj i urz\u0105dzaj z nami\",\"publisher\":{\"@id\":\"https:\/\/bobimarket.pl\/#organization\"},\"potentialAction\":[{\"@type\":\"SearchAction\",\"target\":{\"@type\":\"EntryPoint\",\"urlTemplate\":\"https:\/\/bobimarket.pl\/?s={search_term_string}\"},\"query-input\":\"required name=search_term_string\"}],\"inLanguage\":\"pl-PL\"},{\"@type\":\"Organization\",\"@id\":\"https:\/\/bobimarket.pl\/#organization\",\"name\":\"BOBIMARKET.pl\",\"url\":\"https:\/\/bobimarket.pl\/\",\"logo\":{\"@type\":\"ImageObject\",\"inLanguage\":\"pl-PL\",\"@id\":\"https:\/\/bobimarket.pl\/#\/schema\/logo\/image\/\",\"url\":\"https:\/\/bobimarket.pl\/wp-content\/uploads\/2021\/11\/slogan.png\",\"contentUrl\":\"https:\/\/bobimarket.pl\/wp-content\/uploads\/2021\/11\/slogan.png\",\"width\":2000,\"height\":384,\"caption\":\"BOBIMARKET.pl\"},\"image\":{\"@id\":\"https:\/\/bobimarket.pl\/#\/schema\/logo\/image\/\"}}]}<\/script>\n<!-- \/ Yoast SEO plugin. -->","yoast_head_json":{"title":"WIERT\u0141A DO DREWNA POTR\u00d3JNA SPIRALA SPIRALNE 3mm - BOBIMARKET.pl - Remontuj i urz\u0105dzaj z nami","robots":{"index":"index","follow":"follow","max-snippet":"max-snippet:-1","max-image-preview":"max-image-preview:large","max-video-preview":"max-video-preview:-1"},"canonical":"https:\/\/bobimarket.pl\/index.php\/produkt\/wiertla-do-drewna-potrojna-spirala-spiralne-3mm\/","og_locale":"pl_PL","og_type":"article","og_title":"WIERT\u0141A DO DREWNA POTR\u00d3JNA SPIRALA SPIRALNE 3mm - BOBIMARKET.pl - Remontuj i urz\u0105dzaj z nami","og_description":"WIERT\u0141A DO DREWNA POTR\u00d3JNA SPIRALA SPIRALNE 3mm Informacje og\u00f3lne: Materia\u0142: HCS ( stal w\u0119glowa) \u015arednica wiert\u0142a: 3 mm D\u0142ugo\u015b\u0107 wiert\u0142a: 61 mm D\u0142ugo\u015b\u0107 robocza: 33 mm Typ mocowanie: cylindryczny ( walcowy) Przeznaczenie: do drewna i materia\u0142\u00f3w drewnopodobnych POTR\u00d3JNA SPIRALA Przydatny element wyposa\u017cenia Twojej skrzynki narz\u0119dziowej! Solidne wiert\u0142o do drewna wykonane ze stali weglowej.\u00a0 Potr\u00f3jna spirala     Czytaj wi\u0119cej \"WIERT\u0141A DO DREWNA POTR\u00d3JNA SPIRALA SPIRALNE 3mm\"","og_url":"https:\/\/bobimarket.pl\/index.php\/produkt\/wiertla-do-drewna-potrojna-spirala-spiralne-3mm\/","og_site_name":"BOBIMARKET.pl - Remontuj i urz\u0105dzaj z nami","article_modified_time":"2025-02-27T16:38:09+00:00","og_image":[{"url":"https:\/\/upload.cdn.baselinker.com\/products\/14476\/ed0f949f1b93b175ebb7f1dbe053323f.jpg"}],"twitter_card":"summary_large_image","twitter_misc":{"Szacowany czas czytania":"1 minuta"},"schema":{"@context":"https:\/\/schema.org","@graph":[{"@type":"WebPage","@id":"https:\/\/bobimarket.pl\/index.php\/produkt\/wiertla-do-drewna-potrojna-spirala-spiralne-3mm\/","url":"https:\/\/bobimarket.pl\/index.php\/produkt\/wiertla-do-drewna-potrojna-spirala-spiralne-3mm\/","name":"WIERT\u0141A DO DREWNA POTR\u00d3JNA SPIRALA SPIRALNE 3mm - BOBIMARKET.pl - Remontuj i urz\u0105dzaj z nami","isPartOf":{"@id":"https:\/\/bobimarket.pl\/#website"},"datePublished":"2023-08-30T12:49:09+00:00","dateModified":"2025-02-27T16:38:09+00:00","breadcrumb":{"@id":"https:\/\/bobimarket.pl\/index.php\/produkt\/wiertla-do-drewna-potrojna-spirala-spiralne-3mm\/#breadcrumb"},"inLanguage":"pl-PL","potentialAction":[{"@type":"ReadAction","target":["https:\/\/bobimarket.pl\/index.php\/produkt\/wiertla-do-drewna-potrojna-spirala-spiralne-3mm\/"]}]},{"@type":"BreadcrumbList","@id":"https:\/\/bobimarket.pl\/index.php\/produkt\/wiertla-do-drewna-potrojna-spirala-spiralne-3mm\/#breadcrumb","itemListElement":[{"@type":"ListItem","position":1,"name":"Strona g\u0142\u00f3wna","item":"https:\/\/bobimarket.pl\/"},{"@type":"ListItem","position":2,"name":"Sklep","item":"https:\/\/bobimarket.pl\/index.php\/shop\/"},{"@type":"ListItem","position":3,"name":"WIERT\u0141A DO DREWNA POTR\u00d3JNA SPIRALA SPIRALNE 3mm"}]},{"@type":"WebSite","@id":"https:\/\/bobimarket.pl\/#website","url":"https:\/\/bobimarket.pl\/","name":"BOBIMARKET.pl - Remontuj i urz\u0105dzaj z nami","description":"Remontuj i urz\u0105dzaj z nami","publisher":{"@id":"https:\/\/bobimarket.pl\/#organization"},"potentialAction":[{"@type":"SearchAction","target":{"@type":"EntryPoint","urlTemplate":"https:\/\/bobimarket.pl\/?s={search_term_string}"},"query-input":"required name=search_term_string"}],"inLanguage":"pl-PL"},{"@type":"Organization","@id":"https:\/\/bobimarket.pl\/#organization","name":"BOBIMARKET.pl","url":"https:\/\/bobimarket.pl\/","logo":{"@type":"ImageObject","inLanguage":"pl-PL","@id":"https:\/\/bobimarket.pl\/#\/schema\/logo\/image\/","url":"https:\/\/bobimarket.pl\/wp-content\/uploads\/2021\/11\/slogan.png","contentUrl":"https:\/\/bobimarket.pl\/wp-content\/uploads\/2021\/11\/slogan.png","width":2000,"height":384,"caption":"BOBIMARKET.pl"},"image":{"@id":"https:\/\/bobimarket.pl\/#\/schema\/logo\/image\/"}}]}},"_links":{"self":[{"href":"https:\/\/bobimarket.pl\/index.php\/wp-json\/wp\/v2\/product\/97617"}],"collection":[{"href":"https:\/\/bobimarket.pl\/index.php\/wp-json\/wp\/v2\/product"}],"about":[{"href":"https:\/\/bobimarket.pl\/index.php\/wp-json\/wp\/v2\/types\/product"}],"wp:featuredmedia":[{"embeddable":true,"href":"https:\/\/bobimarket.pl\/index.php\/wp-json\/wp\/v2\/media\/97611"}],"wp:attachment":[{"href":"https:\/\/bobimarket.pl\/index.php\/wp-json\/wp\/v2\/media?parent=97617"}],"wp:term":[{"taxonomy":"product_cat","embeddable":true,"href":"https:\/\/bobimarket.pl\/index.php\/wp-json\/wp\/v2\/product_cat?post=97617"},{"taxonomy":"product_tag","embeddable":true,"href":"https:\/\/bobimarket.pl\/index.php\/wp-json\/wp\/v2\/product_tag?post=97617"}],"curies":[{"name":"wp","href":"https:\/\/api.w.org\/{rel}","templated":true}]}}