{"id":97648,"date":"2023-08-30T12:51:14","date_gmt":"2023-08-30T12:51:14","guid":{"rendered":"https:\/\/bobimarket.pl\/index.php\/produkt\/wiertlo-frez-do-drewna-sekownik-flekownik-35-mm-2\/"},"modified":"2025-02-27T16:38:24","modified_gmt":"2025-02-27T16:38:24","slug":"wiertlo-frez-do-drewna-sekownik-flekownik-35-mm-2","status":"publish","type":"product","link":"https:\/\/bobimarket.pl\/index.php\/produkt\/wiertlo-frez-do-drewna-sekownik-flekownik-35-mm-2\/","title":{"rendered":"WIERT\u0141O FREZ DO DREWNA S\u0118KOWNIK FLEKOWNIK 35 mm"},"content":{"rendered":"<section class=\"section\">\n<div class=\"item item-12\">\n<section class=\"image-item\">\n            <img decoding=\"async\" src=\"https:\/\/upload.cdn.baselinker.com\/products\/14476\/c5e5cf947a03684f1a9d1bf23beb0d5d.jpg\" \/><br \/>\n        <\/section>\n<\/p><\/div>\n<\/section>\n<section class=\"section\">\n<div class=\"item item-12\">\n<section class=\"text-item\">\n<h2>WIERT\u0141O FREZ DO DREWNA S\u0118KOWNIK FLEKOWNIK 25 mm\u00a0<\/h2>\n<p><b>Dane techniczne:<\/b><\/p>\n<ul>\n<li>\u015arednica wewn\u0119trzna:<b> 35 mm<\/b><\/li>\n<li>\u015arednica zewn\u0119trzna:<b> 47 mm<\/b><\/li>\n<li>D\u0142ugo\u015b\u0107 cz\u0119\u015bci roboczej:<b> 67 mm<\/b><\/li>\n<li>D\u0142ugo\u015b\u0107 ca\u0142kowita:<b> 160 mm<\/b><\/li>\n<li>\u015arednica uchwytu:<b> 16 mm<\/b><\/li>\n<\/ul>\n<\/section><\/div>\n<\/section>\n<section class=\"section\">\n<div class=\"item item-12\">\n<section class=\"image-item\">\n            <img decoding=\"async\" src=\"https:\/\/upload.cdn.baselinker.com\/products\/14476\/547933f30d121f2ab40e8c717f778b11.jpg\" \/><br \/>\n        <\/section>\n<\/p><\/div>\n<\/section>\n<section class=\"section\">\n<div class=\"item item-12\">\n<section class=\"text-item\">\n<h2>Praktyczny element wyposa\u017cenia Twojej skrzynki narz\u0119dziowej!<\/h2>\n<p>S\u0119kownik-flekownik to narz\u0119dzie <b>przeznaczone do materia\u0142\u00f3w drewnianych i drewnopodobnych<\/b>. Narz\u0119dzie sprawdzi si\u0119 do wycinania otwor\u00f3w oraz umo\u017cliwi pozbycie si\u0119 s\u0119k\u00f3w lub innych defekt\u00f3w przy u\u017cyciu wiertarki sto\u0142owej. Wiert\u0142o posiada<b> cylindryczny uchwyt<\/b>, a <b>ostra cz\u0119\u015b\u0107 dr\u0105\u017c\u0105ca<\/b> materia\u0142 u\u0142atwia wykonywanie zaplanownych prac.<\/p>\n<\/section><\/div>\n<\/section>\n<section class=\"section\">\n<div class=\"item item-12\">\n<section class=\"image-item\">\n            <img decoding=\"async\" src=\"https:\/\/upload.cdn.baselinker.com\/products\/14476\/6c61a7513e921daca16256ae716a0380.jpg\" \/><br \/>\n        <\/section>\n<\/p><\/div>\n<\/section>\n<section class=\"section\">\n<div class=\"item item-12\">\n<section class=\"text-item\">\n<p><b>\u2705 Zastosowanie:<\/b><\/p>\n<p>Praktyczne wiert\u0142o przydatne podczas prac stolarskich \u00a0i ciesielskich. Przeznaczone do:<\/p>\n<ul>\n<li>Wycinania otwor\u00f3w o odpowiedniej \u015brednicy.<\/li>\n<\/ul>\n<ul>\n<li>Do wycinania za\u015blepek\u00a0 w celu wype\u0142nienia ubytk\u00f3w w drewnie<\/li>\n<li>Pozbywania si\u0119 s\u0119k\u00f3w\/defekt\u00f3w widocznych w drewnie i zast\u0119powania ich innym odpowiednio wybranym materia\u0142em<\/li>\n<\/ul>\n<ul>\n<li>Przydatny r\u00f3wnie\u017c podczas wykonywania wpust\u00f3w pod puszki zawias\u00f3w.<\/li>\n<\/ul>\n<p><b>\u2705 ZOBACZ JAK DZIA\u0141A NARZ\u0118DZIE:<\/b> https:\/\/www.youtube.com\/watch?v=ep9yPpFTdkM&amp;feature=youtu.be<\/p>\n<\/section><\/div>\n<\/section>\n<section class=\"section\">\n<div class=\"item item-12\">\n<section class=\"image-item\">\n            <img decoding=\"async\" src=\"https:\/\/upload.cdn.baselinker.com\/products\/14476\/ed80a6d232fea1d427bc8684cd7b02d7.jpg\" \/><br \/>\n        <\/section>\n<\/p><\/div>\n<\/section>\n","protected":false},"excerpt":{"rendered":"<p>WIERT\u0141O FREZ DO DREWNA S\u0118KOWNIK FLEKOWNIK 25 mm\u00a0 Dane techniczne: \u015arednica wewn\u0119trzna: 35 mm \u015arednica zewn\u0119trzna: 47 mm D\u0142ugo\u015b\u0107 cz\u0119\u015bci roboczej: 67 mm D\u0142ugo\u015b\u0107 ca\u0142kowita: 160 mm \u015arednica uchwytu: 16 mm Praktyczny element wyposa\u017cenia Twojej skrzynki narz\u0119dziowej! S\u0119kownik-flekownik to narz\u0119dzie przeznaczone do materia\u0142\u00f3w drewnianych i drewnopodobnych. Narz\u0119dzie sprawdzi si\u0119 do wycinania otwor\u00f3w oraz umo\u017cliwi pozbycie<br \/><a class=\"more-link\" href=\"https:\/\/bobimarket.pl\/index.php\/produkt\/wiertlo-frez-do-drewna-sekownik-flekownik-35-mm-2\/\"><br \/>\n        Czytaj wi\u0119cej<span class=\"screen-reader-text\"> &#8222;WIERT\u0141O FREZ DO DREWNA S\u0118KOWNIK FLEKOWNIK 35 mm&#8221;<\/span><\/a><\/p>\n","protected":false},"featured_media":97639,"template":"","meta":[],"product_cat":[8108],"product_tag":[],"yoast_head":"<!-- This site is optimized with the Yoast SEO plugin v21.0 - https:\/\/yoast.com\/wordpress\/plugins\/seo\/ -->\n<title>WIERT\u0141O FREZ DO DREWNA S\u0118KOWNIK FLEKOWNIK 35 mm - BOBIMARKET.pl - Remontuj i urz\u0105dzaj z nami<\/title>\n<meta name=\"robots\" content=\"index, follow, max-snippet:-1, max-image-preview:large, max-video-preview:-1\" \/>\n<link rel=\"canonical\" href=\"https:\/\/bobimarket.pl\/index.php\/produkt\/wiertlo-frez-do-drewna-sekownik-flekownik-35-mm-2\/\" \/>\n<meta property=\"og:locale\" content=\"pl_PL\" \/>\n<meta property=\"og:type\" content=\"article\" \/>\n<meta property=\"og:title\" content=\"WIERT\u0141O FREZ DO DREWNA S\u0118KOWNIK FLEKOWNIK 35 mm - BOBIMARKET.pl - Remontuj i urz\u0105dzaj z nami\" \/>\n<meta property=\"og:description\" content=\"WIERT\u0141O FREZ DO DREWNA S\u0118KOWNIK FLEKOWNIK 25 mm\u00a0 Dane techniczne: \u015arednica wewn\u0119trzna: 35 mm \u015arednica zewn\u0119trzna: 47 mm D\u0142ugo\u015b\u0107 cz\u0119\u015bci roboczej: 67 mm D\u0142ugo\u015b\u0107 ca\u0142kowita: 160 mm \u015arednica uchwytu: 16 mm Praktyczny element wyposa\u017cenia Twojej skrzynki narz\u0119dziowej! S\u0119kownik-flekownik to narz\u0119dzie przeznaczone do materia\u0142\u00f3w drewnianych i drewnopodobnych. Narz\u0119dzie sprawdzi si\u0119 do wycinania otwor\u00f3w oraz umo\u017cliwi pozbycie     Czytaj wi\u0119cej &quot;WIERT\u0141O FREZ DO DREWNA S\u0118KOWNIK FLEKOWNIK 35 mm&quot;\" \/>\n<meta property=\"og:url\" content=\"https:\/\/bobimarket.pl\/index.php\/produkt\/wiertlo-frez-do-drewna-sekownik-flekownik-35-mm-2\/\" \/>\n<meta property=\"og:site_name\" content=\"BOBIMARKET.pl - Remontuj i urz\u0105dzaj z nami\" \/>\n<meta property=\"article:modified_time\" content=\"2025-02-27T16:38:24+00:00\" \/>\n<meta property=\"og:image\" content=\"https:\/\/upload.cdn.baselinker.com\/products\/14476\/c5e5cf947a03684f1a9d1bf23beb0d5d.jpg\" \/>\n<meta name=\"twitter:card\" content=\"summary_large_image\" \/>\n<meta name=\"twitter:label1\" content=\"Szacowany czas czytania\" \/>\n\t<meta name=\"twitter:data1\" content=\"1 minuta\" \/>\n<script type=\"application\/ld+json\" class=\"yoast-schema-graph\">{\"@context\":\"https:\/\/schema.org\",\"@graph\":[{\"@type\":\"WebPage\",\"@id\":\"https:\/\/bobimarket.pl\/index.php\/produkt\/wiertlo-frez-do-drewna-sekownik-flekownik-35-mm-2\/\",\"url\":\"https:\/\/bobimarket.pl\/index.php\/produkt\/wiertlo-frez-do-drewna-sekownik-flekownik-35-mm-2\/\",\"name\":\"WIERT\u0141O FREZ DO DREWNA S\u0118KOWNIK FLEKOWNIK 35 mm - BOBIMARKET.pl - Remontuj i urz\u0105dzaj z nami\",\"isPartOf\":{\"@id\":\"https:\/\/bobimarket.pl\/#website\"},\"datePublished\":\"2023-08-30T12:51:14+00:00\",\"dateModified\":\"2025-02-27T16:38:24+00:00\",\"breadcrumb\":{\"@id\":\"https:\/\/bobimarket.pl\/index.php\/produkt\/wiertlo-frez-do-drewna-sekownik-flekownik-35-mm-2\/#breadcrumb\"},\"inLanguage\":\"pl-PL\",\"potentialAction\":[{\"@type\":\"ReadAction\",\"target\":[\"https:\/\/bobimarket.pl\/index.php\/produkt\/wiertlo-frez-do-drewna-sekownik-flekownik-35-mm-2\/\"]}]},{\"@type\":\"BreadcrumbList\",\"@id\":\"https:\/\/bobimarket.pl\/index.php\/produkt\/wiertlo-frez-do-drewna-sekownik-flekownik-35-mm-2\/#breadcrumb\",\"itemListElement\":[{\"@type\":\"ListItem\",\"position\":1,\"name\":\"Strona g\u0142\u00f3wna\",\"item\":\"https:\/\/bobimarket.pl\/\"},{\"@type\":\"ListItem\",\"position\":2,\"name\":\"Sklep\",\"item\":\"https:\/\/bobimarket.pl\/index.php\/shop\/\"},{\"@type\":\"ListItem\",\"position\":3,\"name\":\"WIERT\u0141O FREZ DO DREWNA S\u0118KOWNIK FLEKOWNIK 35 mm\"}]},{\"@type\":\"WebSite\",\"@id\":\"https:\/\/bobimarket.pl\/#website\",\"url\":\"https:\/\/bobimarket.pl\/\",\"name\":\"BOBIMARKET.pl - Remontuj i urz\u0105dzaj z nami\",\"description\":\"Remontuj i urz\u0105dzaj z nami\",\"publisher\":{\"@id\":\"https:\/\/bobimarket.pl\/#organization\"},\"potentialAction\":[{\"@type\":\"SearchAction\",\"target\":{\"@type\":\"EntryPoint\",\"urlTemplate\":\"https:\/\/bobimarket.pl\/?s={search_term_string}\"},\"query-input\":\"required name=search_term_string\"}],\"inLanguage\":\"pl-PL\"},{\"@type\":\"Organization\",\"@id\":\"https:\/\/bobimarket.pl\/#organization\",\"name\":\"BOBIMARKET.pl\",\"url\":\"https:\/\/bobimarket.pl\/\",\"logo\":{\"@type\":\"ImageObject\",\"inLanguage\":\"pl-PL\",\"@id\":\"https:\/\/bobimarket.pl\/#\/schema\/logo\/image\/\",\"url\":\"https:\/\/bobimarket.pl\/wp-content\/uploads\/2021\/11\/slogan.png\",\"contentUrl\":\"https:\/\/bobimarket.pl\/wp-content\/uploads\/2021\/11\/slogan.png\",\"width\":2000,\"height\":384,\"caption\":\"BOBIMARKET.pl\"},\"image\":{\"@id\":\"https:\/\/bobimarket.pl\/#\/schema\/logo\/image\/\"}}]}<\/script>\n<!-- \/ Yoast SEO plugin. -->","yoast_head_json":{"title":"WIERT\u0141O FREZ DO DREWNA S\u0118KOWNIK FLEKOWNIK 35 mm - BOBIMARKET.pl - Remontuj i urz\u0105dzaj z nami","robots":{"index":"index","follow":"follow","max-snippet":"max-snippet:-1","max-image-preview":"max-image-preview:large","max-video-preview":"max-video-preview:-1"},"canonical":"https:\/\/bobimarket.pl\/index.php\/produkt\/wiertlo-frez-do-drewna-sekownik-flekownik-35-mm-2\/","og_locale":"pl_PL","og_type":"article","og_title":"WIERT\u0141O FREZ DO DREWNA S\u0118KOWNIK FLEKOWNIK 35 mm - BOBIMARKET.pl - Remontuj i urz\u0105dzaj z nami","og_description":"WIERT\u0141O FREZ DO DREWNA S\u0118KOWNIK FLEKOWNIK 25 mm\u00a0 Dane techniczne: \u015arednica wewn\u0119trzna: 35 mm \u015arednica zewn\u0119trzna: 47 mm D\u0142ugo\u015b\u0107 cz\u0119\u015bci roboczej: 67 mm D\u0142ugo\u015b\u0107 ca\u0142kowita: 160 mm \u015arednica uchwytu: 16 mm Praktyczny element wyposa\u017cenia Twojej skrzynki narz\u0119dziowej! S\u0119kownik-flekownik to narz\u0119dzie przeznaczone do materia\u0142\u00f3w drewnianych i drewnopodobnych. Narz\u0119dzie sprawdzi si\u0119 do wycinania otwor\u00f3w oraz umo\u017cliwi pozbycie     Czytaj wi\u0119cej \"WIERT\u0141O FREZ DO DREWNA S\u0118KOWNIK FLEKOWNIK 35 mm\"","og_url":"https:\/\/bobimarket.pl\/index.php\/produkt\/wiertlo-frez-do-drewna-sekownik-flekownik-35-mm-2\/","og_site_name":"BOBIMARKET.pl - Remontuj i urz\u0105dzaj z nami","article_modified_time":"2025-02-27T16:38:24+00:00","og_image":[{"url":"https:\/\/upload.cdn.baselinker.com\/products\/14476\/c5e5cf947a03684f1a9d1bf23beb0d5d.jpg"}],"twitter_card":"summary_large_image","twitter_misc":{"Szacowany czas czytania":"1 minuta"},"schema":{"@context":"https:\/\/schema.org","@graph":[{"@type":"WebPage","@id":"https:\/\/bobimarket.pl\/index.php\/produkt\/wiertlo-frez-do-drewna-sekownik-flekownik-35-mm-2\/","url":"https:\/\/bobimarket.pl\/index.php\/produkt\/wiertlo-frez-do-drewna-sekownik-flekownik-35-mm-2\/","name":"WIERT\u0141O FREZ DO DREWNA S\u0118KOWNIK FLEKOWNIK 35 mm - BOBIMARKET.pl - Remontuj i urz\u0105dzaj z nami","isPartOf":{"@id":"https:\/\/bobimarket.pl\/#website"},"datePublished":"2023-08-30T12:51:14+00:00","dateModified":"2025-02-27T16:38:24+00:00","breadcrumb":{"@id":"https:\/\/bobimarket.pl\/index.php\/produkt\/wiertlo-frez-do-drewna-sekownik-flekownik-35-mm-2\/#breadcrumb"},"inLanguage":"pl-PL","potentialAction":[{"@type":"ReadAction","target":["https:\/\/bobimarket.pl\/index.php\/produkt\/wiertlo-frez-do-drewna-sekownik-flekownik-35-mm-2\/"]}]},{"@type":"BreadcrumbList","@id":"https:\/\/bobimarket.pl\/index.php\/produkt\/wiertlo-frez-do-drewna-sekownik-flekownik-35-mm-2\/#breadcrumb","itemListElement":[{"@type":"ListItem","position":1,"name":"Strona g\u0142\u00f3wna","item":"https:\/\/bobimarket.pl\/"},{"@type":"ListItem","position":2,"name":"Sklep","item":"https:\/\/bobimarket.pl\/index.php\/shop\/"},{"@type":"ListItem","position":3,"name":"WIERT\u0141O FREZ DO DREWNA S\u0118KOWNIK FLEKOWNIK 35 mm"}]},{"@type":"WebSite","@id":"https:\/\/bobimarket.pl\/#website","url":"https:\/\/bobimarket.pl\/","name":"BOBIMARKET.pl - Remontuj i urz\u0105dzaj z nami","description":"Remontuj i urz\u0105dzaj z nami","publisher":{"@id":"https:\/\/bobimarket.pl\/#organization"},"potentialAction":[{"@type":"SearchAction","target":{"@type":"EntryPoint","urlTemplate":"https:\/\/bobimarket.pl\/?s={search_term_string}"},"query-input":"required name=search_term_string"}],"inLanguage":"pl-PL"},{"@type":"Organization","@id":"https:\/\/bobimarket.pl\/#organization","name":"BOBIMARKET.pl","url":"https:\/\/bobimarket.pl\/","logo":{"@type":"ImageObject","inLanguage":"pl-PL","@id":"https:\/\/bobimarket.pl\/#\/schema\/logo\/image\/","url":"https:\/\/bobimarket.pl\/wp-content\/uploads\/2021\/11\/slogan.png","contentUrl":"https:\/\/bobimarket.pl\/wp-content\/uploads\/2021\/11\/slogan.png","width":2000,"height":384,"caption":"BOBIMARKET.pl"},"image":{"@id":"https:\/\/bobimarket.pl\/#\/schema\/logo\/image\/"}}]}},"_links":{"self":[{"href":"https:\/\/bobimarket.pl\/index.php\/wp-json\/wp\/v2\/product\/97648"}],"collection":[{"href":"https:\/\/bobimarket.pl\/index.php\/wp-json\/wp\/v2\/product"}],"about":[{"href":"https:\/\/bobimarket.pl\/index.php\/wp-json\/wp\/v2\/types\/product"}],"wp:featuredmedia":[{"embeddable":true,"href":"https:\/\/bobimarket.pl\/index.php\/wp-json\/wp\/v2\/media\/97639"}],"wp:attachment":[{"href":"https:\/\/bobimarket.pl\/index.php\/wp-json\/wp\/v2\/media?parent=97648"}],"wp:term":[{"taxonomy":"product_cat","embeddable":true,"href":"https:\/\/bobimarket.pl\/index.php\/wp-json\/wp\/v2\/product_cat?post=97648"},{"taxonomy":"product_tag","embeddable":true,"href":"https:\/\/bobimarket.pl\/index.php\/wp-json\/wp\/v2\/product_tag?post=97648"}],"curies":[{"name":"wp","href":"https:\/\/api.w.org\/{rel}","templated":true}]}}