{"id":97688,"date":"2023-08-30T12:58:05","date_gmt":"2023-08-30T12:58:05","guid":{"rendered":"https:\/\/bobimarket.pl\/index.php\/produkt\/drzwiczki-rewizyjne-plastikowe-25x30-cm-grafitowe\/"},"modified":"2025-02-27T16:39:02","modified_gmt":"2025-02-27T16:39:02","slug":"drzwiczki-rewizyjne-plastikowe-25x30-cm-grafitowe","status":"publish","type":"product","link":"https:\/\/bobimarket.pl\/index.php\/produkt\/drzwiczki-rewizyjne-plastikowe-25x30-cm-grafitowe\/","title":{"rendered":"DRZWICZKI REWIZYJNE PLASTIKOWE 25&#215;30 cm GRAFITOWE"},"content":{"rendered":"<section class=\"section\">\n<div class=\"item item-12\">\n<section class=\"text-item\">\n<h2>DRZWICZKI REWIZYJNE PLASTIKOWE 25&#215;30 cm GRAFITOWE<\/h2>\n<p><b>Dane techniczne:<\/b><\/p>\n<ul>\n<li>Rozmiar drzwiczek: <b>25&#215;30<\/b><\/li>\n<li>Szeroko\u015b\u0107 ca\u0142kowita: <b>275 mm<\/b><\/li>\n<li>D\u0142ugo\u015b\u0107 ca\u0142kowita: <b>325 mm<\/b><\/li>\n<li>Wymiary ramki monta\u017cowej: <b>243 mm x 300 mm<\/b><\/li>\n<li>\u015awiat\u0142o otworu: <b>230 mm x 280 mm<\/b><\/li>\n<li>Materia\u0142: <b>tworzywo ABS<\/b><\/li>\n<li><b>Wygodne zamykanie <\/b><\/li>\n<li>Kolor: <b>grafitowy <\/b><\/li>\n<\/ul>\n<\/section><\/div>\n<\/section>\n<section class=\"section\">\n<div class=\"item item-12\">\n<section class=\"image-item\">\n            <img decoding=\"async\" src=\"https:\/\/upload.cdn.baselinker.com\/products\/14476\/d0215d5d6f145cb6cb48b9e28f233fd3.jpg\" \/><br \/>\n        <\/section>\n<\/p><\/div>\n<\/section>\n<section class=\"section\">\n<div class=\"item item-12\">\n<section class=\"text-item\">\n<h2>Estetyczne i praktyczne wyko\u0144czenie otwor\u00f3w rewizyjnych<\/h2>\n<p>Wysokiej jako\u015bci <b>drzwiczki rewizyjne<\/b> wykonane z wytrzyma\u0142ego tworzywa ABS w kolorze grafitowym. Drzwiczki wykorzystywane s\u0105 do estetycznego maskowania otwor\u00f3w rewizyjnych, wentylacyjnych, wn\u0119k itp.<\/p>\n<p>\u2705 <b>Wygodne zamykanie<\/b>, kt\u00f3re gwarantuje szybki i \u0142atwy dost\u0119p do schowanych zawor\u00f3w. Sprawdz\u0105 si\u0119 r\u00f3wnie\u017c do maskowania licznik\u00f3w np. wody lub gazu, kt\u00f3re wymagaj\u0105 kontroli i czasowego sprawdzania.<\/p>\n<p>\u2705 Dzi\u0119ki<b> uniwersalnej konstrukcji klapy i ramki<\/b> w razie potrzeby mo\u017cna zmieni\u0107 kierunek otwierania i dopasowa\u0107 do w\u0142asnych potrzeb.<\/p>\n<\/section><\/div>\n<\/section>\n<section class=\"section\">\n<div class=\"item item-12\">\n<section class=\"image-item\">\n            <img decoding=\"async\" src=\"https:\/\/upload.cdn.baselinker.com\/products\/14476\/ea22eb662ee8ce1df5a02f9ea390e1c4.png\" \/><br \/>\n        <\/section>\n<\/p><\/div>\n<\/section>\n<section class=\"section\">\n<div class=\"item item-12\">\n<section class=\"text-item\">\n<h2>\u2705 Zastosowanie:<\/h2>\n<ul>\n<li>drzwi rewizyjne komin\u00f3w, wentylacji<\/li>\n<li>maskowanie zawor\u00f3w, instalacji, wn\u0119k, prze\u0142\u0105cznik\u00f3w<\/li>\n<li>zapewniaj\u0105 swobodny dost\u0119p np. do licznik\u00f3w na wod\u0119, gaz\u00a0\u00a0<\/li>\n<\/ul>\n<\/section><\/div>\n<\/section>\n<section class=\"section\">\n<div class=\"item item-12\">\n<section class=\"image-item\">\n            <img decoding=\"async\" src=\"https:\/\/upload.cdn.baselinker.com\/products\/14476\/78821f7723050e8f65437a2500b40814.png\" \/><br \/>\n        <\/section>\n<\/p><\/div>\n<\/section>\n","protected":false},"excerpt":{"rendered":"<p>DRZWICZKI REWIZYJNE PLASTIKOWE 25&#215;30 cm GRAFITOWE Dane techniczne: Rozmiar drzwiczek: 25&#215;30 Szeroko\u015b\u0107 ca\u0142kowita: 275 mm D\u0142ugo\u015b\u0107 ca\u0142kowita: 325 mm Wymiary ramki monta\u017cowej: 243 mm x 300 mm \u015awiat\u0142o otworu: 230 mm x 280 mm Materia\u0142: tworzywo ABS Wygodne zamykanie Kolor: grafitowy Estetyczne i praktyczne wyko\u0144czenie otwor\u00f3w rewizyjnych Wysokiej jako\u015bci drzwiczki rewizyjne wykonane z wytrzyma\u0142ego tworzywa<br \/><a class=\"more-link\" href=\"https:\/\/bobimarket.pl\/index.php\/produkt\/drzwiczki-rewizyjne-plastikowe-25x30-cm-grafitowe\/\"><br \/>\n        Czytaj wi\u0119cej<span class=\"screen-reader-text\"> &#8222;DRZWICZKI REWIZYJNE PLASTIKOWE 25&#215;30 cm GRAFITOWE&#8221;<\/span><\/a><\/p>\n","protected":false},"featured_media":97685,"template":"","meta":[],"product_cat":[8185],"product_tag":[],"yoast_head":"<!-- This site is optimized with the Yoast SEO plugin v21.0 - https:\/\/yoast.com\/wordpress\/plugins\/seo\/ -->\n<title>DRZWICZKI REWIZYJNE PLASTIKOWE 25x30 cm GRAFITOWE - BOBIMARKET.pl - Remontuj i urz\u0105dzaj z nami<\/title>\n<meta name=\"robots\" content=\"index, follow, max-snippet:-1, max-image-preview:large, max-video-preview:-1\" \/>\n<link rel=\"canonical\" href=\"https:\/\/bobimarket.pl\/index.php\/produkt\/drzwiczki-rewizyjne-plastikowe-25x30-cm-grafitowe\/\" \/>\n<meta property=\"og:locale\" content=\"pl_PL\" \/>\n<meta property=\"og:type\" content=\"article\" \/>\n<meta property=\"og:title\" content=\"DRZWICZKI REWIZYJNE PLASTIKOWE 25x30 cm GRAFITOWE - BOBIMARKET.pl - Remontuj i urz\u0105dzaj z nami\" \/>\n<meta property=\"og:description\" content=\"DRZWICZKI REWIZYJNE PLASTIKOWE 25&#215;30 cm GRAFITOWE Dane techniczne: Rozmiar drzwiczek: 25&#215;30 Szeroko\u015b\u0107 ca\u0142kowita: 275 mm D\u0142ugo\u015b\u0107 ca\u0142kowita: 325 mm Wymiary ramki monta\u017cowej: 243 mm x 300 mm \u015awiat\u0142o otworu: 230 mm x 280 mm Materia\u0142: tworzywo ABS Wygodne zamykanie Kolor: grafitowy Estetyczne i praktyczne wyko\u0144czenie otwor\u00f3w rewizyjnych Wysokiej jako\u015bci drzwiczki rewizyjne wykonane z wytrzyma\u0142ego tworzywa     Czytaj wi\u0119cej &quot;DRZWICZKI REWIZYJNE PLASTIKOWE 25&#215;30 cm GRAFITOWE&quot;\" \/>\n<meta property=\"og:url\" content=\"https:\/\/bobimarket.pl\/index.php\/produkt\/drzwiczki-rewizyjne-plastikowe-25x30-cm-grafitowe\/\" \/>\n<meta property=\"og:site_name\" content=\"BOBIMARKET.pl - Remontuj i urz\u0105dzaj z nami\" \/>\n<meta property=\"article:modified_time\" content=\"2025-02-27T16:39:02+00:00\" \/>\n<meta property=\"og:image\" content=\"https:\/\/upload.cdn.baselinker.com\/products\/14476\/d0215d5d6f145cb6cb48b9e28f233fd3.jpg\" \/>\n<meta name=\"twitter:card\" content=\"summary_large_image\" \/>\n<meta name=\"twitter:label1\" content=\"Szacowany czas czytania\" \/>\n\t<meta name=\"twitter:data1\" content=\"1 minuta\" \/>\n<script type=\"application\/ld+json\" class=\"yoast-schema-graph\">{\"@context\":\"https:\/\/schema.org\",\"@graph\":[{\"@type\":\"WebPage\",\"@id\":\"https:\/\/bobimarket.pl\/index.php\/produkt\/drzwiczki-rewizyjne-plastikowe-25x30-cm-grafitowe\/\",\"url\":\"https:\/\/bobimarket.pl\/index.php\/produkt\/drzwiczki-rewizyjne-plastikowe-25x30-cm-grafitowe\/\",\"name\":\"DRZWICZKI REWIZYJNE PLASTIKOWE 25x30 cm GRAFITOWE - BOBIMARKET.pl - Remontuj i urz\u0105dzaj z nami\",\"isPartOf\":{\"@id\":\"https:\/\/bobimarket.pl\/#website\"},\"datePublished\":\"2023-08-30T12:58:05+00:00\",\"dateModified\":\"2025-02-27T16:39:02+00:00\",\"breadcrumb\":{\"@id\":\"https:\/\/bobimarket.pl\/index.php\/produkt\/drzwiczki-rewizyjne-plastikowe-25x30-cm-grafitowe\/#breadcrumb\"},\"inLanguage\":\"pl-PL\",\"potentialAction\":[{\"@type\":\"ReadAction\",\"target\":[\"https:\/\/bobimarket.pl\/index.php\/produkt\/drzwiczki-rewizyjne-plastikowe-25x30-cm-grafitowe\/\"]}]},{\"@type\":\"BreadcrumbList\",\"@id\":\"https:\/\/bobimarket.pl\/index.php\/produkt\/drzwiczki-rewizyjne-plastikowe-25x30-cm-grafitowe\/#breadcrumb\",\"itemListElement\":[{\"@type\":\"ListItem\",\"position\":1,\"name\":\"Strona g\u0142\u00f3wna\",\"item\":\"https:\/\/bobimarket.pl\/\"},{\"@type\":\"ListItem\",\"position\":2,\"name\":\"Sklep\",\"item\":\"https:\/\/bobimarket.pl\/index.php\/shop\/\"},{\"@type\":\"ListItem\",\"position\":3,\"name\":\"DRZWICZKI REWIZYJNE PLASTIKOWE 25&#215;30 cm GRAFITOWE\"}]},{\"@type\":\"WebSite\",\"@id\":\"https:\/\/bobimarket.pl\/#website\",\"url\":\"https:\/\/bobimarket.pl\/\",\"name\":\"BOBIMARKET.pl - Remontuj i urz\u0105dzaj z nami\",\"description\":\"Remontuj i urz\u0105dzaj z nami\",\"publisher\":{\"@id\":\"https:\/\/bobimarket.pl\/#organization\"},\"potentialAction\":[{\"@type\":\"SearchAction\",\"target\":{\"@type\":\"EntryPoint\",\"urlTemplate\":\"https:\/\/bobimarket.pl\/?s={search_term_string}\"},\"query-input\":\"required name=search_term_string\"}],\"inLanguage\":\"pl-PL\"},{\"@type\":\"Organization\",\"@id\":\"https:\/\/bobimarket.pl\/#organization\",\"name\":\"BOBIMARKET.pl\",\"url\":\"https:\/\/bobimarket.pl\/\",\"logo\":{\"@type\":\"ImageObject\",\"inLanguage\":\"pl-PL\",\"@id\":\"https:\/\/bobimarket.pl\/#\/schema\/logo\/image\/\",\"url\":\"https:\/\/bobimarket.pl\/wp-content\/uploads\/2021\/11\/slogan.png\",\"contentUrl\":\"https:\/\/bobimarket.pl\/wp-content\/uploads\/2021\/11\/slogan.png\",\"width\":2000,\"height\":384,\"caption\":\"BOBIMARKET.pl\"},\"image\":{\"@id\":\"https:\/\/bobimarket.pl\/#\/schema\/logo\/image\/\"}}]}<\/script>\n<!-- \/ Yoast SEO plugin. -->","yoast_head_json":{"title":"DRZWICZKI REWIZYJNE PLASTIKOWE 25x30 cm GRAFITOWE - BOBIMARKET.pl - Remontuj i urz\u0105dzaj z nami","robots":{"index":"index","follow":"follow","max-snippet":"max-snippet:-1","max-image-preview":"max-image-preview:large","max-video-preview":"max-video-preview:-1"},"canonical":"https:\/\/bobimarket.pl\/index.php\/produkt\/drzwiczki-rewizyjne-plastikowe-25x30-cm-grafitowe\/","og_locale":"pl_PL","og_type":"article","og_title":"DRZWICZKI REWIZYJNE PLASTIKOWE 25x30 cm GRAFITOWE - BOBIMARKET.pl - Remontuj i urz\u0105dzaj z nami","og_description":"DRZWICZKI REWIZYJNE PLASTIKOWE 25&#215;30 cm GRAFITOWE Dane techniczne: Rozmiar drzwiczek: 25&#215;30 Szeroko\u015b\u0107 ca\u0142kowita: 275 mm D\u0142ugo\u015b\u0107 ca\u0142kowita: 325 mm Wymiary ramki monta\u017cowej: 243 mm x 300 mm \u015awiat\u0142o otworu: 230 mm x 280 mm Materia\u0142: tworzywo ABS Wygodne zamykanie Kolor: grafitowy Estetyczne i praktyczne wyko\u0144czenie otwor\u00f3w rewizyjnych Wysokiej jako\u015bci drzwiczki rewizyjne wykonane z wytrzyma\u0142ego tworzywa     Czytaj wi\u0119cej \"DRZWICZKI REWIZYJNE PLASTIKOWE 25&#215;30 cm GRAFITOWE\"","og_url":"https:\/\/bobimarket.pl\/index.php\/produkt\/drzwiczki-rewizyjne-plastikowe-25x30-cm-grafitowe\/","og_site_name":"BOBIMARKET.pl - Remontuj i urz\u0105dzaj z nami","article_modified_time":"2025-02-27T16:39:02+00:00","og_image":[{"url":"https:\/\/upload.cdn.baselinker.com\/products\/14476\/d0215d5d6f145cb6cb48b9e28f233fd3.jpg"}],"twitter_card":"summary_large_image","twitter_misc":{"Szacowany czas czytania":"1 minuta"},"schema":{"@context":"https:\/\/schema.org","@graph":[{"@type":"WebPage","@id":"https:\/\/bobimarket.pl\/index.php\/produkt\/drzwiczki-rewizyjne-plastikowe-25x30-cm-grafitowe\/","url":"https:\/\/bobimarket.pl\/index.php\/produkt\/drzwiczki-rewizyjne-plastikowe-25x30-cm-grafitowe\/","name":"DRZWICZKI REWIZYJNE PLASTIKOWE 25x30 cm GRAFITOWE - BOBIMARKET.pl - Remontuj i urz\u0105dzaj z nami","isPartOf":{"@id":"https:\/\/bobimarket.pl\/#website"},"datePublished":"2023-08-30T12:58:05+00:00","dateModified":"2025-02-27T16:39:02+00:00","breadcrumb":{"@id":"https:\/\/bobimarket.pl\/index.php\/produkt\/drzwiczki-rewizyjne-plastikowe-25x30-cm-grafitowe\/#breadcrumb"},"inLanguage":"pl-PL","potentialAction":[{"@type":"ReadAction","target":["https:\/\/bobimarket.pl\/index.php\/produkt\/drzwiczki-rewizyjne-plastikowe-25x30-cm-grafitowe\/"]}]},{"@type":"BreadcrumbList","@id":"https:\/\/bobimarket.pl\/index.php\/produkt\/drzwiczki-rewizyjne-plastikowe-25x30-cm-grafitowe\/#breadcrumb","itemListElement":[{"@type":"ListItem","position":1,"name":"Strona g\u0142\u00f3wna","item":"https:\/\/bobimarket.pl\/"},{"@type":"ListItem","position":2,"name":"Sklep","item":"https:\/\/bobimarket.pl\/index.php\/shop\/"},{"@type":"ListItem","position":3,"name":"DRZWICZKI REWIZYJNE PLASTIKOWE 25&#215;30 cm GRAFITOWE"}]},{"@type":"WebSite","@id":"https:\/\/bobimarket.pl\/#website","url":"https:\/\/bobimarket.pl\/","name":"BOBIMARKET.pl - Remontuj i urz\u0105dzaj z nami","description":"Remontuj i urz\u0105dzaj z nami","publisher":{"@id":"https:\/\/bobimarket.pl\/#organization"},"potentialAction":[{"@type":"SearchAction","target":{"@type":"EntryPoint","urlTemplate":"https:\/\/bobimarket.pl\/?s={search_term_string}"},"query-input":"required name=search_term_string"}],"inLanguage":"pl-PL"},{"@type":"Organization","@id":"https:\/\/bobimarket.pl\/#organization","name":"BOBIMARKET.pl","url":"https:\/\/bobimarket.pl\/","logo":{"@type":"ImageObject","inLanguage":"pl-PL","@id":"https:\/\/bobimarket.pl\/#\/schema\/logo\/image\/","url":"https:\/\/bobimarket.pl\/wp-content\/uploads\/2021\/11\/slogan.png","contentUrl":"https:\/\/bobimarket.pl\/wp-content\/uploads\/2021\/11\/slogan.png","width":2000,"height":384,"caption":"BOBIMARKET.pl"},"image":{"@id":"https:\/\/bobimarket.pl\/#\/schema\/logo\/image\/"}}]}},"_links":{"self":[{"href":"https:\/\/bobimarket.pl\/index.php\/wp-json\/wp\/v2\/product\/97688"}],"collection":[{"href":"https:\/\/bobimarket.pl\/index.php\/wp-json\/wp\/v2\/product"}],"about":[{"href":"https:\/\/bobimarket.pl\/index.php\/wp-json\/wp\/v2\/types\/product"}],"wp:featuredmedia":[{"embeddable":true,"href":"https:\/\/bobimarket.pl\/index.php\/wp-json\/wp\/v2\/media\/97685"}],"wp:attachment":[{"href":"https:\/\/bobimarket.pl\/index.php\/wp-json\/wp\/v2\/media?parent=97688"}],"wp:term":[{"taxonomy":"product_cat","embeddable":true,"href":"https:\/\/bobimarket.pl\/index.php\/wp-json\/wp\/v2\/product_cat?post=97688"},{"taxonomy":"product_tag","embeddable":true,"href":"https:\/\/bobimarket.pl\/index.php\/wp-json\/wp\/v2\/product_tag?post=97688"}],"curies":[{"name":"wp","href":"https:\/\/api.w.org\/{rel}","templated":true}]}}