{"id":97713,"date":"2023-08-30T13:01:35","date_gmt":"2023-08-30T13:01:35","guid":{"rendered":"https:\/\/bobimarket.pl\/index.php\/produkt\/nozyce-florystyczne-do-ziol-kwiatow-galazek-145mm\/"},"modified":"2025-02-27T16:39:29","modified_gmt":"2025-02-27T16:39:29","slug":"nozyce-florystyczne-do-ziol-kwiatow-galazek-145mm","status":"publish","type":"product","link":"https:\/\/bobimarket.pl\/index.php\/produkt\/nozyce-florystyczne-do-ziol-kwiatow-galazek-145mm\/","title":{"rendered":"NO\u017bYCE FLORYSTYCZNE DO ZI\u00d3\u0141 KWIAT\u00d3W GA\u0141\u0104ZEK 145mm"},"content":{"rendered":"<section class=\"section\">\n<div class=\"item item-12\">\n<section class=\"text-item\">\n<h2>NO\u017bYCE FLORYSTYCZNE DO ZI\u00d3\u0141 KWIAT\u00d3W GA\u0141\u0104ZEK 145mm<\/h2>\n<p><b>Informacje og\u00f3lne:<\/b><\/p>\n<ul>\n<li>D\u0142ugo\u015b\u0107 ca\u0142kowita:<b> 145 mm<\/b><\/li>\n<li>\u015arednica ga\u0142\u0119zi:<b> do 10 mm <\/b><\/li>\n<li>Rodzaj:no\u017cyve florystyczne<\/li>\n<li>Zaokr\u0105glone ko\u0144ce<\/li>\n<\/ul>\n<\/section><\/div>\n<\/section>\n<section class=\"section\">\n<div class=\"item item-12\">\n<section class=\"image-item\">\n            <img decoding=\"async\" src=\"https:\/\/upload.cdn.baselinker.com\/products\/14476\/e2b5434d47636a6f51c2d613a78c7968.jpg\" \/><br \/>\n        <\/section>\n<\/p><\/div>\n<\/section>\n<section class=\"section\">\n<div class=\"item item-12\">\n<section class=\"text-item\">\n<h1>Pomocnik przy pracach w ogrodzie i nie tylko !<\/h1>\n<p>Praktyczne i przydatne no\u017cyce flotystyczne. Wykonany ze solidnych materia\u0142\u00f3w, co b\u0119dzie owocowa\u0142o d\u0142ugim okresem u\u017cytkowania.\u00a0 R\u0105czki powlekane s\u0105 tworzywem, kt\u00f3ry zapewnia pewny chwyt narz\u0119dzia i bezpieczn\u0105 prac\u0119.\u00a0Sprz\u0119t jest lekki i por\u0119czny oraz prosty w obs\u0142udze.\u00a0B\u0119dzie pomocny podczas ci\u0119cia piel\u0119gnacyjnego krzew\u00f3w i kwiat\u00f3w i zi\u00f3\u0142.<\/p>\n<ul>\n<li>Wygodny ergonomiczny uchwyt umo\u017cliwia skuteczne podcinanie ro\u015blin jedn\u0105 r\u0119k\u0105.<\/li>\n<li>Zaokr\u0105glone ostrza pozwalaj\u0105 na precyzyjne ci\u0119cie zar\u00f3wno twardych, jak i delikatnych cz\u0119\u015bci ro\u015blin.<\/li>\n<\/ul>\n<\/section><\/div>\n<\/section>\n<section class=\"section\">\n<div class=\"item item-12\">\n<section class=\"image-item\">\n            <img decoding=\"async\" src=\"https:\/\/upload.cdn.baselinker.com\/products\/14476\/a307f671e9293d37e1bef3dd28d8b788.jpg\" \/><br \/>\n        <\/section>\n<\/p><\/div>\n<\/section>\n<section class=\"section\">\n<div class=\"item item-12\">\n<section class=\"text-item\">\n<h2>W tym sezonie zadbaj o sw\u00f3j ogr\u00f3d z por\u0119cznymi no\u017cycami<\/h2>\n<p>No\u017cyce b\u0119d\u0105 pomocne podczas wszelkich prac ogrodowych i pomog\u0105 w samodzielnej piel\u0119gnacji ro\u015blin! Niewielki rozmiar narz\u0119dzia sprawia, \u017ce mo\u017cesz nimi precyzyjnie operowa\u0107, bez obaw, \u017ce uszkodzisz delikatne p\u0119dy i kwiaty.\u00a0 Dzi\u0119ki nowoczesnemu i ergonomicznemu\u00a0kszta\u0142towi umo\u017cliwia\u00a0sprawne ci\u0119cie i zapewnia bezpiecze\u0144stwo pracy.\u00a0<\/p>\n<ul>\n<li>Dobrze sprawdza si\u0119 podczas ci\u0119cia kwiat\u00f3w lub p\u0119d\u00f3w, a tak\u017ce podczas zrywania zi\u00f3\u0142.<\/li>\n<li>Nadaje si\u0119 r\u00f3wnie\u017c do przycinania ga\u0142\u0105zek o \u015brednicy do 10 mm.<\/li>\n<li>Skutecznie potniesz nim ro\u015bliny na wybrane d\u0142ugo\u015bci.<\/li>\n<\/ul>\n<p><b>Niewa\u017cne czy Tw\u00f3j ogr\u00f3d jest du\u017cy czy ma\u0142e! Narz\u0119dzia przydatne w ka\u017cdym ogrodzie!<\/b><\/p>\n<\/section><\/div>\n<\/section>\n<section class=\"section\">\n<div class=\"item item-12\">\n<section class=\"image-item\">\n            <img decoding=\"async\" src=\"https:\/\/upload.cdn.baselinker.com\/products\/14476\/e2b5434d47636a6f51c2d613a78c7968.jpg\" \/><br \/>\n        <\/section>\n<\/p><\/div>\n<\/section>\n","protected":false},"excerpt":{"rendered":"<p>NO\u017bYCE FLORYSTYCZNE DO ZI\u00d3\u0141 KWIAT\u00d3W GA\u0141\u0104ZEK 145mm Informacje og\u00f3lne: D\u0142ugo\u015b\u0107 ca\u0142kowita: 145 mm \u015arednica ga\u0142\u0119zi: do 10 mm Rodzaj:no\u017cyve florystyczne Zaokr\u0105glone ko\u0144ce Pomocnik przy pracach w ogrodzie i nie tylko ! Praktyczne i przydatne no\u017cyce flotystyczne. Wykonany ze solidnych materia\u0142\u00f3w, co b\u0119dzie owocowa\u0142o d\u0142ugim okresem u\u017cytkowania.\u00a0 R\u0105czki powlekane s\u0105 tworzywem, kt\u00f3ry zapewnia pewny chwyt narz\u0119dzia<br \/><a class=\"more-link\" href=\"https:\/\/bobimarket.pl\/index.php\/produkt\/nozyce-florystyczne-do-ziol-kwiatow-galazek-145mm\/\"><br \/>\n        Czytaj wi\u0119cej<span class=\"screen-reader-text\"> &#8222;NO\u017bYCE FLORYSTYCZNE DO ZI\u00d3\u0141 KWIAT\u00d3W GA\u0141\u0104ZEK 145mm&#8221;<\/span><\/a><\/p>\n","protected":false},"featured_media":97709,"template":"","meta":[],"product_cat":[8226],"product_tag":[],"yoast_head":"<!-- This site is optimized with the Yoast SEO plugin v21.0 - https:\/\/yoast.com\/wordpress\/plugins\/seo\/ -->\n<title>NO\u017bYCE FLORYSTYCZNE DO ZI\u00d3\u0141 KWIAT\u00d3W GA\u0141\u0104ZEK 145mm - BOBIMARKET.pl - Remontuj i urz\u0105dzaj z nami<\/title>\n<meta name=\"robots\" content=\"index, follow, max-snippet:-1, max-image-preview:large, max-video-preview:-1\" \/>\n<link rel=\"canonical\" href=\"https:\/\/bobimarket.pl\/index.php\/produkt\/nozyce-florystyczne-do-ziol-kwiatow-galazek-145mm\/\" \/>\n<meta property=\"og:locale\" content=\"pl_PL\" \/>\n<meta property=\"og:type\" content=\"article\" \/>\n<meta property=\"og:title\" content=\"NO\u017bYCE FLORYSTYCZNE DO ZI\u00d3\u0141 KWIAT\u00d3W GA\u0141\u0104ZEK 145mm - BOBIMARKET.pl - Remontuj i urz\u0105dzaj z nami\" \/>\n<meta property=\"og:description\" content=\"NO\u017bYCE FLORYSTYCZNE DO ZI\u00d3\u0141 KWIAT\u00d3W GA\u0141\u0104ZEK 145mm Informacje og\u00f3lne: D\u0142ugo\u015b\u0107 ca\u0142kowita: 145 mm \u015arednica ga\u0142\u0119zi: do 10 mm Rodzaj:no\u017cyve florystyczne Zaokr\u0105glone ko\u0144ce Pomocnik przy pracach w ogrodzie i nie tylko ! Praktyczne i przydatne no\u017cyce flotystyczne. Wykonany ze solidnych materia\u0142\u00f3w, co b\u0119dzie owocowa\u0142o d\u0142ugim okresem u\u017cytkowania.\u00a0 R\u0105czki powlekane s\u0105 tworzywem, kt\u00f3ry zapewnia pewny chwyt narz\u0119dzia     Czytaj wi\u0119cej &quot;NO\u017bYCE FLORYSTYCZNE DO ZI\u00d3\u0141 KWIAT\u00d3W GA\u0141\u0104ZEK 145mm&quot;\" \/>\n<meta property=\"og:url\" content=\"https:\/\/bobimarket.pl\/index.php\/produkt\/nozyce-florystyczne-do-ziol-kwiatow-galazek-145mm\/\" \/>\n<meta property=\"og:site_name\" content=\"BOBIMARKET.pl - Remontuj i urz\u0105dzaj z nami\" \/>\n<meta property=\"article:modified_time\" content=\"2025-02-27T16:39:29+00:00\" \/>\n<meta property=\"og:image\" content=\"https:\/\/upload.cdn.baselinker.com\/products\/14476\/e2b5434d47636a6f51c2d613a78c7968.jpg\" \/>\n<meta name=\"twitter:card\" content=\"summary_large_image\" \/>\n<meta name=\"twitter:label1\" content=\"Szacowany czas czytania\" \/>\n\t<meta name=\"twitter:data1\" content=\"1 minuta\" \/>\n<script type=\"application\/ld+json\" class=\"yoast-schema-graph\">{\"@context\":\"https:\/\/schema.org\",\"@graph\":[{\"@type\":\"WebPage\",\"@id\":\"https:\/\/bobimarket.pl\/index.php\/produkt\/nozyce-florystyczne-do-ziol-kwiatow-galazek-145mm\/\",\"url\":\"https:\/\/bobimarket.pl\/index.php\/produkt\/nozyce-florystyczne-do-ziol-kwiatow-galazek-145mm\/\",\"name\":\"NO\u017bYCE FLORYSTYCZNE DO ZI\u00d3\u0141 KWIAT\u00d3W GA\u0141\u0104ZEK 145mm - BOBIMARKET.pl - Remontuj i urz\u0105dzaj z nami\",\"isPartOf\":{\"@id\":\"https:\/\/bobimarket.pl\/#website\"},\"datePublished\":\"2023-08-30T13:01:35+00:00\",\"dateModified\":\"2025-02-27T16:39:29+00:00\",\"breadcrumb\":{\"@id\":\"https:\/\/bobimarket.pl\/index.php\/produkt\/nozyce-florystyczne-do-ziol-kwiatow-galazek-145mm\/#breadcrumb\"},\"inLanguage\":\"pl-PL\",\"potentialAction\":[{\"@type\":\"ReadAction\",\"target\":[\"https:\/\/bobimarket.pl\/index.php\/produkt\/nozyce-florystyczne-do-ziol-kwiatow-galazek-145mm\/\"]}]},{\"@type\":\"BreadcrumbList\",\"@id\":\"https:\/\/bobimarket.pl\/index.php\/produkt\/nozyce-florystyczne-do-ziol-kwiatow-galazek-145mm\/#breadcrumb\",\"itemListElement\":[{\"@type\":\"ListItem\",\"position\":1,\"name\":\"Strona g\u0142\u00f3wna\",\"item\":\"https:\/\/bobimarket.pl\/\"},{\"@type\":\"ListItem\",\"position\":2,\"name\":\"Sklep\",\"item\":\"https:\/\/bobimarket.pl\/index.php\/shop\/\"},{\"@type\":\"ListItem\",\"position\":3,\"name\":\"NO\u017bYCE FLORYSTYCZNE DO ZI\u00d3\u0141 KWIAT\u00d3W GA\u0141\u0104ZEK 145mm\"}]},{\"@type\":\"WebSite\",\"@id\":\"https:\/\/bobimarket.pl\/#website\",\"url\":\"https:\/\/bobimarket.pl\/\",\"name\":\"BOBIMARKET.pl - Remontuj i urz\u0105dzaj z nami\",\"description\":\"Remontuj i urz\u0105dzaj z nami\",\"publisher\":{\"@id\":\"https:\/\/bobimarket.pl\/#organization\"},\"potentialAction\":[{\"@type\":\"SearchAction\",\"target\":{\"@type\":\"EntryPoint\",\"urlTemplate\":\"https:\/\/bobimarket.pl\/?s={search_term_string}\"},\"query-input\":\"required name=search_term_string\"}],\"inLanguage\":\"pl-PL\"},{\"@type\":\"Organization\",\"@id\":\"https:\/\/bobimarket.pl\/#organization\",\"name\":\"BOBIMARKET.pl\",\"url\":\"https:\/\/bobimarket.pl\/\",\"logo\":{\"@type\":\"ImageObject\",\"inLanguage\":\"pl-PL\",\"@id\":\"https:\/\/bobimarket.pl\/#\/schema\/logo\/image\/\",\"url\":\"https:\/\/bobimarket.pl\/wp-content\/uploads\/2021\/11\/slogan.png\",\"contentUrl\":\"https:\/\/bobimarket.pl\/wp-content\/uploads\/2021\/11\/slogan.png\",\"width\":2000,\"height\":384,\"caption\":\"BOBIMARKET.pl\"},\"image\":{\"@id\":\"https:\/\/bobimarket.pl\/#\/schema\/logo\/image\/\"}}]}<\/script>\n<!-- \/ Yoast SEO plugin. -->","yoast_head_json":{"title":"NO\u017bYCE FLORYSTYCZNE DO ZI\u00d3\u0141 KWIAT\u00d3W GA\u0141\u0104ZEK 145mm - BOBIMARKET.pl - Remontuj i urz\u0105dzaj z nami","robots":{"index":"index","follow":"follow","max-snippet":"max-snippet:-1","max-image-preview":"max-image-preview:large","max-video-preview":"max-video-preview:-1"},"canonical":"https:\/\/bobimarket.pl\/index.php\/produkt\/nozyce-florystyczne-do-ziol-kwiatow-galazek-145mm\/","og_locale":"pl_PL","og_type":"article","og_title":"NO\u017bYCE FLORYSTYCZNE DO ZI\u00d3\u0141 KWIAT\u00d3W GA\u0141\u0104ZEK 145mm - BOBIMARKET.pl - Remontuj i urz\u0105dzaj z nami","og_description":"NO\u017bYCE FLORYSTYCZNE DO ZI\u00d3\u0141 KWIAT\u00d3W GA\u0141\u0104ZEK 145mm Informacje og\u00f3lne: D\u0142ugo\u015b\u0107 ca\u0142kowita: 145 mm \u015arednica ga\u0142\u0119zi: do 10 mm Rodzaj:no\u017cyve florystyczne Zaokr\u0105glone ko\u0144ce Pomocnik przy pracach w ogrodzie i nie tylko ! Praktyczne i przydatne no\u017cyce flotystyczne. Wykonany ze solidnych materia\u0142\u00f3w, co b\u0119dzie owocowa\u0142o d\u0142ugim okresem u\u017cytkowania.\u00a0 R\u0105czki powlekane s\u0105 tworzywem, kt\u00f3ry zapewnia pewny chwyt narz\u0119dzia     Czytaj wi\u0119cej \"NO\u017bYCE FLORYSTYCZNE DO ZI\u00d3\u0141 KWIAT\u00d3W GA\u0141\u0104ZEK 145mm\"","og_url":"https:\/\/bobimarket.pl\/index.php\/produkt\/nozyce-florystyczne-do-ziol-kwiatow-galazek-145mm\/","og_site_name":"BOBIMARKET.pl - Remontuj i urz\u0105dzaj z nami","article_modified_time":"2025-02-27T16:39:29+00:00","og_image":[{"url":"https:\/\/upload.cdn.baselinker.com\/products\/14476\/e2b5434d47636a6f51c2d613a78c7968.jpg"}],"twitter_card":"summary_large_image","twitter_misc":{"Szacowany czas czytania":"1 minuta"},"schema":{"@context":"https:\/\/schema.org","@graph":[{"@type":"WebPage","@id":"https:\/\/bobimarket.pl\/index.php\/produkt\/nozyce-florystyczne-do-ziol-kwiatow-galazek-145mm\/","url":"https:\/\/bobimarket.pl\/index.php\/produkt\/nozyce-florystyczne-do-ziol-kwiatow-galazek-145mm\/","name":"NO\u017bYCE FLORYSTYCZNE DO ZI\u00d3\u0141 KWIAT\u00d3W GA\u0141\u0104ZEK 145mm - BOBIMARKET.pl - Remontuj i urz\u0105dzaj z nami","isPartOf":{"@id":"https:\/\/bobimarket.pl\/#website"},"datePublished":"2023-08-30T13:01:35+00:00","dateModified":"2025-02-27T16:39:29+00:00","breadcrumb":{"@id":"https:\/\/bobimarket.pl\/index.php\/produkt\/nozyce-florystyczne-do-ziol-kwiatow-galazek-145mm\/#breadcrumb"},"inLanguage":"pl-PL","potentialAction":[{"@type":"ReadAction","target":["https:\/\/bobimarket.pl\/index.php\/produkt\/nozyce-florystyczne-do-ziol-kwiatow-galazek-145mm\/"]}]},{"@type":"BreadcrumbList","@id":"https:\/\/bobimarket.pl\/index.php\/produkt\/nozyce-florystyczne-do-ziol-kwiatow-galazek-145mm\/#breadcrumb","itemListElement":[{"@type":"ListItem","position":1,"name":"Strona g\u0142\u00f3wna","item":"https:\/\/bobimarket.pl\/"},{"@type":"ListItem","position":2,"name":"Sklep","item":"https:\/\/bobimarket.pl\/index.php\/shop\/"},{"@type":"ListItem","position":3,"name":"NO\u017bYCE FLORYSTYCZNE DO ZI\u00d3\u0141 KWIAT\u00d3W GA\u0141\u0104ZEK 145mm"}]},{"@type":"WebSite","@id":"https:\/\/bobimarket.pl\/#website","url":"https:\/\/bobimarket.pl\/","name":"BOBIMARKET.pl - Remontuj i urz\u0105dzaj z nami","description":"Remontuj i urz\u0105dzaj z nami","publisher":{"@id":"https:\/\/bobimarket.pl\/#organization"},"potentialAction":[{"@type":"SearchAction","target":{"@type":"EntryPoint","urlTemplate":"https:\/\/bobimarket.pl\/?s={search_term_string}"},"query-input":"required name=search_term_string"}],"inLanguage":"pl-PL"},{"@type":"Organization","@id":"https:\/\/bobimarket.pl\/#organization","name":"BOBIMARKET.pl","url":"https:\/\/bobimarket.pl\/","logo":{"@type":"ImageObject","inLanguage":"pl-PL","@id":"https:\/\/bobimarket.pl\/#\/schema\/logo\/image\/","url":"https:\/\/bobimarket.pl\/wp-content\/uploads\/2021\/11\/slogan.png","contentUrl":"https:\/\/bobimarket.pl\/wp-content\/uploads\/2021\/11\/slogan.png","width":2000,"height":384,"caption":"BOBIMARKET.pl"},"image":{"@id":"https:\/\/bobimarket.pl\/#\/schema\/logo\/image\/"}}]}},"_links":{"self":[{"href":"https:\/\/bobimarket.pl\/index.php\/wp-json\/wp\/v2\/product\/97713"}],"collection":[{"href":"https:\/\/bobimarket.pl\/index.php\/wp-json\/wp\/v2\/product"}],"about":[{"href":"https:\/\/bobimarket.pl\/index.php\/wp-json\/wp\/v2\/types\/product"}],"wp:featuredmedia":[{"embeddable":true,"href":"https:\/\/bobimarket.pl\/index.php\/wp-json\/wp\/v2\/media\/97709"}],"wp:attachment":[{"href":"https:\/\/bobimarket.pl\/index.php\/wp-json\/wp\/v2\/media?parent=97713"}],"wp:term":[{"taxonomy":"product_cat","embeddable":true,"href":"https:\/\/bobimarket.pl\/index.php\/wp-json\/wp\/v2\/product_cat?post=97713"},{"taxonomy":"product_tag","embeddable":true,"href":"https:\/\/bobimarket.pl\/index.php\/wp-json\/wp\/v2\/product_tag?post=97713"}],"curies":[{"name":"wp","href":"https:\/\/api.w.org\/{rel}","templated":true}]}}