{"id":97718,"date":"2023-08-30T13:01:46","date_gmt":"2023-08-30T13:01:46","guid":{"rendered":"https:\/\/bobimarket.pl\/index.php\/produkt\/hamak-ogrodowy-dwuosobowy-worek-mocny-200kg\/"},"modified":"2025-02-27T16:39:33","modified_gmt":"2025-02-27T16:39:33","slug":"hamak-ogrodowy-dwuosobowy-worek-mocny-200kg","status":"publish","type":"product","link":"https:\/\/bobimarket.pl\/index.php\/produkt\/hamak-ogrodowy-dwuosobowy-worek-mocny-200kg\/","title":{"rendered":"HAMAK OGRODOWY DWUOSOBOWY WOREK MOCNY 200KG"},"content":{"rendered":"<section class=\"section\">\n<div class=\"item item-12\">\n<section class=\"text-item\">\n<h2>HAMAK OGRODOWY DWUOSOBOWY WOREK MOCNY 200KG<\/h2>\n<p><b>Informacje og\u00f3lne:<\/b>\u00a0\u00a0\u00a0<\/p>\n<ul>\n<li>Rozmiar\u00a0 <b>200&#215;150 cm\u00a0\u00a0\u00a0<\/b><\/li>\n<li>Materia\u0142 wykonania: <b>tkanina poliestrowo-bawe\u0142niana\u00a0\u00a0\u00a0<\/b><\/li>\n<li>Maksymalny ud\u017awig: <b>200 kg<\/b>\u00a0\u00a0\u00a0<\/li>\n<li><b>Worek do spakowania hamaka w zestawie<\/b><\/li>\n<\/ul>\n<\/section><\/div>\n<\/section>\n<section class=\"section\">\n<div class=\"item item-12\">\n<section class=\"image-item\">\n            <img decoding=\"async\" src=\"https:\/\/upload.cdn.baselinker.com\/products\/14476\/d026a3d567682391a0446fc6f204684b.jpg\" \/><br \/>\n        <\/section>\n<\/p><\/div>\n<\/section>\n<section class=\"section\">\n<div class=\"item item-12\">\n<section class=\"text-item\">\n<h2>Idealne rozwi\u0105zanie dla mi\u0142o\u015bnik\u00f3w relaksu na \u015bwie\u017cym powietrzu!<\/h2>\n<p>\u015aliczny i <b>wygodny dwuosobowy hamak<\/b>\u00a0 o wysokiej no\u015bno\u015bci 200 kg zapewni Ci komfort i odpoczynek na najwy\u017cszym poziomie. Wykonany z mocnego i wytrzyma\u0142ego materia\u0142u. Hamak jest zaprojektowany tak, aby sprosta\u0107 wymaganiom nawet najbardziej wymagaj\u0105cych u\u017cytkownik\u00f3w. Jego <b>solidna konstrukcja i wysokiej jako\u015bci tkanina<\/b> gwarantuj\u0105 nie tylko bezpiecze\u0144stwo, ale tak\u017ce d\u0142ugotrwa\u0142e u\u017cytkowanie. Dzi\u0119ki temu mo\u017cesz cieszy\u0107 si\u0119 nim przez wiele sezon\u00f3w.<\/p>\n<ul>\n<li>\u015awietnie sprawdzi si\u0119 w ogrodzie, na tarasie, balkonie, a nawet w pokoju.<\/li>\n<\/ul>\n<\/section><\/div>\n<\/section>\n<section class=\"section\">\n<div class=\"item item-12\">\n<section class=\"image-item\">\n            <img decoding=\"async\" src=\"https:\/\/upload.cdn.baselinker.com\/products\/14476\/a9b355897f40b44208b73164d7eaae80.jpg\" \/><br \/>\n        <\/section>\n<\/p><\/div>\n<\/section>\n<section class=\"section\">\n<div class=\"item item-12\">\n<section class=\"text-item\">\n<h2>\u2705 KOMFORTOWY<\/h2>\n<p>Ten hamak zosta\u0142 stworzony z my\u015bl\u0105 o Twoim komforcie. Posiada <b>wygodne miejsce na dwie osoby<\/b>, zatem mo\u017cesz sp\u0119dzi\u0107 mi\u0142e chwile z bliskimi, partnerem lub przyjaci\u00f3\u0142mi. Zamocuj go w ogrodzie na drzewie, mi\u0119dzy s\u0142upkami lub wykorzystaj specjalne uchwyty do monta\u017cu \u2013 mo\u017cliwo\u015bci s\u0105 nieograniczone.<\/p>\n<\/section><\/div>\n<\/section>\n<section class=\"section\">\n<div class=\"item item-12\">\n<section class=\"image-item\">\n            <img decoding=\"async\" src=\"https:\/\/upload.cdn.baselinker.com\/products\/14476\/40b47028726543ccd6ff788190575fde.jpg\" \/><br \/>\n        <\/section>\n<\/p><\/div>\n<\/section>\n<section class=\"section\">\n<div class=\"item item-12\">\n<section class=\"text-item\">\n<h2>\u2705 PRAKTYCZNY<\/h2>\n<p>Hamak w zestawie zawiera worek. Ma\u0142e wymiary po z\u0142o\u017ceniu powoduj\u0105, \u017ce hamak\u00a0<b> mo\u017cna \u0142atwo spakowa\u0107 do worka i zabra\u0107 ze sob\u0105 w podr\u00f3\u017c.<\/b> Prosty monta\u017c, kompaktowe rozmiary sprawiaj\u0105, \u017ce mo\u017cesz wykorzysta\u0107 hamak w dowolnie wybranym miejscu.<\/p>\n<\/section><\/div>\n<\/section>\n<section class=\"section\">\n<div class=\"item item-12\">\n<section class=\"image-item\">\n            <img decoding=\"async\" src=\"https:\/\/upload.cdn.baselinker.com\/products\/14476\/a9b355897f40b44208b73164d7eaae80.jpg\" \/><br \/>\n        <\/section>\n<\/p><\/div>\n<\/section>\n<section class=\"section\">\n<div class=\"item item-12\">\n<section class=\"text-item\">\n<h2>Ciesz si\u0119 wyj\u0105tkowym relaksem w\u015br\u00f3d natury. Nie tra\u0107 czasu! Spraw sobie i swoim bliskim idealne miejsce na odpoczynek w ogrodzie.<\/h2>\n<\/section><\/div>\n<\/section>\n","protected":false},"excerpt":{"rendered":"<p>HAMAK OGRODOWY DWUOSOBOWY WOREK MOCNY 200KG Informacje og\u00f3lne:\u00a0\u00a0\u00a0 Rozmiar\u00a0 200&#215;150 cm\u00a0\u00a0\u00a0 Materia\u0142 wykonania: tkanina poliestrowo-bawe\u0142niana\u00a0\u00a0\u00a0 Maksymalny ud\u017awig: 200 kg\u00a0\u00a0\u00a0 Worek do spakowania hamaka w zestawie Idealne rozwi\u0105zanie dla mi\u0142o\u015bnik\u00f3w relaksu na \u015bwie\u017cym powietrzu! \u015aliczny i wygodny dwuosobowy hamak\u00a0 o wysokiej no\u015bno\u015bci 200 kg zapewni Ci komfort i odpoczynek na najwy\u017cszym poziomie. Wykonany z mocnego i<br \/><a class=\"more-link\" href=\"https:\/\/bobimarket.pl\/index.php\/produkt\/hamak-ogrodowy-dwuosobowy-worek-mocny-200kg\/\"><br \/>\n        Czytaj wi\u0119cej<span class=\"screen-reader-text\"> &#8222;HAMAK OGRODOWY DWUOSOBOWY WOREK MOCNY 200KG&#8221;<\/span><\/a><\/p>\n","protected":false},"featured_media":97714,"template":"","meta":[],"product_cat":[8096],"product_tag":[],"yoast_head":"<!-- This site is optimized with the Yoast SEO plugin v21.0 - https:\/\/yoast.com\/wordpress\/plugins\/seo\/ -->\n<title>HAMAK OGRODOWY DWUOSOBOWY WOREK MOCNY 200KG - BOBIMARKET.pl - Remontuj i urz\u0105dzaj z nami<\/title>\n<meta name=\"robots\" content=\"index, follow, max-snippet:-1, max-image-preview:large, max-video-preview:-1\" \/>\n<link rel=\"canonical\" href=\"https:\/\/bobimarket.pl\/index.php\/produkt\/hamak-ogrodowy-dwuosobowy-worek-mocny-200kg\/\" \/>\n<meta property=\"og:locale\" content=\"pl_PL\" \/>\n<meta property=\"og:type\" content=\"article\" \/>\n<meta property=\"og:title\" content=\"HAMAK OGRODOWY DWUOSOBOWY WOREK MOCNY 200KG - BOBIMARKET.pl - Remontuj i urz\u0105dzaj z nami\" \/>\n<meta property=\"og:description\" content=\"HAMAK OGRODOWY DWUOSOBOWY WOREK MOCNY 200KG Informacje og\u00f3lne:\u00a0\u00a0\u00a0 Rozmiar\u00a0 200&#215;150 cm\u00a0\u00a0\u00a0 Materia\u0142 wykonania: tkanina poliestrowo-bawe\u0142niana\u00a0\u00a0\u00a0 Maksymalny ud\u017awig: 200 kg\u00a0\u00a0\u00a0 Worek do spakowania hamaka w zestawie Idealne rozwi\u0105zanie dla mi\u0142o\u015bnik\u00f3w relaksu na \u015bwie\u017cym powietrzu! \u015aliczny i wygodny dwuosobowy hamak\u00a0 o wysokiej no\u015bno\u015bci 200 kg zapewni Ci komfort i odpoczynek na najwy\u017cszym poziomie. Wykonany z mocnego i     Czytaj wi\u0119cej &quot;HAMAK OGRODOWY DWUOSOBOWY WOREK MOCNY 200KG&quot;\" \/>\n<meta property=\"og:url\" content=\"https:\/\/bobimarket.pl\/index.php\/produkt\/hamak-ogrodowy-dwuosobowy-worek-mocny-200kg\/\" \/>\n<meta property=\"og:site_name\" content=\"BOBIMARKET.pl - Remontuj i urz\u0105dzaj z nami\" \/>\n<meta property=\"article:modified_time\" content=\"2025-02-27T16:39:33+00:00\" \/>\n<meta property=\"og:image\" content=\"https:\/\/upload.cdn.baselinker.com\/products\/14476\/d026a3d567682391a0446fc6f204684b.jpg\" \/>\n<meta name=\"twitter:card\" content=\"summary_large_image\" \/>\n<meta name=\"twitter:label1\" content=\"Szacowany czas czytania\" \/>\n\t<meta name=\"twitter:data1\" content=\"1 minuta\" \/>\n<script type=\"application\/ld+json\" class=\"yoast-schema-graph\">{\"@context\":\"https:\/\/schema.org\",\"@graph\":[{\"@type\":\"WebPage\",\"@id\":\"https:\/\/bobimarket.pl\/index.php\/produkt\/hamak-ogrodowy-dwuosobowy-worek-mocny-200kg\/\",\"url\":\"https:\/\/bobimarket.pl\/index.php\/produkt\/hamak-ogrodowy-dwuosobowy-worek-mocny-200kg\/\",\"name\":\"HAMAK OGRODOWY DWUOSOBOWY WOREK MOCNY 200KG - BOBIMARKET.pl - Remontuj i urz\u0105dzaj z nami\",\"isPartOf\":{\"@id\":\"https:\/\/bobimarket.pl\/#website\"},\"datePublished\":\"2023-08-30T13:01:46+00:00\",\"dateModified\":\"2025-02-27T16:39:33+00:00\",\"breadcrumb\":{\"@id\":\"https:\/\/bobimarket.pl\/index.php\/produkt\/hamak-ogrodowy-dwuosobowy-worek-mocny-200kg\/#breadcrumb\"},\"inLanguage\":\"pl-PL\",\"potentialAction\":[{\"@type\":\"ReadAction\",\"target\":[\"https:\/\/bobimarket.pl\/index.php\/produkt\/hamak-ogrodowy-dwuosobowy-worek-mocny-200kg\/\"]}]},{\"@type\":\"BreadcrumbList\",\"@id\":\"https:\/\/bobimarket.pl\/index.php\/produkt\/hamak-ogrodowy-dwuosobowy-worek-mocny-200kg\/#breadcrumb\",\"itemListElement\":[{\"@type\":\"ListItem\",\"position\":1,\"name\":\"Strona g\u0142\u00f3wna\",\"item\":\"https:\/\/bobimarket.pl\/\"},{\"@type\":\"ListItem\",\"position\":2,\"name\":\"Sklep\",\"item\":\"https:\/\/bobimarket.pl\/index.php\/shop\/\"},{\"@type\":\"ListItem\",\"position\":3,\"name\":\"HAMAK OGRODOWY DWUOSOBOWY WOREK MOCNY 200KG\"}]},{\"@type\":\"WebSite\",\"@id\":\"https:\/\/bobimarket.pl\/#website\",\"url\":\"https:\/\/bobimarket.pl\/\",\"name\":\"BOBIMARKET.pl - Remontuj i urz\u0105dzaj z nami\",\"description\":\"Remontuj i urz\u0105dzaj z nami\",\"publisher\":{\"@id\":\"https:\/\/bobimarket.pl\/#organization\"},\"potentialAction\":[{\"@type\":\"SearchAction\",\"target\":{\"@type\":\"EntryPoint\",\"urlTemplate\":\"https:\/\/bobimarket.pl\/?s={search_term_string}\"},\"query-input\":\"required name=search_term_string\"}],\"inLanguage\":\"pl-PL\"},{\"@type\":\"Organization\",\"@id\":\"https:\/\/bobimarket.pl\/#organization\",\"name\":\"BOBIMARKET.pl\",\"url\":\"https:\/\/bobimarket.pl\/\",\"logo\":{\"@type\":\"ImageObject\",\"inLanguage\":\"pl-PL\",\"@id\":\"https:\/\/bobimarket.pl\/#\/schema\/logo\/image\/\",\"url\":\"https:\/\/bobimarket.pl\/wp-content\/uploads\/2021\/11\/slogan.png\",\"contentUrl\":\"https:\/\/bobimarket.pl\/wp-content\/uploads\/2021\/11\/slogan.png\",\"width\":2000,\"height\":384,\"caption\":\"BOBIMARKET.pl\"},\"image\":{\"@id\":\"https:\/\/bobimarket.pl\/#\/schema\/logo\/image\/\"}}]}<\/script>\n<!-- \/ Yoast SEO plugin. -->","yoast_head_json":{"title":"HAMAK OGRODOWY DWUOSOBOWY WOREK MOCNY 200KG - BOBIMARKET.pl - Remontuj i urz\u0105dzaj z nami","robots":{"index":"index","follow":"follow","max-snippet":"max-snippet:-1","max-image-preview":"max-image-preview:large","max-video-preview":"max-video-preview:-1"},"canonical":"https:\/\/bobimarket.pl\/index.php\/produkt\/hamak-ogrodowy-dwuosobowy-worek-mocny-200kg\/","og_locale":"pl_PL","og_type":"article","og_title":"HAMAK OGRODOWY DWUOSOBOWY WOREK MOCNY 200KG - BOBIMARKET.pl - Remontuj i urz\u0105dzaj z nami","og_description":"HAMAK OGRODOWY DWUOSOBOWY WOREK MOCNY 200KG Informacje og\u00f3lne:\u00a0\u00a0\u00a0 Rozmiar\u00a0 200&#215;150 cm\u00a0\u00a0\u00a0 Materia\u0142 wykonania: tkanina poliestrowo-bawe\u0142niana\u00a0\u00a0\u00a0 Maksymalny ud\u017awig: 200 kg\u00a0\u00a0\u00a0 Worek do spakowania hamaka w zestawie Idealne rozwi\u0105zanie dla mi\u0142o\u015bnik\u00f3w relaksu na \u015bwie\u017cym powietrzu! \u015aliczny i wygodny dwuosobowy hamak\u00a0 o wysokiej no\u015bno\u015bci 200 kg zapewni Ci komfort i odpoczynek na najwy\u017cszym poziomie. Wykonany z mocnego i     Czytaj wi\u0119cej \"HAMAK OGRODOWY DWUOSOBOWY WOREK MOCNY 200KG\"","og_url":"https:\/\/bobimarket.pl\/index.php\/produkt\/hamak-ogrodowy-dwuosobowy-worek-mocny-200kg\/","og_site_name":"BOBIMARKET.pl - Remontuj i urz\u0105dzaj z nami","article_modified_time":"2025-02-27T16:39:33+00:00","og_image":[{"url":"https:\/\/upload.cdn.baselinker.com\/products\/14476\/d026a3d567682391a0446fc6f204684b.jpg"}],"twitter_card":"summary_large_image","twitter_misc":{"Szacowany czas czytania":"1 minuta"},"schema":{"@context":"https:\/\/schema.org","@graph":[{"@type":"WebPage","@id":"https:\/\/bobimarket.pl\/index.php\/produkt\/hamak-ogrodowy-dwuosobowy-worek-mocny-200kg\/","url":"https:\/\/bobimarket.pl\/index.php\/produkt\/hamak-ogrodowy-dwuosobowy-worek-mocny-200kg\/","name":"HAMAK OGRODOWY DWUOSOBOWY WOREK MOCNY 200KG - BOBIMARKET.pl - Remontuj i urz\u0105dzaj z nami","isPartOf":{"@id":"https:\/\/bobimarket.pl\/#website"},"datePublished":"2023-08-30T13:01:46+00:00","dateModified":"2025-02-27T16:39:33+00:00","breadcrumb":{"@id":"https:\/\/bobimarket.pl\/index.php\/produkt\/hamak-ogrodowy-dwuosobowy-worek-mocny-200kg\/#breadcrumb"},"inLanguage":"pl-PL","potentialAction":[{"@type":"ReadAction","target":["https:\/\/bobimarket.pl\/index.php\/produkt\/hamak-ogrodowy-dwuosobowy-worek-mocny-200kg\/"]}]},{"@type":"BreadcrumbList","@id":"https:\/\/bobimarket.pl\/index.php\/produkt\/hamak-ogrodowy-dwuosobowy-worek-mocny-200kg\/#breadcrumb","itemListElement":[{"@type":"ListItem","position":1,"name":"Strona g\u0142\u00f3wna","item":"https:\/\/bobimarket.pl\/"},{"@type":"ListItem","position":2,"name":"Sklep","item":"https:\/\/bobimarket.pl\/index.php\/shop\/"},{"@type":"ListItem","position":3,"name":"HAMAK OGRODOWY DWUOSOBOWY WOREK MOCNY 200KG"}]},{"@type":"WebSite","@id":"https:\/\/bobimarket.pl\/#website","url":"https:\/\/bobimarket.pl\/","name":"BOBIMARKET.pl - Remontuj i urz\u0105dzaj z nami","description":"Remontuj i urz\u0105dzaj z nami","publisher":{"@id":"https:\/\/bobimarket.pl\/#organization"},"potentialAction":[{"@type":"SearchAction","target":{"@type":"EntryPoint","urlTemplate":"https:\/\/bobimarket.pl\/?s={search_term_string}"},"query-input":"required name=search_term_string"}],"inLanguage":"pl-PL"},{"@type":"Organization","@id":"https:\/\/bobimarket.pl\/#organization","name":"BOBIMARKET.pl","url":"https:\/\/bobimarket.pl\/","logo":{"@type":"ImageObject","inLanguage":"pl-PL","@id":"https:\/\/bobimarket.pl\/#\/schema\/logo\/image\/","url":"https:\/\/bobimarket.pl\/wp-content\/uploads\/2021\/11\/slogan.png","contentUrl":"https:\/\/bobimarket.pl\/wp-content\/uploads\/2021\/11\/slogan.png","width":2000,"height":384,"caption":"BOBIMARKET.pl"},"image":{"@id":"https:\/\/bobimarket.pl\/#\/schema\/logo\/image\/"}}]}},"_links":{"self":[{"href":"https:\/\/bobimarket.pl\/index.php\/wp-json\/wp\/v2\/product\/97718"}],"collection":[{"href":"https:\/\/bobimarket.pl\/index.php\/wp-json\/wp\/v2\/product"}],"about":[{"href":"https:\/\/bobimarket.pl\/index.php\/wp-json\/wp\/v2\/types\/product"}],"wp:featuredmedia":[{"embeddable":true,"href":"https:\/\/bobimarket.pl\/index.php\/wp-json\/wp\/v2\/media\/97714"}],"wp:attachment":[{"href":"https:\/\/bobimarket.pl\/index.php\/wp-json\/wp\/v2\/media?parent=97718"}],"wp:term":[{"taxonomy":"product_cat","embeddable":true,"href":"https:\/\/bobimarket.pl\/index.php\/wp-json\/wp\/v2\/product_cat?post=97718"},{"taxonomy":"product_tag","embeddable":true,"href":"https:\/\/bobimarket.pl\/index.php\/wp-json\/wp\/v2\/product_tag?post=97718"}],"curies":[{"name":"wp","href":"https:\/\/api.w.org\/{rel}","templated":true}]}}