{"id":97753,"date":"2023-08-30T13:04:14","date_gmt":"2023-08-30T13:04:14","guid":{"rendered":"https:\/\/bobimarket.pl\/index.php\/produkt\/sznurek-jutowy-naturalny-pakowy-010-kg-mocny\/"},"modified":"2025-02-27T16:39:58","modified_gmt":"2025-02-27T16:39:58","slug":"sznurek-jutowy-naturalny-pakowy-010-kg-mocny","status":"publish","type":"product","link":"https:\/\/bobimarket.pl\/index.php\/produkt\/sznurek-jutowy-naturalny-pakowy-010-kg-mocny\/","title":{"rendered":"SZNUREK JUTOWY NATURALNY PAKOWY 0,10 KG MOCNY"},"content":{"rendered":"<section class=\"section\">\n<div class=\"item item-12\">\n<section class=\"text-item\">\n<h2>SZNUREK JUTOWY NATURALNY\u00a0 PAKOWY 0,10 KG MOCNY<\/h2>\n<p><b>Dane techniczne:<\/b><\/p>\n<ul>\n<li>\u015arednica:<b> 2-2,2mm<\/b><\/li>\n<li>Waga:<b> 0,10 kg<\/b><\/li>\n<li>Materia\u0142: juta<\/li>\n<li>Produkt<b> pochodzenia ro\u015blinnego<\/b><\/li>\n<li>Naturalny kolor<\/li>\n<li><b>Bardzo Mocny!!<\/b><\/li>\n<\/ul>\n<\/section><\/div>\n<\/section>\n<section class=\"section\">\n<div class=\"item item-12\">\n<section class=\"image-item\">\n            <img decoding=\"async\" src=\"https:\/\/upload.cdn.baselinker.com\/products\/14476\/084deb98341af152b702dbdb745ceabb.jpg\" \/><br \/>\n        <\/section>\n<\/p><\/div>\n<\/section>\n<section class=\"section\">\n<div class=\"item item-12\">\n<section class=\"text-item\">\n<p>Bardzo mocny sznurek jutowy pochodzenia ro\u015blinnego. Sznurek posiada szereg zastosowa\u0144. Mi\u0119dzy innymi<\/p>\n<ul>\n<li>do pakowania<\/li>\n<li>archiwizowaniu dokument\u00f3w itp.<\/li>\n<li>zabezpieczania r\u00f3\u017cnych przedmiot\u00f3w<\/li>\n<li>do tworzenia r\u00f3\u017cnego rodzaju dekoracji, bi\u017cuterii itp.<\/li>\n<\/ul>\n<\/section><\/div>\n<\/section>\n<section class=\"section\">\n<div class=\"item item-12\">\n<section class=\"image-item\">\n            <img decoding=\"async\" src=\"https:\/\/upload.cdn.baselinker.com\/products\/14476\/47045d131e450bbe9166886d97459c3a.jpg\" \/><br \/>\n        <\/section>\n<\/p><\/div>\n<\/section>\n<section class=\"section\">\n<div class=\"item item-12\">\n<section class=\"image-item\">\n            <img decoding=\"async\" src=\"https:\/\/upload.cdn.baselinker.com\/products\/14476\/ea844c9d6d2a37031056375b098da19b.jpg\" \/><br \/>\n        <\/section>\n<\/p><\/div>\n<\/section>\n","protected":false},"excerpt":{"rendered":"<p>SZNUREK JUTOWY NATURALNY\u00a0 PAKOWY 0,10 KG MOCNY Dane techniczne: \u015arednica: 2-2,2mm Waga: 0,10 kg Materia\u0142: juta Produkt pochodzenia ro\u015blinnego Naturalny kolor Bardzo Mocny!! Bardzo mocny sznurek jutowy pochodzenia ro\u015blinnego. Sznurek posiada szereg zastosowa\u0144. Mi\u0119dzy innymi do pakowania archiwizowaniu dokument\u00f3w itp. zabezpieczania r\u00f3\u017cnych przedmiot\u00f3w do tworzenia r\u00f3\u017cnego rodzaju dekoracji, bi\u017cuterii itp.<\/p>\n","protected":false},"featured_media":97748,"template":"","meta":[],"product_cat":[8308],"product_tag":[],"yoast_head":"<!-- This site is optimized with the Yoast SEO plugin v21.0 - https:\/\/yoast.com\/wordpress\/plugins\/seo\/ -->\n<title>SZNUREK JUTOWY NATURALNY PAKOWY 0,10 KG MOCNY - BOBIMARKET.pl - Remontuj i urz\u0105dzaj z nami<\/title>\n<meta name=\"robots\" content=\"index, follow, max-snippet:-1, max-image-preview:large, max-video-preview:-1\" \/>\n<link rel=\"canonical\" href=\"https:\/\/bobimarket.pl\/index.php\/produkt\/sznurek-jutowy-naturalny-pakowy-010-kg-mocny\/\" \/>\n<meta property=\"og:locale\" content=\"pl_PL\" \/>\n<meta property=\"og:type\" content=\"article\" \/>\n<meta property=\"og:title\" content=\"SZNUREK JUTOWY NATURALNY PAKOWY 0,10 KG MOCNY - BOBIMARKET.pl - Remontuj i urz\u0105dzaj z nami\" \/>\n<meta property=\"og:description\" content=\"SZNUREK JUTOWY NATURALNY\u00a0 PAKOWY 0,10 KG MOCNY Dane techniczne: \u015arednica: 2-2,2mm Waga: 0,10 kg Materia\u0142: juta Produkt pochodzenia ro\u015blinnego Naturalny kolor Bardzo Mocny!! Bardzo mocny sznurek jutowy pochodzenia ro\u015blinnego. Sznurek posiada szereg zastosowa\u0144. Mi\u0119dzy innymi do pakowania archiwizowaniu dokument\u00f3w itp. zabezpieczania r\u00f3\u017cnych przedmiot\u00f3w do tworzenia r\u00f3\u017cnego rodzaju dekoracji, bi\u017cuterii itp.\" \/>\n<meta property=\"og:url\" content=\"https:\/\/bobimarket.pl\/index.php\/produkt\/sznurek-jutowy-naturalny-pakowy-010-kg-mocny\/\" \/>\n<meta property=\"og:site_name\" content=\"BOBIMARKET.pl - Remontuj i urz\u0105dzaj z nami\" \/>\n<meta property=\"article:modified_time\" content=\"2025-02-27T16:39:58+00:00\" \/>\n<meta property=\"og:image\" content=\"https:\/\/upload.cdn.baselinker.com\/products\/14476\/084deb98341af152b702dbdb745ceabb.jpg\" \/>\n<meta name=\"twitter:card\" content=\"summary_large_image\" \/>\n<script type=\"application\/ld+json\" class=\"yoast-schema-graph\">{\"@context\":\"https:\/\/schema.org\",\"@graph\":[{\"@type\":\"WebPage\",\"@id\":\"https:\/\/bobimarket.pl\/index.php\/produkt\/sznurek-jutowy-naturalny-pakowy-010-kg-mocny\/\",\"url\":\"https:\/\/bobimarket.pl\/index.php\/produkt\/sznurek-jutowy-naturalny-pakowy-010-kg-mocny\/\",\"name\":\"SZNUREK JUTOWY NATURALNY PAKOWY 0,10 KG MOCNY - BOBIMARKET.pl - Remontuj i urz\u0105dzaj z nami\",\"isPartOf\":{\"@id\":\"https:\/\/bobimarket.pl\/#website\"},\"datePublished\":\"2023-08-30T13:04:14+00:00\",\"dateModified\":\"2025-02-27T16:39:58+00:00\",\"breadcrumb\":{\"@id\":\"https:\/\/bobimarket.pl\/index.php\/produkt\/sznurek-jutowy-naturalny-pakowy-010-kg-mocny\/#breadcrumb\"},\"inLanguage\":\"pl-PL\",\"potentialAction\":[{\"@type\":\"ReadAction\",\"target\":[\"https:\/\/bobimarket.pl\/index.php\/produkt\/sznurek-jutowy-naturalny-pakowy-010-kg-mocny\/\"]}]},{\"@type\":\"BreadcrumbList\",\"@id\":\"https:\/\/bobimarket.pl\/index.php\/produkt\/sznurek-jutowy-naturalny-pakowy-010-kg-mocny\/#breadcrumb\",\"itemListElement\":[{\"@type\":\"ListItem\",\"position\":1,\"name\":\"Strona g\u0142\u00f3wna\",\"item\":\"https:\/\/bobimarket.pl\/\"},{\"@type\":\"ListItem\",\"position\":2,\"name\":\"Sklep\",\"item\":\"https:\/\/bobimarket.pl\/index.php\/shop\/\"},{\"@type\":\"ListItem\",\"position\":3,\"name\":\"SZNUREK JUTOWY NATURALNY PAKOWY 0,10 KG MOCNY\"}]},{\"@type\":\"WebSite\",\"@id\":\"https:\/\/bobimarket.pl\/#website\",\"url\":\"https:\/\/bobimarket.pl\/\",\"name\":\"BOBIMARKET.pl - Remontuj i urz\u0105dzaj z nami\",\"description\":\"Remontuj i urz\u0105dzaj z nami\",\"publisher\":{\"@id\":\"https:\/\/bobimarket.pl\/#organization\"},\"potentialAction\":[{\"@type\":\"SearchAction\",\"target\":{\"@type\":\"EntryPoint\",\"urlTemplate\":\"https:\/\/bobimarket.pl\/?s={search_term_string}\"},\"query-input\":\"required name=search_term_string\"}],\"inLanguage\":\"pl-PL\"},{\"@type\":\"Organization\",\"@id\":\"https:\/\/bobimarket.pl\/#organization\",\"name\":\"BOBIMARKET.pl\",\"url\":\"https:\/\/bobimarket.pl\/\",\"logo\":{\"@type\":\"ImageObject\",\"inLanguage\":\"pl-PL\",\"@id\":\"https:\/\/bobimarket.pl\/#\/schema\/logo\/image\/\",\"url\":\"https:\/\/bobimarket.pl\/wp-content\/uploads\/2021\/11\/slogan.png\",\"contentUrl\":\"https:\/\/bobimarket.pl\/wp-content\/uploads\/2021\/11\/slogan.png\",\"width\":2000,\"height\":384,\"caption\":\"BOBIMARKET.pl\"},\"image\":{\"@id\":\"https:\/\/bobimarket.pl\/#\/schema\/logo\/image\/\"}}]}<\/script>\n<!-- \/ Yoast SEO plugin. -->","yoast_head_json":{"title":"SZNUREK JUTOWY NATURALNY PAKOWY 0,10 KG MOCNY - BOBIMARKET.pl - Remontuj i urz\u0105dzaj z nami","robots":{"index":"index","follow":"follow","max-snippet":"max-snippet:-1","max-image-preview":"max-image-preview:large","max-video-preview":"max-video-preview:-1"},"canonical":"https:\/\/bobimarket.pl\/index.php\/produkt\/sznurek-jutowy-naturalny-pakowy-010-kg-mocny\/","og_locale":"pl_PL","og_type":"article","og_title":"SZNUREK JUTOWY NATURALNY PAKOWY 0,10 KG MOCNY - BOBIMARKET.pl - Remontuj i urz\u0105dzaj z nami","og_description":"SZNUREK JUTOWY NATURALNY\u00a0 PAKOWY 0,10 KG MOCNY Dane techniczne: \u015arednica: 2-2,2mm Waga: 0,10 kg Materia\u0142: juta Produkt pochodzenia ro\u015blinnego Naturalny kolor Bardzo Mocny!! Bardzo mocny sznurek jutowy pochodzenia ro\u015blinnego. Sznurek posiada szereg zastosowa\u0144. Mi\u0119dzy innymi do pakowania archiwizowaniu dokument\u00f3w itp. zabezpieczania r\u00f3\u017cnych przedmiot\u00f3w do tworzenia r\u00f3\u017cnego rodzaju dekoracji, bi\u017cuterii itp.","og_url":"https:\/\/bobimarket.pl\/index.php\/produkt\/sznurek-jutowy-naturalny-pakowy-010-kg-mocny\/","og_site_name":"BOBIMARKET.pl - Remontuj i urz\u0105dzaj z nami","article_modified_time":"2025-02-27T16:39:58+00:00","og_image":[{"url":"https:\/\/upload.cdn.baselinker.com\/products\/14476\/084deb98341af152b702dbdb745ceabb.jpg"}],"twitter_card":"summary_large_image","schema":{"@context":"https:\/\/schema.org","@graph":[{"@type":"WebPage","@id":"https:\/\/bobimarket.pl\/index.php\/produkt\/sznurek-jutowy-naturalny-pakowy-010-kg-mocny\/","url":"https:\/\/bobimarket.pl\/index.php\/produkt\/sznurek-jutowy-naturalny-pakowy-010-kg-mocny\/","name":"SZNUREK JUTOWY NATURALNY PAKOWY 0,10 KG MOCNY - BOBIMARKET.pl - Remontuj i urz\u0105dzaj z nami","isPartOf":{"@id":"https:\/\/bobimarket.pl\/#website"},"datePublished":"2023-08-30T13:04:14+00:00","dateModified":"2025-02-27T16:39:58+00:00","breadcrumb":{"@id":"https:\/\/bobimarket.pl\/index.php\/produkt\/sznurek-jutowy-naturalny-pakowy-010-kg-mocny\/#breadcrumb"},"inLanguage":"pl-PL","potentialAction":[{"@type":"ReadAction","target":["https:\/\/bobimarket.pl\/index.php\/produkt\/sznurek-jutowy-naturalny-pakowy-010-kg-mocny\/"]}]},{"@type":"BreadcrumbList","@id":"https:\/\/bobimarket.pl\/index.php\/produkt\/sznurek-jutowy-naturalny-pakowy-010-kg-mocny\/#breadcrumb","itemListElement":[{"@type":"ListItem","position":1,"name":"Strona g\u0142\u00f3wna","item":"https:\/\/bobimarket.pl\/"},{"@type":"ListItem","position":2,"name":"Sklep","item":"https:\/\/bobimarket.pl\/index.php\/shop\/"},{"@type":"ListItem","position":3,"name":"SZNUREK JUTOWY NATURALNY PAKOWY 0,10 KG MOCNY"}]},{"@type":"WebSite","@id":"https:\/\/bobimarket.pl\/#website","url":"https:\/\/bobimarket.pl\/","name":"BOBIMARKET.pl - Remontuj i urz\u0105dzaj z nami","description":"Remontuj i urz\u0105dzaj z nami","publisher":{"@id":"https:\/\/bobimarket.pl\/#organization"},"potentialAction":[{"@type":"SearchAction","target":{"@type":"EntryPoint","urlTemplate":"https:\/\/bobimarket.pl\/?s={search_term_string}"},"query-input":"required name=search_term_string"}],"inLanguage":"pl-PL"},{"@type":"Organization","@id":"https:\/\/bobimarket.pl\/#organization","name":"BOBIMARKET.pl","url":"https:\/\/bobimarket.pl\/","logo":{"@type":"ImageObject","inLanguage":"pl-PL","@id":"https:\/\/bobimarket.pl\/#\/schema\/logo\/image\/","url":"https:\/\/bobimarket.pl\/wp-content\/uploads\/2021\/11\/slogan.png","contentUrl":"https:\/\/bobimarket.pl\/wp-content\/uploads\/2021\/11\/slogan.png","width":2000,"height":384,"caption":"BOBIMARKET.pl"},"image":{"@id":"https:\/\/bobimarket.pl\/#\/schema\/logo\/image\/"}}]}},"_links":{"self":[{"href":"https:\/\/bobimarket.pl\/index.php\/wp-json\/wp\/v2\/product\/97753"}],"collection":[{"href":"https:\/\/bobimarket.pl\/index.php\/wp-json\/wp\/v2\/product"}],"about":[{"href":"https:\/\/bobimarket.pl\/index.php\/wp-json\/wp\/v2\/types\/product"}],"wp:featuredmedia":[{"embeddable":true,"href":"https:\/\/bobimarket.pl\/index.php\/wp-json\/wp\/v2\/media\/97748"}],"wp:attachment":[{"href":"https:\/\/bobimarket.pl\/index.php\/wp-json\/wp\/v2\/media?parent=97753"}],"wp:term":[{"taxonomy":"product_cat","embeddable":true,"href":"https:\/\/bobimarket.pl\/index.php\/wp-json\/wp\/v2\/product_cat?post=97753"},{"taxonomy":"product_tag","embeddable":true,"href":"https:\/\/bobimarket.pl\/index.php\/wp-json\/wp\/v2\/product_tag?post=97753"}],"curies":[{"name":"wp","href":"https:\/\/api.w.org\/{rel}","templated":true}]}}