{"id":97756,"date":"2023-08-30T13:04:22","date_gmt":"2023-08-30T13:04:22","guid":{"rendered":"https:\/\/bobimarket.pl\/index.php\/produkt\/sznur-sznurek-polipropylenowy-ogrodniczy-80m\/"},"modified":"2025-02-27T16:40:02","modified_gmt":"2025-02-27T16:40:02","slug":"sznur-sznurek-polipropylenowy-ogrodniczy-80m","status":"publish","type":"product","link":"https:\/\/bobimarket.pl\/index.php\/produkt\/sznur-sznurek-polipropylenowy-ogrodniczy-80m\/","title":{"rendered":"SZNUR SZNUREK POLIPROPYLENOWY OGRODNICZY 80m"},"content":{"rendered":"<section class=\"section\">\n<div class=\"item item-12\">\n<section class=\"text-item\">\n<h2>SZNUR SZNUREK POLIPROPYLENOWY OGRODNICZY 80m<\/h2>\n<p><b>Informacje og\u00f3lne:<\/b><\/p>\n<ul>\n<li>Materia\u0142:<b> polipropylen<\/b><\/li>\n<li>D\u0142ugo\u015b\u0107: <b>80 metr\u00f3w<\/b><\/li>\n<\/ul>\n<\/section><\/div>\n<\/section>\n<section class=\"section\">\n<div class=\"item item-12\">\n<section class=\"image-item\">\n            <img decoding=\"async\" src=\"https:\/\/upload.cdn.baselinker.com\/products\/14476\/642b1333b18e8dbd34c51eb6f5cd4030.jpg\" \/><br \/>\n        <\/section>\n<\/p><\/div>\n<\/section>\n<section class=\"section\">\n<div class=\"item item-12\">\n<section class=\"text-item\">\n<h2>Sznur polipropylenowy to niezawodny produkt, kt\u00f3ry doskonale sprawdzi si\u0119 w r\u00f3\u017cnorodnych zastosowaniach!<\/h2>\n<p>Wykonany z solidnego materia\u0142u gwarantuje nie tylko <b>wytrzyma\u0142o\u015b\u0107, ale tak\u017ce trwa\u0142o\u015b\u0107, <\/b>co czyni go idealnym rozwi\u0105zaniem do codziennego u\u017cytku. Dzi\u0119ki d\u0142ugo\u015bci 80 metr\u00f3w, masz pewno\u015b\u0107, \u017ce ten sznurek starczy na wiele zada\u0144, od prac domowych po powa\u017cniejsze projekty. Wyr\u00f3\u017cnia si\u0119 <b>elastyczno\u015bci\u0105<\/b>, co u\u0142atwia jego manipulacj\u0119 i mocowanie w r\u00f3\u017cnych sytuacjach.<\/p>\n<p>\u2705 Charakteryzuje si\u0119 trwa\u0142o\u015bci\u0105, wytrzyma\u0142o\u015bci\u0105 oraz odporno\u015bci\u0105 na zmienne warunki atmosferyczne.<\/p>\n<\/section><\/div>\n<\/section>\n<section class=\"section\">\n<div class=\"item item-12\">\n<section class=\"image-item\">\n            <img decoding=\"async\" src=\"https:\/\/upload.cdn.baselinker.com\/products\/14476\/d1c0adc1c63ffcf87f7ee1fdc0dd08ff.jpg\" \/><br \/>\n        <\/section>\n<\/p><\/div>\n<\/section>\n<section class=\"section\">\n<div class=\"item item-12\">\n<section class=\"text-item\">\n<h2>Niezale\u017cnie od tego, czy potrzebujesz go do zastosowania w domu, w ogrodzie czy w warsztacie, sznurek z pewno\u015bci\u0105 spe\u0142ni Twoje oczekiwania.<\/h2>\n<p>\u2705 Za pomoc\u0105 tego sznurka mo\u017cna <b>\u0142atwo i bezpiecznie przymocowa\u0107<\/b> r\u00f3\u017cne przedmioty, takie jak worki, skrzynki, narz\u0119dzia.<\/p>\n<p>\u2705 Z powodzeniem wykorzystasz go<b> do wi\u0105zania element\u00f3w<\/b> na tarasie, w ogrodzie, sadzie lub na dzia\u0142ce.<\/p>\n<p>\u2705 Przyda si\u0119 <b>do prac plastycznych, hobbistycznych<\/b> itp.<\/p>\n<\/section><\/div>\n<\/section>\n","protected":false},"excerpt":{"rendered":"<p>SZNUR SZNUREK POLIPROPYLENOWY OGRODNICZY 80m Informacje og\u00f3lne: Materia\u0142: polipropylen D\u0142ugo\u015b\u0107: 80 metr\u00f3w Sznur polipropylenowy to niezawodny produkt, kt\u00f3ry doskonale sprawdzi si\u0119 w r\u00f3\u017cnorodnych zastosowaniach! Wykonany z solidnego materia\u0142u gwarantuje nie tylko wytrzyma\u0142o\u015b\u0107, ale tak\u017ce trwa\u0142o\u015b\u0107, co czyni go idealnym rozwi\u0105zaniem do codziennego u\u017cytku. Dzi\u0119ki d\u0142ugo\u015bci 80 metr\u00f3w, masz pewno\u015b\u0107, \u017ce ten sznurek starczy na wiele<br \/><a class=\"more-link\" href=\"https:\/\/bobimarket.pl\/index.php\/produkt\/sznur-sznurek-polipropylenowy-ogrodniczy-80m\/\"><br \/>\n        Czytaj wi\u0119cej<span class=\"screen-reader-text\"> &#8222;SZNUR SZNUREK POLIPROPYLENOWY OGRODNICZY 80m&#8221;<\/span><\/a><\/p>\n","protected":false},"featured_media":97754,"template":"","meta":[],"product_cat":[8201],"product_tag":[],"yoast_head":"<!-- This site is optimized with the Yoast SEO plugin v21.0 - https:\/\/yoast.com\/wordpress\/plugins\/seo\/ -->\n<title>SZNUR SZNUREK POLIPROPYLENOWY OGRODNICZY 80m - BOBIMARKET.pl - Remontuj i urz\u0105dzaj z nami<\/title>\n<meta name=\"robots\" content=\"index, follow, max-snippet:-1, max-image-preview:large, max-video-preview:-1\" \/>\n<link rel=\"canonical\" href=\"https:\/\/bobimarket.pl\/index.php\/produkt\/sznur-sznurek-polipropylenowy-ogrodniczy-80m\/\" \/>\n<meta property=\"og:locale\" content=\"pl_PL\" \/>\n<meta property=\"og:type\" content=\"article\" \/>\n<meta property=\"og:title\" content=\"SZNUR SZNUREK POLIPROPYLENOWY OGRODNICZY 80m - BOBIMARKET.pl - Remontuj i urz\u0105dzaj z nami\" \/>\n<meta property=\"og:description\" content=\"SZNUR SZNUREK POLIPROPYLENOWY OGRODNICZY 80m Informacje og\u00f3lne: Materia\u0142: polipropylen D\u0142ugo\u015b\u0107: 80 metr\u00f3w Sznur polipropylenowy to niezawodny produkt, kt\u00f3ry doskonale sprawdzi si\u0119 w r\u00f3\u017cnorodnych zastosowaniach! Wykonany z solidnego materia\u0142u gwarantuje nie tylko wytrzyma\u0142o\u015b\u0107, ale tak\u017ce trwa\u0142o\u015b\u0107, co czyni go idealnym rozwi\u0105zaniem do codziennego u\u017cytku. Dzi\u0119ki d\u0142ugo\u015bci 80 metr\u00f3w, masz pewno\u015b\u0107, \u017ce ten sznurek starczy na wiele     Czytaj wi\u0119cej &quot;SZNUR SZNUREK POLIPROPYLENOWY OGRODNICZY 80m&quot;\" \/>\n<meta property=\"og:url\" content=\"https:\/\/bobimarket.pl\/index.php\/produkt\/sznur-sznurek-polipropylenowy-ogrodniczy-80m\/\" \/>\n<meta property=\"og:site_name\" content=\"BOBIMARKET.pl - Remontuj i urz\u0105dzaj z nami\" \/>\n<meta property=\"article:modified_time\" content=\"2025-02-27T16:40:02+00:00\" \/>\n<meta property=\"og:image\" content=\"https:\/\/upload.cdn.baselinker.com\/products\/14476\/642b1333b18e8dbd34c51eb6f5cd4030.jpg\" \/>\n<meta name=\"twitter:card\" content=\"summary_large_image\" \/>\n<meta name=\"twitter:label1\" content=\"Szacowany czas czytania\" \/>\n\t<meta name=\"twitter:data1\" content=\"1 minuta\" \/>\n<script type=\"application\/ld+json\" class=\"yoast-schema-graph\">{\"@context\":\"https:\/\/schema.org\",\"@graph\":[{\"@type\":\"WebPage\",\"@id\":\"https:\/\/bobimarket.pl\/index.php\/produkt\/sznur-sznurek-polipropylenowy-ogrodniczy-80m\/\",\"url\":\"https:\/\/bobimarket.pl\/index.php\/produkt\/sznur-sznurek-polipropylenowy-ogrodniczy-80m\/\",\"name\":\"SZNUR SZNUREK POLIPROPYLENOWY OGRODNICZY 80m - BOBIMARKET.pl - Remontuj i urz\u0105dzaj z nami\",\"isPartOf\":{\"@id\":\"https:\/\/bobimarket.pl\/#website\"},\"datePublished\":\"2023-08-30T13:04:22+00:00\",\"dateModified\":\"2025-02-27T16:40:02+00:00\",\"breadcrumb\":{\"@id\":\"https:\/\/bobimarket.pl\/index.php\/produkt\/sznur-sznurek-polipropylenowy-ogrodniczy-80m\/#breadcrumb\"},\"inLanguage\":\"pl-PL\",\"potentialAction\":[{\"@type\":\"ReadAction\",\"target\":[\"https:\/\/bobimarket.pl\/index.php\/produkt\/sznur-sznurek-polipropylenowy-ogrodniczy-80m\/\"]}]},{\"@type\":\"BreadcrumbList\",\"@id\":\"https:\/\/bobimarket.pl\/index.php\/produkt\/sznur-sznurek-polipropylenowy-ogrodniczy-80m\/#breadcrumb\",\"itemListElement\":[{\"@type\":\"ListItem\",\"position\":1,\"name\":\"Strona g\u0142\u00f3wna\",\"item\":\"https:\/\/bobimarket.pl\/\"},{\"@type\":\"ListItem\",\"position\":2,\"name\":\"Sklep\",\"item\":\"https:\/\/bobimarket.pl\/index.php\/shop\/\"},{\"@type\":\"ListItem\",\"position\":3,\"name\":\"SZNUR SZNUREK POLIPROPYLENOWY OGRODNICZY 80m\"}]},{\"@type\":\"WebSite\",\"@id\":\"https:\/\/bobimarket.pl\/#website\",\"url\":\"https:\/\/bobimarket.pl\/\",\"name\":\"BOBIMARKET.pl - Remontuj i urz\u0105dzaj z nami\",\"description\":\"Remontuj i urz\u0105dzaj z nami\",\"publisher\":{\"@id\":\"https:\/\/bobimarket.pl\/#organization\"},\"potentialAction\":[{\"@type\":\"SearchAction\",\"target\":{\"@type\":\"EntryPoint\",\"urlTemplate\":\"https:\/\/bobimarket.pl\/?s={search_term_string}\"},\"query-input\":\"required name=search_term_string\"}],\"inLanguage\":\"pl-PL\"},{\"@type\":\"Organization\",\"@id\":\"https:\/\/bobimarket.pl\/#organization\",\"name\":\"BOBIMARKET.pl\",\"url\":\"https:\/\/bobimarket.pl\/\",\"logo\":{\"@type\":\"ImageObject\",\"inLanguage\":\"pl-PL\",\"@id\":\"https:\/\/bobimarket.pl\/#\/schema\/logo\/image\/\",\"url\":\"https:\/\/bobimarket.pl\/wp-content\/uploads\/2021\/11\/slogan.png\",\"contentUrl\":\"https:\/\/bobimarket.pl\/wp-content\/uploads\/2021\/11\/slogan.png\",\"width\":2000,\"height\":384,\"caption\":\"BOBIMARKET.pl\"},\"image\":{\"@id\":\"https:\/\/bobimarket.pl\/#\/schema\/logo\/image\/\"}}]}<\/script>\n<!-- \/ Yoast SEO plugin. -->","yoast_head_json":{"title":"SZNUR SZNUREK POLIPROPYLENOWY OGRODNICZY 80m - BOBIMARKET.pl - Remontuj i urz\u0105dzaj z nami","robots":{"index":"index","follow":"follow","max-snippet":"max-snippet:-1","max-image-preview":"max-image-preview:large","max-video-preview":"max-video-preview:-1"},"canonical":"https:\/\/bobimarket.pl\/index.php\/produkt\/sznur-sznurek-polipropylenowy-ogrodniczy-80m\/","og_locale":"pl_PL","og_type":"article","og_title":"SZNUR SZNUREK POLIPROPYLENOWY OGRODNICZY 80m - BOBIMARKET.pl - Remontuj i urz\u0105dzaj z nami","og_description":"SZNUR SZNUREK POLIPROPYLENOWY OGRODNICZY 80m Informacje og\u00f3lne: Materia\u0142: polipropylen D\u0142ugo\u015b\u0107: 80 metr\u00f3w Sznur polipropylenowy to niezawodny produkt, kt\u00f3ry doskonale sprawdzi si\u0119 w r\u00f3\u017cnorodnych zastosowaniach! Wykonany z solidnego materia\u0142u gwarantuje nie tylko wytrzyma\u0142o\u015b\u0107, ale tak\u017ce trwa\u0142o\u015b\u0107, co czyni go idealnym rozwi\u0105zaniem do codziennego u\u017cytku. Dzi\u0119ki d\u0142ugo\u015bci 80 metr\u00f3w, masz pewno\u015b\u0107, \u017ce ten sznurek starczy na wiele     Czytaj wi\u0119cej \"SZNUR SZNUREK POLIPROPYLENOWY OGRODNICZY 80m\"","og_url":"https:\/\/bobimarket.pl\/index.php\/produkt\/sznur-sznurek-polipropylenowy-ogrodniczy-80m\/","og_site_name":"BOBIMARKET.pl - Remontuj i urz\u0105dzaj z nami","article_modified_time":"2025-02-27T16:40:02+00:00","og_image":[{"url":"https:\/\/upload.cdn.baselinker.com\/products\/14476\/642b1333b18e8dbd34c51eb6f5cd4030.jpg"}],"twitter_card":"summary_large_image","twitter_misc":{"Szacowany czas czytania":"1 minuta"},"schema":{"@context":"https:\/\/schema.org","@graph":[{"@type":"WebPage","@id":"https:\/\/bobimarket.pl\/index.php\/produkt\/sznur-sznurek-polipropylenowy-ogrodniczy-80m\/","url":"https:\/\/bobimarket.pl\/index.php\/produkt\/sznur-sznurek-polipropylenowy-ogrodniczy-80m\/","name":"SZNUR SZNUREK POLIPROPYLENOWY OGRODNICZY 80m - BOBIMARKET.pl - Remontuj i urz\u0105dzaj z nami","isPartOf":{"@id":"https:\/\/bobimarket.pl\/#website"},"datePublished":"2023-08-30T13:04:22+00:00","dateModified":"2025-02-27T16:40:02+00:00","breadcrumb":{"@id":"https:\/\/bobimarket.pl\/index.php\/produkt\/sznur-sznurek-polipropylenowy-ogrodniczy-80m\/#breadcrumb"},"inLanguage":"pl-PL","potentialAction":[{"@type":"ReadAction","target":["https:\/\/bobimarket.pl\/index.php\/produkt\/sznur-sznurek-polipropylenowy-ogrodniczy-80m\/"]}]},{"@type":"BreadcrumbList","@id":"https:\/\/bobimarket.pl\/index.php\/produkt\/sznur-sznurek-polipropylenowy-ogrodniczy-80m\/#breadcrumb","itemListElement":[{"@type":"ListItem","position":1,"name":"Strona g\u0142\u00f3wna","item":"https:\/\/bobimarket.pl\/"},{"@type":"ListItem","position":2,"name":"Sklep","item":"https:\/\/bobimarket.pl\/index.php\/shop\/"},{"@type":"ListItem","position":3,"name":"SZNUR SZNUREK POLIPROPYLENOWY OGRODNICZY 80m"}]},{"@type":"WebSite","@id":"https:\/\/bobimarket.pl\/#website","url":"https:\/\/bobimarket.pl\/","name":"BOBIMARKET.pl - Remontuj i urz\u0105dzaj z nami","description":"Remontuj i urz\u0105dzaj z nami","publisher":{"@id":"https:\/\/bobimarket.pl\/#organization"},"potentialAction":[{"@type":"SearchAction","target":{"@type":"EntryPoint","urlTemplate":"https:\/\/bobimarket.pl\/?s={search_term_string}"},"query-input":"required name=search_term_string"}],"inLanguage":"pl-PL"},{"@type":"Organization","@id":"https:\/\/bobimarket.pl\/#organization","name":"BOBIMARKET.pl","url":"https:\/\/bobimarket.pl\/","logo":{"@type":"ImageObject","inLanguage":"pl-PL","@id":"https:\/\/bobimarket.pl\/#\/schema\/logo\/image\/","url":"https:\/\/bobimarket.pl\/wp-content\/uploads\/2021\/11\/slogan.png","contentUrl":"https:\/\/bobimarket.pl\/wp-content\/uploads\/2021\/11\/slogan.png","width":2000,"height":384,"caption":"BOBIMARKET.pl"},"image":{"@id":"https:\/\/bobimarket.pl\/#\/schema\/logo\/image\/"}}]}},"_links":{"self":[{"href":"https:\/\/bobimarket.pl\/index.php\/wp-json\/wp\/v2\/product\/97756"}],"collection":[{"href":"https:\/\/bobimarket.pl\/index.php\/wp-json\/wp\/v2\/product"}],"about":[{"href":"https:\/\/bobimarket.pl\/index.php\/wp-json\/wp\/v2\/types\/product"}],"wp:featuredmedia":[{"embeddable":true,"href":"https:\/\/bobimarket.pl\/index.php\/wp-json\/wp\/v2\/media\/97754"}],"wp:attachment":[{"href":"https:\/\/bobimarket.pl\/index.php\/wp-json\/wp\/v2\/media?parent=97756"}],"wp:term":[{"taxonomy":"product_cat","embeddable":true,"href":"https:\/\/bobimarket.pl\/index.php\/wp-json\/wp\/v2\/product_cat?post=97756"},{"taxonomy":"product_tag","embeddable":true,"href":"https:\/\/bobimarket.pl\/index.php\/wp-json\/wp\/v2\/product_tag?post=97756"}],"curies":[{"name":"wp","href":"https:\/\/api.w.org\/{rel}","templated":true}]}}