{"id":97767,"date":"2023-08-30T13:04:48","date_gmt":"2023-08-30T13:04:48","guid":{"rendered":"https:\/\/bobimarket.pl\/index.php\/produkt\/pistolet-do-kleju-klejenia-na-goraco-100w\/"},"modified":"2025-02-27T16:40:09","modified_gmt":"2025-02-27T16:40:09","slug":"pistolet-do-kleju-klejenia-na-goraco-100w","status":"publish","type":"product","link":"https:\/\/bobimarket.pl\/index.php\/produkt\/pistolet-do-kleju-klejenia-na-goraco-100w\/","title":{"rendered":"PISTOLET DO KLEJU KLEJENIA NA GOR\u0104CO 100W"},"content":{"rendered":"<section class=\"section\">\n<div class=\"item item-12\">\n<section class=\"text-item\">\n<h2>PISTOLET DO KLEJU KLEJENIA NA GOR\u0104CO 100W + KLEJE<\/h2>\n<p><b>Dane techniczne:<\/b><\/p>\n<ul>\n<li>Moc maksymalna (w trakcie rozgrzewania):<b> 100 W<\/b><\/li>\n<li>Moc:<b> 20 &#8211; 100 W<\/b><\/li>\n<li>Napi\u0119cie sieciowe: <b>230 V<\/b><\/li>\n<li>\u015arednica laski kleju: 11,2mm<\/li>\n<li>Temp. robocza: 200 stopni<\/li>\n<li>Podstawka metalowa<\/li>\n<\/ul>\n<\/section><\/div>\n<\/section>\n<section class=\"section\">\n<div class=\"item item-12\">\n<section class=\"image-item\">\n            <img decoding=\"async\" src=\"https:\/\/upload.cdn.baselinker.com\/products\/14476\/a44f227fc6b125178ae605305de18d65.jpg\" \/><br \/>\n        <\/section>\n<\/p><\/div>\n<\/section>\n<section class=\"section\">\n<div class=\"item item-12\">\n<section class=\"text-item\">\n<p><b>Niezast\u0105piony element dla wszystkich majsterkowicz\u00f3w i nie tylko!<\/b><\/p>\n<p>Pratyczny pistolet do kleju <b>o mocy 100W<\/b>. Jego temperatura robocza wynosi 200 \u00b0C. \u015arednia moc urz\u0105dzenia w trakcie pracy to ok. 80 W. Przeznaczony do u\u017cytku <b>z klejami w formie sztyftu o \u015brednicy 11,2 mm<\/b><\/p>\n<ul>\n<li>Narz\u0119dzie jest wyposa\u017cone w <b>metalow\u0105 podstawk\u0119<\/b>, co znacznie u\u0142atwi prac\u0119. Bez obaw mo\u017cemy wygodnie oprze\u0107 na niej pistolet do kleju, kiedy nim nie pracujemy.<\/li>\n<li>GRATIS! W zestawie znajduje si\u0119 2 szt. lasek kleju o d\u0142ugo\u015bci 10 cm.<\/li>\n<\/ul>\n<\/section><\/div>\n<\/section>\n<section class=\"section\">\n<div class=\"item item-12\">\n<section class=\"image-item\">\n            <img decoding=\"async\" src=\"https:\/\/upload.cdn.baselinker.com\/products\/14476\/7f2bf199c2c8dbba0afd330c90029afd.jpg\" \/><br \/>\n        <\/section>\n<\/p><\/div>\n<\/section>\n<section class=\"section\">\n<div class=\"item item-12\">\n<section class=\"text-item\">\n<p><b>\u2705\u00a0 Zastosowanie:<\/b><\/p>\n<p>Pozwala na sprawne i wygodne przeprowadzenie r\u00f3\u017cnego rodzaju prac. Nie trzeb czeka\u0107 na zaschni\u0119cie kleju, efekty widoczne od razu.\u00a0<\/p>\n<ul>\n<li>Wygony, ergonomiczny uchwyt zapewnia komfort.<\/li>\n<li>Praktyczna podstawka oraz przycisk do wy\u0142\u0105cznikiem.<\/li>\n<\/ul>\n<p>Jest to wielofunkcyjne urz\u0105dzenie, kt\u00f3re nada si\u0119 do klejenie mniejszych i wi\u0119kszych element\u00f3w z r\u00f3\u017cnych materia\u0142\u00f3w.<\/p>\n<p><b>W zestawie z klejem to gotowe narz\u0119dzie do pracy! <\/b>Z jego pomoc\u0105 mo\u017cesz wykona\u0107:<\/p>\n<ul>\n<li>r\u00f3\u017cnego rodzaju ozdoby dekoracyjne, \u015bwi\u0105teczne itp.<\/li>\n<li>stroiki i inne elementy wystroju wn\u0119trz<\/li>\n<li>przydatny r\u00f3wnie\u017c w modelarstwie,<\/li>\n<li>przy sklejaniu tektury,<\/li>\n<li>tkanin<\/li>\n<li>i wiele innych&#8230;<\/li>\n<\/ul>\n<p><b>Doskonale nadaje si\u0119 do klejenia r\u00f3\u017cnego typu materia\u0142\u00f3w :<\/b><\/p>\n<ul>\n<li>drewno,<\/li>\n<li>plastik,<\/li>\n<li>karton,<\/li>\n<li>papier,<\/li>\n<li>sk\u00f3ra,<\/li>\n<li>tkaniny<\/li>\n<li>wiele wiele innych.<\/li>\n<\/ul>\n<\/section><\/div>\n<\/section>\n<section class=\"section\">\n<div class=\"item item-12\">\n<section class=\"image-item\">\n            <img decoding=\"async\" src=\"https:\/\/upload.cdn.baselinker.com\/products\/14476\/f34285ba3d2770e0caec433e19c28534.jpg\" \/><br \/>\n        <\/section>\n<\/p><\/div>\n<\/section>\n","protected":false},"excerpt":{"rendered":"<p>PISTOLET DO KLEJU KLEJENIA NA GOR\u0104CO 100W + KLEJE Dane techniczne: Moc maksymalna (w trakcie rozgrzewania): 100 W Moc: 20 &#8211; 100 W Napi\u0119cie sieciowe: 230 V \u015arednica laski kleju: 11,2mm Temp. robocza: 200 stopni Podstawka metalowa Niezast\u0105piony element dla wszystkich majsterkowicz\u00f3w i nie tylko! Pratyczny pistolet do kleju o mocy 100W. Jego temperatura robocza<br \/><a class=\"more-link\" href=\"https:\/\/bobimarket.pl\/index.php\/produkt\/pistolet-do-kleju-klejenia-na-goraco-100w\/\"><br \/>\n        Czytaj wi\u0119cej<span class=\"screen-reader-text\"> &#8222;PISTOLET DO KLEJU KLEJENIA NA GOR\u0104CO 100W&#8221;<\/span><\/a><\/p>\n","protected":false},"featured_media":97760,"template":"","meta":[],"product_cat":[8154],"product_tag":[],"yoast_head":"<!-- This site is optimized with the Yoast SEO plugin v21.0 - https:\/\/yoast.com\/wordpress\/plugins\/seo\/ -->\n<title>PISTOLET DO KLEJU KLEJENIA NA GOR\u0104CO 100W - BOBIMARKET.pl - Remontuj i urz\u0105dzaj z nami<\/title>\n<meta name=\"robots\" content=\"index, follow, max-snippet:-1, max-image-preview:large, max-video-preview:-1\" \/>\n<link rel=\"canonical\" href=\"https:\/\/bobimarket.pl\/index.php\/produkt\/pistolet-do-kleju-klejenia-na-goraco-100w\/\" \/>\n<meta property=\"og:locale\" content=\"pl_PL\" \/>\n<meta property=\"og:type\" content=\"article\" \/>\n<meta property=\"og:title\" content=\"PISTOLET DO KLEJU KLEJENIA NA GOR\u0104CO 100W - BOBIMARKET.pl - Remontuj i urz\u0105dzaj z nami\" \/>\n<meta property=\"og:description\" content=\"PISTOLET DO KLEJU KLEJENIA NA GOR\u0104CO 100W + KLEJE Dane techniczne: Moc maksymalna (w trakcie rozgrzewania): 100 W Moc: 20 &#8211; 100 W Napi\u0119cie sieciowe: 230 V \u015arednica laski kleju: 11,2mm Temp. robocza: 200 stopni Podstawka metalowa Niezast\u0105piony element dla wszystkich majsterkowicz\u00f3w i nie tylko! Pratyczny pistolet do kleju o mocy 100W. Jego temperatura robocza     Czytaj wi\u0119cej &quot;PISTOLET DO KLEJU KLEJENIA NA GOR\u0104CO 100W&quot;\" \/>\n<meta property=\"og:url\" content=\"https:\/\/bobimarket.pl\/index.php\/produkt\/pistolet-do-kleju-klejenia-na-goraco-100w\/\" \/>\n<meta property=\"og:site_name\" content=\"BOBIMARKET.pl - Remontuj i urz\u0105dzaj z nami\" \/>\n<meta property=\"article:modified_time\" content=\"2025-02-27T16:40:09+00:00\" \/>\n<meta property=\"og:image\" content=\"https:\/\/upload.cdn.baselinker.com\/products\/14476\/a44f227fc6b125178ae605305de18d65.jpg\" \/>\n<meta name=\"twitter:card\" content=\"summary_large_image\" \/>\n<meta name=\"twitter:label1\" content=\"Szacowany czas czytania\" \/>\n\t<meta name=\"twitter:data1\" content=\"1 minuta\" \/>\n<script type=\"application\/ld+json\" class=\"yoast-schema-graph\">{\"@context\":\"https:\/\/schema.org\",\"@graph\":[{\"@type\":\"WebPage\",\"@id\":\"https:\/\/bobimarket.pl\/index.php\/produkt\/pistolet-do-kleju-klejenia-na-goraco-100w\/\",\"url\":\"https:\/\/bobimarket.pl\/index.php\/produkt\/pistolet-do-kleju-klejenia-na-goraco-100w\/\",\"name\":\"PISTOLET DO KLEJU KLEJENIA NA GOR\u0104CO 100W - BOBIMARKET.pl - Remontuj i urz\u0105dzaj z nami\",\"isPartOf\":{\"@id\":\"https:\/\/bobimarket.pl\/#website\"},\"datePublished\":\"2023-08-30T13:04:48+00:00\",\"dateModified\":\"2025-02-27T16:40:09+00:00\",\"breadcrumb\":{\"@id\":\"https:\/\/bobimarket.pl\/index.php\/produkt\/pistolet-do-kleju-klejenia-na-goraco-100w\/#breadcrumb\"},\"inLanguage\":\"pl-PL\",\"potentialAction\":[{\"@type\":\"ReadAction\",\"target\":[\"https:\/\/bobimarket.pl\/index.php\/produkt\/pistolet-do-kleju-klejenia-na-goraco-100w\/\"]}]},{\"@type\":\"BreadcrumbList\",\"@id\":\"https:\/\/bobimarket.pl\/index.php\/produkt\/pistolet-do-kleju-klejenia-na-goraco-100w\/#breadcrumb\",\"itemListElement\":[{\"@type\":\"ListItem\",\"position\":1,\"name\":\"Strona g\u0142\u00f3wna\",\"item\":\"https:\/\/bobimarket.pl\/\"},{\"@type\":\"ListItem\",\"position\":2,\"name\":\"Sklep\",\"item\":\"https:\/\/bobimarket.pl\/index.php\/shop\/\"},{\"@type\":\"ListItem\",\"position\":3,\"name\":\"PISTOLET DO KLEJU KLEJENIA NA GOR\u0104CO 100W\"}]},{\"@type\":\"WebSite\",\"@id\":\"https:\/\/bobimarket.pl\/#website\",\"url\":\"https:\/\/bobimarket.pl\/\",\"name\":\"BOBIMARKET.pl - Remontuj i urz\u0105dzaj z nami\",\"description\":\"Remontuj i urz\u0105dzaj z nami\",\"publisher\":{\"@id\":\"https:\/\/bobimarket.pl\/#organization\"},\"potentialAction\":[{\"@type\":\"SearchAction\",\"target\":{\"@type\":\"EntryPoint\",\"urlTemplate\":\"https:\/\/bobimarket.pl\/?s={search_term_string}\"},\"query-input\":\"required name=search_term_string\"}],\"inLanguage\":\"pl-PL\"},{\"@type\":\"Organization\",\"@id\":\"https:\/\/bobimarket.pl\/#organization\",\"name\":\"BOBIMARKET.pl\",\"url\":\"https:\/\/bobimarket.pl\/\",\"logo\":{\"@type\":\"ImageObject\",\"inLanguage\":\"pl-PL\",\"@id\":\"https:\/\/bobimarket.pl\/#\/schema\/logo\/image\/\",\"url\":\"https:\/\/bobimarket.pl\/wp-content\/uploads\/2021\/11\/slogan.png\",\"contentUrl\":\"https:\/\/bobimarket.pl\/wp-content\/uploads\/2021\/11\/slogan.png\",\"width\":2000,\"height\":384,\"caption\":\"BOBIMARKET.pl\"},\"image\":{\"@id\":\"https:\/\/bobimarket.pl\/#\/schema\/logo\/image\/\"}}]}<\/script>\n<!-- \/ Yoast SEO plugin. -->","yoast_head_json":{"title":"PISTOLET DO KLEJU KLEJENIA NA GOR\u0104CO 100W - BOBIMARKET.pl - Remontuj i urz\u0105dzaj z nami","robots":{"index":"index","follow":"follow","max-snippet":"max-snippet:-1","max-image-preview":"max-image-preview:large","max-video-preview":"max-video-preview:-1"},"canonical":"https:\/\/bobimarket.pl\/index.php\/produkt\/pistolet-do-kleju-klejenia-na-goraco-100w\/","og_locale":"pl_PL","og_type":"article","og_title":"PISTOLET DO KLEJU KLEJENIA NA GOR\u0104CO 100W - BOBIMARKET.pl - Remontuj i urz\u0105dzaj z nami","og_description":"PISTOLET DO KLEJU KLEJENIA NA GOR\u0104CO 100W + KLEJE Dane techniczne: Moc maksymalna (w trakcie rozgrzewania): 100 W Moc: 20 &#8211; 100 W Napi\u0119cie sieciowe: 230 V \u015arednica laski kleju: 11,2mm Temp. robocza: 200 stopni Podstawka metalowa Niezast\u0105piony element dla wszystkich majsterkowicz\u00f3w i nie tylko! Pratyczny pistolet do kleju o mocy 100W. Jego temperatura robocza     Czytaj wi\u0119cej \"PISTOLET DO KLEJU KLEJENIA NA GOR\u0104CO 100W\"","og_url":"https:\/\/bobimarket.pl\/index.php\/produkt\/pistolet-do-kleju-klejenia-na-goraco-100w\/","og_site_name":"BOBIMARKET.pl - Remontuj i urz\u0105dzaj z nami","article_modified_time":"2025-02-27T16:40:09+00:00","og_image":[{"url":"https:\/\/upload.cdn.baselinker.com\/products\/14476\/a44f227fc6b125178ae605305de18d65.jpg"}],"twitter_card":"summary_large_image","twitter_misc":{"Szacowany czas czytania":"1 minuta"},"schema":{"@context":"https:\/\/schema.org","@graph":[{"@type":"WebPage","@id":"https:\/\/bobimarket.pl\/index.php\/produkt\/pistolet-do-kleju-klejenia-na-goraco-100w\/","url":"https:\/\/bobimarket.pl\/index.php\/produkt\/pistolet-do-kleju-klejenia-na-goraco-100w\/","name":"PISTOLET DO KLEJU KLEJENIA NA GOR\u0104CO 100W - BOBIMARKET.pl - Remontuj i urz\u0105dzaj z nami","isPartOf":{"@id":"https:\/\/bobimarket.pl\/#website"},"datePublished":"2023-08-30T13:04:48+00:00","dateModified":"2025-02-27T16:40:09+00:00","breadcrumb":{"@id":"https:\/\/bobimarket.pl\/index.php\/produkt\/pistolet-do-kleju-klejenia-na-goraco-100w\/#breadcrumb"},"inLanguage":"pl-PL","potentialAction":[{"@type":"ReadAction","target":["https:\/\/bobimarket.pl\/index.php\/produkt\/pistolet-do-kleju-klejenia-na-goraco-100w\/"]}]},{"@type":"BreadcrumbList","@id":"https:\/\/bobimarket.pl\/index.php\/produkt\/pistolet-do-kleju-klejenia-na-goraco-100w\/#breadcrumb","itemListElement":[{"@type":"ListItem","position":1,"name":"Strona g\u0142\u00f3wna","item":"https:\/\/bobimarket.pl\/"},{"@type":"ListItem","position":2,"name":"Sklep","item":"https:\/\/bobimarket.pl\/index.php\/shop\/"},{"@type":"ListItem","position":3,"name":"PISTOLET DO KLEJU KLEJENIA NA GOR\u0104CO 100W"}]},{"@type":"WebSite","@id":"https:\/\/bobimarket.pl\/#website","url":"https:\/\/bobimarket.pl\/","name":"BOBIMARKET.pl - Remontuj i urz\u0105dzaj z nami","description":"Remontuj i urz\u0105dzaj z nami","publisher":{"@id":"https:\/\/bobimarket.pl\/#organization"},"potentialAction":[{"@type":"SearchAction","target":{"@type":"EntryPoint","urlTemplate":"https:\/\/bobimarket.pl\/?s={search_term_string}"},"query-input":"required name=search_term_string"}],"inLanguage":"pl-PL"},{"@type":"Organization","@id":"https:\/\/bobimarket.pl\/#organization","name":"BOBIMARKET.pl","url":"https:\/\/bobimarket.pl\/","logo":{"@type":"ImageObject","inLanguage":"pl-PL","@id":"https:\/\/bobimarket.pl\/#\/schema\/logo\/image\/","url":"https:\/\/bobimarket.pl\/wp-content\/uploads\/2021\/11\/slogan.png","contentUrl":"https:\/\/bobimarket.pl\/wp-content\/uploads\/2021\/11\/slogan.png","width":2000,"height":384,"caption":"BOBIMARKET.pl"},"image":{"@id":"https:\/\/bobimarket.pl\/#\/schema\/logo\/image\/"}}]}},"_links":{"self":[{"href":"https:\/\/bobimarket.pl\/index.php\/wp-json\/wp\/v2\/product\/97767"}],"collection":[{"href":"https:\/\/bobimarket.pl\/index.php\/wp-json\/wp\/v2\/product"}],"about":[{"href":"https:\/\/bobimarket.pl\/index.php\/wp-json\/wp\/v2\/types\/product"}],"wp:featuredmedia":[{"embeddable":true,"href":"https:\/\/bobimarket.pl\/index.php\/wp-json\/wp\/v2\/media\/97760"}],"wp:attachment":[{"href":"https:\/\/bobimarket.pl\/index.php\/wp-json\/wp\/v2\/media?parent=97767"}],"wp:term":[{"taxonomy":"product_cat","embeddable":true,"href":"https:\/\/bobimarket.pl\/index.php\/wp-json\/wp\/v2\/product_cat?post=97767"},{"taxonomy":"product_tag","embeddable":true,"href":"https:\/\/bobimarket.pl\/index.php\/wp-json\/wp\/v2\/product_tag?post=97767"}],"curies":[{"name":"wp","href":"https:\/\/api.w.org\/{rel}","templated":true}]}}