{"id":97787,"date":"2023-08-30T13:06:18","date_gmt":"2023-08-30T13:06:18","guid":{"rendered":"https:\/\/bobimarket.pl\/index.php\/produkt\/tasma-tynkarska-elewacyjna-maskujaca-30mmx20m\/"},"modified":"2025-02-27T16:40:27","modified_gmt":"2025-02-27T16:40:27","slug":"tasma-tynkarska-elewacyjna-maskujaca-30mmx20m","status":"publish","type":"product","link":"https:\/\/bobimarket.pl\/index.php\/produkt\/tasma-tynkarska-elewacyjna-maskujaca-30mmx20m\/","title":{"rendered":"TA\u015aMA TYNKARSKA ELEWACYJNA MASKUJ\u0104CA 30MMX20M"},"content":{"rendered":"<section class=\"section\">\n<div class=\"item item-12\">\n<section class=\"text-item\">\n<h1>TA\u015aMA TYNKARSKA ELEWACYJNA MASKUJ\u0104CA 30MMX20M<\/h1>\n<p><b>Dane techniczne:<\/b><\/p>\n<ul>\n<li>Szeroko\u015b\u0107: <b>30 mm<\/b><\/li>\n<li>D\u0142ugo\u015b\u0107:<b> 20 m<\/b><\/li>\n<li>Kolor: <b>pomara\u0144czowy<\/b><\/li>\n<li>Rodzaj:<b> tynkarska <\/b><\/li>\n<\/ul>\n<\/section><\/div>\n<\/section>\n<section class=\"section\">\n<div class=\"item item-12\">\n<section class=\"image-item\">\n            <img decoding=\"async\" src=\"https:\/\/upload.cdn.baselinker.com\/products\/14476\/06ca6be603b775ab5c4f48bb6de52553.jpg\" \/><br \/>\n        <\/section>\n<\/p><\/div>\n<\/section>\n<section class=\"section\">\n<div class=\"item item-12\">\n<section class=\"text-item\">\n<p><b>\u2705 Zastosowanie:<\/b><\/p>\n<ul>\n<li>Ta\u015bma tynkarska s\u0142u\u017cy do <b>zabezpieczania r\u00f3\u017cnego rodzaju powierzchni<\/b> przed uszkodzeniem oraz zabrudzeniem.<\/li>\n<li>Prezentowana ta\u015bma tynkarska pos\u0142u\u017cy Ci do wykonywania wielu prac budowlanych, remontowych czy wyko\u0144czeniowych, kt\u00f3re s\u0105 prowadzone zar\u00f3wno <b>wewn\u0105trz, jak i na zewn\u0105trz budynk\u00f3w.<\/b><\/li>\n<\/ul>\n<\/section><\/div>\n<\/section>\n<section class=\"section\">\n<div class=\"item item-12\">\n<section class=\"image-item\">\n            <img decoding=\"async\" src=\"https:\/\/upload.cdn.baselinker.com\/products\/14476\/06ca6be603b775ab5c4f48bb6de52553.jpg\" \/><br \/>\n        <\/section>\n<\/p><\/div>\n<\/section>\n","protected":false},"excerpt":{"rendered":"<p>TA\u015aMA TYNKARSKA ELEWACYJNA MASKUJ\u0104CA 30MMX20M Dane techniczne: Szeroko\u015b\u0107: 30 mm D\u0142ugo\u015b\u0107: 20 m Kolor: pomara\u0144czowy Rodzaj: tynkarska \u2705 Zastosowanie: Ta\u015bma tynkarska s\u0142u\u017cy do zabezpieczania r\u00f3\u017cnego rodzaju powierzchni przed uszkodzeniem oraz zabrudzeniem. Prezentowana ta\u015bma tynkarska pos\u0142u\u017cy Ci do wykonywania wielu prac budowlanych, remontowych czy wyko\u0144czeniowych, kt\u00f3re s\u0105 prowadzone zar\u00f3wno wewn\u0105trz, jak i na zewn\u0105trz budynk\u00f3w.<\/p>\n","protected":false},"featured_media":97784,"template":"","meta":[],"product_cat":[8268],"product_tag":[],"yoast_head":"<!-- This site is optimized with the Yoast SEO plugin v21.0 - https:\/\/yoast.com\/wordpress\/plugins\/seo\/ -->\n<title>TA\u015aMA TYNKARSKA ELEWACYJNA MASKUJ\u0104CA 30MMX20M - BOBIMARKET.pl - Remontuj i urz\u0105dzaj z nami<\/title>\n<meta name=\"robots\" content=\"index, follow, max-snippet:-1, max-image-preview:large, max-video-preview:-1\" \/>\n<link rel=\"canonical\" href=\"https:\/\/bobimarket.pl\/index.php\/produkt\/tasma-tynkarska-elewacyjna-maskujaca-30mmx20m\/\" \/>\n<meta property=\"og:locale\" content=\"pl_PL\" \/>\n<meta property=\"og:type\" content=\"article\" \/>\n<meta property=\"og:title\" content=\"TA\u015aMA TYNKARSKA ELEWACYJNA MASKUJ\u0104CA 30MMX20M - BOBIMARKET.pl - Remontuj i urz\u0105dzaj z nami\" \/>\n<meta property=\"og:description\" content=\"TA\u015aMA TYNKARSKA ELEWACYJNA MASKUJ\u0104CA 30MMX20M Dane techniczne: Szeroko\u015b\u0107: 30 mm D\u0142ugo\u015b\u0107: 20 m Kolor: pomara\u0144czowy Rodzaj: tynkarska \u2705 Zastosowanie: Ta\u015bma tynkarska s\u0142u\u017cy do zabezpieczania r\u00f3\u017cnego rodzaju powierzchni przed uszkodzeniem oraz zabrudzeniem. Prezentowana ta\u015bma tynkarska pos\u0142u\u017cy Ci do wykonywania wielu prac budowlanych, remontowych czy wyko\u0144czeniowych, kt\u00f3re s\u0105 prowadzone zar\u00f3wno wewn\u0105trz, jak i na zewn\u0105trz budynk\u00f3w.\" \/>\n<meta property=\"og:url\" content=\"https:\/\/bobimarket.pl\/index.php\/produkt\/tasma-tynkarska-elewacyjna-maskujaca-30mmx20m\/\" \/>\n<meta property=\"og:site_name\" content=\"BOBIMARKET.pl - Remontuj i urz\u0105dzaj z nami\" \/>\n<meta property=\"article:modified_time\" content=\"2025-02-27T16:40:27+00:00\" \/>\n<meta property=\"og:image\" content=\"https:\/\/upload.cdn.baselinker.com\/products\/14476\/06ca6be603b775ab5c4f48bb6de52553.jpg\" \/>\n<meta name=\"twitter:card\" content=\"summary_large_image\" \/>\n<script type=\"application\/ld+json\" class=\"yoast-schema-graph\">{\"@context\":\"https:\/\/schema.org\",\"@graph\":[{\"@type\":\"WebPage\",\"@id\":\"https:\/\/bobimarket.pl\/index.php\/produkt\/tasma-tynkarska-elewacyjna-maskujaca-30mmx20m\/\",\"url\":\"https:\/\/bobimarket.pl\/index.php\/produkt\/tasma-tynkarska-elewacyjna-maskujaca-30mmx20m\/\",\"name\":\"TA\u015aMA TYNKARSKA ELEWACYJNA MASKUJ\u0104CA 30MMX20M - BOBIMARKET.pl - Remontuj i urz\u0105dzaj z nami\",\"isPartOf\":{\"@id\":\"https:\/\/bobimarket.pl\/#website\"},\"datePublished\":\"2023-08-30T13:06:18+00:00\",\"dateModified\":\"2025-02-27T16:40:27+00:00\",\"breadcrumb\":{\"@id\":\"https:\/\/bobimarket.pl\/index.php\/produkt\/tasma-tynkarska-elewacyjna-maskujaca-30mmx20m\/#breadcrumb\"},\"inLanguage\":\"pl-PL\",\"potentialAction\":[{\"@type\":\"ReadAction\",\"target\":[\"https:\/\/bobimarket.pl\/index.php\/produkt\/tasma-tynkarska-elewacyjna-maskujaca-30mmx20m\/\"]}]},{\"@type\":\"BreadcrumbList\",\"@id\":\"https:\/\/bobimarket.pl\/index.php\/produkt\/tasma-tynkarska-elewacyjna-maskujaca-30mmx20m\/#breadcrumb\",\"itemListElement\":[{\"@type\":\"ListItem\",\"position\":1,\"name\":\"Strona g\u0142\u00f3wna\",\"item\":\"https:\/\/bobimarket.pl\/\"},{\"@type\":\"ListItem\",\"position\":2,\"name\":\"Sklep\",\"item\":\"https:\/\/bobimarket.pl\/index.php\/shop\/\"},{\"@type\":\"ListItem\",\"position\":3,\"name\":\"TA\u015aMA TYNKARSKA ELEWACYJNA MASKUJ\u0104CA 30MMX20M\"}]},{\"@type\":\"WebSite\",\"@id\":\"https:\/\/bobimarket.pl\/#website\",\"url\":\"https:\/\/bobimarket.pl\/\",\"name\":\"BOBIMARKET.pl - Remontuj i urz\u0105dzaj z nami\",\"description\":\"Remontuj i urz\u0105dzaj z nami\",\"publisher\":{\"@id\":\"https:\/\/bobimarket.pl\/#organization\"},\"potentialAction\":[{\"@type\":\"SearchAction\",\"target\":{\"@type\":\"EntryPoint\",\"urlTemplate\":\"https:\/\/bobimarket.pl\/?s={search_term_string}\"},\"query-input\":\"required name=search_term_string\"}],\"inLanguage\":\"pl-PL\"},{\"@type\":\"Organization\",\"@id\":\"https:\/\/bobimarket.pl\/#organization\",\"name\":\"BOBIMARKET.pl\",\"url\":\"https:\/\/bobimarket.pl\/\",\"logo\":{\"@type\":\"ImageObject\",\"inLanguage\":\"pl-PL\",\"@id\":\"https:\/\/bobimarket.pl\/#\/schema\/logo\/image\/\",\"url\":\"https:\/\/bobimarket.pl\/wp-content\/uploads\/2021\/11\/slogan.png\",\"contentUrl\":\"https:\/\/bobimarket.pl\/wp-content\/uploads\/2021\/11\/slogan.png\",\"width\":2000,\"height\":384,\"caption\":\"BOBIMARKET.pl\"},\"image\":{\"@id\":\"https:\/\/bobimarket.pl\/#\/schema\/logo\/image\/\"}}]}<\/script>\n<!-- \/ Yoast SEO plugin. -->","yoast_head_json":{"title":"TA\u015aMA TYNKARSKA ELEWACYJNA MASKUJ\u0104CA 30MMX20M - BOBIMARKET.pl - Remontuj i urz\u0105dzaj z nami","robots":{"index":"index","follow":"follow","max-snippet":"max-snippet:-1","max-image-preview":"max-image-preview:large","max-video-preview":"max-video-preview:-1"},"canonical":"https:\/\/bobimarket.pl\/index.php\/produkt\/tasma-tynkarska-elewacyjna-maskujaca-30mmx20m\/","og_locale":"pl_PL","og_type":"article","og_title":"TA\u015aMA TYNKARSKA ELEWACYJNA MASKUJ\u0104CA 30MMX20M - BOBIMARKET.pl - Remontuj i urz\u0105dzaj z nami","og_description":"TA\u015aMA TYNKARSKA ELEWACYJNA MASKUJ\u0104CA 30MMX20M Dane techniczne: Szeroko\u015b\u0107: 30 mm D\u0142ugo\u015b\u0107: 20 m Kolor: pomara\u0144czowy Rodzaj: tynkarska \u2705 Zastosowanie: Ta\u015bma tynkarska s\u0142u\u017cy do zabezpieczania r\u00f3\u017cnego rodzaju powierzchni przed uszkodzeniem oraz zabrudzeniem. Prezentowana ta\u015bma tynkarska pos\u0142u\u017cy Ci do wykonywania wielu prac budowlanych, remontowych czy wyko\u0144czeniowych, kt\u00f3re s\u0105 prowadzone zar\u00f3wno wewn\u0105trz, jak i na zewn\u0105trz budynk\u00f3w.","og_url":"https:\/\/bobimarket.pl\/index.php\/produkt\/tasma-tynkarska-elewacyjna-maskujaca-30mmx20m\/","og_site_name":"BOBIMARKET.pl - Remontuj i urz\u0105dzaj z nami","article_modified_time":"2025-02-27T16:40:27+00:00","og_image":[{"url":"https:\/\/upload.cdn.baselinker.com\/products\/14476\/06ca6be603b775ab5c4f48bb6de52553.jpg"}],"twitter_card":"summary_large_image","schema":{"@context":"https:\/\/schema.org","@graph":[{"@type":"WebPage","@id":"https:\/\/bobimarket.pl\/index.php\/produkt\/tasma-tynkarska-elewacyjna-maskujaca-30mmx20m\/","url":"https:\/\/bobimarket.pl\/index.php\/produkt\/tasma-tynkarska-elewacyjna-maskujaca-30mmx20m\/","name":"TA\u015aMA TYNKARSKA ELEWACYJNA MASKUJ\u0104CA 30MMX20M - BOBIMARKET.pl - Remontuj i urz\u0105dzaj z nami","isPartOf":{"@id":"https:\/\/bobimarket.pl\/#website"},"datePublished":"2023-08-30T13:06:18+00:00","dateModified":"2025-02-27T16:40:27+00:00","breadcrumb":{"@id":"https:\/\/bobimarket.pl\/index.php\/produkt\/tasma-tynkarska-elewacyjna-maskujaca-30mmx20m\/#breadcrumb"},"inLanguage":"pl-PL","potentialAction":[{"@type":"ReadAction","target":["https:\/\/bobimarket.pl\/index.php\/produkt\/tasma-tynkarska-elewacyjna-maskujaca-30mmx20m\/"]}]},{"@type":"BreadcrumbList","@id":"https:\/\/bobimarket.pl\/index.php\/produkt\/tasma-tynkarska-elewacyjna-maskujaca-30mmx20m\/#breadcrumb","itemListElement":[{"@type":"ListItem","position":1,"name":"Strona g\u0142\u00f3wna","item":"https:\/\/bobimarket.pl\/"},{"@type":"ListItem","position":2,"name":"Sklep","item":"https:\/\/bobimarket.pl\/index.php\/shop\/"},{"@type":"ListItem","position":3,"name":"TA\u015aMA TYNKARSKA ELEWACYJNA MASKUJ\u0104CA 30MMX20M"}]},{"@type":"WebSite","@id":"https:\/\/bobimarket.pl\/#website","url":"https:\/\/bobimarket.pl\/","name":"BOBIMARKET.pl - Remontuj i urz\u0105dzaj z nami","description":"Remontuj i urz\u0105dzaj z nami","publisher":{"@id":"https:\/\/bobimarket.pl\/#organization"},"potentialAction":[{"@type":"SearchAction","target":{"@type":"EntryPoint","urlTemplate":"https:\/\/bobimarket.pl\/?s={search_term_string}"},"query-input":"required name=search_term_string"}],"inLanguage":"pl-PL"},{"@type":"Organization","@id":"https:\/\/bobimarket.pl\/#organization","name":"BOBIMARKET.pl","url":"https:\/\/bobimarket.pl\/","logo":{"@type":"ImageObject","inLanguage":"pl-PL","@id":"https:\/\/bobimarket.pl\/#\/schema\/logo\/image\/","url":"https:\/\/bobimarket.pl\/wp-content\/uploads\/2021\/11\/slogan.png","contentUrl":"https:\/\/bobimarket.pl\/wp-content\/uploads\/2021\/11\/slogan.png","width":2000,"height":384,"caption":"BOBIMARKET.pl"},"image":{"@id":"https:\/\/bobimarket.pl\/#\/schema\/logo\/image\/"}}]}},"_links":{"self":[{"href":"https:\/\/bobimarket.pl\/index.php\/wp-json\/wp\/v2\/product\/97787"}],"collection":[{"href":"https:\/\/bobimarket.pl\/index.php\/wp-json\/wp\/v2\/product"}],"about":[{"href":"https:\/\/bobimarket.pl\/index.php\/wp-json\/wp\/v2\/types\/product"}],"wp:featuredmedia":[{"embeddable":true,"href":"https:\/\/bobimarket.pl\/index.php\/wp-json\/wp\/v2\/media\/97784"}],"wp:attachment":[{"href":"https:\/\/bobimarket.pl\/index.php\/wp-json\/wp\/v2\/media?parent=97787"}],"wp:term":[{"taxonomy":"product_cat","embeddable":true,"href":"https:\/\/bobimarket.pl\/index.php\/wp-json\/wp\/v2\/product_cat?post=97787"},{"taxonomy":"product_tag","embeddable":true,"href":"https:\/\/bobimarket.pl\/index.php\/wp-json\/wp\/v2\/product_tag?post=97787"}],"curies":[{"name":"wp","href":"https:\/\/api.w.org\/{rel}","templated":true}]}}