{"id":97852,"date":"2023-08-30T13:11:42","date_gmt":"2023-08-30T13:11:42","guid":{"rendered":"https:\/\/bobimarket.pl\/index.php\/produkt\/drzwiczki-kominowe-rewizyjne-wyczystka-14x21-cm-4\/"},"modified":"2025-02-27T16:41:05","modified_gmt":"2025-02-27T16:41:05","slug":"drzwiczki-kominowe-rewizyjne-wyczystka-14x21-cm-4","status":"publish","type":"product","link":"https:\/\/bobimarket.pl\/index.php\/produkt\/drzwiczki-kominowe-rewizyjne-wyczystka-14x21-cm-4\/","title":{"rendered":"DRZWICZKI KOMINOWE REWIZYJNE WYCZYSTKA 14&#215;21 CM"},"content":{"rendered":"<section class=\"section\">\n<div class=\"item item-12\">\n<section class=\"text-item\">\n<h2>\u2757 UWAGA\u2757 Drzwiczki posiadaj\u0105 defekty opisane w aukcji! Prosimy o zapoznanie si\u0119 z opisem oraz zdj\u0119ciami i przemy\u015blane zakupy!<\/h2>\n<\/section><\/div>\n<\/section>\n<section class=\"section\">\n<div class=\"item item-6\">\n<section class=\"text-item\">\n<h2>Drzwiczki posiadaj\u0105 zarysowania na ramce.<\/h2>\n<\/section><\/div>\n<div class=\"item item-6\">\n<section class=\"image-item\">\n            <img decoding=\"async\" src=\"https:\/\/upload.cdn.baselinker.com\/products\/14476\/4cf5b88f45bf2019a55a99fa95fec5e7.jpg\" \/><br \/>\n        <\/section>\n<\/p><\/div>\n<\/section>\n<section class=\"section\">\n<div class=\"item item-6\">\n<section class=\"image-item\">\n            <img decoding=\"async\" src=\"https:\/\/upload.cdn.baselinker.com\/products\/14476\/003be04a4edc756077f0ee5859234f08.jpg\" \/><br \/>\n        <\/section>\n<\/p><\/div>\n<div class=\"item item-6\">\n<section class=\"text-item\">\n<h2>DRZWICZKI KOMINOWE REWIZYJNE WYCZYSTKA 14&#215;21 CM<\/h2>\n<p><b>Dane techniczne:<\/b><\/p>\n<ul>\n<li>Wysoko\u015b\u0107 ca\u0142kowita zew :<b> 24,7 cm<\/b><\/li>\n<li>Szeroko\u015b\u0107 ca\u0142kowita zew :<b> 17cm<\/b><\/li>\n<li>Materia\u0142: <b>stal nierdzewna<\/b><\/li>\n<\/ul>\n<p><b>Wymiar wewn\u0119trzny:<\/b><\/p>\n<ul>\n<li>Wysoko\u015b\u0107: 21cm<\/li>\n<li>Szeroko\u015b\u0107: 13,4cm<\/li>\n<\/ul>\n<\/section><\/div>\n<\/section>\n<section class=\"section\">\n<div class=\"item item-6\">\n<section class=\"image-item\">\n            <img decoding=\"async\" src=\"https:\/\/upload.cdn.baselinker.com\/products\/14476\/8637943980be684b1ec2ec660aa27120.jpg\" \/><br \/>\n        <\/section>\n<\/p><\/div>\n<div class=\"item item-6\">\n<section class=\"text-item\">\n<p>Wysokiej jako\u015bci drzwi rewizyjne wykonane z <b>blachy nierdzewnej.<\/b> Dodatkowo w \u015brodku znajduje si\u0119 <b>drugie dno.<\/b><\/p>\n<p>\u2705 <b>Zastosowanie:<\/b><\/p>\n<ul>\n<li>drzwi rewizyjne komin\u00f3w, wentylacji<\/li>\n<li>maskowanie zawor\u00f3w, instalacji<\/li>\n<\/ul>\n<\/section><\/div>\n<\/section>\n<section class=\"section\">\n<div class=\"item item-12\">\n<section class=\"text-item\">\n<h2>ZDJ\u0118CIA ZARYSOWA\u0143<\/h2>\n<\/section><\/div>\n<\/section>\n<section class=\"section\">\n<div class=\"item item-12\">\n<section class=\"image-item\">\n            <img decoding=\"async\" src=\"https:\/\/upload.cdn.baselinker.com\/products\/14476\/4cf5b88f45bf2019a55a99fa95fec5e7.jpg\" \/><br \/>\n        <\/section>\n<\/p><\/div>\n<\/section>\n<section class=\"section\">\n<div class=\"item item-12\">\n<section class=\"image-item\">\n            <img decoding=\"async\" src=\"https:\/\/upload.cdn.baselinker.com\/products\/14476\/fd644d1225e5dd442b981d5ea964e1e9.jpg\" \/><br \/>\n        <\/section>\n<\/p><\/div>\n<\/section>\n","protected":false},"excerpt":{"rendered":"<p>\u2757 UWAGA\u2757 Drzwiczki posiadaj\u0105 defekty opisane w aukcji! Prosimy o zapoznanie si\u0119 z opisem oraz zdj\u0119ciami i przemy\u015blane zakupy! Drzwiczki posiadaj\u0105 zarysowania na ramce. DRZWICZKI KOMINOWE REWIZYJNE WYCZYSTKA 14&#215;21 CM Dane techniczne: Wysoko\u015b\u0107 ca\u0142kowita zew : 24,7 cm Szeroko\u015b\u0107 ca\u0142kowita zew : 17cm Materia\u0142: stal nierdzewna Wymiar wewn\u0119trzny: Wysoko\u015b\u0107: 21cm Szeroko\u015b\u0107: 13,4cm Wysokiej jako\u015bci drzwi<br \/><a class=\"more-link\" href=\"https:\/\/bobimarket.pl\/index.php\/produkt\/drzwiczki-kominowe-rewizyjne-wyczystka-14x21-cm-4\/\"><br \/>\n        Czytaj wi\u0119cej<span class=\"screen-reader-text\"> &#8222;DRZWICZKI KOMINOWE REWIZYJNE WYCZYSTKA 14&#215;21 CM&#8221;<\/span><\/a><\/p>\n","protected":false},"featured_media":97847,"template":"","meta":[],"product_cat":[8185],"product_tag":[],"yoast_head":"<!-- This site is optimized with the Yoast SEO plugin v21.0 - https:\/\/yoast.com\/wordpress\/plugins\/seo\/ -->\n<title>DRZWICZKI KOMINOWE REWIZYJNE WYCZYSTKA 14x21 CM - BOBIMARKET.pl - Remontuj i urz\u0105dzaj z nami<\/title>\n<meta name=\"robots\" content=\"index, follow, max-snippet:-1, max-image-preview:large, max-video-preview:-1\" \/>\n<link rel=\"canonical\" href=\"https:\/\/bobimarket.pl\/index.php\/produkt\/drzwiczki-kominowe-rewizyjne-wyczystka-14x21-cm-4\/\" \/>\n<meta property=\"og:locale\" content=\"pl_PL\" \/>\n<meta property=\"og:type\" content=\"article\" \/>\n<meta property=\"og:title\" content=\"DRZWICZKI KOMINOWE REWIZYJNE WYCZYSTKA 14x21 CM - BOBIMARKET.pl - Remontuj i urz\u0105dzaj z nami\" \/>\n<meta property=\"og:description\" content=\"\u2757 UWAGA\u2757 Drzwiczki posiadaj\u0105 defekty opisane w aukcji! Prosimy o zapoznanie si\u0119 z opisem oraz zdj\u0119ciami i przemy\u015blane zakupy! Drzwiczki posiadaj\u0105 zarysowania na ramce. DRZWICZKI KOMINOWE REWIZYJNE WYCZYSTKA 14&#215;21 CM Dane techniczne: Wysoko\u015b\u0107 ca\u0142kowita zew : 24,7 cm Szeroko\u015b\u0107 ca\u0142kowita zew : 17cm Materia\u0142: stal nierdzewna Wymiar wewn\u0119trzny: Wysoko\u015b\u0107: 21cm Szeroko\u015b\u0107: 13,4cm Wysokiej jako\u015bci drzwi     Czytaj wi\u0119cej &quot;DRZWICZKI KOMINOWE REWIZYJNE WYCZYSTKA 14&#215;21 CM&quot;\" \/>\n<meta property=\"og:url\" content=\"https:\/\/bobimarket.pl\/index.php\/produkt\/drzwiczki-kominowe-rewizyjne-wyczystka-14x21-cm-4\/\" \/>\n<meta property=\"og:site_name\" content=\"BOBIMARKET.pl - Remontuj i urz\u0105dzaj z nami\" \/>\n<meta property=\"article:modified_time\" content=\"2025-02-27T16:41:05+00:00\" \/>\n<meta property=\"og:image\" content=\"https:\/\/upload.cdn.baselinker.com\/products\/14476\/4cf5b88f45bf2019a55a99fa95fec5e7.jpg\" \/>\n<meta name=\"twitter:card\" content=\"summary_large_image\" \/>\n<script type=\"application\/ld+json\" class=\"yoast-schema-graph\">{\"@context\":\"https:\/\/schema.org\",\"@graph\":[{\"@type\":\"WebPage\",\"@id\":\"https:\/\/bobimarket.pl\/index.php\/produkt\/drzwiczki-kominowe-rewizyjne-wyczystka-14x21-cm-4\/\",\"url\":\"https:\/\/bobimarket.pl\/index.php\/produkt\/drzwiczki-kominowe-rewizyjne-wyczystka-14x21-cm-4\/\",\"name\":\"DRZWICZKI KOMINOWE REWIZYJNE WYCZYSTKA 14x21 CM - BOBIMARKET.pl - Remontuj i urz\u0105dzaj z nami\",\"isPartOf\":{\"@id\":\"https:\/\/bobimarket.pl\/#website\"},\"datePublished\":\"2023-08-30T13:11:42+00:00\",\"dateModified\":\"2025-02-27T16:41:05+00:00\",\"breadcrumb\":{\"@id\":\"https:\/\/bobimarket.pl\/index.php\/produkt\/drzwiczki-kominowe-rewizyjne-wyczystka-14x21-cm-4\/#breadcrumb\"},\"inLanguage\":\"pl-PL\",\"potentialAction\":[{\"@type\":\"ReadAction\",\"target\":[\"https:\/\/bobimarket.pl\/index.php\/produkt\/drzwiczki-kominowe-rewizyjne-wyczystka-14x21-cm-4\/\"]}]},{\"@type\":\"BreadcrumbList\",\"@id\":\"https:\/\/bobimarket.pl\/index.php\/produkt\/drzwiczki-kominowe-rewizyjne-wyczystka-14x21-cm-4\/#breadcrumb\",\"itemListElement\":[{\"@type\":\"ListItem\",\"position\":1,\"name\":\"Strona g\u0142\u00f3wna\",\"item\":\"https:\/\/bobimarket.pl\/\"},{\"@type\":\"ListItem\",\"position\":2,\"name\":\"Sklep\",\"item\":\"https:\/\/bobimarket.pl\/index.php\/shop\/\"},{\"@type\":\"ListItem\",\"position\":3,\"name\":\"DRZWICZKI KOMINOWE REWIZYJNE WYCZYSTKA 14&#215;21 CM\"}]},{\"@type\":\"WebSite\",\"@id\":\"https:\/\/bobimarket.pl\/#website\",\"url\":\"https:\/\/bobimarket.pl\/\",\"name\":\"BOBIMARKET.pl - Remontuj i urz\u0105dzaj z nami\",\"description\":\"Remontuj i urz\u0105dzaj z nami\",\"publisher\":{\"@id\":\"https:\/\/bobimarket.pl\/#organization\"},\"potentialAction\":[{\"@type\":\"SearchAction\",\"target\":{\"@type\":\"EntryPoint\",\"urlTemplate\":\"https:\/\/bobimarket.pl\/?s={search_term_string}\"},\"query-input\":\"required name=search_term_string\"}],\"inLanguage\":\"pl-PL\"},{\"@type\":\"Organization\",\"@id\":\"https:\/\/bobimarket.pl\/#organization\",\"name\":\"BOBIMARKET.pl\",\"url\":\"https:\/\/bobimarket.pl\/\",\"logo\":{\"@type\":\"ImageObject\",\"inLanguage\":\"pl-PL\",\"@id\":\"https:\/\/bobimarket.pl\/#\/schema\/logo\/image\/\",\"url\":\"https:\/\/bobimarket.pl\/wp-content\/uploads\/2021\/11\/slogan.png\",\"contentUrl\":\"https:\/\/bobimarket.pl\/wp-content\/uploads\/2021\/11\/slogan.png\",\"width\":2000,\"height\":384,\"caption\":\"BOBIMARKET.pl\"},\"image\":{\"@id\":\"https:\/\/bobimarket.pl\/#\/schema\/logo\/image\/\"}}]}<\/script>\n<!-- \/ Yoast SEO plugin. -->","yoast_head_json":{"title":"DRZWICZKI KOMINOWE REWIZYJNE WYCZYSTKA 14x21 CM - BOBIMARKET.pl - Remontuj i urz\u0105dzaj z nami","robots":{"index":"index","follow":"follow","max-snippet":"max-snippet:-1","max-image-preview":"max-image-preview:large","max-video-preview":"max-video-preview:-1"},"canonical":"https:\/\/bobimarket.pl\/index.php\/produkt\/drzwiczki-kominowe-rewizyjne-wyczystka-14x21-cm-4\/","og_locale":"pl_PL","og_type":"article","og_title":"DRZWICZKI KOMINOWE REWIZYJNE WYCZYSTKA 14x21 CM - BOBIMARKET.pl - Remontuj i urz\u0105dzaj z nami","og_description":"\u2757 UWAGA\u2757 Drzwiczki posiadaj\u0105 defekty opisane w aukcji! Prosimy o zapoznanie si\u0119 z opisem oraz zdj\u0119ciami i przemy\u015blane zakupy! Drzwiczki posiadaj\u0105 zarysowania na ramce. DRZWICZKI KOMINOWE REWIZYJNE WYCZYSTKA 14&#215;21 CM Dane techniczne: Wysoko\u015b\u0107 ca\u0142kowita zew : 24,7 cm Szeroko\u015b\u0107 ca\u0142kowita zew : 17cm Materia\u0142: stal nierdzewna Wymiar wewn\u0119trzny: Wysoko\u015b\u0107: 21cm Szeroko\u015b\u0107: 13,4cm Wysokiej jako\u015bci drzwi     Czytaj wi\u0119cej \"DRZWICZKI KOMINOWE REWIZYJNE WYCZYSTKA 14&#215;21 CM\"","og_url":"https:\/\/bobimarket.pl\/index.php\/produkt\/drzwiczki-kominowe-rewizyjne-wyczystka-14x21-cm-4\/","og_site_name":"BOBIMARKET.pl - Remontuj i urz\u0105dzaj z nami","article_modified_time":"2025-02-27T16:41:05+00:00","og_image":[{"url":"https:\/\/upload.cdn.baselinker.com\/products\/14476\/4cf5b88f45bf2019a55a99fa95fec5e7.jpg"}],"twitter_card":"summary_large_image","schema":{"@context":"https:\/\/schema.org","@graph":[{"@type":"WebPage","@id":"https:\/\/bobimarket.pl\/index.php\/produkt\/drzwiczki-kominowe-rewizyjne-wyczystka-14x21-cm-4\/","url":"https:\/\/bobimarket.pl\/index.php\/produkt\/drzwiczki-kominowe-rewizyjne-wyczystka-14x21-cm-4\/","name":"DRZWICZKI KOMINOWE REWIZYJNE WYCZYSTKA 14x21 CM - BOBIMARKET.pl - Remontuj i urz\u0105dzaj z nami","isPartOf":{"@id":"https:\/\/bobimarket.pl\/#website"},"datePublished":"2023-08-30T13:11:42+00:00","dateModified":"2025-02-27T16:41:05+00:00","breadcrumb":{"@id":"https:\/\/bobimarket.pl\/index.php\/produkt\/drzwiczki-kominowe-rewizyjne-wyczystka-14x21-cm-4\/#breadcrumb"},"inLanguage":"pl-PL","potentialAction":[{"@type":"ReadAction","target":["https:\/\/bobimarket.pl\/index.php\/produkt\/drzwiczki-kominowe-rewizyjne-wyczystka-14x21-cm-4\/"]}]},{"@type":"BreadcrumbList","@id":"https:\/\/bobimarket.pl\/index.php\/produkt\/drzwiczki-kominowe-rewizyjne-wyczystka-14x21-cm-4\/#breadcrumb","itemListElement":[{"@type":"ListItem","position":1,"name":"Strona g\u0142\u00f3wna","item":"https:\/\/bobimarket.pl\/"},{"@type":"ListItem","position":2,"name":"Sklep","item":"https:\/\/bobimarket.pl\/index.php\/shop\/"},{"@type":"ListItem","position":3,"name":"DRZWICZKI KOMINOWE REWIZYJNE WYCZYSTKA 14&#215;21 CM"}]},{"@type":"WebSite","@id":"https:\/\/bobimarket.pl\/#website","url":"https:\/\/bobimarket.pl\/","name":"BOBIMARKET.pl - Remontuj i urz\u0105dzaj z nami","description":"Remontuj i urz\u0105dzaj z nami","publisher":{"@id":"https:\/\/bobimarket.pl\/#organization"},"potentialAction":[{"@type":"SearchAction","target":{"@type":"EntryPoint","urlTemplate":"https:\/\/bobimarket.pl\/?s={search_term_string}"},"query-input":"required name=search_term_string"}],"inLanguage":"pl-PL"},{"@type":"Organization","@id":"https:\/\/bobimarket.pl\/#organization","name":"BOBIMARKET.pl","url":"https:\/\/bobimarket.pl\/","logo":{"@type":"ImageObject","inLanguage":"pl-PL","@id":"https:\/\/bobimarket.pl\/#\/schema\/logo\/image\/","url":"https:\/\/bobimarket.pl\/wp-content\/uploads\/2021\/11\/slogan.png","contentUrl":"https:\/\/bobimarket.pl\/wp-content\/uploads\/2021\/11\/slogan.png","width":2000,"height":384,"caption":"BOBIMARKET.pl"},"image":{"@id":"https:\/\/bobimarket.pl\/#\/schema\/logo\/image\/"}}]}},"_links":{"self":[{"href":"https:\/\/bobimarket.pl\/index.php\/wp-json\/wp\/v2\/product\/97852"}],"collection":[{"href":"https:\/\/bobimarket.pl\/index.php\/wp-json\/wp\/v2\/product"}],"about":[{"href":"https:\/\/bobimarket.pl\/index.php\/wp-json\/wp\/v2\/types\/product"}],"wp:featuredmedia":[{"embeddable":true,"href":"https:\/\/bobimarket.pl\/index.php\/wp-json\/wp\/v2\/media\/97847"}],"wp:attachment":[{"href":"https:\/\/bobimarket.pl\/index.php\/wp-json\/wp\/v2\/media?parent=97852"}],"wp:term":[{"taxonomy":"product_cat","embeddable":true,"href":"https:\/\/bobimarket.pl\/index.php\/wp-json\/wp\/v2\/product_cat?post=97852"},{"taxonomy":"product_tag","embeddable":true,"href":"https:\/\/bobimarket.pl\/index.php\/wp-json\/wp\/v2\/product_tag?post=97852"}],"curies":[{"name":"wp","href":"https:\/\/api.w.org\/{rel}","templated":true}]}}