{"id":97967,"date":"2023-08-30T13:22:27","date_gmt":"2023-08-30T13:22:27","guid":{"rendered":"https:\/\/bobimarket.pl\/index.php\/produkt\/maczeta-do-galezi-karczownik-hartowana-400-mm\/"},"modified":"2025-03-15T15:26:47","modified_gmt":"2025-03-15T15:26:47","slug":"maczeta-do-galezi-karczownik-hartowana-400-mm","status":"publish","type":"product","link":"https:\/\/bobimarket.pl\/index.php\/produkt\/maczeta-do-galezi-karczownik-hartowana-400-mm\/","title":{"rendered":"MACZETA DO GA\u0141\u0118ZI KARCZOWNIK HARTOWANA 400 mm"},"content":{"rendered":"<section class=\"section\">\n<div class=\"item item-12\">\n<section class=\"text-item\">\n<h2>MACZETA DO GA\u0141\u0118ZI KARCZOWNIK HARTOWANA 400 mm<\/h2>\n<p><b>Dane techniczne:<\/b><\/p>\n<ul>\n<li>D\u0142ugo\u015b\u0107 ostrza: <b>400 mm<\/b><\/li>\n<li>D\u0142ugo\u015b\u0107 ca\u0142kowita:<b> 560 mm<\/b><\/li>\n<li>Uchwyt: <b>drewno <\/b><\/li>\n<li>Ostrze: <b>stal hartowana <\/b><\/li>\n<li>Przeznaczenie: <b>do drewna, ga\u0142\u0119zi<\/b><\/li>\n<\/ul>\n<\/section><\/div>\n<\/section>\n<section class=\"section\">\n<div class=\"item item-12\">\n<section class=\"image-item\">\n            <img decoding=\"async\" src=\"https:\/\/upload.cdn.baselinker.com\/products\/14476\/d071c7d10fd3fd5161db97c39a4aadc5.jpg\" \/><br \/>\n        <\/section>\n<\/p><\/div>\n<\/section>\n<section class=\"section\">\n<div class=\"item item-12\">\n<section class=\"text-item\">\n<p><b>Maczeta r\u0119czna przydatna podczas prac ogrodowych!<\/b><\/p>\n<p>Praktyczna maczeta przeznaczona <b>do ci\u0119cia drewna i ga\u0142\u0119zi.<\/b> Narz\u0119dzie charakteryzuje si\u0119 trwa\u0142o\u015bci\u0105 i wysok\u0105 wytrzyma\u0142o\u015bci\u0105 mechaniczn\u0105. Ostrze jest wykonane ze stali. Hartowana stal pozostaje ostra na d\u0142u\u017cej.Ostrze jest dodatkowo zabezpieczone gumow\u0105 nak\u0142adk\u0105, a r\u0105czk\u0119 wyposa\u017cono w sznurek u\u0142atwiaj\u0105cy przechowywanie maczety.<\/p>\n<ul>\n<li><b>R\u0119koje\u015b\u0107 pi\u0142y<\/b> wykonana z trwa\u0142ego drewniana mocowanego za pomoc\u0105 nit\u00f3w. Narz\u0119dzie zapewnia komfortowa prac\u0119, r\u0119ka nie m\u0119czy si\u0119 podczas ci\u0119cia.<\/li>\n<li>Charakterystyczna, lekko zakrzywiona, budowa ostrza zapobiega zaklinowaniu ostrza w drewnie.<\/li>\n<\/ul>\n<\/section><\/div>\n<\/section>\n<section class=\"section\">\n<div class=\"item item-12\">\n<section class=\"image-item\">\n            <img decoding=\"async\" src=\"https:\/\/upload.cdn.baselinker.com\/products\/14476\/04107824b0a1baaea397ebc73969e447.jpg\" \/><br \/>\n        <\/section>\n<\/p><\/div>\n<\/section>\n<section class=\"section\">\n<div class=\"item item-12\">\n<section class=\"text-item\">\n<p><b>\u2705<\/b><b> Zastosowanie:<\/b><\/p>\n<p>Maczeta przeznaczona jest do obr\u00f3bki materia\u0142\u00f3w drewnianych. Nadaje si\u0119 do ci\u0119cia drewna i obcinania ga\u0142\u0119zi. \u015awietnie sprawdzi si\u0119 podczas prac porz\u0105dkowych w ogrodzie.<\/p>\n<ul>\n<li>Ostrze jest idealne<b> do<\/b> <b>przerzedzania grubych krzew\u00f3w oraz ci\u0119cia korzeni, ga\u0142\u0119zi<\/b> i innych element\u00f3w na podw\u00f3rku i w ogrodzie.<\/li>\n<li>Maczeta znacznie u\u0142atwia<b> karczowanie lub wycinanie ga\u0142\u0119zi.\u00a0 <\/b>Z ni\u0105 nawet najci\u0119\u017csza praca staje si\u0119 przyjemniejsza.<\/li>\n<\/ul>\n<\/section><\/div>\n<\/section>\n<section class=\"section\">\n<div class=\"item item-12\">\n<section class=\"image-item\">\n            <img decoding=\"async\" src=\"https:\/\/upload.cdn.baselinker.com\/products\/14476\/35e3fb3522686ae5c553a66fb12ab6e9.jpg\" \/><br \/>\n        <\/section>\n<\/p><\/div>\n<\/section>\n<section class=\"section\">\n<div class=\"item item-12\">\n<section class=\"image-item\">\n            <img decoding=\"async\" src=\"https:\/\/upload.cdn.baselinker.com\/products\/14476\/04107824b0a1baaea397ebc73969e447.jpg\" \/><br \/>\n        <\/section>\n<\/p><\/div>\n<\/section>\n","protected":false},"excerpt":{"rendered":"<p>MACZETA DO GA\u0141\u0118ZI KARCZOWNIK HARTOWANA 400 mm Dane techniczne: D\u0142ugo\u015b\u0107 ostrza: 400 mm D\u0142ugo\u015b\u0107 ca\u0142kowita: 560 mm Uchwyt: drewno Ostrze: stal hartowana Przeznaczenie: do drewna, ga\u0142\u0119zi Maczeta r\u0119czna przydatna podczas prac ogrodowych! Praktyczna maczeta przeznaczona do ci\u0119cia drewna i ga\u0142\u0119zi. Narz\u0119dzie charakteryzuje si\u0119 trwa\u0142o\u015bci\u0105 i wysok\u0105 wytrzyma\u0142o\u015bci\u0105 mechaniczn\u0105. Ostrze jest wykonane ze stali. Hartowana stal<br \/><a class=\"more-link\" href=\"https:\/\/bobimarket.pl\/index.php\/produkt\/maczeta-do-galezi-karczownik-hartowana-400-mm\/\"><br \/>\n        Czytaj wi\u0119cej<span class=\"screen-reader-text\"> &#8222;MACZETA DO GA\u0141\u0118ZI KARCZOWNIK HARTOWANA 400 mm&#8221;<\/span><\/a><\/p>\n","protected":false},"featured_media":97960,"template":"","meta":[],"product_cat":[8110],"product_tag":[],"yoast_head":"<!-- This site is optimized with the Yoast SEO plugin v21.0 - https:\/\/yoast.com\/wordpress\/plugins\/seo\/ -->\n<title>MACZETA DO GA\u0141\u0118ZI KARCZOWNIK HARTOWANA 400 mm - BOBIMARKET.pl - Remontuj i urz\u0105dzaj z nami<\/title>\n<meta name=\"robots\" content=\"index, follow, max-snippet:-1, max-image-preview:large, max-video-preview:-1\" \/>\n<link rel=\"canonical\" href=\"https:\/\/bobimarket.pl\/index.php\/produkt\/maczeta-do-galezi-karczownik-hartowana-400-mm\/\" \/>\n<meta property=\"og:locale\" content=\"pl_PL\" \/>\n<meta property=\"og:type\" content=\"article\" \/>\n<meta property=\"og:title\" content=\"MACZETA DO GA\u0141\u0118ZI KARCZOWNIK HARTOWANA 400 mm - BOBIMARKET.pl - Remontuj i urz\u0105dzaj z nami\" \/>\n<meta property=\"og:description\" content=\"MACZETA DO GA\u0141\u0118ZI KARCZOWNIK HARTOWANA 400 mm Dane techniczne: D\u0142ugo\u015b\u0107 ostrza: 400 mm D\u0142ugo\u015b\u0107 ca\u0142kowita: 560 mm Uchwyt: drewno Ostrze: stal hartowana Przeznaczenie: do drewna, ga\u0142\u0119zi Maczeta r\u0119czna przydatna podczas prac ogrodowych! Praktyczna maczeta przeznaczona do ci\u0119cia drewna i ga\u0142\u0119zi. Narz\u0119dzie charakteryzuje si\u0119 trwa\u0142o\u015bci\u0105 i wysok\u0105 wytrzyma\u0142o\u015bci\u0105 mechaniczn\u0105. Ostrze jest wykonane ze stali. Hartowana stal     Czytaj wi\u0119cej &quot;MACZETA DO GA\u0141\u0118ZI KARCZOWNIK HARTOWANA 400 mm&quot;\" \/>\n<meta property=\"og:url\" content=\"https:\/\/bobimarket.pl\/index.php\/produkt\/maczeta-do-galezi-karczownik-hartowana-400-mm\/\" \/>\n<meta property=\"og:site_name\" content=\"BOBIMARKET.pl - Remontuj i urz\u0105dzaj z nami\" \/>\n<meta property=\"article:modified_time\" content=\"2025-03-15T15:26:47+00:00\" \/>\n<meta property=\"og:image\" content=\"https:\/\/upload.cdn.baselinker.com\/products\/14476\/d071c7d10fd3fd5161db97c39a4aadc5.jpg\" \/>\n<meta name=\"twitter:card\" content=\"summary_large_image\" \/>\n<meta name=\"twitter:label1\" content=\"Szacowany czas czytania\" \/>\n\t<meta name=\"twitter:data1\" content=\"1 minuta\" \/>\n<script type=\"application\/ld+json\" class=\"yoast-schema-graph\">{\"@context\":\"https:\/\/schema.org\",\"@graph\":[{\"@type\":\"WebPage\",\"@id\":\"https:\/\/bobimarket.pl\/index.php\/produkt\/maczeta-do-galezi-karczownik-hartowana-400-mm\/\",\"url\":\"https:\/\/bobimarket.pl\/index.php\/produkt\/maczeta-do-galezi-karczownik-hartowana-400-mm\/\",\"name\":\"MACZETA DO GA\u0141\u0118ZI KARCZOWNIK HARTOWANA 400 mm - BOBIMARKET.pl - Remontuj i urz\u0105dzaj z nami\",\"isPartOf\":{\"@id\":\"https:\/\/bobimarket.pl\/#website\"},\"datePublished\":\"2023-08-30T13:22:27+00:00\",\"dateModified\":\"2025-03-15T15:26:47+00:00\",\"breadcrumb\":{\"@id\":\"https:\/\/bobimarket.pl\/index.php\/produkt\/maczeta-do-galezi-karczownik-hartowana-400-mm\/#breadcrumb\"},\"inLanguage\":\"pl-PL\",\"potentialAction\":[{\"@type\":\"ReadAction\",\"target\":[\"https:\/\/bobimarket.pl\/index.php\/produkt\/maczeta-do-galezi-karczownik-hartowana-400-mm\/\"]}]},{\"@type\":\"BreadcrumbList\",\"@id\":\"https:\/\/bobimarket.pl\/index.php\/produkt\/maczeta-do-galezi-karczownik-hartowana-400-mm\/#breadcrumb\",\"itemListElement\":[{\"@type\":\"ListItem\",\"position\":1,\"name\":\"Strona g\u0142\u00f3wna\",\"item\":\"https:\/\/bobimarket.pl\/\"},{\"@type\":\"ListItem\",\"position\":2,\"name\":\"Sklep\",\"item\":\"https:\/\/bobimarket.pl\/index.php\/shop\/\"},{\"@type\":\"ListItem\",\"position\":3,\"name\":\"MACZETA DO GA\u0141\u0118ZI KARCZOWNIK HARTOWANA 400 mm\"}]},{\"@type\":\"WebSite\",\"@id\":\"https:\/\/bobimarket.pl\/#website\",\"url\":\"https:\/\/bobimarket.pl\/\",\"name\":\"BOBIMARKET.pl - Remontuj i urz\u0105dzaj z nami\",\"description\":\"Remontuj i urz\u0105dzaj z nami\",\"publisher\":{\"@id\":\"https:\/\/bobimarket.pl\/#organization\"},\"potentialAction\":[{\"@type\":\"SearchAction\",\"target\":{\"@type\":\"EntryPoint\",\"urlTemplate\":\"https:\/\/bobimarket.pl\/?s={search_term_string}\"},\"query-input\":\"required name=search_term_string\"}],\"inLanguage\":\"pl-PL\"},{\"@type\":\"Organization\",\"@id\":\"https:\/\/bobimarket.pl\/#organization\",\"name\":\"BOBIMARKET.pl\",\"url\":\"https:\/\/bobimarket.pl\/\",\"logo\":{\"@type\":\"ImageObject\",\"inLanguage\":\"pl-PL\",\"@id\":\"https:\/\/bobimarket.pl\/#\/schema\/logo\/image\/\",\"url\":\"https:\/\/bobimarket.pl\/wp-content\/uploads\/2021\/11\/slogan.png\",\"contentUrl\":\"https:\/\/bobimarket.pl\/wp-content\/uploads\/2021\/11\/slogan.png\",\"width\":2000,\"height\":384,\"caption\":\"BOBIMARKET.pl\"},\"image\":{\"@id\":\"https:\/\/bobimarket.pl\/#\/schema\/logo\/image\/\"}}]}<\/script>\n<!-- \/ Yoast SEO plugin. -->","yoast_head_json":{"title":"MACZETA DO GA\u0141\u0118ZI KARCZOWNIK HARTOWANA 400 mm - BOBIMARKET.pl - Remontuj i urz\u0105dzaj z nami","robots":{"index":"index","follow":"follow","max-snippet":"max-snippet:-1","max-image-preview":"max-image-preview:large","max-video-preview":"max-video-preview:-1"},"canonical":"https:\/\/bobimarket.pl\/index.php\/produkt\/maczeta-do-galezi-karczownik-hartowana-400-mm\/","og_locale":"pl_PL","og_type":"article","og_title":"MACZETA DO GA\u0141\u0118ZI KARCZOWNIK HARTOWANA 400 mm - BOBIMARKET.pl - Remontuj i urz\u0105dzaj z nami","og_description":"MACZETA DO GA\u0141\u0118ZI KARCZOWNIK HARTOWANA 400 mm Dane techniczne: D\u0142ugo\u015b\u0107 ostrza: 400 mm D\u0142ugo\u015b\u0107 ca\u0142kowita: 560 mm Uchwyt: drewno Ostrze: stal hartowana Przeznaczenie: do drewna, ga\u0142\u0119zi Maczeta r\u0119czna przydatna podczas prac ogrodowych! Praktyczna maczeta przeznaczona do ci\u0119cia drewna i ga\u0142\u0119zi. Narz\u0119dzie charakteryzuje si\u0119 trwa\u0142o\u015bci\u0105 i wysok\u0105 wytrzyma\u0142o\u015bci\u0105 mechaniczn\u0105. Ostrze jest wykonane ze stali. Hartowana stal     Czytaj wi\u0119cej \"MACZETA DO GA\u0141\u0118ZI KARCZOWNIK HARTOWANA 400 mm\"","og_url":"https:\/\/bobimarket.pl\/index.php\/produkt\/maczeta-do-galezi-karczownik-hartowana-400-mm\/","og_site_name":"BOBIMARKET.pl - Remontuj i urz\u0105dzaj z nami","article_modified_time":"2025-03-15T15:26:47+00:00","og_image":[{"url":"https:\/\/upload.cdn.baselinker.com\/products\/14476\/d071c7d10fd3fd5161db97c39a4aadc5.jpg"}],"twitter_card":"summary_large_image","twitter_misc":{"Szacowany czas czytania":"1 minuta"},"schema":{"@context":"https:\/\/schema.org","@graph":[{"@type":"WebPage","@id":"https:\/\/bobimarket.pl\/index.php\/produkt\/maczeta-do-galezi-karczownik-hartowana-400-mm\/","url":"https:\/\/bobimarket.pl\/index.php\/produkt\/maczeta-do-galezi-karczownik-hartowana-400-mm\/","name":"MACZETA DO GA\u0141\u0118ZI KARCZOWNIK HARTOWANA 400 mm - BOBIMARKET.pl - Remontuj i urz\u0105dzaj z nami","isPartOf":{"@id":"https:\/\/bobimarket.pl\/#website"},"datePublished":"2023-08-30T13:22:27+00:00","dateModified":"2025-03-15T15:26:47+00:00","breadcrumb":{"@id":"https:\/\/bobimarket.pl\/index.php\/produkt\/maczeta-do-galezi-karczownik-hartowana-400-mm\/#breadcrumb"},"inLanguage":"pl-PL","potentialAction":[{"@type":"ReadAction","target":["https:\/\/bobimarket.pl\/index.php\/produkt\/maczeta-do-galezi-karczownik-hartowana-400-mm\/"]}]},{"@type":"BreadcrumbList","@id":"https:\/\/bobimarket.pl\/index.php\/produkt\/maczeta-do-galezi-karczownik-hartowana-400-mm\/#breadcrumb","itemListElement":[{"@type":"ListItem","position":1,"name":"Strona g\u0142\u00f3wna","item":"https:\/\/bobimarket.pl\/"},{"@type":"ListItem","position":2,"name":"Sklep","item":"https:\/\/bobimarket.pl\/index.php\/shop\/"},{"@type":"ListItem","position":3,"name":"MACZETA DO GA\u0141\u0118ZI KARCZOWNIK HARTOWANA 400 mm"}]},{"@type":"WebSite","@id":"https:\/\/bobimarket.pl\/#website","url":"https:\/\/bobimarket.pl\/","name":"BOBIMARKET.pl - Remontuj i urz\u0105dzaj z nami","description":"Remontuj i urz\u0105dzaj z nami","publisher":{"@id":"https:\/\/bobimarket.pl\/#organization"},"potentialAction":[{"@type":"SearchAction","target":{"@type":"EntryPoint","urlTemplate":"https:\/\/bobimarket.pl\/?s={search_term_string}"},"query-input":"required name=search_term_string"}],"inLanguage":"pl-PL"},{"@type":"Organization","@id":"https:\/\/bobimarket.pl\/#organization","name":"BOBIMARKET.pl","url":"https:\/\/bobimarket.pl\/","logo":{"@type":"ImageObject","inLanguage":"pl-PL","@id":"https:\/\/bobimarket.pl\/#\/schema\/logo\/image\/","url":"https:\/\/bobimarket.pl\/wp-content\/uploads\/2021\/11\/slogan.png","contentUrl":"https:\/\/bobimarket.pl\/wp-content\/uploads\/2021\/11\/slogan.png","width":2000,"height":384,"caption":"BOBIMARKET.pl"},"image":{"@id":"https:\/\/bobimarket.pl\/#\/schema\/logo\/image\/"}}]}},"_links":{"self":[{"href":"https:\/\/bobimarket.pl\/index.php\/wp-json\/wp\/v2\/product\/97967"}],"collection":[{"href":"https:\/\/bobimarket.pl\/index.php\/wp-json\/wp\/v2\/product"}],"about":[{"href":"https:\/\/bobimarket.pl\/index.php\/wp-json\/wp\/v2\/types\/product"}],"wp:featuredmedia":[{"embeddable":true,"href":"https:\/\/bobimarket.pl\/index.php\/wp-json\/wp\/v2\/media\/97960"}],"wp:attachment":[{"href":"https:\/\/bobimarket.pl\/index.php\/wp-json\/wp\/v2\/media?parent=97967"}],"wp:term":[{"taxonomy":"product_cat","embeddable":true,"href":"https:\/\/bobimarket.pl\/index.php\/wp-json\/wp\/v2\/product_cat?post=97967"},{"taxonomy":"product_tag","embeddable":true,"href":"https:\/\/bobimarket.pl\/index.php\/wp-json\/wp\/v2\/product_tag?post=97967"}],"curies":[{"name":"wp","href":"https:\/\/api.w.org\/{rel}","templated":true}]}}