{"id":97976,"date":"2023-08-30T13:22:49","date_gmt":"2023-08-30T13:22:49","guid":{"rendered":"https:\/\/bobimarket.pl\/index.php\/produkt\/swider-do-rozlupywania-drewna-wiertlo-stozkowe-32mm\/"},"modified":"2025-02-27T16:42:10","modified_gmt":"2025-02-27T16:42:10","slug":"swider-do-rozlupywania-drewna-wiertlo-stozkowe-32mm","status":"publish","type":"product","link":"https:\/\/bobimarket.pl\/index.php\/produkt\/swider-do-rozlupywania-drewna-wiertlo-stozkowe-32mm\/","title":{"rendered":"\u015aWIDER DO ROZ\u0141UPYWANIA DREWNA WIERT\u0141O STO\u017bKOWE 32mm"},"content":{"rendered":"<section class=\"section\">\n<div class=\"item item-12\">\n<section class=\"text-item\">\n<h2>\u015aWIDER DO ROZ\u0141UPYWANIA DREWNA WIERT\u0141O STO\u017bKOWE 32mm<\/h2>\n<p><b>Dane techniczne:<\/b><\/p>\n<ul>\n<li>\u015arednica: <b>32 mm<\/b><\/li>\n<li>D\u0142ugo\u015b\u0107 wiert\u0142a: <b>85 mm<\/b><\/li>\n<li>Przeznaczenie:<b> do roz\u0142upywania drewna<\/b><\/li>\n<\/ul>\n<p><b>Komplet sk\u0142ada si\u0119 z 3 element\u00f3w:<\/b><\/p>\n<ul>\n<li>1 x \u015bwider do roz\u0142upywania drewna 32mm<\/li>\n<li>1 x uchwyt sze\u015bciok\u0105tny<\/li>\n<li>1 x uchwyt SDS-plus<\/li>\n<\/ul>\n<\/section><\/div>\n<\/section>\n<section class=\"section\">\n<div class=\"item item-12\">\n<section class=\"image-item\">\n            <img decoding=\"async\" src=\"\"><br \/>\n        <\/section>\n<\/p><\/div>\n<\/section>\n<section class=\"section\">\n<div class=\"item item-12\">\n<section class=\"text-item\">\n<h2>Solidne wiert\u0142o do roz\u0142upywania drewna<\/h2>\n<p>Wiert\u0142o roz\u0142upuj\u0105ce \u015bwietnie nadaje si\u0119 do obr\u00f3bki r\u00f3\u017cnego rodzaju drewna. Jego g\u0142\u00f3wnym zadaniem jest dzielenia drewna na mniejsze cz\u0119\u015bci, poprzez wykonanie otwor\u00f3w roz\u0142upuj\u0105cych. Wiert\u0142o jest bardzo praktyczne w u\u017cytkowaniu. Zestaw zosta\u0142 wyposa\u017cony w dwa popularne rodzaje adapter\u00f3w z uchwytem sze\u015bciok\u0105tnym i SDS Plus co znacznie u\u0142atwia monta\u017c wiert\u0142a w wiertarce.<\/p>\n<p>\u2705 Specyficzna i charakterystyczna <b>budowa wiert\u0142a zmniejsza tarcie i oszcz\u0119dza czas<\/b>. Wystarczy zainstalowa\u0107 wiert\u0142o w wiertarce i wykona\u0107 zaplanowane prace.<\/p>\n<p>\u2705 Do wiert\u0142a zosta\u0142y do\u0142\u0105czone <b>dwa r\u00f3\u017cne trzpienie\/adaptery. <\/b>Wiert\u0142o mo\u017cna szybko i \u0142atwo zamontowa\u0107 na wi\u0119kszo\u015bci elektronarz\u0119dzi.<\/p>\n<\/section><\/div>\n<\/section>\n<section class=\"section\">\n<div class=\"item item-6\">\n<section class=\"image-item\">\n            <img decoding=\"async\" src=\"\"><br \/>\n        <\/section>\n<\/p><\/div>\n<div class=\"item item-6\">\n<section class=\"image-item\">\n            <img decoding=\"async\" src=\"\"><br \/>\n        <\/section>\n<\/p><\/div>\n<\/section>\n<section class=\"section\">\n<div class=\"item item-12\">\n<section class=\"text-item\">\n<h2><b>\u2705 Jak poprawnie u\u017cywa\u0107 wiert\u0142a ?<\/b><\/h2>\n<ul>\n<li>Wiert\u0142o nale\u017cy <b>stosowa\u0107 jedynie pod k\u0105tem prostym.\u00a0<\/b><\/li>\n<li>U\u017cywaj\u0105c go do roz\u0142upywania konar\u00f3w drzew nale\u017cy go ustawi\u0107 w odpowiedni spos\u00f3b, gdy\u017c roz\u0142upywanie du\u017cych kawa\u0142k\u00f3w drewna, nale\u017cy zacz\u0105\u0107 od boku &#8211; nie od \u015brodka.<\/li>\n<\/ul>\n<\/section><\/div>\n<\/section>\n<section class=\"section\">\n<div class=\"item item-12\">\n<section class=\"image-item\">\n            <img decoding=\"async\" src=\"\"><br \/>\n        <\/section>\n<\/p><\/div>\n<\/section>\n","protected":false},"excerpt":{"rendered":"<p>\u015aWIDER DO ROZ\u0141UPYWANIA DREWNA WIERT\u0141O STO\u017bKOWE 32mm Dane techniczne: \u015arednica: 32 mm D\u0142ugo\u015b\u0107 wiert\u0142a: 85 mm Przeznaczenie: do roz\u0142upywania drewna Komplet sk\u0142ada si\u0119 z 3 element\u00f3w: 1 x \u015bwider do roz\u0142upywania drewna 32mm 1 x uchwyt sze\u015bciok\u0105tny 1 x uchwyt SDS-plus Solidne wiert\u0142o do roz\u0142upywania drewna Wiert\u0142o roz\u0142upuj\u0105ce \u015bwietnie nadaje si\u0119 do obr\u00f3bki r\u00f3\u017cnego rodzaju<br \/><a class=\"more-link\" href=\"https:\/\/bobimarket.pl\/index.php\/produkt\/swider-do-rozlupywania-drewna-wiertlo-stozkowe-32mm\/\"><br \/>\n        Czytaj wi\u0119cej<span class=\"screen-reader-text\"> &#8222;\u015aWIDER DO ROZ\u0141UPYWANIA DREWNA WIERT\u0141O STO\u017bKOWE 32mm&#8221;<\/span><\/a><\/p>\n","protected":false},"featured_media":97968,"template":"","meta":[],"product_cat":[8108],"product_tag":[],"yoast_head":"<!-- This site is optimized with the Yoast SEO plugin v21.0 - https:\/\/yoast.com\/wordpress\/plugins\/seo\/ -->\n<title>\u015aWIDER DO ROZ\u0141UPYWANIA DREWNA WIERT\u0141O STO\u017bKOWE 32mm - BOBIMARKET.pl - Remontuj i urz\u0105dzaj z nami<\/title>\n<meta name=\"robots\" content=\"index, follow, max-snippet:-1, max-image-preview:large, max-video-preview:-1\" \/>\n<link rel=\"canonical\" href=\"https:\/\/bobimarket.pl\/index.php\/produkt\/swider-do-rozlupywania-drewna-wiertlo-stozkowe-32mm\/\" \/>\n<meta property=\"og:locale\" content=\"pl_PL\" \/>\n<meta property=\"og:type\" content=\"article\" \/>\n<meta property=\"og:title\" content=\"\u015aWIDER DO ROZ\u0141UPYWANIA DREWNA WIERT\u0141O STO\u017bKOWE 32mm - BOBIMARKET.pl - Remontuj i urz\u0105dzaj z nami\" \/>\n<meta property=\"og:description\" content=\"\u015aWIDER DO ROZ\u0141UPYWANIA DREWNA WIERT\u0141O STO\u017bKOWE 32mm Dane techniczne: \u015arednica: 32 mm D\u0142ugo\u015b\u0107 wiert\u0142a: 85 mm Przeznaczenie: do roz\u0142upywania drewna Komplet sk\u0142ada si\u0119 z 3 element\u00f3w: 1 x \u015bwider do roz\u0142upywania drewna 32mm 1 x uchwyt sze\u015bciok\u0105tny 1 x uchwyt SDS-plus Solidne wiert\u0142o do roz\u0142upywania drewna Wiert\u0142o roz\u0142upuj\u0105ce \u015bwietnie nadaje si\u0119 do obr\u00f3bki r\u00f3\u017cnego rodzaju     Czytaj wi\u0119cej &quot;\u015aWIDER DO ROZ\u0141UPYWANIA DREWNA WIERT\u0141O STO\u017bKOWE 32mm&quot;\" \/>\n<meta property=\"og:url\" content=\"https:\/\/bobimarket.pl\/index.php\/produkt\/swider-do-rozlupywania-drewna-wiertlo-stozkowe-32mm\/\" \/>\n<meta property=\"og:site_name\" content=\"BOBIMARKET.pl - Remontuj i urz\u0105dzaj z nami\" \/>\n<meta property=\"article:modified_time\" content=\"2025-02-27T16:42:10+00:00\" \/>\n<meta property=\"og:image\" content=\"https:\/\/bobimarket.pl\/wp-content\/uploads\/2021\/11\/slogan.png\" \/>\n\t<meta property=\"og:image:width\" content=\"2000\" \/>\n\t<meta property=\"og:image:height\" content=\"384\" \/>\n\t<meta property=\"og:image:type\" content=\"image\/png\" \/>\n<meta name=\"twitter:card\" content=\"summary_large_image\" \/>\n<meta name=\"twitter:label1\" content=\"Szacowany czas czytania\" \/>\n\t<meta name=\"twitter:data1\" content=\"1 minuta\" \/>\n<script type=\"application\/ld+json\" class=\"yoast-schema-graph\">{\"@context\":\"https:\/\/schema.org\",\"@graph\":[{\"@type\":\"WebPage\",\"@id\":\"https:\/\/bobimarket.pl\/index.php\/produkt\/swider-do-rozlupywania-drewna-wiertlo-stozkowe-32mm\/\",\"url\":\"https:\/\/bobimarket.pl\/index.php\/produkt\/swider-do-rozlupywania-drewna-wiertlo-stozkowe-32mm\/\",\"name\":\"\u015aWIDER DO ROZ\u0141UPYWANIA DREWNA WIERT\u0141O STO\u017bKOWE 32mm - BOBIMARKET.pl - Remontuj i urz\u0105dzaj z nami\",\"isPartOf\":{\"@id\":\"https:\/\/bobimarket.pl\/#website\"},\"datePublished\":\"2023-08-30T13:22:49+00:00\",\"dateModified\":\"2025-02-27T16:42:10+00:00\",\"breadcrumb\":{\"@id\":\"https:\/\/bobimarket.pl\/index.php\/produkt\/swider-do-rozlupywania-drewna-wiertlo-stozkowe-32mm\/#breadcrumb\"},\"inLanguage\":\"pl-PL\",\"potentialAction\":[{\"@type\":\"ReadAction\",\"target\":[\"https:\/\/bobimarket.pl\/index.php\/produkt\/swider-do-rozlupywania-drewna-wiertlo-stozkowe-32mm\/\"]}]},{\"@type\":\"BreadcrumbList\",\"@id\":\"https:\/\/bobimarket.pl\/index.php\/produkt\/swider-do-rozlupywania-drewna-wiertlo-stozkowe-32mm\/#breadcrumb\",\"itemListElement\":[{\"@type\":\"ListItem\",\"position\":1,\"name\":\"Strona g\u0142\u00f3wna\",\"item\":\"https:\/\/bobimarket.pl\/\"},{\"@type\":\"ListItem\",\"position\":2,\"name\":\"Sklep\",\"item\":\"https:\/\/bobimarket.pl\/index.php\/shop\/\"},{\"@type\":\"ListItem\",\"position\":3,\"name\":\"\u015aWIDER DO ROZ\u0141UPYWANIA DREWNA WIERT\u0141O STO\u017bKOWE 32mm\"}]},{\"@type\":\"WebSite\",\"@id\":\"https:\/\/bobimarket.pl\/#website\",\"url\":\"https:\/\/bobimarket.pl\/\",\"name\":\"BOBIMARKET.pl - Remontuj i urz\u0105dzaj z nami\",\"description\":\"Remontuj i urz\u0105dzaj z nami\",\"publisher\":{\"@id\":\"https:\/\/bobimarket.pl\/#organization\"},\"potentialAction\":[{\"@type\":\"SearchAction\",\"target\":{\"@type\":\"EntryPoint\",\"urlTemplate\":\"https:\/\/bobimarket.pl\/?s={search_term_string}\"},\"query-input\":\"required name=search_term_string\"}],\"inLanguage\":\"pl-PL\"},{\"@type\":\"Organization\",\"@id\":\"https:\/\/bobimarket.pl\/#organization\",\"name\":\"BOBIMARKET.pl\",\"url\":\"https:\/\/bobimarket.pl\/\",\"logo\":{\"@type\":\"ImageObject\",\"inLanguage\":\"pl-PL\",\"@id\":\"https:\/\/bobimarket.pl\/#\/schema\/logo\/image\/\",\"url\":\"https:\/\/bobimarket.pl\/wp-content\/uploads\/2021\/11\/slogan.png\",\"contentUrl\":\"https:\/\/bobimarket.pl\/wp-content\/uploads\/2021\/11\/slogan.png\",\"width\":2000,\"height\":384,\"caption\":\"BOBIMARKET.pl\"},\"image\":{\"@id\":\"https:\/\/bobimarket.pl\/#\/schema\/logo\/image\/\"}}]}<\/script>\n<!-- \/ Yoast SEO plugin. -->","yoast_head_json":{"title":"\u015aWIDER DO ROZ\u0141UPYWANIA DREWNA WIERT\u0141O STO\u017bKOWE 32mm - BOBIMARKET.pl - Remontuj i urz\u0105dzaj z nami","robots":{"index":"index","follow":"follow","max-snippet":"max-snippet:-1","max-image-preview":"max-image-preview:large","max-video-preview":"max-video-preview:-1"},"canonical":"https:\/\/bobimarket.pl\/index.php\/produkt\/swider-do-rozlupywania-drewna-wiertlo-stozkowe-32mm\/","og_locale":"pl_PL","og_type":"article","og_title":"\u015aWIDER DO ROZ\u0141UPYWANIA DREWNA WIERT\u0141O STO\u017bKOWE 32mm - BOBIMARKET.pl - Remontuj i urz\u0105dzaj z nami","og_description":"\u015aWIDER DO ROZ\u0141UPYWANIA DREWNA WIERT\u0141O STO\u017bKOWE 32mm Dane techniczne: \u015arednica: 32 mm D\u0142ugo\u015b\u0107 wiert\u0142a: 85 mm Przeznaczenie: do roz\u0142upywania drewna Komplet sk\u0142ada si\u0119 z 3 element\u00f3w: 1 x \u015bwider do roz\u0142upywania drewna 32mm 1 x uchwyt sze\u015bciok\u0105tny 1 x uchwyt SDS-plus Solidne wiert\u0142o do roz\u0142upywania drewna Wiert\u0142o roz\u0142upuj\u0105ce \u015bwietnie nadaje si\u0119 do obr\u00f3bki r\u00f3\u017cnego rodzaju     Czytaj wi\u0119cej \"\u015aWIDER DO ROZ\u0141UPYWANIA DREWNA WIERT\u0141O STO\u017bKOWE 32mm\"","og_url":"https:\/\/bobimarket.pl\/index.php\/produkt\/swider-do-rozlupywania-drewna-wiertlo-stozkowe-32mm\/","og_site_name":"BOBIMARKET.pl - Remontuj i urz\u0105dzaj z nami","article_modified_time":"2025-02-27T16:42:10+00:00","og_image":[{"width":2000,"height":384,"url":"https:\/\/bobimarket.pl\/wp-content\/uploads\/2021\/11\/slogan.png","type":"image\/png"}],"twitter_card":"summary_large_image","twitter_misc":{"Szacowany czas czytania":"1 minuta"},"schema":{"@context":"https:\/\/schema.org","@graph":[{"@type":"WebPage","@id":"https:\/\/bobimarket.pl\/index.php\/produkt\/swider-do-rozlupywania-drewna-wiertlo-stozkowe-32mm\/","url":"https:\/\/bobimarket.pl\/index.php\/produkt\/swider-do-rozlupywania-drewna-wiertlo-stozkowe-32mm\/","name":"\u015aWIDER DO ROZ\u0141UPYWANIA DREWNA WIERT\u0141O STO\u017bKOWE 32mm - BOBIMARKET.pl - Remontuj i urz\u0105dzaj z nami","isPartOf":{"@id":"https:\/\/bobimarket.pl\/#website"},"datePublished":"2023-08-30T13:22:49+00:00","dateModified":"2025-02-27T16:42:10+00:00","breadcrumb":{"@id":"https:\/\/bobimarket.pl\/index.php\/produkt\/swider-do-rozlupywania-drewna-wiertlo-stozkowe-32mm\/#breadcrumb"},"inLanguage":"pl-PL","potentialAction":[{"@type":"ReadAction","target":["https:\/\/bobimarket.pl\/index.php\/produkt\/swider-do-rozlupywania-drewna-wiertlo-stozkowe-32mm\/"]}]},{"@type":"BreadcrumbList","@id":"https:\/\/bobimarket.pl\/index.php\/produkt\/swider-do-rozlupywania-drewna-wiertlo-stozkowe-32mm\/#breadcrumb","itemListElement":[{"@type":"ListItem","position":1,"name":"Strona g\u0142\u00f3wna","item":"https:\/\/bobimarket.pl\/"},{"@type":"ListItem","position":2,"name":"Sklep","item":"https:\/\/bobimarket.pl\/index.php\/shop\/"},{"@type":"ListItem","position":3,"name":"\u015aWIDER DO ROZ\u0141UPYWANIA DREWNA WIERT\u0141O STO\u017bKOWE 32mm"}]},{"@type":"WebSite","@id":"https:\/\/bobimarket.pl\/#website","url":"https:\/\/bobimarket.pl\/","name":"BOBIMARKET.pl - Remontuj i urz\u0105dzaj z nami","description":"Remontuj i urz\u0105dzaj z nami","publisher":{"@id":"https:\/\/bobimarket.pl\/#organization"},"potentialAction":[{"@type":"SearchAction","target":{"@type":"EntryPoint","urlTemplate":"https:\/\/bobimarket.pl\/?s={search_term_string}"},"query-input":"required name=search_term_string"}],"inLanguage":"pl-PL"},{"@type":"Organization","@id":"https:\/\/bobimarket.pl\/#organization","name":"BOBIMARKET.pl","url":"https:\/\/bobimarket.pl\/","logo":{"@type":"ImageObject","inLanguage":"pl-PL","@id":"https:\/\/bobimarket.pl\/#\/schema\/logo\/image\/","url":"https:\/\/bobimarket.pl\/wp-content\/uploads\/2021\/11\/slogan.png","contentUrl":"https:\/\/bobimarket.pl\/wp-content\/uploads\/2021\/11\/slogan.png","width":2000,"height":384,"caption":"BOBIMARKET.pl"},"image":{"@id":"https:\/\/bobimarket.pl\/#\/schema\/logo\/image\/"}}]}},"_links":{"self":[{"href":"https:\/\/bobimarket.pl\/index.php\/wp-json\/wp\/v2\/product\/97976"}],"collection":[{"href":"https:\/\/bobimarket.pl\/index.php\/wp-json\/wp\/v2\/product"}],"about":[{"href":"https:\/\/bobimarket.pl\/index.php\/wp-json\/wp\/v2\/types\/product"}],"wp:featuredmedia":[{"embeddable":true,"href":"https:\/\/bobimarket.pl\/index.php\/wp-json\/wp\/v2\/media\/97968"}],"wp:attachment":[{"href":"https:\/\/bobimarket.pl\/index.php\/wp-json\/wp\/v2\/media?parent=97976"}],"wp:term":[{"taxonomy":"product_cat","embeddable":true,"href":"https:\/\/bobimarket.pl\/index.php\/wp-json\/wp\/v2\/product_cat?post=97976"},{"taxonomy":"product_tag","embeddable":true,"href":"https:\/\/bobimarket.pl\/index.php\/wp-json\/wp\/v2\/product_tag?post=97976"}],"curies":[{"name":"wp","href":"https:\/\/api.w.org\/{rel}","templated":true}]}}