{"id":98134,"date":"2023-08-31T09:39:17","date_gmt":"2023-08-31T09:39:17","guid":{"rendered":"https:\/\/bobimarket.pl\/index.php\/produkt\/galazka-ozdobna-swiateczna-na-stroik-szyszka-glog\/"},"modified":"2025-02-27T16:43:09","modified_gmt":"2025-02-27T16:43:09","slug":"galazka-ozdobna-swiateczna-na-stroik-szyszka-glog","status":"publish","type":"product","link":"https:\/\/bobimarket.pl\/index.php\/produkt\/galazka-ozdobna-swiateczna-na-stroik-szyszka-glog\/","title":{"rendered":"GA\u0141\u0104ZKA OZDOBNA \u015aWI\u0104TECZNA NA STROIK SZYSZKA G\u0141\u00d3G"},"content":{"rendered":"<section class=\"section\">\n<div class=\"item item-12\">\n<section class=\"text-item\">\n<h2>GA\u0141\u0104ZKA OZDOBNA \u015aWI\u0104TECZNA NA STROIK SZYSZKA G\u0141\u00d3G<\/h2>\n<p><b>Infomacje og\u00f3lne:<\/b><\/p>\n<ul>\n<li>D\u0142ugo\u015b\u0107 ca\u0142kowita: <b>oko\u0142o 17 cm<\/b><\/li>\n<li>D\u0142ugo\u015b\u0107 pr\u0119ta: <b>11,4 cm<\/b><\/li>\n<li>Rodzaj:<b> ga\u0142\u0105zka ozdobna<\/b><\/li>\n<\/ul>\n<\/section><\/div>\n<\/section>\n<section class=\"section\">\n<div class=\"item item-12\">\n<section class=\"image-item\">\n            <img decoding=\"async\" src=\"https:\/\/upload.cdn.baselinker.com\/products\/14476\/b7fa7facfd07832ab035a6a2564a73bd.jpg\" \/><br \/>\n        <\/section>\n<\/p><\/div>\n<\/section>\n<section class=\"section\">\n<div class=\"item item-12\">\n<section class=\"text-item\">\n<h2>\u2b50\ufe0f\u00a0Stw\u00f3rz pi\u0119kne \u015bwi\u0105teczne dekoracje!<\/h2>\n<p>Urocza ga\u0142\u0105zka ozdobna w swi\u0105tecznych kolorach. Z jej pomoc\u0105 z \u0142atwo\u015bci\u0105 wyczarujesz magiczn\u0105 atmosfer\u0119, na kt\u00f3r\u0105 czekasz ca\u0142y rok. Pi\u0119knie si\u0119 prezentuje i stanowi dope\u0142nienie \u015bwi\u0105tecznych dekoracji.<\/p>\n<ul>\n<li>Urocza dekoracja, kt\u00f3ra cieszy oko i jest niew\u0105tpliwie oryginalnym sposobem na upi\u0119kszenie \u015bwi\u0105tecznych dekoracji.<\/li>\n<li>Ozodba sk\u0142ada si\u0119 z ciemnych zielonych ga\u0142\u0105zek z owocami g\u0142ogu, kokardy w krat\u0119 oraz plastikowej szyszki.<\/li>\n<li>Ga\u0142\u0105zka ma uniwersalne zastosowanie i mo\u017cna j\u0105 wykorzysta\u0107 na kilka sposob\u00f3w. To niew\u0105tpliwie niewielki element, kt\u00f3ry mo\u017ce nada\u0107 wyj\u0105tkowego charakteru ka\u017cdej dekoracji.<\/li>\n<\/ul>\n<\/section><\/div>\n<\/section>\n<section class=\"section\">\n<div class=\"item item-12\">\n<section class=\"image-item\">\n            <img decoding=\"async\" src=\"https:\/\/upload.cdn.baselinker.com\/products\/14476\/1c78be4943ecd39f8ea130c8f7a24751.jpg\" \/><br \/>\n        <\/section>\n<\/p><\/div>\n<\/section>\n<section class=\"section\">\n<div class=\"item item-12\">\n<section class=\"text-item\">\n<h2>\u2b50\ufe0f Dla ka\u017cdego mi\u0142o\u015bnika \u015bwi\u0105tecznych klimat\u00f3w!<\/h2>\n<ul>\n<li>Ozdoba idealnie nada si\u0119 do tworzenia \u015bwi\u0105tecznych stroik\u00f3w.\u00a0<\/li>\n<li>\u015awietnie sprawdzi si\u0119 r\u00f3wnie\u017c <b>do wie\u0144ca<\/b> na drzwi.<\/li>\n<\/ul>\n<ul>\n<li>Wykorzystaj j\u0105 do dekoracji \u015bwi\u0105tecznego sto\u0142u.<\/li>\n<li>Idealnie nada si\u0119 r\u00f3wnie\u017c jako element dekoracyjny podczas pakowania \u015bwi\u0105tecznych prezent\u00f3w.<\/li>\n<\/ul>\n<\/section><\/div>\n<\/section>\n<section class=\"section\">\n<div class=\"item item-12\">\n<section class=\"text-item\">\n<h1>Nie czekaj i ju\u017c dzisiaj przygotuj si\u0119 na nadchodz\u0105ce \u015awi\u0119ta! Zadbaj o wyj\u0105tkow\u0105 atmosfer\u0119, kt\u00f3r\u0105 zapami\u0119tasz na ca\u0142y rok!<\/h1>\n<\/section><\/div>\n<\/section>\n<section class=\"section\">\n<div class=\"item item-12\">\n<section class=\"image-item\">\n            <img decoding=\"async\" src=\"https:\/\/upload.cdn.baselinker.com\/products\/14476\/e15ea450d54b0833f40a0d7119f4db4e.jpg\" \/><br \/>\n        <\/section>\n<\/p><\/div>\n<\/section>\n","protected":false},"excerpt":{"rendered":"<p>GA\u0141\u0104ZKA OZDOBNA \u015aWI\u0104TECZNA NA STROIK SZYSZKA G\u0141\u00d3G Infomacje og\u00f3lne: D\u0142ugo\u015b\u0107 ca\u0142kowita: oko\u0142o 17 cm D\u0142ugo\u015b\u0107 pr\u0119ta: 11,4 cm Rodzaj: ga\u0142\u0105zka ozdobna \u2b50\ufe0f\u00a0Stw\u00f3rz pi\u0119kne \u015bwi\u0105teczne dekoracje! Urocza ga\u0142\u0105zka ozdobna w swi\u0105tecznych kolorach. Z jej pomoc\u0105 z \u0142atwo\u015bci\u0105 wyczarujesz magiczn\u0105 atmosfer\u0119, na kt\u00f3r\u0105 czekasz ca\u0142y rok. Pi\u0119knie si\u0119 prezentuje i stanowi dope\u0142nienie \u015bwi\u0105tecznych dekoracji. Urocza dekoracja, kt\u00f3ra<br \/><a class=\"more-link\" href=\"https:\/\/bobimarket.pl\/index.php\/produkt\/galazka-ozdobna-swiateczna-na-stroik-szyszka-glog\/\"><br \/>\n        Czytaj wi\u0119cej<span class=\"screen-reader-text\"> &#8222;GA\u0141\u0104ZKA OZDOBNA \u015aWI\u0104TECZNA NA STROIK SZYSZKA G\u0141\u00d3G&#8221;<\/span><\/a><\/p>\n","protected":false},"featured_media":98131,"template":"","meta":[],"product_cat":[8395],"product_tag":[],"yoast_head":"<!-- This site is optimized with the Yoast SEO plugin v21.0 - https:\/\/yoast.com\/wordpress\/plugins\/seo\/ -->\n<title>GA\u0141\u0104ZKA OZDOBNA \u015aWI\u0104TECZNA NA STROIK SZYSZKA G\u0141\u00d3G - BOBIMARKET.pl - Remontuj i urz\u0105dzaj z nami<\/title>\n<meta name=\"robots\" content=\"index, follow, max-snippet:-1, max-image-preview:large, max-video-preview:-1\" \/>\n<link rel=\"canonical\" href=\"https:\/\/bobimarket.pl\/index.php\/produkt\/galazka-ozdobna-swiateczna-na-stroik-szyszka-glog\/\" \/>\n<meta property=\"og:locale\" content=\"pl_PL\" \/>\n<meta property=\"og:type\" content=\"article\" \/>\n<meta property=\"og:title\" content=\"GA\u0141\u0104ZKA OZDOBNA \u015aWI\u0104TECZNA NA STROIK SZYSZKA G\u0141\u00d3G - BOBIMARKET.pl - Remontuj i urz\u0105dzaj z nami\" \/>\n<meta property=\"og:description\" content=\"GA\u0141\u0104ZKA OZDOBNA \u015aWI\u0104TECZNA NA STROIK SZYSZKA G\u0141\u00d3G Infomacje og\u00f3lne: D\u0142ugo\u015b\u0107 ca\u0142kowita: oko\u0142o 17 cm D\u0142ugo\u015b\u0107 pr\u0119ta: 11,4 cm Rodzaj: ga\u0142\u0105zka ozdobna \u2b50\ufe0f\u00a0Stw\u00f3rz pi\u0119kne \u015bwi\u0105teczne dekoracje! Urocza ga\u0142\u0105zka ozdobna w swi\u0105tecznych kolorach. Z jej pomoc\u0105 z \u0142atwo\u015bci\u0105 wyczarujesz magiczn\u0105 atmosfer\u0119, na kt\u00f3r\u0105 czekasz ca\u0142y rok. Pi\u0119knie si\u0119 prezentuje i stanowi dope\u0142nienie \u015bwi\u0105tecznych dekoracji. Urocza dekoracja, kt\u00f3ra     Czytaj wi\u0119cej &quot;GA\u0141\u0104ZKA OZDOBNA \u015aWI\u0104TECZNA NA STROIK SZYSZKA G\u0141\u00d3G&quot;\" \/>\n<meta property=\"og:url\" content=\"https:\/\/bobimarket.pl\/index.php\/produkt\/galazka-ozdobna-swiateczna-na-stroik-szyszka-glog\/\" \/>\n<meta property=\"og:site_name\" content=\"BOBIMARKET.pl - Remontuj i urz\u0105dzaj z nami\" \/>\n<meta property=\"article:modified_time\" content=\"2025-02-27T16:43:09+00:00\" \/>\n<meta property=\"og:image\" content=\"https:\/\/upload.cdn.baselinker.com\/products\/14476\/b7fa7facfd07832ab035a6a2564a73bd.jpg\" \/>\n<meta name=\"twitter:card\" content=\"summary_large_image\" \/>\n<meta name=\"twitter:label1\" content=\"Szacowany czas czytania\" \/>\n\t<meta name=\"twitter:data1\" content=\"1 minuta\" \/>\n<script type=\"application\/ld+json\" class=\"yoast-schema-graph\">{\"@context\":\"https:\/\/schema.org\",\"@graph\":[{\"@type\":\"WebPage\",\"@id\":\"https:\/\/bobimarket.pl\/index.php\/produkt\/galazka-ozdobna-swiateczna-na-stroik-szyszka-glog\/\",\"url\":\"https:\/\/bobimarket.pl\/index.php\/produkt\/galazka-ozdobna-swiateczna-na-stroik-szyszka-glog\/\",\"name\":\"GA\u0141\u0104ZKA OZDOBNA \u015aWI\u0104TECZNA NA STROIK SZYSZKA G\u0141\u00d3G - BOBIMARKET.pl - Remontuj i urz\u0105dzaj z nami\",\"isPartOf\":{\"@id\":\"https:\/\/bobimarket.pl\/#website\"},\"datePublished\":\"2023-08-31T09:39:17+00:00\",\"dateModified\":\"2025-02-27T16:43:09+00:00\",\"breadcrumb\":{\"@id\":\"https:\/\/bobimarket.pl\/index.php\/produkt\/galazka-ozdobna-swiateczna-na-stroik-szyszka-glog\/#breadcrumb\"},\"inLanguage\":\"pl-PL\",\"potentialAction\":[{\"@type\":\"ReadAction\",\"target\":[\"https:\/\/bobimarket.pl\/index.php\/produkt\/galazka-ozdobna-swiateczna-na-stroik-szyszka-glog\/\"]}]},{\"@type\":\"BreadcrumbList\",\"@id\":\"https:\/\/bobimarket.pl\/index.php\/produkt\/galazka-ozdobna-swiateczna-na-stroik-szyszka-glog\/#breadcrumb\",\"itemListElement\":[{\"@type\":\"ListItem\",\"position\":1,\"name\":\"Strona g\u0142\u00f3wna\",\"item\":\"https:\/\/bobimarket.pl\/\"},{\"@type\":\"ListItem\",\"position\":2,\"name\":\"Sklep\",\"item\":\"https:\/\/bobimarket.pl\/index.php\/shop\/\"},{\"@type\":\"ListItem\",\"position\":3,\"name\":\"GA\u0141\u0104ZKA OZDOBNA \u015aWI\u0104TECZNA NA STROIK SZYSZKA G\u0141\u00d3G\"}]},{\"@type\":\"WebSite\",\"@id\":\"https:\/\/bobimarket.pl\/#website\",\"url\":\"https:\/\/bobimarket.pl\/\",\"name\":\"BOBIMARKET.pl - Remontuj i urz\u0105dzaj z nami\",\"description\":\"Remontuj i urz\u0105dzaj z nami\",\"publisher\":{\"@id\":\"https:\/\/bobimarket.pl\/#organization\"},\"potentialAction\":[{\"@type\":\"SearchAction\",\"target\":{\"@type\":\"EntryPoint\",\"urlTemplate\":\"https:\/\/bobimarket.pl\/?s={search_term_string}\"},\"query-input\":\"required name=search_term_string\"}],\"inLanguage\":\"pl-PL\"},{\"@type\":\"Organization\",\"@id\":\"https:\/\/bobimarket.pl\/#organization\",\"name\":\"BOBIMARKET.pl\",\"url\":\"https:\/\/bobimarket.pl\/\",\"logo\":{\"@type\":\"ImageObject\",\"inLanguage\":\"pl-PL\",\"@id\":\"https:\/\/bobimarket.pl\/#\/schema\/logo\/image\/\",\"url\":\"https:\/\/bobimarket.pl\/wp-content\/uploads\/2021\/11\/slogan.png\",\"contentUrl\":\"https:\/\/bobimarket.pl\/wp-content\/uploads\/2021\/11\/slogan.png\",\"width\":2000,\"height\":384,\"caption\":\"BOBIMARKET.pl\"},\"image\":{\"@id\":\"https:\/\/bobimarket.pl\/#\/schema\/logo\/image\/\"}}]}<\/script>\n<!-- \/ Yoast SEO plugin. -->","yoast_head_json":{"title":"GA\u0141\u0104ZKA OZDOBNA \u015aWI\u0104TECZNA NA STROIK SZYSZKA G\u0141\u00d3G - BOBIMARKET.pl - Remontuj i urz\u0105dzaj z nami","robots":{"index":"index","follow":"follow","max-snippet":"max-snippet:-1","max-image-preview":"max-image-preview:large","max-video-preview":"max-video-preview:-1"},"canonical":"https:\/\/bobimarket.pl\/index.php\/produkt\/galazka-ozdobna-swiateczna-na-stroik-szyszka-glog\/","og_locale":"pl_PL","og_type":"article","og_title":"GA\u0141\u0104ZKA OZDOBNA \u015aWI\u0104TECZNA NA STROIK SZYSZKA G\u0141\u00d3G - BOBIMARKET.pl - Remontuj i urz\u0105dzaj z nami","og_description":"GA\u0141\u0104ZKA OZDOBNA \u015aWI\u0104TECZNA NA STROIK SZYSZKA G\u0141\u00d3G Infomacje og\u00f3lne: D\u0142ugo\u015b\u0107 ca\u0142kowita: oko\u0142o 17 cm D\u0142ugo\u015b\u0107 pr\u0119ta: 11,4 cm Rodzaj: ga\u0142\u0105zka ozdobna \u2b50\ufe0f\u00a0Stw\u00f3rz pi\u0119kne \u015bwi\u0105teczne dekoracje! Urocza ga\u0142\u0105zka ozdobna w swi\u0105tecznych kolorach. Z jej pomoc\u0105 z \u0142atwo\u015bci\u0105 wyczarujesz magiczn\u0105 atmosfer\u0119, na kt\u00f3r\u0105 czekasz ca\u0142y rok. Pi\u0119knie si\u0119 prezentuje i stanowi dope\u0142nienie \u015bwi\u0105tecznych dekoracji. Urocza dekoracja, kt\u00f3ra     Czytaj wi\u0119cej \"GA\u0141\u0104ZKA OZDOBNA \u015aWI\u0104TECZNA NA STROIK SZYSZKA G\u0141\u00d3G\"","og_url":"https:\/\/bobimarket.pl\/index.php\/produkt\/galazka-ozdobna-swiateczna-na-stroik-szyszka-glog\/","og_site_name":"BOBIMARKET.pl - Remontuj i urz\u0105dzaj z nami","article_modified_time":"2025-02-27T16:43:09+00:00","og_image":[{"url":"https:\/\/upload.cdn.baselinker.com\/products\/14476\/b7fa7facfd07832ab035a6a2564a73bd.jpg"}],"twitter_card":"summary_large_image","twitter_misc":{"Szacowany czas czytania":"1 minuta"},"schema":{"@context":"https:\/\/schema.org","@graph":[{"@type":"WebPage","@id":"https:\/\/bobimarket.pl\/index.php\/produkt\/galazka-ozdobna-swiateczna-na-stroik-szyszka-glog\/","url":"https:\/\/bobimarket.pl\/index.php\/produkt\/galazka-ozdobna-swiateczna-na-stroik-szyszka-glog\/","name":"GA\u0141\u0104ZKA OZDOBNA \u015aWI\u0104TECZNA NA STROIK SZYSZKA G\u0141\u00d3G - BOBIMARKET.pl - Remontuj i urz\u0105dzaj z nami","isPartOf":{"@id":"https:\/\/bobimarket.pl\/#website"},"datePublished":"2023-08-31T09:39:17+00:00","dateModified":"2025-02-27T16:43:09+00:00","breadcrumb":{"@id":"https:\/\/bobimarket.pl\/index.php\/produkt\/galazka-ozdobna-swiateczna-na-stroik-szyszka-glog\/#breadcrumb"},"inLanguage":"pl-PL","potentialAction":[{"@type":"ReadAction","target":["https:\/\/bobimarket.pl\/index.php\/produkt\/galazka-ozdobna-swiateczna-na-stroik-szyszka-glog\/"]}]},{"@type":"BreadcrumbList","@id":"https:\/\/bobimarket.pl\/index.php\/produkt\/galazka-ozdobna-swiateczna-na-stroik-szyszka-glog\/#breadcrumb","itemListElement":[{"@type":"ListItem","position":1,"name":"Strona g\u0142\u00f3wna","item":"https:\/\/bobimarket.pl\/"},{"@type":"ListItem","position":2,"name":"Sklep","item":"https:\/\/bobimarket.pl\/index.php\/shop\/"},{"@type":"ListItem","position":3,"name":"GA\u0141\u0104ZKA OZDOBNA \u015aWI\u0104TECZNA NA STROIK SZYSZKA G\u0141\u00d3G"}]},{"@type":"WebSite","@id":"https:\/\/bobimarket.pl\/#website","url":"https:\/\/bobimarket.pl\/","name":"BOBIMARKET.pl - Remontuj i urz\u0105dzaj z nami","description":"Remontuj i urz\u0105dzaj z nami","publisher":{"@id":"https:\/\/bobimarket.pl\/#organization"},"potentialAction":[{"@type":"SearchAction","target":{"@type":"EntryPoint","urlTemplate":"https:\/\/bobimarket.pl\/?s={search_term_string}"},"query-input":"required name=search_term_string"}],"inLanguage":"pl-PL"},{"@type":"Organization","@id":"https:\/\/bobimarket.pl\/#organization","name":"BOBIMARKET.pl","url":"https:\/\/bobimarket.pl\/","logo":{"@type":"ImageObject","inLanguage":"pl-PL","@id":"https:\/\/bobimarket.pl\/#\/schema\/logo\/image\/","url":"https:\/\/bobimarket.pl\/wp-content\/uploads\/2021\/11\/slogan.png","contentUrl":"https:\/\/bobimarket.pl\/wp-content\/uploads\/2021\/11\/slogan.png","width":2000,"height":384,"caption":"BOBIMARKET.pl"},"image":{"@id":"https:\/\/bobimarket.pl\/#\/schema\/logo\/image\/"}}]}},"_links":{"self":[{"href":"https:\/\/bobimarket.pl\/index.php\/wp-json\/wp\/v2\/product\/98134"}],"collection":[{"href":"https:\/\/bobimarket.pl\/index.php\/wp-json\/wp\/v2\/product"}],"about":[{"href":"https:\/\/bobimarket.pl\/index.php\/wp-json\/wp\/v2\/types\/product"}],"wp:featuredmedia":[{"embeddable":true,"href":"https:\/\/bobimarket.pl\/index.php\/wp-json\/wp\/v2\/media\/98131"}],"wp:attachment":[{"href":"https:\/\/bobimarket.pl\/index.php\/wp-json\/wp\/v2\/media?parent=98134"}],"wp:term":[{"taxonomy":"product_cat","embeddable":true,"href":"https:\/\/bobimarket.pl\/index.php\/wp-json\/wp\/v2\/product_cat?post=98134"},{"taxonomy":"product_tag","embeddable":true,"href":"https:\/\/bobimarket.pl\/index.php\/wp-json\/wp\/v2\/product_tag?post=98134"}],"curies":[{"name":"wp","href":"https:\/\/api.w.org\/{rel}","templated":true}]}}