{"id":98168,"date":"2023-08-31T09:43:16","date_gmt":"2023-08-31T09:43:16","guid":{"rendered":"https:\/\/bobimarket.pl\/index.php\/produkt\/skrzat-krasnal-prezent-na-swieta-figurka-gnom-skrzat-krasnal-swiateczny-pod-choinke-22cm\/"},"modified":"2025-02-27T16:43:20","modified_gmt":"2025-02-27T16:43:20","slug":"skrzat-krasnal-prezent-na-swieta-figurka-gnom-skrzat-krasnal-swiateczny-pod-choinke-22cm","status":"publish","type":"product","link":"https:\/\/bobimarket.pl\/index.php\/produkt\/skrzat-krasnal-prezent-na-swieta-figurka-gnom-skrzat-krasnal-swiateczny-pod-choinke-22cm\/","title":{"rendered":"SKRZAT KRASNAL PREZENT NA \u015aWI\u0118TA FIGURKA GNOM\/Skrzat krasnal \u015bwi\u0105teczny pod choink\u0119 22cm"},"content":{"rendered":"<section class=\"section\">\n<div class=\"item item-12\">\n<section class=\"text-item\">\n<h2>SKRZAT KRASNAL PREZENT NA \u015aWI\u0118TA FIGURKA GNOM<\/h2>\n<p><b>Informacje og\u00f3lne:\u00a0<\/b><\/p>\n<ul>\n<li>Wysoko\u015b\u0107: <b>oko\u0142o 23 cm\u00a0<\/b><\/li>\n<li>\u015arednica podstawy: <b>6 cm<\/b><\/li>\n<li>Rodzaj: <b>ozdoba wolnostoj\u0105ca\u00a0<\/b><\/li>\n<\/ul>\n<p><b>Uwaga!<\/b> To nie jedyny krasnal dost\u0119pny w naszej kolekcji. Koniecznie zapoznaj si\u0119 z ca\u0142\u0105 ofert\u0105 \u015bwi\u0105teczn\u0105. Ka\u017cdy znajdzie co\u015b dla siebie!\u00a0<\/p>\n<\/section><\/div>\n<\/section>\n<section class=\"section\">\n<div class=\"item item-12\">\n<section class=\"image-item\">\n            <img decoding=\"async\" src=\"https:\/\/upload.cdn.baselinker.com\/products\/14476\/fc21cbf1d75ea9c8390158ac11834b76.jpg\" \/><br \/>\n        <\/section>\n<\/p><\/div>\n<\/section>\n<section class=\"section\">\n<div class=\"item item-12\">\n<section class=\"text-item\">\n<h2>\u2b50\ufe0f\u00a0Wyczaruj magiczny klimat w domu!<\/h2>\n<p>Mi\u0119kka czapka, g\u0119sta broda i okr\u0105g\u0142y nosek sprawi\u0105, \u017ce od razu polubisz tego sympatycznego kole\u017ck\u0119! Uroczy skrzat pomo\u017ce wyczarowa\u0107 \u015bwi\u0105teczny nastr\u00f3j w ka\u017cdym domu!<\/p>\n<ul>\n<li>Ka\u017cdy skrzat zosta\u0142 <b>starannie wykonany<\/b>. Solidna podstawa sprawia, \u017ce skrzat stabilnie stoi i si\u0119 nie przewraca.\u00a0<\/li>\n<li><b>Idealnie dobrany rozmiar.<\/b> Figurka nie zajmuje du\u017co miejsca, a jednocze\u015bnie pi\u0119knie si\u0119 prezentuje i stanowi dope\u0142nienie \u015bwi\u0105tecznych dekoracji.\u00a0<\/li>\n<li><b>Bogata gama kolorystyczna<\/b> sprawi, \u017ce z \u0142atwo\u015bci wybierzesz krasnala idealnie pasuj\u0105cego do Twojego domu.\u00a0<\/li>\n<\/ul>\n<\/section><\/div>\n<\/section>\n<section class=\"section\">\n<div class=\"item item-12\">\n<section class=\"image-item\">\n            <img decoding=\"async\" src=\"https:\/\/upload.cdn.baselinker.com\/products\/14476\/30ebd564d13b786d795960ee968f6706.jpg\" \/><br \/>\n        <\/section>\n<\/p><\/div>\n<\/section>\n<section class=\"section\">\n<div class=\"item item-12\">\n<section class=\"text-item\">\n<h2>\u2b50\ufe0f Dla ka\u017cdego mi\u0142o\u015bnika \u015bwi\u0105tecznych klimat\u00f3w!<\/h2>\n<p><b>Kilka podpowiedzi, gdzie skrzat czuje si\u0119 najlepiej!<\/b><\/p>\n<ul>\n<li>Ustaw skrzata na komodzie <b>w salonie<\/b> lub po\u0142\u00f3\u017c na parapecie <b>w pokoju dziecinnym<\/b>. Nic nie stoi na przeszkodzi, aby towarzyszy\u0142 Ci <b>w kuchni,\u00a0<\/b>gdzie b\u0119dzie dogl\u0105da\u0142 \u015bwi\u0105tecznych przygotowa\u0144. Mo\u017cesz go r\u00f3wnie\u017c zabra\u0107 ze sob\u0105 do pracy i postawi\u0107 na biurku!<\/li>\n<\/ul>\n<p><b>W pojedynk\u0119 czy w grupie ? I tak i tak.<\/b> Mo\u017cesz wybra\u0107 jednego skrzata i stworzy\u0107 minimalistyczn\u0105 dekoracja bo\u017conarodzeniow\u0105. Mo\u017cesz r\u00f3wnie\u017c kupi\u0107 kilka skrzat\u00f3w i u\u0142o\u017cy\u0107 je wed\u0142ug w\u0142asnego uznania. <b>Stw\u00f3rz indywidualn\u0105 dekoracj\u0119,<\/b> kt\u00f3ra sprawi, \u017ce poczujesz atmosfer\u0119 towarzysz\u0105c\u0105 temu wyj\u0105tkowemu okresowi w roku!<\/p>\n<ul>\n<li>Pami\u0119taj! Ka\u017cdy skrzat <b>doda odrobin\u0119 ciep\u0142a<\/b> do pomieszczenia i <b>wyczaruje troch\u0119 \u015bwi\u0105tecznej magii<\/b>! Krasnale wyst\u0119puj\u0105 w bogatej gamie kolorystycznej na pewno ka\u017cdy znajdzie co\u015b dla siebie!\u00a0<\/li>\n<\/ul>\n<\/section><\/div>\n<\/section>\n<section class=\"section\">\n<div class=\"item item-12\">\n<section class=\"image-item\">\n            <img decoding=\"async\" src=\"https:\/\/upload.cdn.baselinker.com\/products\/14476\/fcf7f28f9df4579f9986b14af78131a4.jpg\" \/><br \/>\n        <\/section>\n<\/p><\/div>\n<\/section>\n<section class=\"section\">\n<div class=\"item item-12\">\n<section class=\"text-item\">\n<h2>\u2b50\ufe0fPodaruj skrzata jako \u015bwi\u0105teczny prezent !<\/h2>\n<p>\u015awi\u0119ta Bo\u017cego Narodzenia to magiczny czas. Figurka doskonale nada si\u0119 na prezent i z pewno\u015bci\u0105 wywo\u0142a u\u015bmiech na tworzy obdarowywanego. Sprawdzi si\u0119 jako \u015bwi\u0105teczny podarek dla os\u00f3b, kt\u00f3re ceni\u0105 sobie prezenty od serca.\u00a0<\/p>\n<\/section><\/div>\n<\/section>\n<section class=\"section\">\n<div class=\"item item-6\">\n<section class=\"image-item\">\n            <img decoding=\"async\" src=\"https:\/\/upload.cdn.baselinker.com\/products\/14476\/03c06d57b4d0ee8ed7c32456f4fb68c6.jpg\" \/><br \/>\n        <\/section>\n<\/p><\/div>\n<div class=\"item item-6\">\n<section class=\"image-item\">\n            <img decoding=\"async\" src=\"https:\/\/upload.cdn.baselinker.com\/products\/14476\/a34b75b825d69d5c509e8cc7638f13a1.jpg\" \/><br \/>\n        <\/section>\n<\/p><\/div>\n<\/section>\n<section class=\"section\">\n<div class=\"item item-12\">\n<section class=\"text-item\">\n<h1>Du\u017ca czapka, okr\u0105g\u0142y nosek i g\u0119sta broda &#8211; nie czekaj i ju\u017c dzisiaj przygarnij magicznego skrzata do domu!<\/h1>\n<\/section><\/div>\n<\/section>\n<section class=\"section\">\n<div class=\"item item-12\">\n<section class=\"text-item\">\n<p><b>UWAGA! <\/b>Drewniany pieniek s\u0142u\u017cy do ekspozycji towaru i nie jest elementem oferty. Przedmiotem sprzeda\u017cy jest jedynie skrzat.<\/p>\n<\/section><\/div>\n<\/section>\n","protected":false},"excerpt":{"rendered":"<p><\/p>\n","protected":false},"featured_media":98159,"template":"","meta":[],"product_cat":[8395],"product_tag":[],"yoast_head":"<!-- This site is optimized with the Yoast SEO plugin v21.0 - https:\/\/yoast.com\/wordpress\/plugins\/seo\/ -->\n<title>SKRZAT KRASNAL PREZENT NA \u015aWI\u0118TA FIGURKA GNOM\/Skrzat krasnal \u015bwi\u0105teczny pod choink\u0119 22cm - BOBIMARKET.pl - Remontuj i urz\u0105dzaj z nami<\/title>\n<meta name=\"robots\" content=\"index, follow, max-snippet:-1, max-image-preview:large, max-video-preview:-1\" \/>\n<link rel=\"canonical\" href=\"https:\/\/bobimarket.pl\/index.php\/produkt\/skrzat-krasnal-prezent-na-swieta-figurka-gnom-skrzat-krasnal-swiateczny-pod-choinke-22cm\/\" \/>\n<meta property=\"og:locale\" content=\"pl_PL\" \/>\n<meta property=\"og:type\" content=\"article\" \/>\n<meta property=\"og:title\" content=\"SKRZAT KRASNAL PREZENT NA \u015aWI\u0118TA FIGURKA GNOM\/Skrzat krasnal \u015bwi\u0105teczny pod choink\u0119 22cm - BOBIMARKET.pl - Remontuj i urz\u0105dzaj z nami\" \/>\n<meta property=\"og:url\" content=\"https:\/\/bobimarket.pl\/index.php\/produkt\/skrzat-krasnal-prezent-na-swieta-figurka-gnom-skrzat-krasnal-swiateczny-pod-choinke-22cm\/\" \/>\n<meta property=\"og:site_name\" content=\"BOBIMARKET.pl - Remontuj i urz\u0105dzaj z nami\" \/>\n<meta property=\"article:modified_time\" content=\"2025-02-27T16:43:20+00:00\" \/>\n<meta property=\"og:image\" content=\"https:\/\/upload.cdn.baselinker.com\/products\/14476\/fc21cbf1d75ea9c8390158ac11834b76.jpg\" \/>\n<meta name=\"twitter:card\" content=\"summary_large_image\" \/>\n<meta name=\"twitter:label1\" content=\"Szacowany czas czytania\" \/>\n\t<meta name=\"twitter:data1\" content=\"2 minuty\" \/>\n<script type=\"application\/ld+json\" class=\"yoast-schema-graph\">{\"@context\":\"https:\/\/schema.org\",\"@graph\":[{\"@type\":\"WebPage\",\"@id\":\"https:\/\/bobimarket.pl\/index.php\/produkt\/skrzat-krasnal-prezent-na-swieta-figurka-gnom-skrzat-krasnal-swiateczny-pod-choinke-22cm\/\",\"url\":\"https:\/\/bobimarket.pl\/index.php\/produkt\/skrzat-krasnal-prezent-na-swieta-figurka-gnom-skrzat-krasnal-swiateczny-pod-choinke-22cm\/\",\"name\":\"SKRZAT KRASNAL PREZENT NA \u015aWI\u0118TA FIGURKA GNOM\/Skrzat krasnal \u015bwi\u0105teczny pod choink\u0119 22cm - BOBIMARKET.pl - Remontuj i urz\u0105dzaj z nami\",\"isPartOf\":{\"@id\":\"https:\/\/bobimarket.pl\/#website\"},\"datePublished\":\"2023-08-31T09:43:16+00:00\",\"dateModified\":\"2025-02-27T16:43:20+00:00\",\"breadcrumb\":{\"@id\":\"https:\/\/bobimarket.pl\/index.php\/produkt\/skrzat-krasnal-prezent-na-swieta-figurka-gnom-skrzat-krasnal-swiateczny-pod-choinke-22cm\/#breadcrumb\"},\"inLanguage\":\"pl-PL\",\"potentialAction\":[{\"@type\":\"ReadAction\",\"target\":[\"https:\/\/bobimarket.pl\/index.php\/produkt\/skrzat-krasnal-prezent-na-swieta-figurka-gnom-skrzat-krasnal-swiateczny-pod-choinke-22cm\/\"]}]},{\"@type\":\"BreadcrumbList\",\"@id\":\"https:\/\/bobimarket.pl\/index.php\/produkt\/skrzat-krasnal-prezent-na-swieta-figurka-gnom-skrzat-krasnal-swiateczny-pod-choinke-22cm\/#breadcrumb\",\"itemListElement\":[{\"@type\":\"ListItem\",\"position\":1,\"name\":\"Strona g\u0142\u00f3wna\",\"item\":\"https:\/\/bobimarket.pl\/\"},{\"@type\":\"ListItem\",\"position\":2,\"name\":\"Sklep\",\"item\":\"https:\/\/bobimarket.pl\/index.php\/shop\/\"},{\"@type\":\"ListItem\",\"position\":3,\"name\":\"SKRZAT KRASNAL PREZENT NA \u015aWI\u0118TA FIGURKA GNOM\/Skrzat krasnal \u015bwi\u0105teczny pod choink\u0119 22cm\"}]},{\"@type\":\"WebSite\",\"@id\":\"https:\/\/bobimarket.pl\/#website\",\"url\":\"https:\/\/bobimarket.pl\/\",\"name\":\"BOBIMARKET.pl - Remontuj i urz\u0105dzaj z nami\",\"description\":\"Remontuj i urz\u0105dzaj z nami\",\"publisher\":{\"@id\":\"https:\/\/bobimarket.pl\/#organization\"},\"potentialAction\":[{\"@type\":\"SearchAction\",\"target\":{\"@type\":\"EntryPoint\",\"urlTemplate\":\"https:\/\/bobimarket.pl\/?s={search_term_string}\"},\"query-input\":\"required name=search_term_string\"}],\"inLanguage\":\"pl-PL\"},{\"@type\":\"Organization\",\"@id\":\"https:\/\/bobimarket.pl\/#organization\",\"name\":\"BOBIMARKET.pl\",\"url\":\"https:\/\/bobimarket.pl\/\",\"logo\":{\"@type\":\"ImageObject\",\"inLanguage\":\"pl-PL\",\"@id\":\"https:\/\/bobimarket.pl\/#\/schema\/logo\/image\/\",\"url\":\"https:\/\/bobimarket.pl\/wp-content\/uploads\/2021\/11\/slogan.png\",\"contentUrl\":\"https:\/\/bobimarket.pl\/wp-content\/uploads\/2021\/11\/slogan.png\",\"width\":2000,\"height\":384,\"caption\":\"BOBIMARKET.pl\"},\"image\":{\"@id\":\"https:\/\/bobimarket.pl\/#\/schema\/logo\/image\/\"}}]}<\/script>\n<!-- \/ Yoast SEO plugin. -->","yoast_head_json":{"title":"SKRZAT KRASNAL PREZENT NA \u015aWI\u0118TA FIGURKA GNOM\/Skrzat krasnal \u015bwi\u0105teczny pod choink\u0119 22cm - BOBIMARKET.pl - Remontuj i urz\u0105dzaj z nami","robots":{"index":"index","follow":"follow","max-snippet":"max-snippet:-1","max-image-preview":"max-image-preview:large","max-video-preview":"max-video-preview:-1"},"canonical":"https:\/\/bobimarket.pl\/index.php\/produkt\/skrzat-krasnal-prezent-na-swieta-figurka-gnom-skrzat-krasnal-swiateczny-pod-choinke-22cm\/","og_locale":"pl_PL","og_type":"article","og_title":"SKRZAT KRASNAL PREZENT NA \u015aWI\u0118TA FIGURKA GNOM\/Skrzat krasnal \u015bwi\u0105teczny pod choink\u0119 22cm - BOBIMARKET.pl - Remontuj i urz\u0105dzaj z nami","og_url":"https:\/\/bobimarket.pl\/index.php\/produkt\/skrzat-krasnal-prezent-na-swieta-figurka-gnom-skrzat-krasnal-swiateczny-pod-choinke-22cm\/","og_site_name":"BOBIMARKET.pl - Remontuj i urz\u0105dzaj z nami","article_modified_time":"2025-02-27T16:43:20+00:00","og_image":[{"url":"https:\/\/upload.cdn.baselinker.com\/products\/14476\/fc21cbf1d75ea9c8390158ac11834b76.jpg"}],"twitter_card":"summary_large_image","twitter_misc":{"Szacowany czas czytania":"2 minuty"},"schema":{"@context":"https:\/\/schema.org","@graph":[{"@type":"WebPage","@id":"https:\/\/bobimarket.pl\/index.php\/produkt\/skrzat-krasnal-prezent-na-swieta-figurka-gnom-skrzat-krasnal-swiateczny-pod-choinke-22cm\/","url":"https:\/\/bobimarket.pl\/index.php\/produkt\/skrzat-krasnal-prezent-na-swieta-figurka-gnom-skrzat-krasnal-swiateczny-pod-choinke-22cm\/","name":"SKRZAT KRASNAL PREZENT NA \u015aWI\u0118TA FIGURKA GNOM\/Skrzat krasnal \u015bwi\u0105teczny pod choink\u0119 22cm - BOBIMARKET.pl - Remontuj i urz\u0105dzaj z nami","isPartOf":{"@id":"https:\/\/bobimarket.pl\/#website"},"datePublished":"2023-08-31T09:43:16+00:00","dateModified":"2025-02-27T16:43:20+00:00","breadcrumb":{"@id":"https:\/\/bobimarket.pl\/index.php\/produkt\/skrzat-krasnal-prezent-na-swieta-figurka-gnom-skrzat-krasnal-swiateczny-pod-choinke-22cm\/#breadcrumb"},"inLanguage":"pl-PL","potentialAction":[{"@type":"ReadAction","target":["https:\/\/bobimarket.pl\/index.php\/produkt\/skrzat-krasnal-prezent-na-swieta-figurka-gnom-skrzat-krasnal-swiateczny-pod-choinke-22cm\/"]}]},{"@type":"BreadcrumbList","@id":"https:\/\/bobimarket.pl\/index.php\/produkt\/skrzat-krasnal-prezent-na-swieta-figurka-gnom-skrzat-krasnal-swiateczny-pod-choinke-22cm\/#breadcrumb","itemListElement":[{"@type":"ListItem","position":1,"name":"Strona g\u0142\u00f3wna","item":"https:\/\/bobimarket.pl\/"},{"@type":"ListItem","position":2,"name":"Sklep","item":"https:\/\/bobimarket.pl\/index.php\/shop\/"},{"@type":"ListItem","position":3,"name":"SKRZAT KRASNAL PREZENT NA \u015aWI\u0118TA FIGURKA GNOM\/Skrzat krasnal \u015bwi\u0105teczny pod choink\u0119 22cm"}]},{"@type":"WebSite","@id":"https:\/\/bobimarket.pl\/#website","url":"https:\/\/bobimarket.pl\/","name":"BOBIMARKET.pl - Remontuj i urz\u0105dzaj z nami","description":"Remontuj i urz\u0105dzaj z nami","publisher":{"@id":"https:\/\/bobimarket.pl\/#organization"},"potentialAction":[{"@type":"SearchAction","target":{"@type":"EntryPoint","urlTemplate":"https:\/\/bobimarket.pl\/?s={search_term_string}"},"query-input":"required name=search_term_string"}],"inLanguage":"pl-PL"},{"@type":"Organization","@id":"https:\/\/bobimarket.pl\/#organization","name":"BOBIMARKET.pl","url":"https:\/\/bobimarket.pl\/","logo":{"@type":"ImageObject","inLanguage":"pl-PL","@id":"https:\/\/bobimarket.pl\/#\/schema\/logo\/image\/","url":"https:\/\/bobimarket.pl\/wp-content\/uploads\/2021\/11\/slogan.png","contentUrl":"https:\/\/bobimarket.pl\/wp-content\/uploads\/2021\/11\/slogan.png","width":2000,"height":384,"caption":"BOBIMARKET.pl"},"image":{"@id":"https:\/\/bobimarket.pl\/#\/schema\/logo\/image\/"}}]}},"_links":{"self":[{"href":"https:\/\/bobimarket.pl\/index.php\/wp-json\/wp\/v2\/product\/98168"}],"collection":[{"href":"https:\/\/bobimarket.pl\/index.php\/wp-json\/wp\/v2\/product"}],"about":[{"href":"https:\/\/bobimarket.pl\/index.php\/wp-json\/wp\/v2\/types\/product"}],"wp:featuredmedia":[{"embeddable":true,"href":"https:\/\/bobimarket.pl\/index.php\/wp-json\/wp\/v2\/media\/98159"}],"wp:attachment":[{"href":"https:\/\/bobimarket.pl\/index.php\/wp-json\/wp\/v2\/media?parent=98168"}],"wp:term":[{"taxonomy":"product_cat","embeddable":true,"href":"https:\/\/bobimarket.pl\/index.php\/wp-json\/wp\/v2\/product_cat?post=98168"},{"taxonomy":"product_tag","embeddable":true,"href":"https:\/\/bobimarket.pl\/index.php\/wp-json\/wp\/v2\/product_tag?post=98168"}],"curies":[{"name":"wp","href":"https:\/\/api.w.org\/{rel}","templated":true}]}}