{"id":98365,"date":"2023-08-31T10:02:16","date_gmt":"2023-08-31T10:02:16","guid":{"rendered":"https:\/\/bobimarket.pl\/index.php\/produkt\/zawieszka-bombka-na-choinke-8-cm-zestaw-4szt\/"},"modified":"2025-02-27T16:44:40","modified_gmt":"2025-02-27T16:44:40","slug":"zawieszka-bombka-na-choinke-8-cm-zestaw-4szt","status":"publish","type":"product","link":"https:\/\/bobimarket.pl\/index.php\/produkt\/zawieszka-bombka-na-choinke-8-cm-zestaw-4szt\/","title":{"rendered":"ZAWIESZKA BOMBKA NA CHOINK\u0118 8 cm ZESTAW 4szt"},"content":{"rendered":"<section class=\"section\">\n<div class=\"item item-12\">\n<section class=\"text-item\">\n<h2>ZAWIESZKA BOMBKA NA CHOINK\u0118 8 cm ZESTAW 4szt<\/h2>\n<p><b>Informacje og\u00f3lne:\u00a0<\/b><\/p>\n<ul>\n<li>Wymiar:<b> 8 cm x 8 cm <\/b><\/li>\n<li>Wz\u00f3r:<b> \u015bnie\u017cynka <\/b><\/li>\n<li>Kolor:<b> srebrny <\/b><\/li>\n<li>Wyko\u0144czenie:<b> brokatowe <\/b><\/li>\n<li><b>Ozdobny sznurek do zawieszania<\/b><\/li>\n<\/ul>\n<h2>Komplet zawiera 4 sztuki ozd\u00f3b!<\/h2>\n<\/section><\/div>\n<\/section>\n<section class=\"section\">\n<div class=\"item item-12\">\n<section class=\"image-item\">\n            <img decoding=\"async\" src=\"https:\/\/upload.cdn.baselinker.com\/products\/14476\/0f15d843d83f9f58df51e0c31f2c398a.jpg\" \/><br \/>\n        <\/section>\n<\/p><\/div>\n<\/section>\n<section class=\"section\">\n<div class=\"item item-12\">\n<section class=\"text-item\">\n<h2>\u2b50\ufe0f\u00a0Wyczaruj magiczny klimat w domu!<\/h2>\n<p>\u015awi\u0119ta to wyj\u0105tkowy czas. W budowaniu \u015bwi\u0105tecznej atmosfery pomagaj\u0105 nam klimatyczne dekoracje. Urocza ozdoba \u015bwi\u0105teczna si\u0119 idealnie wpasowywa\u0107 w zimowy grudniowy klimat! Brokatowy p\u0142atek \u015bniegu pieknie si\u0119 mieni i ma wiele zastosowa\u0144. Zestaw zawiera<b> 4 \u015bnie\u017cynki!<\/b><\/p>\n<ul>\n<li>Ju\u017c sam rzut oka na t\u0105 zawieszk\u0119 sprawi, \u017ce <b>chcia\u0142by\u015b j\u0105 mie\u0107 na swojej choince!<\/b><\/li>\n<li>Ka\u017cda zawieszka jest <b>wyj\u0105tkowa i niepowtarzalna<\/b> &#8211; dok\u0142adnie taka, jak ka\u017cde \u015awi\u0119ta.<\/li>\n<li>Dekoracja wyr\u00f3\u017cniaj\u0105 si\u0119 minimalistycznym designem. Subtelnie <b>podkre\u015bla pi\u0119kno choinki<\/b> lub innych \u015bwi\u0105tecznych dekoracji.\u00a0<\/li>\n<li>Ta pi\u0119kne ozdoby \u015bwietnie sprawdz\u0105 si\u0119 w po\u0142\u0105czeniu z migocz\u0105cymi \u015bwiate\u0142kami, kolorowymi \u0142a\u0144cuchami lub sztucznym \u015bniegiem.<\/li>\n<\/ul>\n<\/section><\/div>\n<\/section>\n<section class=\"section\">\n<div class=\"item item-12\">\n<section class=\"image-item\">\n            <img decoding=\"async\" src=\"https:\/\/upload.cdn.baselinker.com\/products\/14476\/27f124c7ddaca037a298bc7ea95e73f1.jpg\" \/><br \/>\n        <\/section>\n<\/p><\/div>\n<\/section>\n<section class=\"section\">\n<div class=\"item item-12\">\n<section class=\"text-item\">\n<p>\u2b50\ufe0f Mo\u017cesz by\u0107 spokojny o t\u0105 \u015bwi\u0105teczn\u0105 ozdob\u0119. Zosta\u0142a wykonana<b> niet\u0142uk\u0105cego si\u0119 materia\u0142u<\/b> i przetrwa kilka \u015bwi\u0105tecznych sezon\u00f3w !<\/p>\n<p>\u2b50\ufe0f \u015anie\u017cynk\u0119 mo\u017cna<b> zawiesi\u0107 lub przymocowa\u0107 w dowolnym miejscu<\/b>. Klasyczny \u015bwi\u0105teczny wz\u00f3r sprawia, \u017ce wpisuje si\u0119 w ka\u017cd\u0105 \u015bwi\u0105teczn\u0105 dekoracj\u0119!\u00a0<\/p>\n<p>\u2b50\ufe0f Urocza dekoracja, kt\u00f3ra cieszy oko i jest niew\u0105tpliwie oryginalnym elementem. Dekoracja zosta\u0142a wyposa\u017cona <b>sznureczek do zawieszania. <\/b><\/p>\n<\/section><\/div>\n<\/section>\n<section class=\"section\">\n<div class=\"item item-12\">\n<section class=\"image-item\">\n            <img decoding=\"async\" src=\"https:\/\/upload.cdn.baselinker.com\/products\/14476\/1f8a209f35cf369fbe3f3c2563e86a3e.jpg\" \/><br \/>\n        <\/section>\n<\/p><\/div>\n<\/section>\n<section class=\"section\">\n<div class=\"item item-12\">\n<section class=\"text-item\">\n<h2>\u2b50\ufe0f Nie tylko na \u015bwi\u0105teczne drzewko!<\/h2>\n<p>Klasycznie taka ozdoba umieszczana jest na choince, ale to nie jedyny spos\u00f3b w jaki mo\u017cesz j\u0105 wykorzysta\u0107.<b>\u00a0Uniwersalny rozmiar<\/b> sprawia, \u017ce nadaj\u0119 si\u0119 jako element dekoracji \u015bwi\u0105tecznej.<\/p>\n<ul>\n<li>Idealnie nada si\u0119 r\u00f3wnie\u017c jako element dekoracyjny podczas<b> pakowania \u015bwi\u0105tecznych prezent\u00f3w.<\/b><\/li>\n<\/ul>\n<ul>\n<li>Wykorzystaj je podczas tworzenia <b>\u015bwi\u0105tecznych stroik\u00f3w.<\/b><\/li>\n<\/ul>\n<ul>\n<li>\u015awietnie nadaj\u0105 si\u0119 r\u00f3wnie\u017c do <b>wie\u0144ca na drzwi <\/b>czy do wie\u0144ca adwentowych.<\/li>\n<\/ul>\n<ul>\n<li>Sprawdz\u0105 si\u0119 do <b>dekoracji wigilijnego sto\u0142u<\/b> ( mog\u0105 by\u0107 swobodnie rozproszone po\u015br\u00f3d talerzy)<\/li>\n<\/ul>\n<\/section><\/div>\n<\/section>\n<section class=\"section\">\n<div class=\"item item-12\">\n<section class=\"text-item\">\n<h1>Nie czekaj i ju\u017c dzi\u015b zadbaj o \u015bwi\u0105teczn\u0105 atmosfer\u0119!<\/h1>\n<\/section><\/div>\n<\/section>\n","protected":false},"excerpt":{"rendered":"<p>ZAWIESZKA BOMBKA NA CHOINK\u0118 8 cm ZESTAW 4szt Informacje og\u00f3lne:\u00a0 Wymiar: 8 cm x 8 cm Wz\u00f3r: \u015bnie\u017cynka Kolor: srebrny Wyko\u0144czenie: brokatowe Ozdobny sznurek do zawieszania Komplet zawiera 4 sztuki ozd\u00f3b! \u2b50\ufe0f\u00a0Wyczaruj magiczny klimat w domu! \u015awi\u0119ta to wyj\u0105tkowy czas. W budowaniu \u015bwi\u0105tecznej atmosfery pomagaj\u0105 nam klimatyczne dekoracje. Urocza ozdoba \u015bwi\u0105teczna si\u0119 idealnie wpasowywa\u0107 w<br \/><a class=\"more-link\" href=\"https:\/\/bobimarket.pl\/index.php\/produkt\/zawieszka-bombka-na-choinke-8-cm-zestaw-4szt\/\"><br \/>\n        Czytaj wi\u0119cej<span class=\"screen-reader-text\"> &#8222;ZAWIESZKA BOMBKA NA CHOINK\u0118 8 cm ZESTAW 4szt&#8221;<\/span><\/a><\/p>\n","protected":false},"featured_media":98358,"template":"","meta":[],"product_cat":[8395],"product_tag":[],"yoast_head":"<!-- This site is optimized with the Yoast SEO plugin v21.0 - https:\/\/yoast.com\/wordpress\/plugins\/seo\/ -->\n<title>ZAWIESZKA BOMBKA NA CHOINK\u0118 8 cm ZESTAW 4szt - BOBIMARKET.pl - Remontuj i urz\u0105dzaj z nami<\/title>\n<meta name=\"robots\" content=\"index, follow, max-snippet:-1, max-image-preview:large, max-video-preview:-1\" \/>\n<link rel=\"canonical\" href=\"https:\/\/bobimarket.pl\/index.php\/produkt\/zawieszka-bombka-na-choinke-8-cm-zestaw-4szt\/\" \/>\n<meta property=\"og:locale\" content=\"pl_PL\" \/>\n<meta property=\"og:type\" content=\"article\" \/>\n<meta property=\"og:title\" content=\"ZAWIESZKA BOMBKA NA CHOINK\u0118 8 cm ZESTAW 4szt - BOBIMARKET.pl - Remontuj i urz\u0105dzaj z nami\" \/>\n<meta property=\"og:description\" content=\"ZAWIESZKA BOMBKA NA CHOINK\u0118 8 cm ZESTAW 4szt Informacje og\u00f3lne:\u00a0 Wymiar: 8 cm x 8 cm Wz\u00f3r: \u015bnie\u017cynka Kolor: srebrny Wyko\u0144czenie: brokatowe Ozdobny sznurek do zawieszania Komplet zawiera 4 sztuki ozd\u00f3b! \u2b50\ufe0f\u00a0Wyczaruj magiczny klimat w domu! \u015awi\u0119ta to wyj\u0105tkowy czas. W budowaniu \u015bwi\u0105tecznej atmosfery pomagaj\u0105 nam klimatyczne dekoracje. Urocza ozdoba \u015bwi\u0105teczna si\u0119 idealnie wpasowywa\u0107 w     Czytaj wi\u0119cej &quot;ZAWIESZKA BOMBKA NA CHOINK\u0118 8 cm ZESTAW 4szt&quot;\" \/>\n<meta property=\"og:url\" content=\"https:\/\/bobimarket.pl\/index.php\/produkt\/zawieszka-bombka-na-choinke-8-cm-zestaw-4szt\/\" \/>\n<meta property=\"og:site_name\" content=\"BOBIMARKET.pl - Remontuj i urz\u0105dzaj z nami\" \/>\n<meta property=\"article:modified_time\" content=\"2025-02-27T16:44:40+00:00\" \/>\n<meta property=\"og:image\" content=\"https:\/\/upload.cdn.baselinker.com\/products\/14476\/0f15d843d83f9f58df51e0c31f2c398a.jpg\" \/>\n<meta name=\"twitter:card\" content=\"summary_large_image\" \/>\n<meta name=\"twitter:label1\" content=\"Szacowany czas czytania\" \/>\n\t<meta name=\"twitter:data1\" content=\"2 minuty\" \/>\n<script type=\"application\/ld+json\" class=\"yoast-schema-graph\">{\"@context\":\"https:\/\/schema.org\",\"@graph\":[{\"@type\":\"WebPage\",\"@id\":\"https:\/\/bobimarket.pl\/index.php\/produkt\/zawieszka-bombka-na-choinke-8-cm-zestaw-4szt\/\",\"url\":\"https:\/\/bobimarket.pl\/index.php\/produkt\/zawieszka-bombka-na-choinke-8-cm-zestaw-4szt\/\",\"name\":\"ZAWIESZKA BOMBKA NA CHOINK\u0118 8 cm ZESTAW 4szt - BOBIMARKET.pl - Remontuj i urz\u0105dzaj z nami\",\"isPartOf\":{\"@id\":\"https:\/\/bobimarket.pl\/#website\"},\"datePublished\":\"2023-08-31T10:02:16+00:00\",\"dateModified\":\"2025-02-27T16:44:40+00:00\",\"breadcrumb\":{\"@id\":\"https:\/\/bobimarket.pl\/index.php\/produkt\/zawieszka-bombka-na-choinke-8-cm-zestaw-4szt\/#breadcrumb\"},\"inLanguage\":\"pl-PL\",\"potentialAction\":[{\"@type\":\"ReadAction\",\"target\":[\"https:\/\/bobimarket.pl\/index.php\/produkt\/zawieszka-bombka-na-choinke-8-cm-zestaw-4szt\/\"]}]},{\"@type\":\"BreadcrumbList\",\"@id\":\"https:\/\/bobimarket.pl\/index.php\/produkt\/zawieszka-bombka-na-choinke-8-cm-zestaw-4szt\/#breadcrumb\",\"itemListElement\":[{\"@type\":\"ListItem\",\"position\":1,\"name\":\"Strona g\u0142\u00f3wna\",\"item\":\"https:\/\/bobimarket.pl\/\"},{\"@type\":\"ListItem\",\"position\":2,\"name\":\"Sklep\",\"item\":\"https:\/\/bobimarket.pl\/index.php\/shop\/\"},{\"@type\":\"ListItem\",\"position\":3,\"name\":\"ZAWIESZKA BOMBKA NA CHOINK\u0118 8 cm ZESTAW 4szt\"}]},{\"@type\":\"WebSite\",\"@id\":\"https:\/\/bobimarket.pl\/#website\",\"url\":\"https:\/\/bobimarket.pl\/\",\"name\":\"BOBIMARKET.pl - Remontuj i urz\u0105dzaj z nami\",\"description\":\"Remontuj i urz\u0105dzaj z nami\",\"publisher\":{\"@id\":\"https:\/\/bobimarket.pl\/#organization\"},\"potentialAction\":[{\"@type\":\"SearchAction\",\"target\":{\"@type\":\"EntryPoint\",\"urlTemplate\":\"https:\/\/bobimarket.pl\/?s={search_term_string}\"},\"query-input\":\"required name=search_term_string\"}],\"inLanguage\":\"pl-PL\"},{\"@type\":\"Organization\",\"@id\":\"https:\/\/bobimarket.pl\/#organization\",\"name\":\"BOBIMARKET.pl\",\"url\":\"https:\/\/bobimarket.pl\/\",\"logo\":{\"@type\":\"ImageObject\",\"inLanguage\":\"pl-PL\",\"@id\":\"https:\/\/bobimarket.pl\/#\/schema\/logo\/image\/\",\"url\":\"https:\/\/bobimarket.pl\/wp-content\/uploads\/2021\/11\/slogan.png\",\"contentUrl\":\"https:\/\/bobimarket.pl\/wp-content\/uploads\/2021\/11\/slogan.png\",\"width\":2000,\"height\":384,\"caption\":\"BOBIMARKET.pl\"},\"image\":{\"@id\":\"https:\/\/bobimarket.pl\/#\/schema\/logo\/image\/\"}}]}<\/script>\n<!-- \/ Yoast SEO plugin. -->","yoast_head_json":{"title":"ZAWIESZKA BOMBKA NA CHOINK\u0118 8 cm ZESTAW 4szt - BOBIMARKET.pl - Remontuj i urz\u0105dzaj z nami","robots":{"index":"index","follow":"follow","max-snippet":"max-snippet:-1","max-image-preview":"max-image-preview:large","max-video-preview":"max-video-preview:-1"},"canonical":"https:\/\/bobimarket.pl\/index.php\/produkt\/zawieszka-bombka-na-choinke-8-cm-zestaw-4szt\/","og_locale":"pl_PL","og_type":"article","og_title":"ZAWIESZKA BOMBKA NA CHOINK\u0118 8 cm ZESTAW 4szt - BOBIMARKET.pl - Remontuj i urz\u0105dzaj z nami","og_description":"ZAWIESZKA BOMBKA NA CHOINK\u0118 8 cm ZESTAW 4szt Informacje og\u00f3lne:\u00a0 Wymiar: 8 cm x 8 cm Wz\u00f3r: \u015bnie\u017cynka Kolor: srebrny Wyko\u0144czenie: brokatowe Ozdobny sznurek do zawieszania Komplet zawiera 4 sztuki ozd\u00f3b! \u2b50\ufe0f\u00a0Wyczaruj magiczny klimat w domu! \u015awi\u0119ta to wyj\u0105tkowy czas. W budowaniu \u015bwi\u0105tecznej atmosfery pomagaj\u0105 nam klimatyczne dekoracje. Urocza ozdoba \u015bwi\u0105teczna si\u0119 idealnie wpasowywa\u0107 w     Czytaj wi\u0119cej \"ZAWIESZKA BOMBKA NA CHOINK\u0118 8 cm ZESTAW 4szt\"","og_url":"https:\/\/bobimarket.pl\/index.php\/produkt\/zawieszka-bombka-na-choinke-8-cm-zestaw-4szt\/","og_site_name":"BOBIMARKET.pl - Remontuj i urz\u0105dzaj z nami","article_modified_time":"2025-02-27T16:44:40+00:00","og_image":[{"url":"https:\/\/upload.cdn.baselinker.com\/products\/14476\/0f15d843d83f9f58df51e0c31f2c398a.jpg"}],"twitter_card":"summary_large_image","twitter_misc":{"Szacowany czas czytania":"2 minuty"},"schema":{"@context":"https:\/\/schema.org","@graph":[{"@type":"WebPage","@id":"https:\/\/bobimarket.pl\/index.php\/produkt\/zawieszka-bombka-na-choinke-8-cm-zestaw-4szt\/","url":"https:\/\/bobimarket.pl\/index.php\/produkt\/zawieszka-bombka-na-choinke-8-cm-zestaw-4szt\/","name":"ZAWIESZKA BOMBKA NA CHOINK\u0118 8 cm ZESTAW 4szt - BOBIMARKET.pl - Remontuj i urz\u0105dzaj z nami","isPartOf":{"@id":"https:\/\/bobimarket.pl\/#website"},"datePublished":"2023-08-31T10:02:16+00:00","dateModified":"2025-02-27T16:44:40+00:00","breadcrumb":{"@id":"https:\/\/bobimarket.pl\/index.php\/produkt\/zawieszka-bombka-na-choinke-8-cm-zestaw-4szt\/#breadcrumb"},"inLanguage":"pl-PL","potentialAction":[{"@type":"ReadAction","target":["https:\/\/bobimarket.pl\/index.php\/produkt\/zawieszka-bombka-na-choinke-8-cm-zestaw-4szt\/"]}]},{"@type":"BreadcrumbList","@id":"https:\/\/bobimarket.pl\/index.php\/produkt\/zawieszka-bombka-na-choinke-8-cm-zestaw-4szt\/#breadcrumb","itemListElement":[{"@type":"ListItem","position":1,"name":"Strona g\u0142\u00f3wna","item":"https:\/\/bobimarket.pl\/"},{"@type":"ListItem","position":2,"name":"Sklep","item":"https:\/\/bobimarket.pl\/index.php\/shop\/"},{"@type":"ListItem","position":3,"name":"ZAWIESZKA BOMBKA NA CHOINK\u0118 8 cm ZESTAW 4szt"}]},{"@type":"WebSite","@id":"https:\/\/bobimarket.pl\/#website","url":"https:\/\/bobimarket.pl\/","name":"BOBIMARKET.pl - Remontuj i urz\u0105dzaj z nami","description":"Remontuj i urz\u0105dzaj z nami","publisher":{"@id":"https:\/\/bobimarket.pl\/#organization"},"potentialAction":[{"@type":"SearchAction","target":{"@type":"EntryPoint","urlTemplate":"https:\/\/bobimarket.pl\/?s={search_term_string}"},"query-input":"required name=search_term_string"}],"inLanguage":"pl-PL"},{"@type":"Organization","@id":"https:\/\/bobimarket.pl\/#organization","name":"BOBIMARKET.pl","url":"https:\/\/bobimarket.pl\/","logo":{"@type":"ImageObject","inLanguage":"pl-PL","@id":"https:\/\/bobimarket.pl\/#\/schema\/logo\/image\/","url":"https:\/\/bobimarket.pl\/wp-content\/uploads\/2021\/11\/slogan.png","contentUrl":"https:\/\/bobimarket.pl\/wp-content\/uploads\/2021\/11\/slogan.png","width":2000,"height":384,"caption":"BOBIMARKET.pl"},"image":{"@id":"https:\/\/bobimarket.pl\/#\/schema\/logo\/image\/"}}]}},"_links":{"self":[{"href":"https:\/\/bobimarket.pl\/index.php\/wp-json\/wp\/v2\/product\/98365"}],"collection":[{"href":"https:\/\/bobimarket.pl\/index.php\/wp-json\/wp\/v2\/product"}],"about":[{"href":"https:\/\/bobimarket.pl\/index.php\/wp-json\/wp\/v2\/types\/product"}],"wp:featuredmedia":[{"embeddable":true,"href":"https:\/\/bobimarket.pl\/index.php\/wp-json\/wp\/v2\/media\/98358"}],"wp:attachment":[{"href":"https:\/\/bobimarket.pl\/index.php\/wp-json\/wp\/v2\/media?parent=98365"}],"wp:term":[{"taxonomy":"product_cat","embeddable":true,"href":"https:\/\/bobimarket.pl\/index.php\/wp-json\/wp\/v2\/product_cat?post=98365"},{"taxonomy":"product_tag","embeddable":true,"href":"https:\/\/bobimarket.pl\/index.php\/wp-json\/wp\/v2\/product_tag?post=98365"}],"curies":[{"name":"wp","href":"https:\/\/api.w.org\/{rel}","templated":true}]}}