{"id":98382,"date":"2023-08-31T10:03:36","date_gmt":"2023-08-31T10:03:36","guid":{"rendered":"https:\/\/bobimarket.pl\/index.php\/produkt\/bombki-choinkowe-na-choinke-duze-6cm-bombki-choinkowe-zlote-6cm-zestaw-6szt\/"},"modified":"2025-12-15T01:28:25","modified_gmt":"2025-12-15T01:28:25","slug":"bombki-choinkowe-na-choinke-duze-6cm-bombki-choinkowe-zlote-6cm-zestaw-6szt","status":"publish","type":"product","link":"https:\/\/bobimarket.pl\/index.php\/produkt\/bombki-choinkowe-na-choinke-duze-6cm-bombki-choinkowe-zlote-6cm-zestaw-6szt\/","title":{"rendered":"BOMBKI CHOINKOWE NA CHOINK\u0118 DU\u017bE 6cm\/Bombki choinkowe z\u0142ote 6cm ZESTAW 6szt"},"content":{"rendered":"<section class=\"section\">\n<div class=\"item item-12\">\n<section class=\"text-item\">\n<h2>BOMBKI CHOINKOWE NA CHOINK\u0118 DU\u017bE 6cm ZESTAW 6szt<\/h2>\n<p><b>Informacje og\u00f3lne:\u00a0<\/b><\/p>\n<ul>\n<li>\u015arednica bombki: <b>6 cm<\/b><\/li>\n<li>Ilo\u015b\u0107 bombek:<b> 6 sztuk<\/b><\/li>\n<li>Kolor:<b> z\u0142oty\u00a0 <\/b><\/li>\n<\/ul>\n<p><b>GRATIS! <\/b>Sznurek do zawieszania!<\/p>\n<p>\u27a1\ufe0f Znajdziesz u nas bombki o rozmaitych wzorach i kszta\u0142tach. Koniecznie sprawd\u017a ca\u0142\u0105 kolekcj\u0119 \u015bwi\u0105teczn\u0105!<\/p>\n<\/section><\/div>\n<\/section>\n<section class=\"section\">\n<div class=\"item item-12\">\n<section class=\"image-item\">\n            <img decoding=\"async\" src=\"https:\/\/upload.cdn.baselinker.com\/products\/14476\/e359f64a5bfac82661e2c3bb1acc5449.jpg\"><br \/>\n        <\/section>\n<\/p><\/div>\n<\/section>\n<section class=\"section\">\n<div class=\"item item-12\">\n<section class=\"text-item\">\n<h2>\u2b50\ufe0f\u00a0Wyczaruj magiczny klimat w domu!<\/h2>\n<p>\u015awi\u0119ta to wyj\u0105tkowy czas. W budowaniu \u015bwi\u0105tecznej atmosfery pomagaj\u0105 nam klimatyczne dekoracje. <b>Bombki choinkowe<\/b> to nieod\u0142\u0105czny element \u015bwi\u0105t! Ju\u017c sam rzut oka na t\u0105 kolorow\u0105 bombk\u0119 sprawi, \u017ce chcia\u0142by\u015b j\u0105 mie\u0107 na swojej choince!<\/p>\n<ul>\n<li>Bombki s\u0105 <b>wyj\u0105tkowe i niepowtarzalne<\/b> &#8211; dok\u0142adnie takie, jak ka\u017cde \u015awi\u0119ta.<\/li>\n<li>Bombki <b>w pi\u0119knym z\u0142otym kolorze z ciekaw\u0105 struktur\u0105<\/b> podkre\u015blaj\u0105 pi\u0119kno choinki lub innych \u015bwi\u0105tecznych dekoracji.\u00a0<\/li>\n<li>Te pi\u0119kne bombki <b>\u015bwietnie sprawdz\u0105 si\u0119 w po\u0142\u0105czeniu z migocz\u0105cymi \u015bwiate\u0142kami<\/b>, kolorowymi \u0142a\u0144cuchami lub sztucznym \u015bniegiem.<\/li>\n<\/ul>\n<\/section><\/div>\n<\/section>\n<section class=\"section\">\n<div class=\"item item-12\">\n<section class=\"image-item\">\n            <img decoding=\"async\" src=\"https:\/\/upload.cdn.baselinker.com\/products\/14476\/15ea6a77a1c33c963d8a4876f4d74db6.jpg\"><br \/>\n        <\/section>\n<\/p><\/div>\n<\/section>\n<section class=\"section\">\n<div class=\"item item-12\">\n<section class=\"text-item\">\n<h2>\u2b50\ufe0f Niet\u0142uk\u0105ce si\u0119 i bezpieczne<\/h2>\n<p>Te niet\u0142uk\u0105ce si\u0119 bombki do z\u0142udzenia przypominaj\u0105 te szklane, ale s\u0105 <b>bardziej trwa\u0142e i bezpieczniejsze<\/b>. Nie b\u0119dziesz musia\u0142 si\u0119 martwi\u0107, \u017ce bombka si\u0119 st\u0142ucze. Zachowasz spok\u00f3j, gdy mali pomocnicy b\u0119d\u0105 je zawiesza\u0107 na drzewku lub gdy Tw\u00f3j zwierzak zbli\u017cy si\u0119 do choinki!<\/p>\n<h2>\u2b50\ufe0f Praktyczne i gotowe do zawieszenia<\/h2>\n<p>Zestaw zawiera <b>6 bombek o \u015brednicy 6 cm.<\/b> Do kompletu do\u0142\u0105czono r\u00f3wnie\u017c specjalne sznureczki, kt\u00f3re umo\u017cliwi\u0105 zawieszenie ozd\u00f3b na choince!<\/p>\n<h2>\u2b50\ufe0f Idealna \u015bwi\u0105teczna ozdoba<\/h2>\n<p>Z\u0142ote bombki maj\u0105 ciekaw\u0105 struktur\u0119, kt\u00f3ra wyr\u00f3\u017cnia je w\u015br\u00f3d innych ozd\u00f3b. B\u0142yszcz\u0105ce wyko\u0144czenie sprawia, \u017ce bombki pi\u0119knie odbijaj\u0105 \u015bwiat\u0142a lampek choinkowych.<\/p>\n<\/section><\/div>\n<\/section>\n<section class=\"section\">\n<div class=\"item item-12\">\n<section class=\"image-item\">\n            <img decoding=\"async\" src=\"https:\/\/upload.cdn.baselinker.com\/products\/14476\/3f84e6d6e4d01fca83a04a15fee75202.jpg\"><br \/>\n        <\/section>\n<\/p><\/div>\n<\/section>\n<section class=\"section\">\n<div class=\"item item-12\">\n<section class=\"text-item\">\n<h2>\u2b50\ufe0f Nie tylko na \u015bwi\u0105teczne drzewko!<\/h2>\n<p>Klasycznie bombki umieszczane s\u0105 na choince, ale to nie jedyny spos\u00f3b w jaki mo\u017cesz je wykorzysta\u0107. Zestaw jest zapakowany w prze\u017aroczyste opakowanie &#8211;<b> \u015bwietnie sprawdz\u0105 si\u0119 jako prezent!<\/b><\/p>\n<p>Uniwersalny rozmiar sprawia, \u017ce nadaj\u0119 si\u0119 <b>jako element dekoracji \u015bwi\u0105tecznej.<\/b><\/p>\n<ul>\n<li>Wykorzystaj je podczas tworzenia \u015bwi\u0105tecznych stroik\u00f3w.<\/li>\n<li>\u015awietnie nadaj\u0105 si\u0119 r\u00f3wnie\u017c do wie\u0144ca na drzwi czy do wie\u0144ca adwentowego.<\/li>\n<li>Sprawdz\u0105 si\u0119 do dekoracji wigilijnego sto\u0142u ( mog\u0105 by\u0107 swobodnie rozproszone po\u015br\u00f3d talerzy).<\/li>\n<\/ul>\n<\/section><\/div>\n<\/section>\n<section class=\"section\">\n<div class=\"item item-12\">\n<section class=\"image-item\">\n            <img decoding=\"async\" src=\"https:\/\/upload.cdn.baselinker.com\/products\/14476\/15ea6a77a1c33c963d8a4876f4d74db6.jpg\"><br \/>\n        <\/section>\n<\/p><\/div>\n<\/section>\n<section class=\"section\">\n<div class=\"item item-12\">\n<section class=\"text-item\">\n<h1>Nie czekaj i ju\u017c dzi\u015b zadbaj o \u015bwi\u0105teczn\u0105 atmosfer\u0119!<\/h1>\n<p>Pami\u0119taj, \u017ce bombki mo\u017cesz dowolnie \u0142\u0105czy\u0107. W naszej ofercie znajdziesz r\u00f3\u017cne wzory ozd\u00f3b na \u015bwi\u0105teczne drzewko! Baw si\u0119 i \u0142\u0105cz je wed\u0142ug siebie i stw\u00f3rz wyj\u0105tkow\u0105 choink\u0119 swoich marze\u0144!<\/p>\n<\/section><\/div>\n<\/section>\n<section class=\"section\">\n<div class=\"item item-12\">\n<section class=\"image-item\">\n            <img decoding=\"async\" src=\"https:\/\/upload.cdn.baselinker.com\/products\/14476\/3505931ccf3b80d9b93236b9342e5ec9.jpg\"><br \/>\n        <\/section>\n<\/p><\/div>\n<\/section>\n","protected":false},"excerpt":{"rendered":"<p>BOMBKI CHOINKOWE NA CHOINK\u0118 DU\u017bE 6cm ZESTAW 6szt Informacje og\u00f3lne:\u00a0 \u015arednica bombki: 6 cm Ilo\u015b\u0107 bombek: 6 sztuk Kolor: z\u0142oty\u00a0 GRATIS! Sznurek do zawieszania! \u27a1\ufe0f Znajdziesz u nas bombki o rozmaitych wzorach i kszta\u0142tach. Koniecznie sprawd\u017a ca\u0142\u0105 kolekcj\u0119 \u015bwi\u0105teczn\u0105! \u2b50\ufe0f\u00a0Wyczaruj magiczny klimat w domu! \u015awi\u0119ta to wyj\u0105tkowy czas. W budowaniu \u015bwi\u0105tecznej atmosfery pomagaj\u0105 nam klimatyczne<br \/><a class=\"more-link\" href=\"https:\/\/bobimarket.pl\/index.php\/produkt\/bombki-choinkowe-na-choinke-duze-6cm-bombki-choinkowe-zlote-6cm-zestaw-6szt\/\"><br \/>\n        Czytaj wi\u0119cej<span class=\"screen-reader-text\"> &#8222;BOMBKI CHOINKOWE NA CHOINK\u0118 DU\u017bE 6cm\/Bombki choinkowe z\u0142ote 6cm ZESTAW 6szt&#8221;<\/span><\/a><\/p>\n","protected":false},"featured_media":98375,"template":"","meta":[],"product_cat":[8395],"product_tag":[],"yoast_head":"<!-- This site is optimized with the Yoast SEO plugin v21.0 - https:\/\/yoast.com\/wordpress\/plugins\/seo\/ -->\n<title>BOMBKI CHOINKOWE NA CHOINK\u0118 DU\u017bE 6cm\/Bombki choinkowe z\u0142ote 6cm ZESTAW 6szt - BOBIMARKET.pl - Remontuj i urz\u0105dzaj z nami<\/title>\n<meta name=\"robots\" content=\"index, follow, max-snippet:-1, max-image-preview:large, max-video-preview:-1\" \/>\n<link rel=\"canonical\" href=\"https:\/\/bobimarket.pl\/index.php\/produkt\/bombki-choinkowe-na-choinke-duze-6cm-bombki-choinkowe-zlote-6cm-zestaw-6szt\/\" \/>\n<meta property=\"og:locale\" content=\"pl_PL\" \/>\n<meta property=\"og:type\" content=\"article\" \/>\n<meta property=\"og:title\" content=\"BOMBKI CHOINKOWE NA CHOINK\u0118 DU\u017bE 6cm\/Bombki choinkowe z\u0142ote 6cm ZESTAW 6szt - BOBIMARKET.pl - Remontuj i urz\u0105dzaj z nami\" \/>\n<meta property=\"og:description\" content=\"BOMBKI CHOINKOWE NA CHOINK\u0118 DU\u017bE 6cm ZESTAW 6szt Informacje og\u00f3lne:\u00a0 \u015arednica bombki: 6 cm Ilo\u015b\u0107 bombek: 6 sztuk Kolor: z\u0142oty\u00a0 GRATIS! Sznurek do zawieszania! \u27a1\ufe0f Znajdziesz u nas bombki o rozmaitych wzorach i kszta\u0142tach. Koniecznie sprawd\u017a ca\u0142\u0105 kolekcj\u0119 \u015bwi\u0105teczn\u0105! \u2b50\ufe0f\u00a0Wyczaruj magiczny klimat w domu! \u015awi\u0119ta to wyj\u0105tkowy czas. W budowaniu \u015bwi\u0105tecznej atmosfery pomagaj\u0105 nam klimatyczne     Czytaj wi\u0119cej &quot;BOMBKI CHOINKOWE NA CHOINK\u0118 DU\u017bE 6cm\/Bombki choinkowe z\u0142ote 6cm ZESTAW 6szt&quot;\" \/>\n<meta property=\"og:url\" content=\"https:\/\/bobimarket.pl\/index.php\/produkt\/bombki-choinkowe-na-choinke-duze-6cm-bombki-choinkowe-zlote-6cm-zestaw-6szt\/\" \/>\n<meta property=\"og:site_name\" content=\"BOBIMARKET.pl - Remontuj i urz\u0105dzaj z nami\" \/>\n<meta property=\"article:modified_time\" content=\"2025-12-15T01:28:25+00:00\" \/>\n<meta property=\"og:image\" content=\"https:\/\/upload.cdn.baselinker.com\/products\/14476\/e359f64a5bfac82661e2c3bb1acc5449.jpg\" \/>\n<meta name=\"twitter:card\" content=\"summary_large_image\" \/>\n<meta name=\"twitter:label1\" content=\"Szacowany czas czytania\" \/>\n\t<meta name=\"twitter:data1\" content=\"2 minuty\" \/>\n<script type=\"application\/ld+json\" class=\"yoast-schema-graph\">{\"@context\":\"https:\/\/schema.org\",\"@graph\":[{\"@type\":\"WebPage\",\"@id\":\"https:\/\/bobimarket.pl\/index.php\/produkt\/bombki-choinkowe-na-choinke-duze-6cm-bombki-choinkowe-zlote-6cm-zestaw-6szt\/\",\"url\":\"https:\/\/bobimarket.pl\/index.php\/produkt\/bombki-choinkowe-na-choinke-duze-6cm-bombki-choinkowe-zlote-6cm-zestaw-6szt\/\",\"name\":\"BOMBKI CHOINKOWE NA CHOINK\u0118 DU\u017bE 6cm\/Bombki choinkowe z\u0142ote 6cm ZESTAW 6szt - BOBIMARKET.pl - Remontuj i urz\u0105dzaj z nami\",\"isPartOf\":{\"@id\":\"https:\/\/bobimarket.pl\/#website\"},\"datePublished\":\"2023-08-31T10:03:36+00:00\",\"dateModified\":\"2025-12-15T01:28:25+00:00\",\"breadcrumb\":{\"@id\":\"https:\/\/bobimarket.pl\/index.php\/produkt\/bombki-choinkowe-na-choinke-duze-6cm-bombki-choinkowe-zlote-6cm-zestaw-6szt\/#breadcrumb\"},\"inLanguage\":\"pl-PL\",\"potentialAction\":[{\"@type\":\"ReadAction\",\"target\":[\"https:\/\/bobimarket.pl\/index.php\/produkt\/bombki-choinkowe-na-choinke-duze-6cm-bombki-choinkowe-zlote-6cm-zestaw-6szt\/\"]}]},{\"@type\":\"BreadcrumbList\",\"@id\":\"https:\/\/bobimarket.pl\/index.php\/produkt\/bombki-choinkowe-na-choinke-duze-6cm-bombki-choinkowe-zlote-6cm-zestaw-6szt\/#breadcrumb\",\"itemListElement\":[{\"@type\":\"ListItem\",\"position\":1,\"name\":\"Strona g\u0142\u00f3wna\",\"item\":\"https:\/\/bobimarket.pl\/\"},{\"@type\":\"ListItem\",\"position\":2,\"name\":\"Sklep\",\"item\":\"https:\/\/bobimarket.pl\/index.php\/shop\/\"},{\"@type\":\"ListItem\",\"position\":3,\"name\":\"BOMBKI CHOINKOWE NA CHOINK\u0118 DU\u017bE 6cm\/Bombki choinkowe z\u0142ote 6cm ZESTAW 6szt\"}]},{\"@type\":\"WebSite\",\"@id\":\"https:\/\/bobimarket.pl\/#website\",\"url\":\"https:\/\/bobimarket.pl\/\",\"name\":\"BOBIMARKET.pl - Remontuj i urz\u0105dzaj z nami\",\"description\":\"Remontuj i urz\u0105dzaj z nami\",\"publisher\":{\"@id\":\"https:\/\/bobimarket.pl\/#organization\"},\"potentialAction\":[{\"@type\":\"SearchAction\",\"target\":{\"@type\":\"EntryPoint\",\"urlTemplate\":\"https:\/\/bobimarket.pl\/?s={search_term_string}\"},\"query-input\":\"required name=search_term_string\"}],\"inLanguage\":\"pl-PL\"},{\"@type\":\"Organization\",\"@id\":\"https:\/\/bobimarket.pl\/#organization\",\"name\":\"BOBIMARKET.pl\",\"url\":\"https:\/\/bobimarket.pl\/\",\"logo\":{\"@type\":\"ImageObject\",\"inLanguage\":\"pl-PL\",\"@id\":\"https:\/\/bobimarket.pl\/#\/schema\/logo\/image\/\",\"url\":\"https:\/\/bobimarket.pl\/wp-content\/uploads\/2021\/11\/slogan.png\",\"contentUrl\":\"https:\/\/bobimarket.pl\/wp-content\/uploads\/2021\/11\/slogan.png\",\"width\":2000,\"height\":384,\"caption\":\"BOBIMARKET.pl\"},\"image\":{\"@id\":\"https:\/\/bobimarket.pl\/#\/schema\/logo\/image\/\"}}]}<\/script>\n<!-- \/ Yoast SEO plugin. -->","yoast_head_json":{"title":"BOMBKI CHOINKOWE NA CHOINK\u0118 DU\u017bE 6cm\/Bombki choinkowe z\u0142ote 6cm ZESTAW 6szt - BOBIMARKET.pl - Remontuj i urz\u0105dzaj z nami","robots":{"index":"index","follow":"follow","max-snippet":"max-snippet:-1","max-image-preview":"max-image-preview:large","max-video-preview":"max-video-preview:-1"},"canonical":"https:\/\/bobimarket.pl\/index.php\/produkt\/bombki-choinkowe-na-choinke-duze-6cm-bombki-choinkowe-zlote-6cm-zestaw-6szt\/","og_locale":"pl_PL","og_type":"article","og_title":"BOMBKI CHOINKOWE NA CHOINK\u0118 DU\u017bE 6cm\/Bombki choinkowe z\u0142ote 6cm ZESTAW 6szt - BOBIMARKET.pl - Remontuj i urz\u0105dzaj z nami","og_description":"BOMBKI CHOINKOWE NA CHOINK\u0118 DU\u017bE 6cm ZESTAW 6szt Informacje og\u00f3lne:\u00a0 \u015arednica bombki: 6 cm Ilo\u015b\u0107 bombek: 6 sztuk Kolor: z\u0142oty\u00a0 GRATIS! Sznurek do zawieszania! \u27a1\ufe0f Znajdziesz u nas bombki o rozmaitych wzorach i kszta\u0142tach. Koniecznie sprawd\u017a ca\u0142\u0105 kolekcj\u0119 \u015bwi\u0105teczn\u0105! \u2b50\ufe0f\u00a0Wyczaruj magiczny klimat w domu! \u015awi\u0119ta to wyj\u0105tkowy czas. W budowaniu \u015bwi\u0105tecznej atmosfery pomagaj\u0105 nam klimatyczne     Czytaj wi\u0119cej \"BOMBKI CHOINKOWE NA CHOINK\u0118 DU\u017bE 6cm\/Bombki choinkowe z\u0142ote 6cm ZESTAW 6szt\"","og_url":"https:\/\/bobimarket.pl\/index.php\/produkt\/bombki-choinkowe-na-choinke-duze-6cm-bombki-choinkowe-zlote-6cm-zestaw-6szt\/","og_site_name":"BOBIMARKET.pl - Remontuj i urz\u0105dzaj z nami","article_modified_time":"2025-12-15T01:28:25+00:00","og_image":[{"url":"https:\/\/upload.cdn.baselinker.com\/products\/14476\/e359f64a5bfac82661e2c3bb1acc5449.jpg"}],"twitter_card":"summary_large_image","twitter_misc":{"Szacowany czas czytania":"2 minuty"},"schema":{"@context":"https:\/\/schema.org","@graph":[{"@type":"WebPage","@id":"https:\/\/bobimarket.pl\/index.php\/produkt\/bombki-choinkowe-na-choinke-duze-6cm-bombki-choinkowe-zlote-6cm-zestaw-6szt\/","url":"https:\/\/bobimarket.pl\/index.php\/produkt\/bombki-choinkowe-na-choinke-duze-6cm-bombki-choinkowe-zlote-6cm-zestaw-6szt\/","name":"BOMBKI CHOINKOWE NA CHOINK\u0118 DU\u017bE 6cm\/Bombki choinkowe z\u0142ote 6cm ZESTAW 6szt - BOBIMARKET.pl - Remontuj i urz\u0105dzaj z nami","isPartOf":{"@id":"https:\/\/bobimarket.pl\/#website"},"datePublished":"2023-08-31T10:03:36+00:00","dateModified":"2025-12-15T01:28:25+00:00","breadcrumb":{"@id":"https:\/\/bobimarket.pl\/index.php\/produkt\/bombki-choinkowe-na-choinke-duze-6cm-bombki-choinkowe-zlote-6cm-zestaw-6szt\/#breadcrumb"},"inLanguage":"pl-PL","potentialAction":[{"@type":"ReadAction","target":["https:\/\/bobimarket.pl\/index.php\/produkt\/bombki-choinkowe-na-choinke-duze-6cm-bombki-choinkowe-zlote-6cm-zestaw-6szt\/"]}]},{"@type":"BreadcrumbList","@id":"https:\/\/bobimarket.pl\/index.php\/produkt\/bombki-choinkowe-na-choinke-duze-6cm-bombki-choinkowe-zlote-6cm-zestaw-6szt\/#breadcrumb","itemListElement":[{"@type":"ListItem","position":1,"name":"Strona g\u0142\u00f3wna","item":"https:\/\/bobimarket.pl\/"},{"@type":"ListItem","position":2,"name":"Sklep","item":"https:\/\/bobimarket.pl\/index.php\/shop\/"},{"@type":"ListItem","position":3,"name":"BOMBKI CHOINKOWE NA CHOINK\u0118 DU\u017bE 6cm\/Bombki choinkowe z\u0142ote 6cm ZESTAW 6szt"}]},{"@type":"WebSite","@id":"https:\/\/bobimarket.pl\/#website","url":"https:\/\/bobimarket.pl\/","name":"BOBIMARKET.pl - Remontuj i urz\u0105dzaj z nami","description":"Remontuj i urz\u0105dzaj z nami","publisher":{"@id":"https:\/\/bobimarket.pl\/#organization"},"potentialAction":[{"@type":"SearchAction","target":{"@type":"EntryPoint","urlTemplate":"https:\/\/bobimarket.pl\/?s={search_term_string}"},"query-input":"required name=search_term_string"}],"inLanguage":"pl-PL"},{"@type":"Organization","@id":"https:\/\/bobimarket.pl\/#organization","name":"BOBIMARKET.pl","url":"https:\/\/bobimarket.pl\/","logo":{"@type":"ImageObject","inLanguage":"pl-PL","@id":"https:\/\/bobimarket.pl\/#\/schema\/logo\/image\/","url":"https:\/\/bobimarket.pl\/wp-content\/uploads\/2021\/11\/slogan.png","contentUrl":"https:\/\/bobimarket.pl\/wp-content\/uploads\/2021\/11\/slogan.png","width":2000,"height":384,"caption":"BOBIMARKET.pl"},"image":{"@id":"https:\/\/bobimarket.pl\/#\/schema\/logo\/image\/"}}]}},"_links":{"self":[{"href":"https:\/\/bobimarket.pl\/index.php\/wp-json\/wp\/v2\/product\/98382"}],"collection":[{"href":"https:\/\/bobimarket.pl\/index.php\/wp-json\/wp\/v2\/product"}],"about":[{"href":"https:\/\/bobimarket.pl\/index.php\/wp-json\/wp\/v2\/types\/product"}],"wp:featuredmedia":[{"embeddable":true,"href":"https:\/\/bobimarket.pl\/index.php\/wp-json\/wp\/v2\/media\/98375"}],"wp:attachment":[{"href":"https:\/\/bobimarket.pl\/index.php\/wp-json\/wp\/v2\/media?parent=98382"}],"wp:term":[{"taxonomy":"product_cat","embeddable":true,"href":"https:\/\/bobimarket.pl\/index.php\/wp-json\/wp\/v2\/product_cat?post=98382"},{"taxonomy":"product_tag","embeddable":true,"href":"https:\/\/bobimarket.pl\/index.php\/wp-json\/wp\/v2\/product_tag?post=98382"}],"curies":[{"name":"wp","href":"https:\/\/api.w.org\/{rel}","templated":true}]}}