{"id":98388,"date":"2023-08-31T10:04:02","date_gmt":"2023-08-31T10:04:02","guid":{"rendered":"https:\/\/bobimarket.pl\/index.php\/produkt\/szyszki-na-choinke-naturalne-bombki-zestaw-6-szt\/"},"modified":"2025-02-27T16:44:51","modified_gmt":"2025-02-27T16:44:51","slug":"szyszki-na-choinke-naturalne-bombki-zestaw-6-szt","status":"publish","type":"product","link":"https:\/\/bobimarket.pl\/index.php\/produkt\/szyszki-na-choinke-naturalne-bombki-zestaw-6-szt\/","title":{"rendered":"SZYSZKI NA CHOINK\u0118 NATURALNE BOMBKI ZESTAW 6 szt"},"content":{"rendered":"<section class=\"section\">\n<div class=\"item item-12\">\n<section class=\"text-item\">\n<h2>SZYSZKI NA CHOINK\u0118 NATURALNE BOMBKI ZESTAW 6 szt<\/h2>\n<p><b>Informacje og\u00f3lne:\u00a0<\/b><\/p>\n<ul>\n<li>Ilo\u015b\u0107 szyszek:<b> 6 sztuk<\/b><\/li>\n<li>Monta\u017c: <b>drewniany mini spinacz<\/b><\/li>\n<\/ul>\n<\/section><\/div>\n<\/section>\n<section class=\"section\">\n<div class=\"item item-12\">\n<section class=\"text-item\">\n<h2>Idealne dope\u0142nienie \u015bwi\u0105tecznych dekoracji!\u00a0<\/h2>\n<p>Zestaw szyszek, kt\u00f3re \u015bwietnie sprawdz\u0105 si\u0119 <b>do stworzenia przepi\u0119knych dekoracji.<\/b>\u00a0W ten \u015bwi\u0105teczny czas zadbaj o wyj\u0105tkow\u0105 atmosfer\u0119 i wyczaruj troch\u0119 magii w swoim domu! Zestaw zawiera <b>6 sztuk szyszek w r\u00f3\u017cnych rozmiarach.<\/b> Do szyszek zosta\u0142 przymocowany drewniany spinacz, kt\u00f3ry u\u0142atwia ich monta\u017c do r\u00f3\u017cnego rodzaju dekoracji.<\/p>\n<ul>\n<li>Szyszki maj\u0105 <b>uniwersalne zastosowanie<\/b>. Mo\u017cesz je wykorzysta\u0107 na wiele sposob\u00f3w.\u00a0<\/li>\n<li>Kiedy \u015bwi\u0105teczny czas dobiegnie ko\u0144ca mo\u017cesz je wykorzysta\u0107 do stworzenia innych <b>dekoracji w Twoim domu!<\/b>\u00a0<\/li>\n<li>Szyszki to naturalny element, kt\u00f3ry pomo\u017ce wykreowa\u0107 wyj\u0105tkow\u0105 atmosfer\u0119, na kt\u00f3r\u0105 czekamy ca\u0142y rok!<\/li>\n<\/ul>\n<\/section><\/div>\n<\/section>\n<section class=\"section\">\n<div class=\"item item-12\">\n<section class=\"image-item\">\n            <img decoding=\"async\" src=\"https:\/\/upload.cdn.baselinker.com\/products\/14476\/e154a1c959ebd2dd370dcd3169f1b271.jpg\" \/><br \/>\n        <\/section>\n<\/p><\/div>\n<\/section>\n<section class=\"section\">\n<div class=\"item item-12\">\n<section class=\"text-item\">\n<h2>\u2b50\ufe0f Dla ka\u017cdego mi\u0142o\u015bnika \u015bwi\u0105tecznych klimat\u00f3w!<\/h2>\n<p>Szyszka to niew\u0105tpliwie niewielki element, kt\u00f3ry mo\u017ce nada\u0107 wyj\u0105tkowego charakteru ka\u017cdej dekoracji. Jest to naturalna dekoracja, kt\u00f3r\u0105 mo\u017cna wykorzysta\u0107 na wiele sposob\u00f3w. Razem z innymi dekoracjami b\u0119dzie tworzy\u0142a sp\u00f3jn\u0105 kompozycj\u0119. Pi\u0119knie si\u0119 prezentuje i stanowi dope\u0142nienie \u015bwi\u0105tecznych dekoracji.<\/p>\n<ul>\n<li>Mo\u017cesz <b>zawiesi\u0107 j\u0105 na \u015bwi\u0105tecznym drzewku.<\/b>\u00a0<\/li>\n<li>Wykorzystaj je podczas tworzenia<b> \u015bwi\u0105tecznych stroik\u00f3w.<\/b><\/li>\n<li>\u015awietnie nadaj\u0105 si\u0119 r\u00f3wnie\u017c <b>do wie\u0144ca<\/b> na drzwi czy do wie\u0144ca adwentowych.<\/li>\n<li>Sprawdz\u0105 si\u0119 <b>do dekoracji wigilijnego sto\u0142u<\/b> ( mog\u0105 by\u0107 swobodnie rozproszone po\u015br\u00f3d talerzy).<\/li>\n<li>Przydadz\u0105 si\u0119 r\u00f3wnie\u017c<b> do dekoracji \u015bwi\u0105tecznych upomink\u00f3w<\/b>, kt\u00f3re zosta\u0142y przez nas przygotowane dla najbli\u017cszych.\u00a0<\/li>\n<\/ul>\n<\/section><\/div>\n<\/section>\n<section class=\"section\">\n<div class=\"item item-12\">\n<section class=\"image-item\">\n            <img decoding=\"async\" src=\"https:\/\/upload.cdn.baselinker.com\/products\/14476\/cacd3485f4b8ccd357a1ec2f9b5fd5e1.jpg\" \/><br \/>\n        <\/section>\n<\/p><\/div>\n<\/section>\n<section class=\"section\">\n<div class=\"item item-12\">\n<section class=\"text-item\">\n<h2>Nie czekaj i ju\u017c dzisiaj przygotuj si\u0119 na nadchodz\u0105ce \u015awi\u0119ta! Zadbaj o wyj\u0105tkow\u0105 atmosfer\u0119, kt\u00f3r\u0105 zapami\u0119tasz na ca\u0142y rok!\u00a0<\/h2>\n<\/section><\/div>\n<\/section>\n","protected":false},"excerpt":{"rendered":"<p>SZYSZKI NA CHOINK\u0118 NATURALNE BOMBKI ZESTAW 6 szt Informacje og\u00f3lne:\u00a0 Ilo\u015b\u0107 szyszek: 6 sztuk Monta\u017c: drewniany mini spinacz Idealne dope\u0142nienie \u015bwi\u0105tecznych dekoracji!\u00a0 Zestaw szyszek, kt\u00f3re \u015bwietnie sprawdz\u0105 si\u0119 do stworzenia przepi\u0119knych dekoracji.\u00a0W ten \u015bwi\u0105teczny czas zadbaj o wyj\u0105tkow\u0105 atmosfer\u0119 i wyczaruj troch\u0119 magii w swoim domu! Zestaw zawiera 6 sztuk szyszek w r\u00f3\u017cnych rozmiarach. Do<br \/><a class=\"more-link\" href=\"https:\/\/bobimarket.pl\/index.php\/produkt\/szyszki-na-choinke-naturalne-bombki-zestaw-6-szt\/\"><br \/>\n        Czytaj wi\u0119cej<span class=\"screen-reader-text\"> &#8222;SZYSZKI NA CHOINK\u0118 NATURALNE BOMBKI ZESTAW 6 szt&#8221;<\/span><\/a><\/p>\n","protected":false},"featured_media":98383,"template":"","meta":[],"product_cat":[8395],"product_tag":[],"yoast_head":"<!-- This site is optimized with the Yoast SEO plugin v21.0 - https:\/\/yoast.com\/wordpress\/plugins\/seo\/ -->\n<title>SZYSZKI NA CHOINK\u0118 NATURALNE BOMBKI ZESTAW 6 szt - BOBIMARKET.pl - Remontuj i urz\u0105dzaj z nami<\/title>\n<meta name=\"robots\" content=\"index, follow, max-snippet:-1, max-image-preview:large, max-video-preview:-1\" \/>\n<link rel=\"canonical\" href=\"https:\/\/bobimarket.pl\/index.php\/produkt\/szyszki-na-choinke-naturalne-bombki-zestaw-6-szt\/\" \/>\n<meta property=\"og:locale\" content=\"pl_PL\" \/>\n<meta property=\"og:type\" content=\"article\" \/>\n<meta property=\"og:title\" content=\"SZYSZKI NA CHOINK\u0118 NATURALNE BOMBKI ZESTAW 6 szt - BOBIMARKET.pl - Remontuj i urz\u0105dzaj z nami\" \/>\n<meta property=\"og:description\" content=\"SZYSZKI NA CHOINK\u0118 NATURALNE BOMBKI ZESTAW 6 szt Informacje og\u00f3lne:\u00a0 Ilo\u015b\u0107 szyszek: 6 sztuk Monta\u017c: drewniany mini spinacz Idealne dope\u0142nienie \u015bwi\u0105tecznych dekoracji!\u00a0 Zestaw szyszek, kt\u00f3re \u015bwietnie sprawdz\u0105 si\u0119 do stworzenia przepi\u0119knych dekoracji.\u00a0W ten \u015bwi\u0105teczny czas zadbaj o wyj\u0105tkow\u0105 atmosfer\u0119 i wyczaruj troch\u0119 magii w swoim domu! Zestaw zawiera 6 sztuk szyszek w r\u00f3\u017cnych rozmiarach. Do     Czytaj wi\u0119cej &quot;SZYSZKI NA CHOINK\u0118 NATURALNE BOMBKI ZESTAW 6 szt&quot;\" \/>\n<meta property=\"og:url\" content=\"https:\/\/bobimarket.pl\/index.php\/produkt\/szyszki-na-choinke-naturalne-bombki-zestaw-6-szt\/\" \/>\n<meta property=\"og:site_name\" content=\"BOBIMARKET.pl - Remontuj i urz\u0105dzaj z nami\" \/>\n<meta property=\"article:modified_time\" content=\"2025-02-27T16:44:51+00:00\" \/>\n<meta property=\"og:image\" content=\"https:\/\/upload.cdn.baselinker.com\/products\/14476\/e154a1c959ebd2dd370dcd3169f1b271.jpg\" \/>\n<meta name=\"twitter:card\" content=\"summary_large_image\" \/>\n<meta name=\"twitter:label1\" content=\"Szacowany czas czytania\" \/>\n\t<meta name=\"twitter:data1\" content=\"1 minuta\" \/>\n<script type=\"application\/ld+json\" class=\"yoast-schema-graph\">{\"@context\":\"https:\/\/schema.org\",\"@graph\":[{\"@type\":\"WebPage\",\"@id\":\"https:\/\/bobimarket.pl\/index.php\/produkt\/szyszki-na-choinke-naturalne-bombki-zestaw-6-szt\/\",\"url\":\"https:\/\/bobimarket.pl\/index.php\/produkt\/szyszki-na-choinke-naturalne-bombki-zestaw-6-szt\/\",\"name\":\"SZYSZKI NA CHOINK\u0118 NATURALNE BOMBKI ZESTAW 6 szt - BOBIMARKET.pl - Remontuj i urz\u0105dzaj z nami\",\"isPartOf\":{\"@id\":\"https:\/\/bobimarket.pl\/#website\"},\"datePublished\":\"2023-08-31T10:04:02+00:00\",\"dateModified\":\"2025-02-27T16:44:51+00:00\",\"breadcrumb\":{\"@id\":\"https:\/\/bobimarket.pl\/index.php\/produkt\/szyszki-na-choinke-naturalne-bombki-zestaw-6-szt\/#breadcrumb\"},\"inLanguage\":\"pl-PL\",\"potentialAction\":[{\"@type\":\"ReadAction\",\"target\":[\"https:\/\/bobimarket.pl\/index.php\/produkt\/szyszki-na-choinke-naturalne-bombki-zestaw-6-szt\/\"]}]},{\"@type\":\"BreadcrumbList\",\"@id\":\"https:\/\/bobimarket.pl\/index.php\/produkt\/szyszki-na-choinke-naturalne-bombki-zestaw-6-szt\/#breadcrumb\",\"itemListElement\":[{\"@type\":\"ListItem\",\"position\":1,\"name\":\"Strona g\u0142\u00f3wna\",\"item\":\"https:\/\/bobimarket.pl\/\"},{\"@type\":\"ListItem\",\"position\":2,\"name\":\"Sklep\",\"item\":\"https:\/\/bobimarket.pl\/index.php\/shop\/\"},{\"@type\":\"ListItem\",\"position\":3,\"name\":\"SZYSZKI NA CHOINK\u0118 NATURALNE BOMBKI ZESTAW 6 szt\"}]},{\"@type\":\"WebSite\",\"@id\":\"https:\/\/bobimarket.pl\/#website\",\"url\":\"https:\/\/bobimarket.pl\/\",\"name\":\"BOBIMARKET.pl - Remontuj i urz\u0105dzaj z nami\",\"description\":\"Remontuj i urz\u0105dzaj z nami\",\"publisher\":{\"@id\":\"https:\/\/bobimarket.pl\/#organization\"},\"potentialAction\":[{\"@type\":\"SearchAction\",\"target\":{\"@type\":\"EntryPoint\",\"urlTemplate\":\"https:\/\/bobimarket.pl\/?s={search_term_string}\"},\"query-input\":\"required name=search_term_string\"}],\"inLanguage\":\"pl-PL\"},{\"@type\":\"Organization\",\"@id\":\"https:\/\/bobimarket.pl\/#organization\",\"name\":\"BOBIMARKET.pl\",\"url\":\"https:\/\/bobimarket.pl\/\",\"logo\":{\"@type\":\"ImageObject\",\"inLanguage\":\"pl-PL\",\"@id\":\"https:\/\/bobimarket.pl\/#\/schema\/logo\/image\/\",\"url\":\"https:\/\/bobimarket.pl\/wp-content\/uploads\/2021\/11\/slogan.png\",\"contentUrl\":\"https:\/\/bobimarket.pl\/wp-content\/uploads\/2021\/11\/slogan.png\",\"width\":2000,\"height\":384,\"caption\":\"BOBIMARKET.pl\"},\"image\":{\"@id\":\"https:\/\/bobimarket.pl\/#\/schema\/logo\/image\/\"}}]}<\/script>\n<!-- \/ Yoast SEO plugin. -->","yoast_head_json":{"title":"SZYSZKI NA CHOINK\u0118 NATURALNE BOMBKI ZESTAW 6 szt - BOBIMARKET.pl - Remontuj i urz\u0105dzaj z nami","robots":{"index":"index","follow":"follow","max-snippet":"max-snippet:-1","max-image-preview":"max-image-preview:large","max-video-preview":"max-video-preview:-1"},"canonical":"https:\/\/bobimarket.pl\/index.php\/produkt\/szyszki-na-choinke-naturalne-bombki-zestaw-6-szt\/","og_locale":"pl_PL","og_type":"article","og_title":"SZYSZKI NA CHOINK\u0118 NATURALNE BOMBKI ZESTAW 6 szt - BOBIMARKET.pl - Remontuj i urz\u0105dzaj z nami","og_description":"SZYSZKI NA CHOINK\u0118 NATURALNE BOMBKI ZESTAW 6 szt Informacje og\u00f3lne:\u00a0 Ilo\u015b\u0107 szyszek: 6 sztuk Monta\u017c: drewniany mini spinacz Idealne dope\u0142nienie \u015bwi\u0105tecznych dekoracji!\u00a0 Zestaw szyszek, kt\u00f3re \u015bwietnie sprawdz\u0105 si\u0119 do stworzenia przepi\u0119knych dekoracji.\u00a0W ten \u015bwi\u0105teczny czas zadbaj o wyj\u0105tkow\u0105 atmosfer\u0119 i wyczaruj troch\u0119 magii w swoim domu! Zestaw zawiera 6 sztuk szyszek w r\u00f3\u017cnych rozmiarach. Do     Czytaj wi\u0119cej \"SZYSZKI NA CHOINK\u0118 NATURALNE BOMBKI ZESTAW 6 szt\"","og_url":"https:\/\/bobimarket.pl\/index.php\/produkt\/szyszki-na-choinke-naturalne-bombki-zestaw-6-szt\/","og_site_name":"BOBIMARKET.pl - Remontuj i urz\u0105dzaj z nami","article_modified_time":"2025-02-27T16:44:51+00:00","og_image":[{"url":"https:\/\/upload.cdn.baselinker.com\/products\/14476\/e154a1c959ebd2dd370dcd3169f1b271.jpg"}],"twitter_card":"summary_large_image","twitter_misc":{"Szacowany czas czytania":"1 minuta"},"schema":{"@context":"https:\/\/schema.org","@graph":[{"@type":"WebPage","@id":"https:\/\/bobimarket.pl\/index.php\/produkt\/szyszki-na-choinke-naturalne-bombki-zestaw-6-szt\/","url":"https:\/\/bobimarket.pl\/index.php\/produkt\/szyszki-na-choinke-naturalne-bombki-zestaw-6-szt\/","name":"SZYSZKI NA CHOINK\u0118 NATURALNE BOMBKI ZESTAW 6 szt - BOBIMARKET.pl - Remontuj i urz\u0105dzaj z nami","isPartOf":{"@id":"https:\/\/bobimarket.pl\/#website"},"datePublished":"2023-08-31T10:04:02+00:00","dateModified":"2025-02-27T16:44:51+00:00","breadcrumb":{"@id":"https:\/\/bobimarket.pl\/index.php\/produkt\/szyszki-na-choinke-naturalne-bombki-zestaw-6-szt\/#breadcrumb"},"inLanguage":"pl-PL","potentialAction":[{"@type":"ReadAction","target":["https:\/\/bobimarket.pl\/index.php\/produkt\/szyszki-na-choinke-naturalne-bombki-zestaw-6-szt\/"]}]},{"@type":"BreadcrumbList","@id":"https:\/\/bobimarket.pl\/index.php\/produkt\/szyszki-na-choinke-naturalne-bombki-zestaw-6-szt\/#breadcrumb","itemListElement":[{"@type":"ListItem","position":1,"name":"Strona g\u0142\u00f3wna","item":"https:\/\/bobimarket.pl\/"},{"@type":"ListItem","position":2,"name":"Sklep","item":"https:\/\/bobimarket.pl\/index.php\/shop\/"},{"@type":"ListItem","position":3,"name":"SZYSZKI NA CHOINK\u0118 NATURALNE BOMBKI ZESTAW 6 szt"}]},{"@type":"WebSite","@id":"https:\/\/bobimarket.pl\/#website","url":"https:\/\/bobimarket.pl\/","name":"BOBIMARKET.pl - Remontuj i urz\u0105dzaj z nami","description":"Remontuj i urz\u0105dzaj z nami","publisher":{"@id":"https:\/\/bobimarket.pl\/#organization"},"potentialAction":[{"@type":"SearchAction","target":{"@type":"EntryPoint","urlTemplate":"https:\/\/bobimarket.pl\/?s={search_term_string}"},"query-input":"required name=search_term_string"}],"inLanguage":"pl-PL"},{"@type":"Organization","@id":"https:\/\/bobimarket.pl\/#organization","name":"BOBIMARKET.pl","url":"https:\/\/bobimarket.pl\/","logo":{"@type":"ImageObject","inLanguage":"pl-PL","@id":"https:\/\/bobimarket.pl\/#\/schema\/logo\/image\/","url":"https:\/\/bobimarket.pl\/wp-content\/uploads\/2021\/11\/slogan.png","contentUrl":"https:\/\/bobimarket.pl\/wp-content\/uploads\/2021\/11\/slogan.png","width":2000,"height":384,"caption":"BOBIMARKET.pl"},"image":{"@id":"https:\/\/bobimarket.pl\/#\/schema\/logo\/image\/"}}]}},"_links":{"self":[{"href":"https:\/\/bobimarket.pl\/index.php\/wp-json\/wp\/v2\/product\/98388"}],"collection":[{"href":"https:\/\/bobimarket.pl\/index.php\/wp-json\/wp\/v2\/product"}],"about":[{"href":"https:\/\/bobimarket.pl\/index.php\/wp-json\/wp\/v2\/types\/product"}],"wp:featuredmedia":[{"embeddable":true,"href":"https:\/\/bobimarket.pl\/index.php\/wp-json\/wp\/v2\/media\/98383"}],"wp:attachment":[{"href":"https:\/\/bobimarket.pl\/index.php\/wp-json\/wp\/v2\/media?parent=98388"}],"wp:term":[{"taxonomy":"product_cat","embeddable":true,"href":"https:\/\/bobimarket.pl\/index.php\/wp-json\/wp\/v2\/product_cat?post=98388"},{"taxonomy":"product_tag","embeddable":true,"href":"https:\/\/bobimarket.pl\/index.php\/wp-json\/wp\/v2\/product_tag?post=98388"}],"curies":[{"name":"wp","href":"https:\/\/api.w.org\/{rel}","templated":true}]}}