{"id":98394,"date":"2023-08-31T10:04:40","date_gmt":"2023-08-31T10:04:40","guid":{"rendered":"https:\/\/bobimarket.pl\/index.php\/produkt\/skarpety-swiateczne-skarpeta-na-prezent-dziadek-40\/"},"modified":"2025-02-27T16:44:58","modified_gmt":"2025-02-27T16:44:58","slug":"skarpety-swiateczne-skarpeta-na-prezent-dziadek-40","status":"publish","type":"product","link":"https:\/\/bobimarket.pl\/index.php\/produkt\/skarpety-swiateczne-skarpeta-na-prezent-dziadek-40\/","title":{"rendered":"SKARPETY \u015aWI\u0104TECZNE SKARPETA NA PREZENT DZIADEK 40"},"content":{"rendered":"<section class=\"section\">\n<div class=\"item item-12\">\n<section class=\"text-item\">SKARPETY \u015aWI\u0104TECZNE SKARPETA NA PREZENT DZIADEK 40<\/p>\n<p><b>Informacje og\u00f3lne:&nbsp;<\/b><\/p>\n<ul>\n<li>\u015arednica:<b> oko\u0142o 10 cm <\/b><\/li>\n<li>D\u0142ugo\u015b\u0107 ca\u0142kowita:<b> 40 cm <\/b><\/li>\n<li>Wz\u00f3r:<b> dziadek do orzech\u00f3w <\/b><\/li>\n<\/ul>\n<p>Uwaga! To nie jedyna wz\u00f3r \u015bwi\u0105tecznej skarpety w naszej ofercie! Koniecznie sprawd\u017a ca\u0142\u0105 \u015bwi\u0105teczn\u0105 kolekcj\u0119 w naszym sklepie i przygotuj si\u0119 na tegoroczne \u015bwi\u0119ta!&nbsp;<\/p>\n<\/section><\/div>\n<\/section>\n<section class=\"section\">\n<div class=\"item item-12\">\n<section class=\"image-item\">\n            <img decoding=\"async\" src=\"https:\/\/upload.cdn.baselinker.com\/products\/14476\/9d1b88e371631de634096734d41b2377.jpg\"><br \/>\n        <\/section>\n<\/p><\/div>\n<\/section>\n<section class=\"section\">\n<div class=\"item item-12\">\n<section class=\"text-item\">\n<h2>\u2b50\ufe0f&nbsp;Wyczaruj magiczny klimat w domu!<\/h2>\n<p>Urocza skarpeta z zawieszk\u0105 w bo\u017conarodzeniowy wz\u00f3r! Z pomoc\u0105 skarpety z \u0142atwo\u015bci\u0105 wyczarujesz magicznej \u015bwi\u0105tecznej atmosfer\u0119, na kt\u00f3r\u0105 czekasz ca\u0142y rok. Pi\u0119knie si\u0119 prezentuje i stanowi dope\u0142nienie \u015bwi\u0105tecznych dekoracji.&nbsp;<\/p>\n<ul>\n<li>Wielofunkcyjna: jako opakowanie na prezent, jako podarek lub dekoracja \u015bwi\u0105teczna!<\/li>\n<\/ul>\n<ul>\n<li>Gdziekolwiek j\u0105 zawiesisz dodaj\u0105 wybranemu miejscu \u015bwi\u0105tecznego uroku.<\/li>\n<\/ul>\n<ul>\n<li>Wype\u0142nij skarpety smako\u0142ykami, prezentami i wywo\u0142aj u\u015bmiech na twarzy najbli\u017cszych!<\/li>\n<\/ul>\n<\/section><\/div>\n<\/section>\n<section class=\"section\">\n<div class=\"item item-12\">\n<section class=\"image-item\">\n            <img decoding=\"async\" src=\"https:\/\/upload.cdn.baselinker.com\/products\/14476\/e9fe65707a9595962346afb237266517.jpg\"><br \/>\n        <\/section>\n<\/p><\/div>\n<\/section>\n<section class=\"section\">\n<div class=\"item item-12\">\n<section class=\"text-item\">\n<p>\u2b50\ufe0f Skarpeta posiada zawieszk\u0119. Umie\u015b\u0107 j\u0105 wsz\u0119dzie tam, gdzie tylko wyst\u0119puje mo\u017cliwo\u015b\u0107 jej przymocowania.<\/p>\n<p>\u2b50\ufe0fKlasycznie skarpeta kojarzy si\u0119 zawieszona na kominku, ale to nie jej jedyne miejsce. Mo\u017cesz wyeksponowa\u0107 j\u0105 na r\u00f3wnie\u017c na choince, przy \u0142\u00f3\u017cku lub na klamce od drzwi.<\/p>\n<\/section><\/div>\n<\/section>\n<section class=\"section\">\n<div class=\"item item-12\">\n<section class=\"image-item\">\n            <img decoding=\"async\" src=\"https:\/\/upload.cdn.baselinker.com\/products\/14476\/e9fe65707a9595962346afb237266517.jpg\"><br \/>\n        <\/section>\n<\/p><\/div>\n<\/section>\n<section class=\"section\">\n<div class=\"item item-12\">\n<section class=\"text-item\">\n<h2>\u2b50\ufe0f Dla ka\u017cdego mi\u0142o\u015bnika \u015bwi\u0105tecznych klimat\u00f3w!<\/h2>\n<p>Zaskocz swoich najbli\u017cszych i podaruj im prezent w wyj\u0105tkowym opakowaniu. Odstaw na bok wzorzyste torebki i papiery prezentowe. Niech osoba obdarowywane ju\u017c przed otwarciem prezentu poczuje \u015bwi\u0105teczny klimat.<\/p>\n<ul>\n<li>Skarpeta ma 45 cm d\u0142ugo\u015bci. Pomie\u015bcisz w niej mniejsze prezenty tj. perfumy, bi\u017cuteria czy ksi\u0105\u017cka itp.. To w co zapakujesz sw\u00f3j podarek r\u00f3wnie\u017c ma znaczenie.<\/li>\n<li>\u015awietnie nada si\u0119 do zapakowanie prezent\u00f3w dla maluch\u00f3w, kt\u00f3re kochaj\u0105 \u015bwi\u0105teczny czas. Skarpeta pomie\u015bci mniejsza zabawki. Mo\u017cna j\u0105 wypcha\u0107 po brzegi s\u0142odko\u015bciami.<\/li>\n<\/ul>\n<h2>\u2b50\ufe0fPodaruj j\u0105 jako \u015bwi\u0105teczny prezent !<\/h2>\n<p>Pami\u0119taj, \u017ce sama skarpeta r\u00f3wnie\u017c mo\u017ce by\u0107 prezentem, a nie tylko jego cz\u0119\u015bci\u0105. To doskona\u0142a alternatywa dla klasycznych skarpet. \u015awi\u0119ta to magiczny i wyj\u0105tkowy czas, a taka skarpeta przez lata b\u0119dzie przywo\u0142ywa\u0107 wspomnienia minionych \u015bwi\u0105t!<\/p>\n<\/section><\/div>\n<\/section>\n<section class=\"section\">\n<div class=\"item item-12\">\n<section class=\"text-item\">\n<h2>Przygotuj si\u0119 do Bo\u017cego Narodzenia i ju\u017c dzisiaj zam\u00f3w urocz\u0105 skarpet\u0119 w \u015bwi\u0105teczny wz\u00f3r!<\/h2>\n<\/section><\/div>\n<\/section>\n","protected":false},"excerpt":{"rendered":"<p>SKARPETY \u015aWI\u0104TECZNE SKARPETA NA PREZENT DZIADEK 40 Informacje og\u00f3lne:&nbsp; \u015arednica: oko\u0142o 10 cm D\u0142ugo\u015b\u0107 ca\u0142kowita: 40 cm Wz\u00f3r: dziadek do orzech\u00f3w Uwaga! To nie jedyna wz\u00f3r \u015bwi\u0105tecznej skarpety w naszej ofercie! Koniecznie sprawd\u017a ca\u0142\u0105 \u015bwi\u0105teczn\u0105 kolekcj\u0119 w naszym sklepie i przygotuj si\u0119 na tegoroczne \u015bwi\u0119ta!&nbsp; \u2b50\ufe0f&nbsp;Wyczaruj magiczny klimat w domu! Urocza skarpeta z zawieszk\u0105 w<br \/><a class=\"more-link\" href=\"https:\/\/bobimarket.pl\/index.php\/produkt\/skarpety-swiateczne-skarpeta-na-prezent-dziadek-40\/\"><br \/>\n        Czytaj wi\u0119cej<span class=\"screen-reader-text\"> &#8222;SKARPETY \u015aWI\u0104TECZNE SKARPETA NA PREZENT DZIADEK 40&#8221;<\/span><\/a><\/p>\n","protected":false},"featured_media":98392,"template":"","meta":[],"product_cat":[8395],"product_tag":[],"yoast_head":"<!-- This site is optimized with the Yoast SEO plugin v21.0 - https:\/\/yoast.com\/wordpress\/plugins\/seo\/ -->\n<title>SKARPETY \u015aWI\u0104TECZNE SKARPETA NA PREZENT DZIADEK 40 - BOBIMARKET.pl - Remontuj i urz\u0105dzaj z nami<\/title>\n<meta name=\"robots\" content=\"index, follow, max-snippet:-1, max-image-preview:large, max-video-preview:-1\" \/>\n<link rel=\"canonical\" href=\"https:\/\/bobimarket.pl\/index.php\/produkt\/skarpety-swiateczne-skarpeta-na-prezent-dziadek-40\/\" \/>\n<meta property=\"og:locale\" content=\"pl_PL\" \/>\n<meta property=\"og:type\" content=\"article\" \/>\n<meta property=\"og:title\" content=\"SKARPETY \u015aWI\u0104TECZNE SKARPETA NA PREZENT DZIADEK 40 - BOBIMARKET.pl - Remontuj i urz\u0105dzaj z nami\" \/>\n<meta property=\"og:description\" content=\"SKARPETY \u015aWI\u0104TECZNE SKARPETA NA PREZENT DZIADEK 40 Informacje og\u00f3lne:&nbsp; \u015arednica: oko\u0142o 10 cm D\u0142ugo\u015b\u0107 ca\u0142kowita: 40 cm Wz\u00f3r: dziadek do orzech\u00f3w Uwaga! To nie jedyna wz\u00f3r \u015bwi\u0105tecznej skarpety w naszej ofercie! Koniecznie sprawd\u017a ca\u0142\u0105 \u015bwi\u0105teczn\u0105 kolekcj\u0119 w naszym sklepie i przygotuj si\u0119 na tegoroczne \u015bwi\u0119ta!&nbsp; \u2b50\ufe0f&nbsp;Wyczaruj magiczny klimat w domu! Urocza skarpeta z zawieszk\u0105 w     Czytaj wi\u0119cej &quot;SKARPETY \u015aWI\u0104TECZNE SKARPETA NA PREZENT DZIADEK 40&quot;\" \/>\n<meta property=\"og:url\" content=\"https:\/\/bobimarket.pl\/index.php\/produkt\/skarpety-swiateczne-skarpeta-na-prezent-dziadek-40\/\" \/>\n<meta property=\"og:site_name\" content=\"BOBIMARKET.pl - Remontuj i urz\u0105dzaj z nami\" \/>\n<meta property=\"article:modified_time\" content=\"2025-02-27T16:44:58+00:00\" \/>\n<meta property=\"og:image\" content=\"https:\/\/upload.cdn.baselinker.com\/products\/14476\/9d1b88e371631de634096734d41b2377.jpg\" \/>\n<meta name=\"twitter:card\" content=\"summary_large_image\" \/>\n<meta name=\"twitter:label1\" content=\"Szacowany czas czytania\" \/>\n\t<meta name=\"twitter:data1\" content=\"2 minuty\" \/>\n<script type=\"application\/ld+json\" class=\"yoast-schema-graph\">{\"@context\":\"https:\/\/schema.org\",\"@graph\":[{\"@type\":\"WebPage\",\"@id\":\"https:\/\/bobimarket.pl\/index.php\/produkt\/skarpety-swiateczne-skarpeta-na-prezent-dziadek-40\/\",\"url\":\"https:\/\/bobimarket.pl\/index.php\/produkt\/skarpety-swiateczne-skarpeta-na-prezent-dziadek-40\/\",\"name\":\"SKARPETY \u015aWI\u0104TECZNE SKARPETA NA PREZENT DZIADEK 40 - BOBIMARKET.pl - Remontuj i urz\u0105dzaj z nami\",\"isPartOf\":{\"@id\":\"https:\/\/bobimarket.pl\/#website\"},\"datePublished\":\"2023-08-31T10:04:40+00:00\",\"dateModified\":\"2025-02-27T16:44:58+00:00\",\"breadcrumb\":{\"@id\":\"https:\/\/bobimarket.pl\/index.php\/produkt\/skarpety-swiateczne-skarpeta-na-prezent-dziadek-40\/#breadcrumb\"},\"inLanguage\":\"pl-PL\",\"potentialAction\":[{\"@type\":\"ReadAction\",\"target\":[\"https:\/\/bobimarket.pl\/index.php\/produkt\/skarpety-swiateczne-skarpeta-na-prezent-dziadek-40\/\"]}]},{\"@type\":\"BreadcrumbList\",\"@id\":\"https:\/\/bobimarket.pl\/index.php\/produkt\/skarpety-swiateczne-skarpeta-na-prezent-dziadek-40\/#breadcrumb\",\"itemListElement\":[{\"@type\":\"ListItem\",\"position\":1,\"name\":\"Strona g\u0142\u00f3wna\",\"item\":\"https:\/\/bobimarket.pl\/\"},{\"@type\":\"ListItem\",\"position\":2,\"name\":\"Sklep\",\"item\":\"https:\/\/bobimarket.pl\/index.php\/shop\/\"},{\"@type\":\"ListItem\",\"position\":3,\"name\":\"SKARPETY \u015aWI\u0104TECZNE SKARPETA NA PREZENT DZIADEK 40\"}]},{\"@type\":\"WebSite\",\"@id\":\"https:\/\/bobimarket.pl\/#website\",\"url\":\"https:\/\/bobimarket.pl\/\",\"name\":\"BOBIMARKET.pl - Remontuj i urz\u0105dzaj z nami\",\"description\":\"Remontuj i urz\u0105dzaj z nami\",\"publisher\":{\"@id\":\"https:\/\/bobimarket.pl\/#organization\"},\"potentialAction\":[{\"@type\":\"SearchAction\",\"target\":{\"@type\":\"EntryPoint\",\"urlTemplate\":\"https:\/\/bobimarket.pl\/?s={search_term_string}\"},\"query-input\":\"required name=search_term_string\"}],\"inLanguage\":\"pl-PL\"},{\"@type\":\"Organization\",\"@id\":\"https:\/\/bobimarket.pl\/#organization\",\"name\":\"BOBIMARKET.pl\",\"url\":\"https:\/\/bobimarket.pl\/\",\"logo\":{\"@type\":\"ImageObject\",\"inLanguage\":\"pl-PL\",\"@id\":\"https:\/\/bobimarket.pl\/#\/schema\/logo\/image\/\",\"url\":\"https:\/\/bobimarket.pl\/wp-content\/uploads\/2021\/11\/slogan.png\",\"contentUrl\":\"https:\/\/bobimarket.pl\/wp-content\/uploads\/2021\/11\/slogan.png\",\"width\":2000,\"height\":384,\"caption\":\"BOBIMARKET.pl\"},\"image\":{\"@id\":\"https:\/\/bobimarket.pl\/#\/schema\/logo\/image\/\"}}]}<\/script>\n<!-- \/ Yoast SEO plugin. -->","yoast_head_json":{"title":"SKARPETY \u015aWI\u0104TECZNE SKARPETA NA PREZENT DZIADEK 40 - BOBIMARKET.pl - Remontuj i urz\u0105dzaj z nami","robots":{"index":"index","follow":"follow","max-snippet":"max-snippet:-1","max-image-preview":"max-image-preview:large","max-video-preview":"max-video-preview:-1"},"canonical":"https:\/\/bobimarket.pl\/index.php\/produkt\/skarpety-swiateczne-skarpeta-na-prezent-dziadek-40\/","og_locale":"pl_PL","og_type":"article","og_title":"SKARPETY \u015aWI\u0104TECZNE SKARPETA NA PREZENT DZIADEK 40 - BOBIMARKET.pl - Remontuj i urz\u0105dzaj z nami","og_description":"SKARPETY \u015aWI\u0104TECZNE SKARPETA NA PREZENT DZIADEK 40 Informacje og\u00f3lne:&nbsp; \u015arednica: oko\u0142o 10 cm D\u0142ugo\u015b\u0107 ca\u0142kowita: 40 cm Wz\u00f3r: dziadek do orzech\u00f3w Uwaga! To nie jedyna wz\u00f3r \u015bwi\u0105tecznej skarpety w naszej ofercie! Koniecznie sprawd\u017a ca\u0142\u0105 \u015bwi\u0105teczn\u0105 kolekcj\u0119 w naszym sklepie i przygotuj si\u0119 na tegoroczne \u015bwi\u0119ta!&nbsp; \u2b50\ufe0f&nbsp;Wyczaruj magiczny klimat w domu! Urocza skarpeta z zawieszk\u0105 w     Czytaj wi\u0119cej \"SKARPETY \u015aWI\u0104TECZNE SKARPETA NA PREZENT DZIADEK 40\"","og_url":"https:\/\/bobimarket.pl\/index.php\/produkt\/skarpety-swiateczne-skarpeta-na-prezent-dziadek-40\/","og_site_name":"BOBIMARKET.pl - Remontuj i urz\u0105dzaj z nami","article_modified_time":"2025-02-27T16:44:58+00:00","og_image":[{"url":"https:\/\/upload.cdn.baselinker.com\/products\/14476\/9d1b88e371631de634096734d41b2377.jpg"}],"twitter_card":"summary_large_image","twitter_misc":{"Szacowany czas czytania":"2 minuty"},"schema":{"@context":"https:\/\/schema.org","@graph":[{"@type":"WebPage","@id":"https:\/\/bobimarket.pl\/index.php\/produkt\/skarpety-swiateczne-skarpeta-na-prezent-dziadek-40\/","url":"https:\/\/bobimarket.pl\/index.php\/produkt\/skarpety-swiateczne-skarpeta-na-prezent-dziadek-40\/","name":"SKARPETY \u015aWI\u0104TECZNE SKARPETA NA PREZENT DZIADEK 40 - BOBIMARKET.pl - Remontuj i urz\u0105dzaj z nami","isPartOf":{"@id":"https:\/\/bobimarket.pl\/#website"},"datePublished":"2023-08-31T10:04:40+00:00","dateModified":"2025-02-27T16:44:58+00:00","breadcrumb":{"@id":"https:\/\/bobimarket.pl\/index.php\/produkt\/skarpety-swiateczne-skarpeta-na-prezent-dziadek-40\/#breadcrumb"},"inLanguage":"pl-PL","potentialAction":[{"@type":"ReadAction","target":["https:\/\/bobimarket.pl\/index.php\/produkt\/skarpety-swiateczne-skarpeta-na-prezent-dziadek-40\/"]}]},{"@type":"BreadcrumbList","@id":"https:\/\/bobimarket.pl\/index.php\/produkt\/skarpety-swiateczne-skarpeta-na-prezent-dziadek-40\/#breadcrumb","itemListElement":[{"@type":"ListItem","position":1,"name":"Strona g\u0142\u00f3wna","item":"https:\/\/bobimarket.pl\/"},{"@type":"ListItem","position":2,"name":"Sklep","item":"https:\/\/bobimarket.pl\/index.php\/shop\/"},{"@type":"ListItem","position":3,"name":"SKARPETY \u015aWI\u0104TECZNE SKARPETA NA PREZENT DZIADEK 40"}]},{"@type":"WebSite","@id":"https:\/\/bobimarket.pl\/#website","url":"https:\/\/bobimarket.pl\/","name":"BOBIMARKET.pl - Remontuj i urz\u0105dzaj z nami","description":"Remontuj i urz\u0105dzaj z nami","publisher":{"@id":"https:\/\/bobimarket.pl\/#organization"},"potentialAction":[{"@type":"SearchAction","target":{"@type":"EntryPoint","urlTemplate":"https:\/\/bobimarket.pl\/?s={search_term_string}"},"query-input":"required name=search_term_string"}],"inLanguage":"pl-PL"},{"@type":"Organization","@id":"https:\/\/bobimarket.pl\/#organization","name":"BOBIMARKET.pl","url":"https:\/\/bobimarket.pl\/","logo":{"@type":"ImageObject","inLanguage":"pl-PL","@id":"https:\/\/bobimarket.pl\/#\/schema\/logo\/image\/","url":"https:\/\/bobimarket.pl\/wp-content\/uploads\/2021\/11\/slogan.png","contentUrl":"https:\/\/bobimarket.pl\/wp-content\/uploads\/2021\/11\/slogan.png","width":2000,"height":384,"caption":"BOBIMARKET.pl"},"image":{"@id":"https:\/\/bobimarket.pl\/#\/schema\/logo\/image\/"}}]}},"_links":{"self":[{"href":"https:\/\/bobimarket.pl\/index.php\/wp-json\/wp\/v2\/product\/98394"}],"collection":[{"href":"https:\/\/bobimarket.pl\/index.php\/wp-json\/wp\/v2\/product"}],"about":[{"href":"https:\/\/bobimarket.pl\/index.php\/wp-json\/wp\/v2\/types\/product"}],"wp:featuredmedia":[{"embeddable":true,"href":"https:\/\/bobimarket.pl\/index.php\/wp-json\/wp\/v2\/media\/98392"}],"wp:attachment":[{"href":"https:\/\/bobimarket.pl\/index.php\/wp-json\/wp\/v2\/media?parent=98394"}],"wp:term":[{"taxonomy":"product_cat","embeddable":true,"href":"https:\/\/bobimarket.pl\/index.php\/wp-json\/wp\/v2\/product_cat?post=98394"},{"taxonomy":"product_tag","embeddable":true,"href":"https:\/\/bobimarket.pl\/index.php\/wp-json\/wp\/v2\/product_tag?post=98394"}],"curies":[{"name":"wp","href":"https:\/\/api.w.org\/{rel}","templated":true}]}}