{"id":98406,"date":"2023-08-31T10:06:28","date_gmt":"2023-08-31T10:06:28","guid":{"rendered":"https:\/\/bobimarket.pl\/index.php\/produkt\/worek-na-prezenty-swiateczny-pod-choinke-50x70-cm-2\/"},"modified":"2025-02-27T16:55:06","modified_gmt":"2025-02-27T16:55:06","slug":"worek-na-prezenty-swiateczny-pod-choinke-50x70-cm-2","status":"publish","type":"product","link":"https:\/\/bobimarket.pl\/index.php\/produkt\/worek-na-prezenty-swiateczny-pod-choinke-50x70-cm-2\/","title":{"rendered":"WOREK NA PREZENTY \u015aWI\u0104TECZNY POD CHOINK\u0118 50&#215;70 cm"},"content":{"rendered":"<section class=\"section\">\n<div class=\"item item-12\">\n<section class=\"text-item\">\n<h2>WOREK NA PREZENTY \u015aWI\u0104TECZNY POD CHOINK\u0118 DU\u017bY<\/h2>\n<p><b>Informacje og\u00f3lne:\u00a0<\/b><\/p>\n<ul>\n<li>Szeroko\u015b\u0107: <b>50 cm<\/b><\/li>\n<li>D\u0142ugo\u015b\u0107 ca\u0142kowita: <b>70 cm<\/b><\/li>\n<li>D\u0142ugo\u015b\u0107 do wst\u0105\u017cki: <b>54 cm<\/b><\/li>\n<li>Wst\u0105\u017cka do zawi\u0105zaniam z dodakow\u0105 ozdob\u0105<\/li>\n<\/ul>\n<p>Uwaga! To nie jedyna wz\u00f3r \u015bwi\u0105tecznych work\u00f3w prezentowych w naszej ofercie! Koniecznie sprawd\u017a ca\u0142\u0105 \u015bwi\u0105teczn\u0105 kolekcj\u0119 w naszym sklepie i przygotuj si\u0119 na tegoroczne \u015awi\u0119ta!\u00a0<\/p>\n<\/section><\/div>\n<\/section>\n<section class=\"section\">\n<div class=\"item item-12\">\n<section class=\"image-item\">\n            <img decoding=\"async\" src=\"https:\/\/upload.cdn.baselinker.com\/products\/14476\/8a4e538cae3ce4161761f4dbc6b5f475.jpg\" \/><br \/>\n        <\/section>\n<\/p><\/div>\n<\/section>\n<section class=\"section\">\n<div class=\"item item-12\">\n<section class=\"text-item\">\n<h2>\u2b50\ufe0f Zaskocz swoich najbli\u017cszych!<\/h2>\n<p>Zaskocz swoich najbli\u017cszych i podaruj im prezent w wyj\u0105tkowym opakowaniu. Odstaw na bok wzorzyste torebki i papiery prezentowe. Niech osoba obdarowywana ju\u017c przed otwarciem prezentu poczuje \u015bwi\u0105teczny klimat. Worek sam w sobie jest ozdob\u0105.<\/p>\n<ul>\n<li>Mo\u017cesz go wykorzysta\u0107 jako opakowanie na prezent lub cz\u0119\u015b\u0107 dekoracji \u015bwi\u0105tecznej!<\/li>\n<li>Wype\u0142nij worek smako\u0142ykami, prezentami i wywo\u0142aj u\u015bmiech na twarzy najbli\u017cszych!<\/li>\n<li>Worek jest wielokrotnego u\u017cytku! Mo\u017cna go potem wykorzysta\u0107 do przechowywania przedmiot\u00f3w lub jako cz\u0119\u015b\u0107 dekoracji \u015bwi\u0105tecznej. B\u0119dzie si\u0119 pi\u0119knie prezentowa\u0142 pod choink\u0105!<\/li>\n<\/ul>\n<\/section><\/div>\n<\/section>\n<section class=\"section\">\n<div class=\"item item-12\">\n<section class=\"image-item\">\n            <img decoding=\"async\" src=\"https:\/\/upload.cdn.baselinker.com\/products\/14476\/3ab4246971b4988edd40c1cb7d481c4d.jpg\" \/><br \/>\n        <\/section>\n<\/p><\/div>\n<\/section>\n<section class=\"section\">\n<div class=\"item item-12\">\n<section class=\"text-item\">\n<p>\u2b50\ufe0f Takie spos\u00f3b zapakowania prezentu jest niezwykle szybki i prosty, a zarazem efektowny! Pozwala <b>zaoszcz\u0119dzi\u0107 czas<\/b>, kt\u00f3ry mo\u017cesz sp\u0119dzi\u0107 w rodzinnym gronie. A do tego \u015bwietnie si\u0119 prezentuje!<\/p>\n<p>\u2b50\ufe0f Wystarczy, \u017ce <b>wype\u0142nisz worek i zwi\u0105\u017cesz go tasiemk\u0105.<\/b> Nie potrzebujesz \u017cadnych dodatkowych ozd\u00f3b.\u00a0Worek jest wytrzyma\u0142y i odporny na zagniecenia.\u00a0Nie musisz si\u0119 martwi\u0107, \u017ce opakowanie uszkodzi si\u0119 np. podczas podr\u00f3\u017cy.\u00a0<\/p>\n<\/section><\/div>\n<\/section>\n<section class=\"section\">\n<div class=\"item item-12\">\n<section class=\"image-item\">\n            <img decoding=\"async\" src=\"https:\/\/upload.cdn.baselinker.com\/products\/14476\/697c7d26de67d76bb28c338b6e37879a.jpg\" \/><br \/>\n        <\/section>\n<\/p><\/div>\n<\/section>\n<section class=\"section\">\n<div class=\"item item-12\">\n<section class=\"text-item\">\n<h2>\u2b50\ufe0f Dla ka\u017cdego mi\u0142o\u015bnika \u015bwi\u0105tecznych klimat\u00f3w!<\/h2>\n<p>Sposob\u00f3w na zapakowanie prezentu jest wiele, ale wykorzystanie do tego worka prezentowego to jedna z lepszych decyzji! Worek pi\u0119knie si\u0119 prezentuje i stanowi dope\u0142nienie do zakupionego podarku!<\/p>\n<ul>\n<li>Pomie\u015bcisz w niej r\u00f3\u017cnego rodzaju prezenty o wi\u0119kszych gabarytach!<\/li>\n<li>Doskonale nadaje si\u0119 da zapakowanie przedmiot\u00f3w o niestandardowych rozmiarach lub nieregularnym kszta\u0142cie!<\/li>\n<li>\u015awietnie nada si\u0119 do zapakowanie prezent\u00f3w dla maluch\u00f3w, kt\u00f3re kochaj\u0105 \u015bwi\u0105teczny czas. Worek pomie\u015bci r\u00f3\u017cne zabawki itp. Mo\u017cesz go wypcha\u0107 po brzegi s\u0142odko\u015bciami.<\/li>\n<\/ul>\n<\/section><\/div>\n<\/section>\n<section class=\"section\">\n<div class=\"item item-12\">\n<section class=\"text-item\">\n<h2>Przygotuj si\u0119 do Bo\u017cego Narodzenia i ju\u017c dzisiaj zam\u00f3w uroczy worek prezentowy!<\/h2>\n<\/section><\/div>\n<\/section>\n<section class=\"section\">\n<div class=\"item item-12\">\n<section class=\"image-item\">\n            <img decoding=\"async\" src=\"https:\/\/upload.cdn.baselinker.com\/products\/14476\/bfd8bc5880c41ed15ef7436698a41edd.jpg\" \/><br \/>\n        <\/section>\n<\/p><\/div>\n<\/section>\n","protected":false},"excerpt":{"rendered":"<p>WOREK NA PREZENTY \u015aWI\u0104TECZNY POD CHOINK\u0118 DU\u017bY Informacje og\u00f3lne:\u00a0 Szeroko\u015b\u0107: 50 cm D\u0142ugo\u015b\u0107 ca\u0142kowita: 70 cm D\u0142ugo\u015b\u0107 do wst\u0105\u017cki: 54 cm Wst\u0105\u017cka do zawi\u0105zaniam z dodakow\u0105 ozdob\u0105 Uwaga! To nie jedyna wz\u00f3r \u015bwi\u0105tecznych work\u00f3w prezentowych w naszej ofercie! Koniecznie sprawd\u017a ca\u0142\u0105 \u015bwi\u0105teczn\u0105 kolekcj\u0119 w naszym sklepie i przygotuj si\u0119 na tegoroczne \u015awi\u0119ta!\u00a0 \u2b50\ufe0f Zaskocz swoich<br \/><a class=\"more-link\" href=\"https:\/\/bobimarket.pl\/index.php\/produkt\/worek-na-prezenty-swiateczny-pod-choinke-50x70-cm-2\/\"><br \/>\n        Czytaj wi\u0119cej<span class=\"screen-reader-text\"> &#8222;WOREK NA PREZENTY \u015aWI\u0104TECZNY POD CHOINK\u0118 50&#215;70 cm&#8221;<\/span><\/a><\/p>\n","protected":false},"featured_media":98401,"template":"","meta":[],"product_cat":[8395],"product_tag":[],"yoast_head":"<!-- This site is optimized with the Yoast SEO plugin v21.0 - https:\/\/yoast.com\/wordpress\/plugins\/seo\/ -->\n<title>WOREK NA PREZENTY \u015aWI\u0104TECZNY POD CHOINK\u0118 50x70 cm - BOBIMARKET.pl - Remontuj i urz\u0105dzaj z nami<\/title>\n<meta name=\"robots\" content=\"index, follow, max-snippet:-1, max-image-preview:large, max-video-preview:-1\" \/>\n<link rel=\"canonical\" href=\"https:\/\/bobimarket.pl\/index.php\/produkt\/worek-na-prezenty-swiateczny-pod-choinke-50x70-cm-2\/\" \/>\n<meta property=\"og:locale\" content=\"pl_PL\" \/>\n<meta property=\"og:type\" content=\"article\" \/>\n<meta property=\"og:title\" content=\"WOREK NA PREZENTY \u015aWI\u0104TECZNY POD CHOINK\u0118 50x70 cm - BOBIMARKET.pl - Remontuj i urz\u0105dzaj z nami\" \/>\n<meta property=\"og:description\" content=\"WOREK NA PREZENTY \u015aWI\u0104TECZNY POD CHOINK\u0118 DU\u017bY Informacje og\u00f3lne:\u00a0 Szeroko\u015b\u0107: 50 cm D\u0142ugo\u015b\u0107 ca\u0142kowita: 70 cm D\u0142ugo\u015b\u0107 do wst\u0105\u017cki: 54 cm Wst\u0105\u017cka do zawi\u0105zaniam z dodakow\u0105 ozdob\u0105 Uwaga! To nie jedyna wz\u00f3r \u015bwi\u0105tecznych work\u00f3w prezentowych w naszej ofercie! Koniecznie sprawd\u017a ca\u0142\u0105 \u015bwi\u0105teczn\u0105 kolekcj\u0119 w naszym sklepie i przygotuj si\u0119 na tegoroczne \u015awi\u0119ta!\u00a0 \u2b50\ufe0f Zaskocz swoich     Czytaj wi\u0119cej &quot;WOREK NA PREZENTY \u015aWI\u0104TECZNY POD CHOINK\u0118 50&#215;70 cm&quot;\" \/>\n<meta property=\"og:url\" content=\"https:\/\/bobimarket.pl\/index.php\/produkt\/worek-na-prezenty-swiateczny-pod-choinke-50x70-cm-2\/\" \/>\n<meta property=\"og:site_name\" content=\"BOBIMARKET.pl - Remontuj i urz\u0105dzaj z nami\" \/>\n<meta property=\"article:modified_time\" content=\"2025-02-27T16:55:06+00:00\" \/>\n<meta property=\"og:image\" content=\"https:\/\/upload.cdn.baselinker.com\/products\/14476\/8a4e538cae3ce4161761f4dbc6b5f475.jpg\" \/>\n<meta name=\"twitter:card\" content=\"summary_large_image\" \/>\n<meta name=\"twitter:label1\" content=\"Szacowany czas czytania\" \/>\n\t<meta name=\"twitter:data1\" content=\"2 minuty\" \/>\n<script type=\"application\/ld+json\" class=\"yoast-schema-graph\">{\"@context\":\"https:\/\/schema.org\",\"@graph\":[{\"@type\":\"WebPage\",\"@id\":\"https:\/\/bobimarket.pl\/index.php\/produkt\/worek-na-prezenty-swiateczny-pod-choinke-50x70-cm-2\/\",\"url\":\"https:\/\/bobimarket.pl\/index.php\/produkt\/worek-na-prezenty-swiateczny-pod-choinke-50x70-cm-2\/\",\"name\":\"WOREK NA PREZENTY \u015aWI\u0104TECZNY POD CHOINK\u0118 50x70 cm - BOBIMARKET.pl - Remontuj i urz\u0105dzaj z nami\",\"isPartOf\":{\"@id\":\"https:\/\/bobimarket.pl\/#website\"},\"datePublished\":\"2023-08-31T10:06:28+00:00\",\"dateModified\":\"2025-02-27T16:55:06+00:00\",\"breadcrumb\":{\"@id\":\"https:\/\/bobimarket.pl\/index.php\/produkt\/worek-na-prezenty-swiateczny-pod-choinke-50x70-cm-2\/#breadcrumb\"},\"inLanguage\":\"pl-PL\",\"potentialAction\":[{\"@type\":\"ReadAction\",\"target\":[\"https:\/\/bobimarket.pl\/index.php\/produkt\/worek-na-prezenty-swiateczny-pod-choinke-50x70-cm-2\/\"]}]},{\"@type\":\"BreadcrumbList\",\"@id\":\"https:\/\/bobimarket.pl\/index.php\/produkt\/worek-na-prezenty-swiateczny-pod-choinke-50x70-cm-2\/#breadcrumb\",\"itemListElement\":[{\"@type\":\"ListItem\",\"position\":1,\"name\":\"Strona g\u0142\u00f3wna\",\"item\":\"https:\/\/bobimarket.pl\/\"},{\"@type\":\"ListItem\",\"position\":2,\"name\":\"Sklep\",\"item\":\"https:\/\/bobimarket.pl\/index.php\/shop\/\"},{\"@type\":\"ListItem\",\"position\":3,\"name\":\"WOREK NA PREZENTY \u015aWI\u0104TECZNY POD CHOINK\u0118 50&#215;70 cm\"}]},{\"@type\":\"WebSite\",\"@id\":\"https:\/\/bobimarket.pl\/#website\",\"url\":\"https:\/\/bobimarket.pl\/\",\"name\":\"BOBIMARKET.pl - Remontuj i urz\u0105dzaj z nami\",\"description\":\"Remontuj i urz\u0105dzaj z nami\",\"publisher\":{\"@id\":\"https:\/\/bobimarket.pl\/#organization\"},\"potentialAction\":[{\"@type\":\"SearchAction\",\"target\":{\"@type\":\"EntryPoint\",\"urlTemplate\":\"https:\/\/bobimarket.pl\/?s={search_term_string}\"},\"query-input\":\"required name=search_term_string\"}],\"inLanguage\":\"pl-PL\"},{\"@type\":\"Organization\",\"@id\":\"https:\/\/bobimarket.pl\/#organization\",\"name\":\"BOBIMARKET.pl\",\"url\":\"https:\/\/bobimarket.pl\/\",\"logo\":{\"@type\":\"ImageObject\",\"inLanguage\":\"pl-PL\",\"@id\":\"https:\/\/bobimarket.pl\/#\/schema\/logo\/image\/\",\"url\":\"https:\/\/bobimarket.pl\/wp-content\/uploads\/2021\/11\/slogan.png\",\"contentUrl\":\"https:\/\/bobimarket.pl\/wp-content\/uploads\/2021\/11\/slogan.png\",\"width\":2000,\"height\":384,\"caption\":\"BOBIMARKET.pl\"},\"image\":{\"@id\":\"https:\/\/bobimarket.pl\/#\/schema\/logo\/image\/\"}}]}<\/script>\n<!-- \/ Yoast SEO plugin. -->","yoast_head_json":{"title":"WOREK NA PREZENTY \u015aWI\u0104TECZNY POD CHOINK\u0118 50x70 cm - BOBIMARKET.pl - Remontuj i urz\u0105dzaj z nami","robots":{"index":"index","follow":"follow","max-snippet":"max-snippet:-1","max-image-preview":"max-image-preview:large","max-video-preview":"max-video-preview:-1"},"canonical":"https:\/\/bobimarket.pl\/index.php\/produkt\/worek-na-prezenty-swiateczny-pod-choinke-50x70-cm-2\/","og_locale":"pl_PL","og_type":"article","og_title":"WOREK NA PREZENTY \u015aWI\u0104TECZNY POD CHOINK\u0118 50x70 cm - BOBIMARKET.pl - Remontuj i urz\u0105dzaj z nami","og_description":"WOREK NA PREZENTY \u015aWI\u0104TECZNY POD CHOINK\u0118 DU\u017bY Informacje og\u00f3lne:\u00a0 Szeroko\u015b\u0107: 50 cm D\u0142ugo\u015b\u0107 ca\u0142kowita: 70 cm D\u0142ugo\u015b\u0107 do wst\u0105\u017cki: 54 cm Wst\u0105\u017cka do zawi\u0105zaniam z dodakow\u0105 ozdob\u0105 Uwaga! To nie jedyna wz\u00f3r \u015bwi\u0105tecznych work\u00f3w prezentowych w naszej ofercie! Koniecznie sprawd\u017a ca\u0142\u0105 \u015bwi\u0105teczn\u0105 kolekcj\u0119 w naszym sklepie i przygotuj si\u0119 na tegoroczne \u015awi\u0119ta!\u00a0 \u2b50\ufe0f Zaskocz swoich     Czytaj wi\u0119cej \"WOREK NA PREZENTY \u015aWI\u0104TECZNY POD CHOINK\u0118 50&#215;70 cm\"","og_url":"https:\/\/bobimarket.pl\/index.php\/produkt\/worek-na-prezenty-swiateczny-pod-choinke-50x70-cm-2\/","og_site_name":"BOBIMARKET.pl - Remontuj i urz\u0105dzaj z nami","article_modified_time":"2025-02-27T16:55:06+00:00","og_image":[{"url":"https:\/\/upload.cdn.baselinker.com\/products\/14476\/8a4e538cae3ce4161761f4dbc6b5f475.jpg"}],"twitter_card":"summary_large_image","twitter_misc":{"Szacowany czas czytania":"2 minuty"},"schema":{"@context":"https:\/\/schema.org","@graph":[{"@type":"WebPage","@id":"https:\/\/bobimarket.pl\/index.php\/produkt\/worek-na-prezenty-swiateczny-pod-choinke-50x70-cm-2\/","url":"https:\/\/bobimarket.pl\/index.php\/produkt\/worek-na-prezenty-swiateczny-pod-choinke-50x70-cm-2\/","name":"WOREK NA PREZENTY \u015aWI\u0104TECZNY POD CHOINK\u0118 50x70 cm - BOBIMARKET.pl - Remontuj i urz\u0105dzaj z nami","isPartOf":{"@id":"https:\/\/bobimarket.pl\/#website"},"datePublished":"2023-08-31T10:06:28+00:00","dateModified":"2025-02-27T16:55:06+00:00","breadcrumb":{"@id":"https:\/\/bobimarket.pl\/index.php\/produkt\/worek-na-prezenty-swiateczny-pod-choinke-50x70-cm-2\/#breadcrumb"},"inLanguage":"pl-PL","potentialAction":[{"@type":"ReadAction","target":["https:\/\/bobimarket.pl\/index.php\/produkt\/worek-na-prezenty-swiateczny-pod-choinke-50x70-cm-2\/"]}]},{"@type":"BreadcrumbList","@id":"https:\/\/bobimarket.pl\/index.php\/produkt\/worek-na-prezenty-swiateczny-pod-choinke-50x70-cm-2\/#breadcrumb","itemListElement":[{"@type":"ListItem","position":1,"name":"Strona g\u0142\u00f3wna","item":"https:\/\/bobimarket.pl\/"},{"@type":"ListItem","position":2,"name":"Sklep","item":"https:\/\/bobimarket.pl\/index.php\/shop\/"},{"@type":"ListItem","position":3,"name":"WOREK NA PREZENTY \u015aWI\u0104TECZNY POD CHOINK\u0118 50&#215;70 cm"}]},{"@type":"WebSite","@id":"https:\/\/bobimarket.pl\/#website","url":"https:\/\/bobimarket.pl\/","name":"BOBIMARKET.pl - Remontuj i urz\u0105dzaj z nami","description":"Remontuj i urz\u0105dzaj z nami","publisher":{"@id":"https:\/\/bobimarket.pl\/#organization"},"potentialAction":[{"@type":"SearchAction","target":{"@type":"EntryPoint","urlTemplate":"https:\/\/bobimarket.pl\/?s={search_term_string}"},"query-input":"required name=search_term_string"}],"inLanguage":"pl-PL"},{"@type":"Organization","@id":"https:\/\/bobimarket.pl\/#organization","name":"BOBIMARKET.pl","url":"https:\/\/bobimarket.pl\/","logo":{"@type":"ImageObject","inLanguage":"pl-PL","@id":"https:\/\/bobimarket.pl\/#\/schema\/logo\/image\/","url":"https:\/\/bobimarket.pl\/wp-content\/uploads\/2021\/11\/slogan.png","contentUrl":"https:\/\/bobimarket.pl\/wp-content\/uploads\/2021\/11\/slogan.png","width":2000,"height":384,"caption":"BOBIMARKET.pl"},"image":{"@id":"https:\/\/bobimarket.pl\/#\/schema\/logo\/image\/"}}]}},"_links":{"self":[{"href":"https:\/\/bobimarket.pl\/index.php\/wp-json\/wp\/v2\/product\/98406"}],"collection":[{"href":"https:\/\/bobimarket.pl\/index.php\/wp-json\/wp\/v2\/product"}],"about":[{"href":"https:\/\/bobimarket.pl\/index.php\/wp-json\/wp\/v2\/types\/product"}],"wp:featuredmedia":[{"embeddable":true,"href":"https:\/\/bobimarket.pl\/index.php\/wp-json\/wp\/v2\/media\/98401"}],"wp:attachment":[{"href":"https:\/\/bobimarket.pl\/index.php\/wp-json\/wp\/v2\/media?parent=98406"}],"wp:term":[{"taxonomy":"product_cat","embeddable":true,"href":"https:\/\/bobimarket.pl\/index.php\/wp-json\/wp\/v2\/product_cat?post=98406"},{"taxonomy":"product_tag","embeddable":true,"href":"https:\/\/bobimarket.pl\/index.php\/wp-json\/wp\/v2\/product_tag?post=98406"}],"curies":[{"name":"wp","href":"https:\/\/api.w.org\/{rel}","templated":true}]}}