{"id":98472,"date":"2023-08-31T10:11:51","date_gmt":"2023-08-31T10:11:51","guid":{"rendered":"https:\/\/bobimarket.pl\/index.php\/produkt\/bombki-na-choinke-stroik-48szt-3cm-zestaw-choinkowe\/"},"modified":"2025-02-27T16:45:32","modified_gmt":"2025-02-27T16:45:32","slug":"bombki-na-choinke-stroik-48szt-3cm-zestaw-choinkowe","status":"publish","type":"product","link":"https:\/\/bobimarket.pl\/index.php\/produkt\/bombki-na-choinke-stroik-48szt-3cm-zestaw-choinkowe\/","title":{"rendered":"BOMBKI NA CHOINK\u0118 STROIK 48szt 3cm zestaw choinkowe"},"content":{"rendered":"<section class=\"section\">\n<div class=\"item item-12\">\n<section class=\"text-item\">\n<h2>BOMBKI CHOINKOWE NA CHOINK\u0118 STROIK 24 szt 3cm<\/h2>\n<p><b>Informacje og\u00f3lne:\u00a0<\/b><\/p>\n<ul>\n<li>\u015arednica bombki: <b>3 cm<\/b><\/li>\n<li>Ilo\u015b\u0107 bombek:<b> 48 sztuk<\/b><\/li>\n<li>Kolor:<b> czerwony i z\u0142otym <\/b><\/li>\n<\/ul>\n<p><b>Komplet zawiera: <\/b><\/p>\n<ul>\n<li>6 szt.\u00a0 satynowe wyko\u0144czenie w kolorze czerownym<\/li>\n<li>6 szt. matowe wyko\u0144czenie w kolorze czerownym<\/li>\n<li>12 szt. b\u0142yszcz\u0105ce wyko\u0144czenie w kolorze czerownym<\/li>\n<li>6 szt.\u00a0 satynowe wyko\u0144czenie w kolorze z\u0142otym<\/li>\n<li>6 szt. matowe wyko\u0144czenie w kolorze z\u0142otym<\/li>\n<li>12 szt. b\u0142yszcz\u0105ce wyko\u0144czenie w kolorze z\u0142otym<\/li>\n<\/ul>\n<p><b>GRATIS! <\/b>Sznurek do zawieszania.<\/p>\n<h2>Kupujesz jeden komplet, a choink\u0119 zdobi\u0105 6 rodzaj\u00f3w bombek, kt\u00f3re\u00a0 tworz\u0105 sp\u00f3jn\u0105 kolorystycznie kompozycj\u0119!<\/h2>\n<\/section>\n<\/div>\n<\/section>\n<section class=\"section\">\n<div class=\"item item-12\">\n<section class=\"image-item\"><img decoding=\"async\" src=\"https:\/\/upload.cdn.baselinker.com\/products\/14476\/0e7c273ecf39140a1555c559d6a889a0.jpg\" \/><\/section>\n<\/div>\n<\/section>\n<section class=\"section\">\n<div class=\"item item-12\">\n<section class=\"text-item\">\n<h2>\u2b50\ufe0f\u00a0Wyczaruj magiczny klimat w domu!<\/h2>\n<p>\u015awi\u0119ta to wyj\u0105tkowy czas. W budowaniu \u015bwi\u0105tecznej atmosfery pomagaj\u0105 nam klimatyczne dekoracje. <b>Bombki choinkowe<\/b> to nieod\u0142\u0105czny element \u015bwi\u0105t! Ju\u017c sam rzut oka na t\u0105 kolorow\u0105 bombk\u0119 sprawi, \u017ce chcia\u0142by\u015b j\u0105 mie\u0107 na swojej choince!<\/p>\n<ul>\n<li>Czerwone bombki subtelnie podkre\u015blaj\u0105 pi\u0119kno choinki lub innych \u015bwi\u0105tecznych dekoracji.<\/li>\n<li><b>\u015awietnie sprawdz\u0105 si\u0119 w po\u0142\u0105czeniu z migocz\u0105cymi \u015bwiate\u0142kami<\/b>, kolorowymi \u0142a\u0144cuchami lub sztucznym \u015bniegiem.<\/li>\n<li>Komplet zawiera a\u017c 48 sztuki bombek z 3 r\u00f3\u017cnymi wyko\u0144czeniami w dw\u00f3ch kolorach. Kupujesz jeden zestaw, a na choince znajduj\u0105 si\u0119 6 r\u00f3\u017cnych rodzaj\u00f3w bombek.<\/li>\n<\/ul>\n<\/section>\n<\/div>\n<\/section>\n<section class=\"section\">\n<div class=\"item item-6\">\n<section class=\"image-item\"><img decoding=\"async\" src=\"https:\/\/upload.cdn.baselinker.com\/products\/14476\/848ceb511aa18559e74c08b0b7d7cabd.jpg\" \/><\/section>\n<\/div>\n<div class=\"item item-6\">\n<section class=\"image-item\"><img decoding=\"async\" src=\"https:\/\/upload.cdn.baselinker.com\/products\/14476\/fd347b29f1a58363e8667617a2bfba21.jpg\" \/><\/section>\n<\/div>\n<\/section>\n<section class=\"section\">\n<div class=\"item item-12\">\n<section class=\"text-item\">\n<h2>\u2b50\ufe0f Niet\u0142uk\u0105ce si\u0119 i bezpieczne<\/h2>\n<p>Te niet\u0142uk\u0105ce si\u0119 bombki do z\u0142udzenia przypominaj\u0105 te szklane, ale s\u0105 <b>bardziej trwa\u0142e i bezpieczniejsze<\/b>. Zachowasz spok\u00f3j, gdy mali pomocnicy b\u0119d\u0105 je zawiesza\u0107 na drzewku lub gdy Tw\u00f3j zwierzak zbli\u017cy si\u0119 do choinki! Nie b\u0119dziesz musia\u0142 si\u0119 martwi\u0107, \u017ce bombka si\u0119 st\u0142ucze.<\/p>\n<h2>\u2b50\ufe0f Idealna \u015bwi\u0105teczna ozdoba<\/h2>\n<p>Bombki w czerwonym odcieniu to klasyka, kt\u00f3ra nigdy si\u0119 nie znudzi. Bombki z matowym, b\u0142yszcz\u0105cym i satynowym wyko\u0144czeniem ozdobi\u0105 \u015bwi\u0105teczne drzewko. Pi\u0119knie odbijaj\u0105 \u015bwiat\u0142a lampek choinkowych i s\u0105 starannie wykonane.<\/p>\n<h2>\u2b50\ufe0f Praktyczne i gotowe do zawieszenia<\/h2>\n<p>Zestaw zawiera <b>a\u017c 48 \u015bwi\u0105teczne bombki o \u015brednicy 3 cm.<\/b> Do kompletu do\u0142\u0105czono r\u00f3wnie\u017c specjalne sznureczki, kt\u00f3re umo\u017cliwi\u0105 zawieszenie ozd\u00f3b na choince! Wielko\u015b\u0107 bombek sprawia, \u017ce maj\u0105 uniwersalne zastosowanie &#8211; sprawdz\u0105 si\u0119 na mniejszych drzewkach, ale i b\u0119d\u0105 doskona\u0142ym dope\u0142nienie dekoracji r\u00f3wnie\u017c tych wi\u0119kszych choinek.<\/p>\n<\/section>\n<\/div>\n<\/section>\n<section class=\"section\">\n<div class=\"item item-6\">\n<section class=\"image-item\"><img decoding=\"async\" src=\"https:\/\/upload.cdn.baselinker.com\/products\/14476\/2d813644e54059975305b0a2d00a3feb.jpg\" \/><\/section>\n<\/div>\n<div class=\"item item-6\">\n<section class=\"image-item\"><img decoding=\"async\" src=\"https:\/\/upload.cdn.baselinker.com\/products\/14476\/03fa27b02f5414248ceb26c9fe67d712.jpg\" \/><\/section>\n<\/div>\n<\/section>\n<section class=\"section\">\n<div class=\"item item-12\">\n<section class=\"text-item\">\n<h2>\u2b50\ufe0f Nie tylko na \u015bwi\u0105teczne drzewko!<\/h2>\n<p>Klasycznie bombki umieszczane s\u0105 na choince, ale to nie jedyny spos\u00f3b w jaki mo\u017cesz je wykorzysta\u0107. Zestaw jest zapakowany w ozdobne opakowanie w kszta\u0142cie \u015bwi\u0105tecznej choinki\u00a0 &#8211;<b> \u015bwietnie sprawdz\u0105 si\u0119 jako prezent!<\/b><\/p>\n<p>Mniejszy rozmiar sprawia, \u017ce nadaj\u0119 si\u0119 <b>jako element dekoracji \u015bwi\u0105tecznej.<\/b><\/p>\n<ul>\n<li>Wykorzystaj je podczas tworzenia \u015bwi\u0105tecznych stroik\u00f3w.<\/li>\n<li>\u015awietnie nadaj\u0105 si\u0119 r\u00f3wnie\u017c do wie\u0144ca na drzwi czy do wie\u0144ca adwentowego.<\/li>\n<li>Sprawdz\u0105 si\u0119 do dekoracji wigilijnego sto\u0142u ( mog\u0105 na przyk\u0142ad by\u0107 swobodnie rozproszone po\u015br\u00f3d talerzy).<\/li>\n<\/ul>\n<\/section>\n<\/div>\n<\/section>\n<section class=\"section\">\n<div class=\"item item-6\">\n<section class=\"image-item\"><img decoding=\"async\" src=\"https:\/\/upload.cdn.baselinker.com\/products\/14476\/8f0b31632791fc5444d5b7651f3beb81.jpg\" \/><\/section>\n<\/div>\n<div class=\"item item-6\">\n<section class=\"image-item\"><img decoding=\"async\" src=\"https:\/\/upload.cdn.baselinker.com\/products\/14476\/d93f25434d05a601063ba709b54543dd.jpg\" \/><\/section>\n<\/div>\n<\/section>\n<section class=\"section\">\n<div class=\"item item-12\">\n<section class=\"text-item\">\n<h1>Nie czekaj i ju\u017c dzi\u015b zadbaj o \u015bwi\u0105teczn\u0105 atmosfer\u0119!<\/h1>\n<\/section>\n<\/div>\n<\/section>\n","protected":false},"excerpt":{"rendered":"<p>BOMBKI CHOINKOWE NA CHOINK\u0118 STROIK 24 szt 3cm Informacje og\u00f3lne:\u00a0 \u015arednica bombki: 3 cm Ilo\u015b\u0107 bombek: 48 sztuk Kolor: czerwony i z\u0142otym Komplet zawiera: 6 szt.\u00a0 satynowe wyko\u0144czenie w kolorze czerownym 6 szt. matowe wyko\u0144czenie w kolorze czerownym 12 szt. b\u0142yszcz\u0105ce wyko\u0144czenie w kolorze czerownym 6 szt.\u00a0 satynowe wyko\u0144czenie w kolorze z\u0142otym 6 szt. matowe<br \/><a class=\"more-link\" href=\"https:\/\/bobimarket.pl\/index.php\/produkt\/bombki-na-choinke-stroik-48szt-3cm-zestaw-choinkowe\/\"><br \/>\n        Czytaj wi\u0119cej<span class=\"screen-reader-text\"> &#8222;BOMBKI NA CHOINK\u0118 STROIK 48szt 3cm zestaw choinkowe&#8221;<\/span><\/a><\/p>\n","protected":false},"featured_media":98461,"template":"","meta":[],"product_cat":[8395],"product_tag":[],"yoast_head":"<!-- This site is optimized with the Yoast SEO plugin v21.0 - https:\/\/yoast.com\/wordpress\/plugins\/seo\/ -->\n<title>BOMBKI NA CHOINK\u0118 STROIK 48szt 3cm zestaw choinkowe - BOBIMARKET.pl - Remontuj i urz\u0105dzaj z nami<\/title>\n<meta name=\"robots\" content=\"index, follow, max-snippet:-1, max-image-preview:large, max-video-preview:-1\" \/>\n<link rel=\"canonical\" href=\"https:\/\/bobimarket.pl\/index.php\/produkt\/bombki-na-choinke-stroik-48szt-3cm-zestaw-choinkowe\/\" \/>\n<meta property=\"og:locale\" content=\"pl_PL\" \/>\n<meta property=\"og:type\" content=\"article\" \/>\n<meta property=\"og:title\" content=\"BOMBKI NA CHOINK\u0118 STROIK 48szt 3cm zestaw choinkowe - BOBIMARKET.pl - Remontuj i urz\u0105dzaj z nami\" \/>\n<meta property=\"og:description\" content=\"BOMBKI CHOINKOWE NA CHOINK\u0118 STROIK 24 szt 3cm Informacje og\u00f3lne:\u00a0 \u015arednica bombki: 3 cm Ilo\u015b\u0107 bombek: 48 sztuk Kolor: czerwony i z\u0142otym Komplet zawiera: 6 szt.\u00a0 satynowe wyko\u0144czenie w kolorze czerownym 6 szt. matowe wyko\u0144czenie w kolorze czerownym 12 szt. b\u0142yszcz\u0105ce wyko\u0144czenie w kolorze czerownym 6 szt.\u00a0 satynowe wyko\u0144czenie w kolorze z\u0142otym 6 szt. matowe     Czytaj wi\u0119cej &quot;BOMBKI NA CHOINK\u0118 STROIK 48szt 3cm zestaw choinkowe&quot;\" \/>\n<meta property=\"og:url\" content=\"https:\/\/bobimarket.pl\/index.php\/produkt\/bombki-na-choinke-stroik-48szt-3cm-zestaw-choinkowe\/\" \/>\n<meta property=\"og:site_name\" content=\"BOBIMARKET.pl - Remontuj i urz\u0105dzaj z nami\" \/>\n<meta property=\"article:modified_time\" content=\"2025-02-27T16:45:32+00:00\" \/>\n<meta property=\"og:image\" content=\"https:\/\/bobimarket.pl\/wp-content\/uploads\/2023\/08\/6262786c4a74200b44e67f0e136d658c-1.jpg\" \/>\n\t<meta property=\"og:image:width\" content=\"1400\" \/>\n\t<meta property=\"og:image:height\" content=\"1400\" \/>\n\t<meta property=\"og:image:type\" content=\"image\/jpeg\" \/>\n<meta name=\"twitter:card\" content=\"summary_large_image\" \/>\n<meta name=\"twitter:label1\" content=\"Szacowany czas czytania\" \/>\n\t<meta name=\"twitter:data1\" content=\"4 minuty\" \/>\n<script type=\"application\/ld+json\" class=\"yoast-schema-graph\">{\"@context\":\"https:\/\/schema.org\",\"@graph\":[{\"@type\":\"WebPage\",\"@id\":\"https:\/\/bobimarket.pl\/index.php\/produkt\/bombki-na-choinke-stroik-48szt-3cm-zestaw-choinkowe\/\",\"url\":\"https:\/\/bobimarket.pl\/index.php\/produkt\/bombki-na-choinke-stroik-48szt-3cm-zestaw-choinkowe\/\",\"name\":\"BOMBKI NA CHOINK\u0118 STROIK 48szt 3cm zestaw choinkowe - BOBIMARKET.pl - Remontuj i urz\u0105dzaj z nami\",\"isPartOf\":{\"@id\":\"https:\/\/bobimarket.pl\/#website\"},\"datePublished\":\"2023-08-31T10:11:51+00:00\",\"dateModified\":\"2025-02-27T16:45:32+00:00\",\"breadcrumb\":{\"@id\":\"https:\/\/bobimarket.pl\/index.php\/produkt\/bombki-na-choinke-stroik-48szt-3cm-zestaw-choinkowe\/#breadcrumb\"},\"inLanguage\":\"pl-PL\",\"potentialAction\":[{\"@type\":\"ReadAction\",\"target\":[\"https:\/\/bobimarket.pl\/index.php\/produkt\/bombki-na-choinke-stroik-48szt-3cm-zestaw-choinkowe\/\"]}]},{\"@type\":\"BreadcrumbList\",\"@id\":\"https:\/\/bobimarket.pl\/index.php\/produkt\/bombki-na-choinke-stroik-48szt-3cm-zestaw-choinkowe\/#breadcrumb\",\"itemListElement\":[{\"@type\":\"ListItem\",\"position\":1,\"name\":\"Strona g\u0142\u00f3wna\",\"item\":\"https:\/\/bobimarket.pl\/\"},{\"@type\":\"ListItem\",\"position\":2,\"name\":\"Sklep\",\"item\":\"https:\/\/bobimarket.pl\/index.php\/shop\/\"},{\"@type\":\"ListItem\",\"position\":3,\"name\":\"BOMBKI NA CHOINK\u0118 STROIK 48szt 3cm zestaw choinkowe\"}]},{\"@type\":\"WebSite\",\"@id\":\"https:\/\/bobimarket.pl\/#website\",\"url\":\"https:\/\/bobimarket.pl\/\",\"name\":\"BOBIMARKET.pl - Remontuj i urz\u0105dzaj z nami\",\"description\":\"Remontuj i urz\u0105dzaj z nami\",\"publisher\":{\"@id\":\"https:\/\/bobimarket.pl\/#organization\"},\"potentialAction\":[{\"@type\":\"SearchAction\",\"target\":{\"@type\":\"EntryPoint\",\"urlTemplate\":\"https:\/\/bobimarket.pl\/?s={search_term_string}\"},\"query-input\":\"required name=search_term_string\"}],\"inLanguage\":\"pl-PL\"},{\"@type\":\"Organization\",\"@id\":\"https:\/\/bobimarket.pl\/#organization\",\"name\":\"BOBIMARKET.pl\",\"url\":\"https:\/\/bobimarket.pl\/\",\"logo\":{\"@type\":\"ImageObject\",\"inLanguage\":\"pl-PL\",\"@id\":\"https:\/\/bobimarket.pl\/#\/schema\/logo\/image\/\",\"url\":\"https:\/\/bobimarket.pl\/wp-content\/uploads\/2021\/11\/slogan.png\",\"contentUrl\":\"https:\/\/bobimarket.pl\/wp-content\/uploads\/2021\/11\/slogan.png\",\"width\":2000,\"height\":384,\"caption\":\"BOBIMARKET.pl\"},\"image\":{\"@id\":\"https:\/\/bobimarket.pl\/#\/schema\/logo\/image\/\"}}]}<\/script>\n<!-- \/ Yoast SEO plugin. -->","yoast_head_json":{"title":"BOMBKI NA CHOINK\u0118 STROIK 48szt 3cm zestaw choinkowe - BOBIMARKET.pl - Remontuj i urz\u0105dzaj z nami","robots":{"index":"index","follow":"follow","max-snippet":"max-snippet:-1","max-image-preview":"max-image-preview:large","max-video-preview":"max-video-preview:-1"},"canonical":"https:\/\/bobimarket.pl\/index.php\/produkt\/bombki-na-choinke-stroik-48szt-3cm-zestaw-choinkowe\/","og_locale":"pl_PL","og_type":"article","og_title":"BOMBKI NA CHOINK\u0118 STROIK 48szt 3cm zestaw choinkowe - BOBIMARKET.pl - Remontuj i urz\u0105dzaj z nami","og_description":"BOMBKI CHOINKOWE NA CHOINK\u0118 STROIK 24 szt 3cm Informacje og\u00f3lne:\u00a0 \u015arednica bombki: 3 cm Ilo\u015b\u0107 bombek: 48 sztuk Kolor: czerwony i z\u0142otym Komplet zawiera: 6 szt.\u00a0 satynowe wyko\u0144czenie w kolorze czerownym 6 szt. matowe wyko\u0144czenie w kolorze czerownym 12 szt. b\u0142yszcz\u0105ce wyko\u0144czenie w kolorze czerownym 6 szt.\u00a0 satynowe wyko\u0144czenie w kolorze z\u0142otym 6 szt. matowe     Czytaj wi\u0119cej \"BOMBKI NA CHOINK\u0118 STROIK 48szt 3cm zestaw choinkowe\"","og_url":"https:\/\/bobimarket.pl\/index.php\/produkt\/bombki-na-choinke-stroik-48szt-3cm-zestaw-choinkowe\/","og_site_name":"BOBIMARKET.pl - Remontuj i urz\u0105dzaj z nami","article_modified_time":"2025-02-27T16:45:32+00:00","og_image":[{"width":1400,"height":1400,"url":"https:\/\/bobimarket.pl\/wp-content\/uploads\/2023\/08\/6262786c4a74200b44e67f0e136d658c-1.jpg","type":"image\/jpeg"}],"twitter_card":"summary_large_image","twitter_misc":{"Szacowany czas czytania":"4 minuty"},"schema":{"@context":"https:\/\/schema.org","@graph":[{"@type":"WebPage","@id":"https:\/\/bobimarket.pl\/index.php\/produkt\/bombki-na-choinke-stroik-48szt-3cm-zestaw-choinkowe\/","url":"https:\/\/bobimarket.pl\/index.php\/produkt\/bombki-na-choinke-stroik-48szt-3cm-zestaw-choinkowe\/","name":"BOMBKI NA CHOINK\u0118 STROIK 48szt 3cm zestaw choinkowe - BOBIMARKET.pl - Remontuj i urz\u0105dzaj z nami","isPartOf":{"@id":"https:\/\/bobimarket.pl\/#website"},"datePublished":"2023-08-31T10:11:51+00:00","dateModified":"2025-02-27T16:45:32+00:00","breadcrumb":{"@id":"https:\/\/bobimarket.pl\/index.php\/produkt\/bombki-na-choinke-stroik-48szt-3cm-zestaw-choinkowe\/#breadcrumb"},"inLanguage":"pl-PL","potentialAction":[{"@type":"ReadAction","target":["https:\/\/bobimarket.pl\/index.php\/produkt\/bombki-na-choinke-stroik-48szt-3cm-zestaw-choinkowe\/"]}]},{"@type":"BreadcrumbList","@id":"https:\/\/bobimarket.pl\/index.php\/produkt\/bombki-na-choinke-stroik-48szt-3cm-zestaw-choinkowe\/#breadcrumb","itemListElement":[{"@type":"ListItem","position":1,"name":"Strona g\u0142\u00f3wna","item":"https:\/\/bobimarket.pl\/"},{"@type":"ListItem","position":2,"name":"Sklep","item":"https:\/\/bobimarket.pl\/index.php\/shop\/"},{"@type":"ListItem","position":3,"name":"BOMBKI NA CHOINK\u0118 STROIK 48szt 3cm zestaw choinkowe"}]},{"@type":"WebSite","@id":"https:\/\/bobimarket.pl\/#website","url":"https:\/\/bobimarket.pl\/","name":"BOBIMARKET.pl - Remontuj i urz\u0105dzaj z nami","description":"Remontuj i urz\u0105dzaj z nami","publisher":{"@id":"https:\/\/bobimarket.pl\/#organization"},"potentialAction":[{"@type":"SearchAction","target":{"@type":"EntryPoint","urlTemplate":"https:\/\/bobimarket.pl\/?s={search_term_string}"},"query-input":"required name=search_term_string"}],"inLanguage":"pl-PL"},{"@type":"Organization","@id":"https:\/\/bobimarket.pl\/#organization","name":"BOBIMARKET.pl","url":"https:\/\/bobimarket.pl\/","logo":{"@type":"ImageObject","inLanguage":"pl-PL","@id":"https:\/\/bobimarket.pl\/#\/schema\/logo\/image\/","url":"https:\/\/bobimarket.pl\/wp-content\/uploads\/2021\/11\/slogan.png","contentUrl":"https:\/\/bobimarket.pl\/wp-content\/uploads\/2021\/11\/slogan.png","width":2000,"height":384,"caption":"BOBIMARKET.pl"},"image":{"@id":"https:\/\/bobimarket.pl\/#\/schema\/logo\/image\/"}}]}},"_links":{"self":[{"href":"https:\/\/bobimarket.pl\/index.php\/wp-json\/wp\/v2\/product\/98472"}],"collection":[{"href":"https:\/\/bobimarket.pl\/index.php\/wp-json\/wp\/v2\/product"}],"about":[{"href":"https:\/\/bobimarket.pl\/index.php\/wp-json\/wp\/v2\/types\/product"}],"wp:featuredmedia":[{"embeddable":true,"href":"https:\/\/bobimarket.pl\/index.php\/wp-json\/wp\/v2\/media\/98461"}],"wp:attachment":[{"href":"https:\/\/bobimarket.pl\/index.php\/wp-json\/wp\/v2\/media?parent=98472"}],"wp:term":[{"taxonomy":"product_cat","embeddable":true,"href":"https:\/\/bobimarket.pl\/index.php\/wp-json\/wp\/v2\/product_cat?post=98472"},{"taxonomy":"product_tag","embeddable":true,"href":"https:\/\/bobimarket.pl\/index.php\/wp-json\/wp\/v2\/product_tag?post=98472"}],"curies":[{"name":"wp","href":"https:\/\/api.w.org\/{rel}","templated":true}]}}